{"id":121809,"date":"2025-03-11T18:14:52","date_gmt":"2025-03-11T18:14:52","guid":{"rendered":"https:\/\/kinamihealth.com\/product\/zo-skin-complexion-clearing-masque\/"},"modified":"2025-12-14T11:50:51","modified_gmt":"2025-12-14T11:50:51","slug":"zo-skin-complexion-clearing-masque","status":"publish","type":"product","link":"https:\/\/kinamihealth.com\/sv\/produkt\/zo-skin-complexion-clearing-masque\/","title":{"rendered":"ZO\u00ae SKIN COMPLEXION CLEARING MASQUE"},"content":{"rendered":"<p><span style=\"font-weight: 400;\">K\u00f6p ZO Complexion Clearing Masque online f\u00f6r att bek\u00e4mpa \u00f6verfl\u00f6dig olja, minimera finnar och fr\u00e4mja en klarare hy. Denna avancerade lerbaserade formula absorberar ytlig olja och orenheter samtidigt som den lugnar inflammation. Idealisk f\u00f6r fet och akneben\u00e4gen hud. <\/span><b>Best\u00e4ll idag hos Kinami Health f\u00f6r snabb, p\u00e5litlig och prisv\u00e4rd tj\u00e4nst.<\/b><\/p>\n","protected":false},"excerpt":{"rendered":"<p>K\u00f6p ZO Complexion Clearing Masque online f\u00f6r att bek\u00e4mpa \u00f6verfl\u00f6dig olja, minimera finnar och fr\u00e4mja en klarare hy. Denna avancerade lerbaserade formula absorberar ytlig olja och orenheter samtidigt som den lugnar inflammation. Idealisk f\u00f6r fet och akneben\u00e4gen hud. Best\u00e4ll idag hos Kinami Health f\u00f6r snabb, p\u00e5litlig och prisv\u00e4rd tj\u00e4nst.<\/p>\n","protected":false},"featured_media":121810,"comment_status":"closed","ping_status":"closed","template":"","meta":{"_acf_changed":false,"inline_featured_image":false},"product_brand":[3187],"product_cat":[3374],"product_tag":[3256],"class_list":{"0":"post-121809","1":"product","2":"type-product","3":"status-publish","4":"has-post-thumbnail","6":"product_brand-zo","7":"product_cat-peels-and-masks-sv","8":"product_tag-medical-devices-sv","10":"first","11":"instock","12":"taxable","13":"shipping-taxable","14":"purchasable","15":"product-type-simple","16":"add-to-wishlist-before_image"},"acf":[],"yoast_head":"<!-- This site is optimized with the Yoast SEO plugin v27.1.1 - https:\/\/yoast.com\/product\/yoast-seo-wordpress\/ -->\n<title>K\u00f6p ZO Complexion Clearing Masque \u2013 behandling mot \u00f6verfl\u00f6dig talg<\/title>\n<meta name=\"description\" content=\"K\u00f6p ZO Complexion Clearing Masque online f\u00f6r att behandla akne, absorbera \u00f6verfl\u00f6digt fett och rensa porerna. Svavel och kaolinformeln f\u00f6r renare, friskare hud.\" \/>\n<meta name=\"robots\" content=\"index, follow, max-snippet:-1, max-image-preview:large, max-video-preview:-1\" \/>\n<link rel=\"canonical\" href=\"https:\/\/kinamihealth.com\/sv\/wp-json\/wp\/v2\/product\/121809\" \/>\n<meta property=\"og:locale\" content=\"sv_SE\" \/>\n<meta property=\"og:type\" content=\"article\" \/>\n<meta property=\"og:title\" content=\"K\u00f6p ZO Complexion Clearing Masque \u2013 behandling mot \u00f6verfl\u00f6dig talg\" \/>\n<meta property=\"og:description\" content=\"K\u00f6p ZO Complexion Clearing Masque online f\u00f6r att behandla akne, absorbera \u00f6verfl\u00f6digt fett och rensa porerna. Svavel och kaolinformeln f\u00f6r renare, friskare hud.\" \/>\n<meta property=\"og:url\" content=\"https:\/\/kinamihealth.com\/sv\/produkt\/zo-skin-complexion-clearing-masque\/\" \/>\n<meta property=\"og:site_name\" content=\"Kinami Health\" \/>\n<meta property=\"article:modified_time\" content=\"2025-12-14T11:50:51+00:00\" \/>\n<meta property=\"og:image\" content=\"https:\/\/kinamihealth.com\/wp-content\/uploads\/2025\/03\/ZO\u00ae-SKIN-COMPLEXION-CLEARING-MASQUE.jpg\" \/>\n\t<meta property=\"og:image:width\" content=\"800\" \/>\n\t<meta property=\"og:image:height\" content=\"800\" \/>\n\t<meta property=\"og:image:type\" content=\"image\/jpeg\" \/>\n<meta name=\"twitter:card\" content=\"summary_large_image\" \/>\n<meta name=\"twitter:label1\" content=\"Ber\u00e4knad l\u00e4stid\" \/>\n\t<meta name=\"twitter:data1\" content=\"1 minut\" \/>\n<!-- \/ Yoast SEO plugin. -->","yoast_head_json":{"title":"K\u00f6p ZO Complexion Clearing Masque \u2013 behandling mot \u00f6verfl\u00f6dig talg","description":"K\u00f6p ZO Complexion Clearing Masque online f\u00f6r att behandla akne, absorbera \u00f6verfl\u00f6digt fett och rensa porerna. Svavel och kaolinformeln f\u00f6r renare, friskare hud.","robots":{"index":"index","follow":"follow","max-snippet":"max-snippet:-1","max-image-preview":"max-image-preview:large","max-video-preview":"max-video-preview:-1"},"canonical":"https:\/\/kinamihealth.com\/sv\/wp-json\/wp\/v2\/product\/121809","og_locale":"sv_SE","og_type":"article","og_title":"K\u00f6p ZO Complexion Clearing Masque \u2013 behandling mot \u00f6verfl\u00f6dig talg","og_description":"K\u00f6p ZO Complexion Clearing Masque online f\u00f6r att behandla akne, absorbera \u00f6verfl\u00f6digt fett och rensa porerna. Svavel och kaolinformeln f\u00f6r renare, friskare hud.","og_url":"https:\/\/kinamihealth.com\/sv\/produkt\/zo-skin-complexion-clearing-masque\/","og_site_name":"Kinami Health","article_modified_time":"2025-12-14T11:50:51+00:00","og_image":[{"width":800,"height":800,"url":"https:\/\/kinamihealth.com\/wp-content\/uploads\/2025\/03\/ZO\u00ae-SKIN-COMPLEXION-CLEARING-MASQUE.jpg","type":"image\/jpeg"}],"twitter_card":"summary_large_image","twitter_misc":{"Ber\u00e4knad l\u00e4stid":"1 minut"},"schema":{"@context":"https:\/\/schema.org","@graph":[{"@type":"WebPage","@id":"https:\/\/kinamihealth.com\/sv\/produkt\/zo-skin-complexion-clearing-masque\/","url":"https:\/\/kinamihealth.com\/sv\/produkt\/zo-skin-complexion-clearing-masque\/","name":"K\u00f6p ZO Complexion Clearing Masque \u2013 behandling mot \u00f6verfl\u00f6dig talg","isPartOf":{"@id":"https:\/\/kinamihealth.com\/#website"},"primaryImageOfPage":{"@id":"https:\/\/kinamihealth.com\/sv\/produkt\/zo-skin-complexion-clearing-masque\/#primaryimage"},"image":{"@id":"https:\/\/kinamihealth.com\/sv\/produkt\/zo-skin-complexion-clearing-masque\/#primaryimage"},"thumbnailUrl":"https:\/\/kinamihealth.com\/wp-content\/uploads\/2025\/03\/ZO\u00ae-SKIN-COMPLEXION-CLEARING-MASQUE.jpg","datePublished":"2025-03-11T18:14:52+00:00","dateModified":"2025-12-14T11:50:51+00:00","description":"K\u00f6p ZO Complexion Clearing Masque online f\u00f6r att behandla akne, absorbera \u00f6verfl\u00f6digt fett och rensa porerna. Svavel och kaolinformeln f\u00f6r renare, friskare hud.","breadcrumb":{"@id":"https:\/\/kinamihealth.com\/sv\/produkt\/zo-skin-complexion-clearing-masque\/#breadcrumb"},"inLanguage":"sv-SE","potentialAction":[{"@type":"ReadAction","target":["https:\/\/kinamihealth.com\/sv\/produkt\/zo-skin-complexion-clearing-masque\/"]}]},{"@type":"ImageObject","inLanguage":"sv-SE","@id":"https:\/\/kinamihealth.com\/sv\/produkt\/zo-skin-complexion-clearing-masque\/#primaryimage","url":"https:\/\/kinamihealth.com\/wp-content\/uploads\/2025\/03\/ZO\u00ae-SKIN-COMPLEXION-CLEARING-MASQUE.jpg","contentUrl":"https:\/\/kinamihealth.com\/wp-content\/uploads\/2025\/03\/ZO\u00ae-SKIN-COMPLEXION-CLEARING-MASQUE.jpg","width":800,"height":800},{"@type":"BreadcrumbList","@id":"https:\/\/kinamihealth.com\/sv\/produkt\/zo-skin-complexion-clearing-masque\/#breadcrumb","itemListElement":[{"@type":"ListItem","position":1,"name":"Hem","item":"https:\/\/kinamihealth.com\/sr\/"},{"@type":"ListItem","position":2,"name":"Butik","item":"https:\/\/kinamihealth.com\/sv\/?page_id=127810"},{"@type":"ListItem","position":3,"name":"ZO\u00ae SKIN COMPLEXION CLEARING MASQUE"}]},{"@type":"WebSite","@id":"https:\/\/kinamihealth.com\/#website","url":"https:\/\/kinamihealth.com\/","name":"Kinami Health","description":"","publisher":{"@id":"https:\/\/kinamihealth.com\/#organization"},"potentialAction":[{"@type":"SearchAction","target":{"@type":"EntryPoint","urlTemplate":"https:\/\/kinamihealth.com\/?s={search_term_string}"},"query-input":{"@type":"PropertyValueSpecification","valueRequired":true,"valueName":"search_term_string"}}],"inLanguage":"sv-SE"},{"@type":"Organization","@id":"https:\/\/kinamihealth.com\/#organization","name":"Kinami Health","url":"https:\/\/kinamihealth.com\/","logo":{"@type":"ImageObject","inLanguage":"sv-SE","@id":"https:\/\/kinamihealth.com\/#\/schema\/logo\/image\/","url":"https:\/\/kinamihealth.com\/wp-content\/uploads\/2025\/01\/KH_logo_black_2-1.png","contentUrl":"https:\/\/kinamihealth.com\/wp-content\/uploads\/2025\/01\/KH_logo_black_2-1.png","width":339,"height":34,"caption":"Kinami Health"},"image":{"@id":"https:\/\/kinamihealth.com\/#\/schema\/logo\/image\/"}}]}},"_links":{"self":[{"href":"https:\/\/kinamihealth.com\/sv\/wp-json\/wp\/v2\/product\/121809","targetHints":{"allow":["GET"]}}],"collection":[{"href":"https:\/\/kinamihealth.com\/sv\/wp-json\/wp\/v2\/product"}],"about":[{"href":"https:\/\/kinamihealth.com\/sv\/wp-json\/wp\/v2\/types\/product"}],"replies":[{"embeddable":true,"href":"https:\/\/kinamihealth.com\/sv\/wp-json\/wp\/v2\/comments?post=121809"}],"version-history":[{"count":0,"href":"https:\/\/kinamihealth.com\/sv\/wp-json\/wp\/v2\/product\/121809\/revisions"}],"wp:featuredmedia":[{"embeddable":true,"href":"https:\/\/kinamihealth.com\/sv\/wp-json\/wp\/v2\/media\/121810"}],"wp:attachment":[{"href":"https:\/\/kinamihealth.com\/sv\/wp-json\/wp\/v2\/media?parent=121809"}],"wp:term":[{"taxonomy":"product_brand","embeddable":true,"href":"https:\/\/kinamihealth.com\/sv\/wp-json\/wp\/v2\/product_brand?post=121809"},{"taxonomy":"product_cat","embeddable":true,"href":"https:\/\/kinamihealth.com\/sv\/wp-json\/wp\/v2\/product_cat?post=121809"},{"taxonomy":"product_tag","embeddable":true,"href":"https:\/\/kinamihealth.com\/sv\/wp-json\/wp\/v2\/product_tag?post=121809"}],"curies":[{"name":"wp","href":"https:\/\/api.w.org\/{rel}","templated":true}]}}