{"id":121722,"date":"2025-02-15T16:55:22","date_gmt":"2025-02-15T16:55:22","guid":{"rendered":"https:\/\/kinamihealth.com\/product\/hyaluronic-acid-35\/"},"modified":"2025-12-14T12:24:25","modified_gmt":"2025-12-14T12:24:25","slug":"hyaluronic-acid-35","status":"publish","type":"product","link":"https:\/\/kinamihealth.com\/sv\/produkt\/hyaluronic-acid-35\/","title":{"rendered":"HYALURONIC ACID 3,5%"},"content":{"rendered":"<p><span style=\"font-weight: 400;\">HYALURONSYRA 3,5% \u00e4r en steril, icke-tv\u00e4rbunden l\u00f6sning av ren hyaluronsyra avsedd f\u00f6r professionellt estetiskt bruk. Den levereras i en f\u00f6rpackning med fem ampuller p\u00e5 5 ml, var och en inneh\u00e5llande en h\u00f6g koncentration av aktiv ingrediens f\u00f6r transdermal eller ytlig injektion. Denna formulering anv\u00e4nds f\u00f6r att f\u00f6rb\u00e4ttra hydrering, elasticitet och hudens motst\u00e5ndskraft utan att tillf\u00f6ra volym eller f\u00f6r\u00e4ndra ansiktskonturerna. Den \u00e4r perfekt f\u00f6r hudf\u00f6ryngrande behandlingar och st\u00f6d efter ingrepp, s\u00e4rskilt efter mikron\u00e5lning, laserterapi eller kemisk peeling.<\/span><\/p>\n","protected":false},"excerpt":{"rendered":"<p>HYALURONSYRA 3,5% \u00e4r en steril, icke-tv\u00e4rbunden l\u00f6sning av ren hyaluronsyra avsedd f\u00f6r professionellt estetiskt bruk. Den levereras i en f\u00f6rpackning med fem ampuller p\u00e5 5 ml, var och en inneh\u00e5llande en h\u00f6g koncentration av aktiv ingrediens f\u00f6r transdermal eller ytlig injektion. Denna formulering anv\u00e4nds f\u00f6r att f\u00f6rb\u00e4ttra hydrering, elasticitet och hudens motst\u00e5ndskraft utan att tillf\u00f6ra [&hellip;]<\/p>\n","protected":false},"featured_media":121723,"comment_status":"closed","ping_status":"closed","template":"","meta":{"_acf_changed":false,"inline_featured_image":false},"product_brand":[3065],"product_cat":[3284],"product_tag":[3256],"class_list":{"0":"post-121722","1":"product","2":"type-product","3":"status-publish","4":"has-post-thumbnail","6":"product_brand-bcn","7":"product_cat-mesotherapy-sv","8":"product_tag-medical-devices-sv","10":"first","11":"instock","12":"taxable","13":"shipping-taxable","14":"purchasable","15":"product-type-simple","16":"add-to-wishlist-before_image"},"acf":[],"yoast_head":"<!-- This site is optimized with the Yoast SEO plugin v27.1.1 - https:\/\/yoast.com\/product\/yoast-seo-wordpress\/ -->\n<title>K\u00f6p HYALURONIC ACID 3,5% Online | Kinami Health<\/title>\n<meta name=\"description\" content=\"K\u00f6p HYALURONIC ACID 3,5% online f\u00f6r att st\u00f6dja djup \u00e5terfuktning, hudf\u00f6ryngring och \u00e5terh\u00e4mtning efter behandlingar inom professionell estetisk praktik.\" \/>\n<meta name=\"robots\" content=\"index, follow, max-snippet:-1, max-image-preview:large, max-video-preview:-1\" \/>\n<link rel=\"canonical\" href=\"https:\/\/kinamihealth.com\/sv\/wp-json\/wp\/v2\/product\/121722\" \/>\n<meta property=\"og:locale\" content=\"sv_SE\" \/>\n<meta property=\"og:type\" content=\"article\" \/>\n<meta property=\"og:title\" content=\"K\u00f6p HYALURONIC ACID 3,5% Online | Kinami Health\" \/>\n<meta property=\"og:description\" content=\"K\u00f6p HYALURONIC ACID 3,5% online f\u00f6r att st\u00f6dja djup \u00e5terfuktning, hudf\u00f6ryngring och \u00e5terh\u00e4mtning efter behandlingar inom professionell estetisk praktik.\" \/>\n<meta property=\"og:url\" content=\"https:\/\/kinamihealth.com\/sv\/produkt\/hyaluronic-acid-35\/\" \/>\n<meta property=\"og:site_name\" content=\"Kinami Health\" \/>\n<meta property=\"article:modified_time\" content=\"2025-12-14T12:24:25+00:00\" \/>\n<meta property=\"og:image\" content=\"https:\/\/kinamihealth.com\/wp-content\/uploads\/2025\/02\/BCN-HYALURONIC-ACID-3-01.jpg\" \/>\n\t<meta property=\"og:image:width\" content=\"800\" \/>\n\t<meta property=\"og:image:height\" content=\"800\" \/>\n\t<meta property=\"og:image:type\" content=\"image\/jpeg\" \/>\n<meta name=\"twitter:card\" content=\"summary_large_image\" \/>\n<meta name=\"twitter:label1\" content=\"Ber\u00e4knad l\u00e4stid\" \/>\n\t<meta name=\"twitter:data1\" content=\"1 minut\" \/>\n<!-- \/ Yoast SEO plugin. -->","yoast_head_json":{"title":"K\u00f6p HYALURONIC ACID 3,5% Online | Kinami Health","description":"K\u00f6p HYALURONIC ACID 3,5% online f\u00f6r att st\u00f6dja djup \u00e5terfuktning, hudf\u00f6ryngring och \u00e5terh\u00e4mtning efter behandlingar inom professionell estetisk praktik.","robots":{"index":"index","follow":"follow","max-snippet":"max-snippet:-1","max-image-preview":"max-image-preview:large","max-video-preview":"max-video-preview:-1"},"canonical":"https:\/\/kinamihealth.com\/sv\/wp-json\/wp\/v2\/product\/121722","og_locale":"sv_SE","og_type":"article","og_title":"K\u00f6p HYALURONIC ACID 3,5% Online | Kinami Health","og_description":"K\u00f6p HYALURONIC ACID 3,5% online f\u00f6r att st\u00f6dja djup \u00e5terfuktning, hudf\u00f6ryngring och \u00e5terh\u00e4mtning efter behandlingar inom professionell estetisk praktik.","og_url":"https:\/\/kinamihealth.com\/sv\/produkt\/hyaluronic-acid-35\/","og_site_name":"Kinami Health","article_modified_time":"2025-12-14T12:24:25+00:00","og_image":[{"width":800,"height":800,"url":"https:\/\/kinamihealth.com\/wp-content\/uploads\/2025\/02\/BCN-HYALURONIC-ACID-3-01.jpg","type":"image\/jpeg"}],"twitter_card":"summary_large_image","twitter_misc":{"Ber\u00e4knad l\u00e4stid":"1 minut"},"schema":{"@context":"https:\/\/schema.org","@graph":[{"@type":"WebPage","@id":"https:\/\/kinamihealth.com\/sv\/produkt\/hyaluronic-acid-35\/","url":"https:\/\/kinamihealth.com\/sv\/produkt\/hyaluronic-acid-35\/","name":"K\u00f6p HYALURONIC ACID 3,5% Online | Kinami Health","isPartOf":{"@id":"https:\/\/kinamihealth.com\/#website"},"primaryImageOfPage":{"@id":"https:\/\/kinamihealth.com\/sv\/produkt\/hyaluronic-acid-35\/#primaryimage"},"image":{"@id":"https:\/\/kinamihealth.com\/sv\/produkt\/hyaluronic-acid-35\/#primaryimage"},"thumbnailUrl":"https:\/\/kinamihealth.com\/wp-content\/uploads\/2025\/02\/BCN-HYALURONIC-ACID-3-01.jpg","datePublished":"2025-02-15T16:55:22+00:00","dateModified":"2025-12-14T12:24:25+00:00","description":"K\u00f6p HYALURONIC ACID 3,5% online f\u00f6r att st\u00f6dja djup \u00e5terfuktning, hudf\u00f6ryngring och \u00e5terh\u00e4mtning efter behandlingar inom professionell estetisk praktik.","breadcrumb":{"@id":"https:\/\/kinamihealth.com\/sv\/produkt\/hyaluronic-acid-35\/#breadcrumb"},"inLanguage":"sv-SE","potentialAction":[{"@type":"ReadAction","target":["https:\/\/kinamihealth.com\/sv\/produkt\/hyaluronic-acid-35\/"]}]},{"@type":"ImageObject","inLanguage":"sv-SE","@id":"https:\/\/kinamihealth.com\/sv\/produkt\/hyaluronic-acid-35\/#primaryimage","url":"https:\/\/kinamihealth.com\/wp-content\/uploads\/2025\/02\/BCN-HYALURONIC-ACID-3-01.jpg","contentUrl":"https:\/\/kinamihealth.com\/wp-content\/uploads\/2025\/02\/BCN-HYALURONIC-ACID-3-01.jpg","width":800,"height":800},{"@type":"BreadcrumbList","@id":"https:\/\/kinamihealth.com\/sv\/produkt\/hyaluronic-acid-35\/#breadcrumb","itemListElement":[{"@type":"ListItem","position":1,"name":"Hem","item":"https:\/\/kinamihealth.com\/sr\/"},{"@type":"ListItem","position":2,"name":"Butik","item":"https:\/\/kinamihealth.com\/sv\/?page_id=127810"},{"@type":"ListItem","position":3,"name":"HYALURONIC ACID 3,5%"}]},{"@type":"WebSite","@id":"https:\/\/kinamihealth.com\/#website","url":"https:\/\/kinamihealth.com\/","name":"Kinami Health","description":"","publisher":{"@id":"https:\/\/kinamihealth.com\/#organization"},"potentialAction":[{"@type":"SearchAction","target":{"@type":"EntryPoint","urlTemplate":"https:\/\/kinamihealth.com\/?s={search_term_string}"},"query-input":{"@type":"PropertyValueSpecification","valueRequired":true,"valueName":"search_term_string"}}],"inLanguage":"sv-SE"},{"@type":"Organization","@id":"https:\/\/kinamihealth.com\/#organization","name":"Kinami Health","url":"https:\/\/kinamihealth.com\/","logo":{"@type":"ImageObject","inLanguage":"sv-SE","@id":"https:\/\/kinamihealth.com\/#\/schema\/logo\/image\/","url":"https:\/\/kinamihealth.com\/wp-content\/uploads\/2025\/01\/KH_logo_black_2-1.png","contentUrl":"https:\/\/kinamihealth.com\/wp-content\/uploads\/2025\/01\/KH_logo_black_2-1.png","width":339,"height":34,"caption":"Kinami Health"},"image":{"@id":"https:\/\/kinamihealth.com\/#\/schema\/logo\/image\/"}}]}},"_links":{"self":[{"href":"https:\/\/kinamihealth.com\/sv\/wp-json\/wp\/v2\/product\/121722","targetHints":{"allow":["GET"]}}],"collection":[{"href":"https:\/\/kinamihealth.com\/sv\/wp-json\/wp\/v2\/product"}],"about":[{"href":"https:\/\/kinamihealth.com\/sv\/wp-json\/wp\/v2\/types\/product"}],"replies":[{"embeddable":true,"href":"https:\/\/kinamihealth.com\/sv\/wp-json\/wp\/v2\/comments?post=121722"}],"version-history":[{"count":0,"href":"https:\/\/kinamihealth.com\/sv\/wp-json\/wp\/v2\/product\/121722\/revisions"}],"wp:featuredmedia":[{"embeddable":true,"href":"https:\/\/kinamihealth.com\/sv\/wp-json\/wp\/v2\/media\/121723"}],"wp:attachment":[{"href":"https:\/\/kinamihealth.com\/sv\/wp-json\/wp\/v2\/media?parent=121722"}],"wp:term":[{"taxonomy":"product_brand","embeddable":true,"href":"https:\/\/kinamihealth.com\/sv\/wp-json\/wp\/v2\/product_brand?post=121722"},{"taxonomy":"product_cat","embeddable":true,"href":"https:\/\/kinamihealth.com\/sv\/wp-json\/wp\/v2\/product_cat?post=121722"},{"taxonomy":"product_tag","embeddable":true,"href":"https:\/\/kinamihealth.com\/sv\/wp-json\/wp\/v2\/product_tag?post=121722"}],"curies":[{"name":"wp","href":"https:\/\/api.w.org\/{rel}","templated":true}]}}