{"id":121720,"date":"2025-02-15T16:55:23","date_gmt":"2025-02-15T16:55:23","guid":{"rendered":"https:\/\/kinamihealth.com\/product\/hyaluronidase-1500iu-5-vials\/"},"modified":"2025-12-14T12:07:28","modified_gmt":"2025-12-14T12:07:28","slug":"hyaluronidase-1500iu-5-vials","status":"publish","type":"product","link":"https:\/\/kinamihealth.com\/sv\/produkt\/hyaluronidase-1500iu-5-vials\/","title":{"rendered":"HYALURONIDASE 1500iu 5 vials"},"content":{"rendered":"<p><span style=\"font-weight: 400;\">HYALURONIDASE 1500iu 5 ampuller \u00e4r en injicerbar enzymbehandling som anv\u00e4nds f\u00f6r att l\u00f6sa upp hyaluronsyrabaserade hudfyllnadsmedel. Varje ampull inneh\u00e5ller 1500 internationella enheter (IU) frystorkat hyaluronidaspulver, som m\u00e5ste rekonstitueras med steril koksaltl\u00f6sning f\u00f6re injektion.\u00a0<\/span><span style=\"font-weight: 400;\">Denna produkt \u00e4r avsedd f\u00f6r legitimerade v\u00e5rdgivare f\u00f6r att korrigera \u00f6verkorrigering av fyllnadsmedel, behandla vaskul\u00e4r ocklusion eller \u00e5tg\u00e4rda komplikationer s\u00e5som kn\u00f6lar och granulom. Den levereras i en f\u00f6rpackning med fem ampuller och m\u00f6jligg\u00f6r kontrollerad och m\u00e5linriktad anv\u00e4ndning inom estetisk och medicinsk v\u00e5rd.<\/span><\/p>\n","protected":false},"excerpt":{"rendered":"<p>HYALURONIDASE 1500iu 5 ampuller \u00e4r en injicerbar enzymbehandling som anv\u00e4nds f\u00f6r att l\u00f6sa upp hyaluronsyrabaserade hudfyllnadsmedel. Varje ampull inneh\u00e5ller 1500 internationella enheter (IU) frystorkat hyaluronidaspulver, som m\u00e5ste rekonstitueras med steril koksaltl\u00f6sning f\u00f6re injektion.\u00a0Denna produkt \u00e4r avsedd f\u00f6r legitimerade v\u00e5rdgivare f\u00f6r att korrigera \u00f6verkorrigering av fyllnadsmedel, behandla vaskul\u00e4r ocklusion eller \u00e5tg\u00e4rda komplikationer s\u00e5som kn\u00f6lar och granulom. [&hellip;]<\/p>\n","protected":false},"featured_media":121721,"comment_status":"closed","ping_status":"closed","template":"","meta":{"_acf_changed":false,"inline_featured_image":false},"product_brand":[3065],"product_cat":[3284],"product_tag":[3256],"class_list":{"0":"post-121720","1":"product","2":"type-product","3":"status-publish","4":"has-post-thumbnail","6":"product_brand-bcn","7":"product_cat-mesotherapy-sv","8":"product_tag-medical-devices-sv","10":"first","11":"instock","12":"taxable","13":"shipping-taxable","14":"purchasable","15":"product-type-simple","16":"add-to-wishlist-before_image"},"acf":[],"yoast_head":"<!-- This site is optimized with the Yoast SEO plugin v27.1.1 - https:\/\/yoast.com\/product\/yoast-seo-wordpress\/ -->\n<title>K\u00f6p HYALURONIDASE 1500iu 5 ampuller online | Kinami Health<\/title>\n<meta name=\"description\" content=\"K\u00f6p HYALURONIDASE 1500iu 5 ampuller online f\u00f6r snabb och effektiv hyaluronsyrakorrigering, betrodd av proffs f\u00f6r s\u00e4kra estetiska ingrepp.\" \/>\n<meta name=\"robots\" content=\"index, follow, max-snippet:-1, max-image-preview:large, max-video-preview:-1\" \/>\n<link rel=\"canonical\" href=\"https:\/\/kinamihealth.com\/sv\/wp-json\/wp\/v2\/product\/121720\" \/>\n<meta property=\"og:locale\" content=\"sv_SE\" \/>\n<meta property=\"og:type\" content=\"article\" \/>\n<meta property=\"og:title\" content=\"K\u00f6p HYALURONIDASE 1500iu 5 ampuller online | Kinami Health\" \/>\n<meta property=\"og:description\" content=\"K\u00f6p HYALURONIDASE 1500iu 5 ampuller online f\u00f6r snabb och effektiv hyaluronsyrakorrigering, betrodd av proffs f\u00f6r s\u00e4kra estetiska ingrepp.\" \/>\n<meta property=\"og:url\" content=\"https:\/\/kinamihealth.com\/sv\/produkt\/hyaluronidase-1500iu-5-vials\/\" \/>\n<meta property=\"og:site_name\" content=\"Kinami Health\" \/>\n<meta property=\"article:modified_time\" content=\"2025-12-14T12:07:28+00:00\" \/>\n<meta property=\"og:image\" content=\"https:\/\/kinamihealth.com\/wp-content\/uploads\/2025\/02\/BCN-HYALURONIDASE-1500-UI-01.jpg\" \/>\n\t<meta property=\"og:image:width\" content=\"800\" \/>\n\t<meta property=\"og:image:height\" content=\"800\" \/>\n\t<meta property=\"og:image:type\" content=\"image\/jpeg\" \/>\n<meta name=\"twitter:card\" content=\"summary_large_image\" \/>\n<meta name=\"twitter:label1\" content=\"Ber\u00e4knad l\u00e4stid\" \/>\n\t<meta name=\"twitter:data1\" content=\"1 minut\" \/>\n<!-- \/ Yoast SEO plugin. -->","yoast_head_json":{"title":"K\u00f6p HYALURONIDASE 1500iu 5 ampuller online | Kinami Health","description":"K\u00f6p HYALURONIDASE 1500iu 5 ampuller online f\u00f6r snabb och effektiv hyaluronsyrakorrigering, betrodd av proffs f\u00f6r s\u00e4kra estetiska ingrepp.","robots":{"index":"index","follow":"follow","max-snippet":"max-snippet:-1","max-image-preview":"max-image-preview:large","max-video-preview":"max-video-preview:-1"},"canonical":"https:\/\/kinamihealth.com\/sv\/wp-json\/wp\/v2\/product\/121720","og_locale":"sv_SE","og_type":"article","og_title":"K\u00f6p HYALURONIDASE 1500iu 5 ampuller online | Kinami Health","og_description":"K\u00f6p HYALURONIDASE 1500iu 5 ampuller online f\u00f6r snabb och effektiv hyaluronsyrakorrigering, betrodd av proffs f\u00f6r s\u00e4kra estetiska ingrepp.","og_url":"https:\/\/kinamihealth.com\/sv\/produkt\/hyaluronidase-1500iu-5-vials\/","og_site_name":"Kinami Health","article_modified_time":"2025-12-14T12:07:28+00:00","og_image":[{"width":800,"height":800,"url":"https:\/\/kinamihealth.com\/wp-content\/uploads\/2025\/02\/BCN-HYALURONIDASE-1500-UI-01.jpg","type":"image\/jpeg"}],"twitter_card":"summary_large_image","twitter_misc":{"Ber\u00e4knad l\u00e4stid":"1 minut"},"schema":{"@context":"https:\/\/schema.org","@graph":[{"@type":"WebPage","@id":"https:\/\/kinamihealth.com\/sv\/produkt\/hyaluronidase-1500iu-5-vials\/","url":"https:\/\/kinamihealth.com\/sv\/produkt\/hyaluronidase-1500iu-5-vials\/","name":"K\u00f6p HYALURONIDASE 1500iu 5 ampuller online | Kinami Health","isPartOf":{"@id":"https:\/\/kinamihealth.com\/#website"},"primaryImageOfPage":{"@id":"https:\/\/kinamihealth.com\/sv\/produkt\/hyaluronidase-1500iu-5-vials\/#primaryimage"},"image":{"@id":"https:\/\/kinamihealth.com\/sv\/produkt\/hyaluronidase-1500iu-5-vials\/#primaryimage"},"thumbnailUrl":"https:\/\/kinamihealth.com\/wp-content\/uploads\/2025\/02\/BCN-HYALURONIDASE-1500-UI-01.jpg","datePublished":"2025-02-15T16:55:23+00:00","dateModified":"2025-12-14T12:07:28+00:00","description":"K\u00f6p HYALURONIDASE 1500iu 5 ampuller online f\u00f6r snabb och effektiv hyaluronsyrakorrigering, betrodd av proffs f\u00f6r s\u00e4kra estetiska ingrepp.","breadcrumb":{"@id":"https:\/\/kinamihealth.com\/sv\/produkt\/hyaluronidase-1500iu-5-vials\/#breadcrumb"},"inLanguage":"sv-SE","potentialAction":[{"@type":"ReadAction","target":["https:\/\/kinamihealth.com\/sv\/produkt\/hyaluronidase-1500iu-5-vials\/"]}]},{"@type":"ImageObject","inLanguage":"sv-SE","@id":"https:\/\/kinamihealth.com\/sv\/produkt\/hyaluronidase-1500iu-5-vials\/#primaryimage","url":"https:\/\/kinamihealth.com\/wp-content\/uploads\/2025\/02\/BCN-HYALURONIDASE-1500-UI-01.jpg","contentUrl":"https:\/\/kinamihealth.com\/wp-content\/uploads\/2025\/02\/BCN-HYALURONIDASE-1500-UI-01.jpg","width":800,"height":800},{"@type":"BreadcrumbList","@id":"https:\/\/kinamihealth.com\/sv\/produkt\/hyaluronidase-1500iu-5-vials\/#breadcrumb","itemListElement":[{"@type":"ListItem","position":1,"name":"Hem","item":"https:\/\/kinamihealth.com\/sr\/"},{"@type":"ListItem","position":2,"name":"Butik","item":"https:\/\/kinamihealth.com\/sv\/?page_id=127810"},{"@type":"ListItem","position":3,"name":"HYALURONIDASE 1500iu 5 vials"}]},{"@type":"WebSite","@id":"https:\/\/kinamihealth.com\/#website","url":"https:\/\/kinamihealth.com\/","name":"Kinami Health","description":"","publisher":{"@id":"https:\/\/kinamihealth.com\/#organization"},"potentialAction":[{"@type":"SearchAction","target":{"@type":"EntryPoint","urlTemplate":"https:\/\/kinamihealth.com\/?s={search_term_string}"},"query-input":{"@type":"PropertyValueSpecification","valueRequired":true,"valueName":"search_term_string"}}],"inLanguage":"sv-SE"},{"@type":"Organization","@id":"https:\/\/kinamihealth.com\/#organization","name":"Kinami Health","url":"https:\/\/kinamihealth.com\/","logo":{"@type":"ImageObject","inLanguage":"sv-SE","@id":"https:\/\/kinamihealth.com\/#\/schema\/logo\/image\/","url":"https:\/\/kinamihealth.com\/wp-content\/uploads\/2025\/01\/KH_logo_black_2-1.png","contentUrl":"https:\/\/kinamihealth.com\/wp-content\/uploads\/2025\/01\/KH_logo_black_2-1.png","width":339,"height":34,"caption":"Kinami Health"},"image":{"@id":"https:\/\/kinamihealth.com\/#\/schema\/logo\/image\/"}}]}},"_links":{"self":[{"href":"https:\/\/kinamihealth.com\/sv\/wp-json\/wp\/v2\/product\/121720","targetHints":{"allow":["GET"]}}],"collection":[{"href":"https:\/\/kinamihealth.com\/sv\/wp-json\/wp\/v2\/product"}],"about":[{"href":"https:\/\/kinamihealth.com\/sv\/wp-json\/wp\/v2\/types\/product"}],"replies":[{"embeddable":true,"href":"https:\/\/kinamihealth.com\/sv\/wp-json\/wp\/v2\/comments?post=121720"}],"version-history":[{"count":0,"href":"https:\/\/kinamihealth.com\/sv\/wp-json\/wp\/v2\/product\/121720\/revisions"}],"wp:featuredmedia":[{"embeddable":true,"href":"https:\/\/kinamihealth.com\/sv\/wp-json\/wp\/v2\/media\/121721"}],"wp:attachment":[{"href":"https:\/\/kinamihealth.com\/sv\/wp-json\/wp\/v2\/media?parent=121720"}],"wp:term":[{"taxonomy":"product_brand","embeddable":true,"href":"https:\/\/kinamihealth.com\/sv\/wp-json\/wp\/v2\/product_brand?post=121720"},{"taxonomy":"product_cat","embeddable":true,"href":"https:\/\/kinamihealth.com\/sv\/wp-json\/wp\/v2\/product_cat?post=121720"},{"taxonomy":"product_tag","embeddable":true,"href":"https:\/\/kinamihealth.com\/sv\/wp-json\/wp\/v2\/product_tag?post=121720"}],"curies":[{"name":"wp","href":"https:\/\/api.w.org\/{rel}","templated":true}]}}