{"id":121704,"date":"2025-02-15T16:58:42","date_gmt":"2025-02-15T16:58:42","guid":{"rendered":"https:\/\/kinamihealth.com\/product\/viscoderm-hydrobooster\/"},"modified":"2025-11-17T13:32:35","modified_gmt":"2025-11-17T13:32:35","slug":"viscoderm-hydrobooster","status":"publish","type":"product","link":"https:\/\/kinamihealth.com\/sv\/produkt\/viscoderm-hydrobooster\/","title":{"rendered":"VISCODERM\u00ae HYDROBOOSTER"},"content":{"rendered":"<p><span style=\"font-weight: 400;\">K\u00f6p VISCODERM HYDROBOOSTER online f\u00f6r att ge patienter en avancerad hudbooster utformad f\u00f6r att \u00e5terfukta p\u00e5 djupet och f\u00f6rb\u00e4ttra elasticiteten. Denna injicerbara behandling \u00e4r speciellt framtagen f\u00f6r att j\u00e4mna ut ytliga rynkor i de dynamiska omr\u00e5dena i ansiktet (panna, mun och \u00f6gon). <\/span><b>K\u00f6p den idag fr\u00e5n Kinami Health f\u00f6r p\u00e5litlig, snabb och prisv\u00e4rd tj\u00e4nst.<\/b><\/p>\n","protected":false},"excerpt":{"rendered":"<p>K\u00f6p VISCODERM HYDROBOOSTER online f\u00f6r att ge patienter en avancerad hudbooster utformad f\u00f6r att \u00e5terfukta p\u00e5 djupet och f\u00f6rb\u00e4ttra elasticiteten. Denna injicerbara behandling \u00e4r speciellt framtagen f\u00f6r att j\u00e4mna ut ytliga rynkor i de dynamiska omr\u00e5dena i ansiktet (panna, mun och \u00f6gon). K\u00f6p den idag fr\u00e5n Kinami Health f\u00f6r p\u00e5litlig, snabb och prisv\u00e4rd tj\u00e4nst.<\/p>\n","protected":false},"featured_media":121707,"comment_status":"closed","ping_status":"closed","template":"","meta":{"_acf_changed":false,"inline_featured_image":false},"product_brand":[3186],"product_cat":[3260,3667],"product_tag":[3256],"class_list":{"0":"post-121704","1":"product","2":"type-product","3":"status-publish","4":"has-post-thumbnail","6":"product_brand-viscoderm","7":"product_cat-dermal-fillers-sv","8":"product_cat-skinboosters-sv","9":"product_tag-medical-devices-sv","11":"first","12":"instock","13":"taxable","14":"shipping-taxable","15":"purchasable","16":"product-type-simple","17":"add-to-wishlist-before_image"},"acf":[],"yoast_head":"<!-- This site is optimized with the Yoast SEO plugin v27.3 - https:\/\/yoast.com\/product\/yoast-seo-wordpress\/ -->\n<title>K\u00f6p Viscoderm Hydrobooster \u2013 djupg\u00e5ende fuktgivande behandling<\/title>\n<meta name=\"description\" content=\"K\u00f6p Viscoderm Hydrobooster online f\u00f6r djupg\u00e5ende fukt och elasticitet i huden. Utj\u00e4mnar rynkor, f\u00f6rb\u00e4ttrar hudens kvalitet och ger l\u00e5ngvariga anti-aging-effekter.\" \/>\n<meta name=\"robots\" content=\"index, follow, max-snippet:-1, max-image-preview:large, max-video-preview:-1\" \/>\n<link rel=\"canonical\" href=\"https:\/\/kinamihealth.com\/sv\/wp-json\/wp\/v2\/product\/121704\" \/>\n<meta property=\"og:locale\" content=\"sv_SE\" \/>\n<meta property=\"og:type\" content=\"article\" \/>\n<meta property=\"og:title\" content=\"K\u00f6p Viscoderm Hydrobooster \u2013 djupg\u00e5ende fuktgivande behandling\" \/>\n<meta property=\"og:description\" content=\"K\u00f6p Viscoderm Hydrobooster online f\u00f6r djupg\u00e5ende fukt och elasticitet i huden. Utj\u00e4mnar rynkor, f\u00f6rb\u00e4ttrar hudens kvalitet och ger l\u00e5ngvariga anti-aging-effekter.\" \/>\n<meta property=\"og:url\" content=\"https:\/\/kinamihealth.com\/sv\/produkt\/viscoderm-hydrobooster\/\" \/>\n<meta property=\"og:site_name\" content=\"Kinami Health\" \/>\n<meta property=\"article:modified_time\" content=\"2025-11-17T13:32:35+00:00\" \/>\n<meta property=\"og:image\" content=\"https:\/\/kinamihealth.com\/wp-content\/uploads\/2025\/02\/VISCODERM-HYDROBOOSTER-04.jpg\" \/>\n\t<meta property=\"og:image:width\" content=\"800\" \/>\n\t<meta property=\"og:image:height\" content=\"800\" \/>\n\t<meta property=\"og:image:type\" content=\"image\/jpeg\" \/>\n<meta name=\"twitter:card\" content=\"summary_large_image\" \/>\n<meta name=\"twitter:label1\" content=\"Ber\u00e4knad l\u00e4stid\" \/>\n\t<meta name=\"twitter:data1\" content=\"1 minut\" \/>\n<!-- \/ Yoast SEO plugin. -->","yoast_head_json":{"title":"K\u00f6p Viscoderm Hydrobooster \u2013 djupg\u00e5ende fuktgivande behandling","description":"K\u00f6p Viscoderm Hydrobooster online f\u00f6r djupg\u00e5ende fukt och elasticitet i huden. Utj\u00e4mnar rynkor, f\u00f6rb\u00e4ttrar hudens kvalitet och ger l\u00e5ngvariga anti-aging-effekter.","robots":{"index":"index","follow":"follow","max-snippet":"max-snippet:-1","max-image-preview":"max-image-preview:large","max-video-preview":"max-video-preview:-1"},"canonical":"https:\/\/kinamihealth.com\/sv\/wp-json\/wp\/v2\/product\/121704","og_locale":"sv_SE","og_type":"article","og_title":"K\u00f6p Viscoderm Hydrobooster \u2013 djupg\u00e5ende fuktgivande behandling","og_description":"K\u00f6p Viscoderm Hydrobooster online f\u00f6r djupg\u00e5ende fukt och elasticitet i huden. Utj\u00e4mnar rynkor, f\u00f6rb\u00e4ttrar hudens kvalitet och ger l\u00e5ngvariga anti-aging-effekter.","og_url":"https:\/\/kinamihealth.com\/sv\/produkt\/viscoderm-hydrobooster\/","og_site_name":"Kinami Health","article_modified_time":"2025-11-17T13:32:35+00:00","og_image":[{"width":800,"height":800,"url":"https:\/\/kinamihealth.com\/wp-content\/uploads\/2025\/02\/VISCODERM-HYDROBOOSTER-04.jpg","type":"image\/jpeg"}],"twitter_card":"summary_large_image","twitter_misc":{"Ber\u00e4knad l\u00e4stid":"1 minut"},"schema":{"@context":"https:\/\/schema.org","@graph":[{"@type":"WebPage","@id":"https:\/\/kinamihealth.com\/sv\/produkt\/viscoderm-hydrobooster\/","url":"https:\/\/kinamihealth.com\/sv\/produkt\/viscoderm-hydrobooster\/","name":"K\u00f6p Viscoderm Hydrobooster \u2013 djupg\u00e5ende fuktgivande behandling","isPartOf":{"@id":"https:\/\/kinamihealth.com\/#website"},"primaryImageOfPage":{"@id":"https:\/\/kinamihealth.com\/sv\/produkt\/viscoderm-hydrobooster\/#primaryimage"},"image":{"@id":"https:\/\/kinamihealth.com\/sv\/produkt\/viscoderm-hydrobooster\/#primaryimage"},"thumbnailUrl":"https:\/\/kinamihealth.com\/wp-content\/uploads\/2025\/02\/VISCODERM-HYDROBOOSTER-04.jpg","datePublished":"2025-02-15T16:58:42+00:00","dateModified":"2025-11-17T13:32:35+00:00","description":"K\u00f6p Viscoderm Hydrobooster online f\u00f6r djupg\u00e5ende fukt och elasticitet i huden. Utj\u00e4mnar rynkor, f\u00f6rb\u00e4ttrar hudens kvalitet och ger l\u00e5ngvariga anti-aging-effekter.","breadcrumb":{"@id":"https:\/\/kinamihealth.com\/sv\/produkt\/viscoderm-hydrobooster\/#breadcrumb"},"inLanguage":"sv-SE","potentialAction":[{"@type":"ReadAction","target":["https:\/\/kinamihealth.com\/sv\/produkt\/viscoderm-hydrobooster\/"]}]},{"@type":"ImageObject","inLanguage":"sv-SE","@id":"https:\/\/kinamihealth.com\/sv\/produkt\/viscoderm-hydrobooster\/#primaryimage","url":"https:\/\/kinamihealth.com\/wp-content\/uploads\/2025\/02\/VISCODERM-HYDROBOOSTER-04.jpg","contentUrl":"https:\/\/kinamihealth.com\/wp-content\/uploads\/2025\/02\/VISCODERM-HYDROBOOSTER-04.jpg","width":800,"height":800},{"@type":"BreadcrumbList","@id":"https:\/\/kinamihealth.com\/sv\/produkt\/viscoderm-hydrobooster\/#breadcrumb","itemListElement":[{"@type":"ListItem","position":1,"name":"Hem","item":"https:\/\/kinamihealth.com\/sr\/"},{"@type":"ListItem","position":2,"name":"Butik","item":"https:\/\/kinamihealth.com\/sv\/?page_id=127810"},{"@type":"ListItem","position":3,"name":"VISCODERM\u00ae HYDROBOOSTER"}]},{"@type":"WebSite","@id":"https:\/\/kinamihealth.com\/#website","url":"https:\/\/kinamihealth.com\/","name":"Kinami Health","description":"","publisher":{"@id":"https:\/\/kinamihealth.com\/#organization"},"potentialAction":[{"@type":"SearchAction","target":{"@type":"EntryPoint","urlTemplate":"https:\/\/kinamihealth.com\/?s={search_term_string}"},"query-input":{"@type":"PropertyValueSpecification","valueRequired":true,"valueName":"search_term_string"}}],"inLanguage":"sv-SE"},{"@type":"Organization","@id":"https:\/\/kinamihealth.com\/#organization","name":"Kinami Health","url":"https:\/\/kinamihealth.com\/","logo":{"@type":"ImageObject","inLanguage":"sv-SE","@id":"https:\/\/kinamihealth.com\/#\/schema\/logo\/image\/","url":"https:\/\/kinamihealth.com\/wp-content\/uploads\/2025\/01\/KH_logo_black_2-1.png","contentUrl":"https:\/\/kinamihealth.com\/wp-content\/uploads\/2025\/01\/KH_logo_black_2-1.png","width":339,"height":34,"caption":"Kinami Health"},"image":{"@id":"https:\/\/kinamihealth.com\/#\/schema\/logo\/image\/"}}]}},"_links":{"self":[{"href":"https:\/\/kinamihealth.com\/sv\/wp-json\/wp\/v2\/product\/121704","targetHints":{"allow":["GET"]}}],"collection":[{"href":"https:\/\/kinamihealth.com\/sv\/wp-json\/wp\/v2\/product"}],"about":[{"href":"https:\/\/kinamihealth.com\/sv\/wp-json\/wp\/v2\/types\/product"}],"replies":[{"embeddable":true,"href":"https:\/\/kinamihealth.com\/sv\/wp-json\/wp\/v2\/comments?post=121704"}],"version-history":[{"count":0,"href":"https:\/\/kinamihealth.com\/sv\/wp-json\/wp\/v2\/product\/121704\/revisions"}],"wp:featuredmedia":[{"embeddable":true,"href":"https:\/\/kinamihealth.com\/sv\/wp-json\/wp\/v2\/media\/121707"}],"wp:attachment":[{"href":"https:\/\/kinamihealth.com\/sv\/wp-json\/wp\/v2\/media?parent=121704"}],"wp:term":[{"taxonomy":"product_brand","embeddable":true,"href":"https:\/\/kinamihealth.com\/sv\/wp-json\/wp\/v2\/product_brand?post=121704"},{"taxonomy":"product_cat","embeddable":true,"href":"https:\/\/kinamihealth.com\/sv\/wp-json\/wp\/v2\/product_cat?post=121704"},{"taxonomy":"product_tag","embeddable":true,"href":"https:\/\/kinamihealth.com\/sv\/wp-json\/wp\/v2\/product_tag?post=121704"}],"curies":[{"name":"wp","href":"https:\/\/api.w.org\/{rel}","templated":true}]}}