{"id":121421,"date":"2025-02-15T16:58:36","date_gmt":"2025-02-15T16:58:36","guid":{"rendered":"https:\/\/kinamihealth.com\/product\/teosyal-rha2\/"},"modified":"2025-11-13T16:44:02","modified_gmt":"2025-11-13T16:44:02","slug":"teosyal-rha2","status":"publish","type":"product","link":"https:\/\/kinamihealth.com\/sv\/produkt\/teosyal-rha2\/","title":{"rendered":"TEOSYAL\u00ae RHA2"},"content":{"rendered":"<p><span style=\"font-weight: 400;\">K\u00f6p TEOSYAL RHA2 online f\u00f6r att behandla m\u00e5ttliga rynkor samtidigt som du beh\u00e5ller flexibilitet och naturligt uttryck. Som en m\u00e5ngsidig behandling f\u00f6r nasolabialaveck, pannrynkor och l\u00e4ppf\u00f6rstoring ger den j\u00e4mna och l\u00e5ngvariga resultat. <\/span><b>K\u00f6p den idag hos Kinami Health f\u00f6r professionella estetiska l\u00f6sningar.<\/b><\/p>\n","protected":false},"excerpt":{"rendered":"<p>K\u00f6p TEOSYAL RHA2 online f\u00f6r att behandla m\u00e5ttliga rynkor samtidigt som du beh\u00e5ller flexibilitet och naturligt uttryck. Som en m\u00e5ngsidig behandling f\u00f6r nasolabialaveck, pannrynkor och l\u00e4ppf\u00f6rstoring ger den j\u00e4mna och l\u00e5ngvariga resultat. K\u00f6p den idag hos Kinami Health f\u00f6r professionella estetiska l\u00f6sningar.<\/p>\n","protected":false},"featured_media":121422,"comment_status":"closed","ping_status":"closed","template":"","meta":{"_acf_changed":false,"inline_featured_image":false},"product_brand":[3185],"product_cat":[3265,3260],"product_tag":[3256],"class_list":{"0":"post-121421","1":"product","2":"type-product","3":"status-publish","4":"has-post-thumbnail","6":"product_brand-teosyal","7":"product_cat-ha-dermal-fillers","8":"product_cat-dermal-fillers-sv","9":"product_tag-medical-devices-sv","11":"first","12":"instock","13":"taxable","14":"shipping-taxable","15":"purchasable","16":"product-type-simple","17":"add-to-wishlist-before_image"},"acf":[],"yoast_head":"<!-- This site is optimized with the Yoast SEO plugin v27.1.1 - https:\/\/yoast.com\/product\/yoast-seo-wordpress\/ -->\n<title>K\u00f6p Teosyal RHA2 online \u2013 dynamisk rynkfyllare<\/title>\n<meta name=\"description\" content=\"K\u00f6p Teosyal RHA2 online f\u00f6r att j\u00e4mna ut m\u00e5ttliga rynkor och \u00f6ka ansiktsvolymen. Utvecklad f\u00f6r ansiktsuttrycksomr\u00e5den, s\u00e4kerst\u00e4ller naturliga r\u00f6relser och elasticitet.\" \/>\n<meta name=\"robots\" content=\"index, follow, max-snippet:-1, max-image-preview:large, max-video-preview:-1\" \/>\n<link rel=\"canonical\" href=\"https:\/\/kinamihealth.com\/sv\/wp-json\/wp\/v2\/product\/121421\" \/>\n<meta property=\"og:locale\" content=\"sv_SE\" \/>\n<meta property=\"og:type\" content=\"article\" \/>\n<meta property=\"og:title\" content=\"K\u00f6p Teosyal RHA2 online \u2013 dynamisk rynkfyllare\" \/>\n<meta property=\"og:description\" content=\"K\u00f6p Teosyal RHA2 online f\u00f6r att j\u00e4mna ut m\u00e5ttliga rynkor och \u00f6ka ansiktsvolymen. Utvecklad f\u00f6r ansiktsuttrycksomr\u00e5den, s\u00e4kerst\u00e4ller naturliga r\u00f6relser och elasticitet.\" \/>\n<meta property=\"og:url\" content=\"https:\/\/kinamihealth.com\/sv\/produkt\/teosyal-rha2\/\" \/>\n<meta property=\"og:site_name\" content=\"Kinami Health\" \/>\n<meta property=\"article:modified_time\" content=\"2025-11-13T16:44:02+00:00\" \/>\n<meta property=\"og:image\" content=\"https:\/\/kinamihealth.com\/wp-content\/uploads\/2025\/02\/TEOXANE-TEOSYAL-RHA2-01.jpg\" \/>\n\t<meta property=\"og:image:width\" content=\"800\" \/>\n\t<meta property=\"og:image:height\" content=\"800\" \/>\n\t<meta property=\"og:image:type\" content=\"image\/jpeg\" \/>\n<meta name=\"twitter:card\" content=\"summary_large_image\" \/>\n<meta name=\"twitter:label1\" content=\"Ber\u00e4knad l\u00e4stid\" \/>\n\t<meta name=\"twitter:data1\" content=\"1 minut\" \/>\n<!-- \/ Yoast SEO plugin. -->","yoast_head_json":{"title":"K\u00f6p Teosyal RHA2 online \u2013 dynamisk rynkfyllare","description":"K\u00f6p Teosyal RHA2 online f\u00f6r att j\u00e4mna ut m\u00e5ttliga rynkor och \u00f6ka ansiktsvolymen. Utvecklad f\u00f6r ansiktsuttrycksomr\u00e5den, s\u00e4kerst\u00e4ller naturliga r\u00f6relser och elasticitet.","robots":{"index":"index","follow":"follow","max-snippet":"max-snippet:-1","max-image-preview":"max-image-preview:large","max-video-preview":"max-video-preview:-1"},"canonical":"https:\/\/kinamihealth.com\/sv\/wp-json\/wp\/v2\/product\/121421","og_locale":"sv_SE","og_type":"article","og_title":"K\u00f6p Teosyal RHA2 online \u2013 dynamisk rynkfyllare","og_description":"K\u00f6p Teosyal RHA2 online f\u00f6r att j\u00e4mna ut m\u00e5ttliga rynkor och \u00f6ka ansiktsvolymen. Utvecklad f\u00f6r ansiktsuttrycksomr\u00e5den, s\u00e4kerst\u00e4ller naturliga r\u00f6relser och elasticitet.","og_url":"https:\/\/kinamihealth.com\/sv\/produkt\/teosyal-rha2\/","og_site_name":"Kinami Health","article_modified_time":"2025-11-13T16:44:02+00:00","og_image":[{"width":800,"height":800,"url":"https:\/\/kinamihealth.com\/wp-content\/uploads\/2025\/02\/TEOXANE-TEOSYAL-RHA2-01.jpg","type":"image\/jpeg"}],"twitter_card":"summary_large_image","twitter_misc":{"Ber\u00e4knad l\u00e4stid":"1 minut"},"schema":{"@context":"https:\/\/schema.org","@graph":[{"@type":"WebPage","@id":"https:\/\/kinamihealth.com\/sv\/produkt\/teosyal-rha2\/","url":"https:\/\/kinamihealth.com\/sv\/produkt\/teosyal-rha2\/","name":"K\u00f6p Teosyal RHA2 online \u2013 dynamisk rynkfyllare","isPartOf":{"@id":"https:\/\/kinamihealth.com\/#website"},"primaryImageOfPage":{"@id":"https:\/\/kinamihealth.com\/sv\/produkt\/teosyal-rha2\/#primaryimage"},"image":{"@id":"https:\/\/kinamihealth.com\/sv\/produkt\/teosyal-rha2\/#primaryimage"},"thumbnailUrl":"https:\/\/kinamihealth.com\/wp-content\/uploads\/2025\/02\/TEOXANE-TEOSYAL-RHA2-01.jpg","datePublished":"2025-02-15T16:58:36+00:00","dateModified":"2025-11-13T16:44:02+00:00","description":"K\u00f6p Teosyal RHA2 online f\u00f6r att j\u00e4mna ut m\u00e5ttliga rynkor och \u00f6ka ansiktsvolymen. Utvecklad f\u00f6r ansiktsuttrycksomr\u00e5den, s\u00e4kerst\u00e4ller naturliga r\u00f6relser och elasticitet.","breadcrumb":{"@id":"https:\/\/kinamihealth.com\/sv\/produkt\/teosyal-rha2\/#breadcrumb"},"inLanguage":"sv-SE","potentialAction":[{"@type":"ReadAction","target":["https:\/\/kinamihealth.com\/sv\/produkt\/teosyal-rha2\/"]}]},{"@type":"ImageObject","inLanguage":"sv-SE","@id":"https:\/\/kinamihealth.com\/sv\/produkt\/teosyal-rha2\/#primaryimage","url":"https:\/\/kinamihealth.com\/wp-content\/uploads\/2025\/02\/TEOXANE-TEOSYAL-RHA2-01.jpg","contentUrl":"https:\/\/kinamihealth.com\/wp-content\/uploads\/2025\/02\/TEOXANE-TEOSYAL-RHA2-01.jpg","width":800,"height":800},{"@type":"BreadcrumbList","@id":"https:\/\/kinamihealth.com\/sv\/produkt\/teosyal-rha2\/#breadcrumb","itemListElement":[{"@type":"ListItem","position":1,"name":"Hem","item":"https:\/\/kinamihealth.com\/sr\/"},{"@type":"ListItem","position":2,"name":"Butik","item":"https:\/\/kinamihealth.com\/sv\/?page_id=127810"},{"@type":"ListItem","position":3,"name":"TEOSYAL\u00ae RHA2"}]},{"@type":"WebSite","@id":"https:\/\/kinamihealth.com\/#website","url":"https:\/\/kinamihealth.com\/","name":"Kinami Health","description":"","publisher":{"@id":"https:\/\/kinamihealth.com\/#organization"},"potentialAction":[{"@type":"SearchAction","target":{"@type":"EntryPoint","urlTemplate":"https:\/\/kinamihealth.com\/?s={search_term_string}"},"query-input":{"@type":"PropertyValueSpecification","valueRequired":true,"valueName":"search_term_string"}}],"inLanguage":"sv-SE"},{"@type":"Organization","@id":"https:\/\/kinamihealth.com\/#organization","name":"Kinami Health","url":"https:\/\/kinamihealth.com\/","logo":{"@type":"ImageObject","inLanguage":"sv-SE","@id":"https:\/\/kinamihealth.com\/#\/schema\/logo\/image\/","url":"https:\/\/kinamihealth.com\/wp-content\/uploads\/2025\/01\/KH_logo_black_2-1.png","contentUrl":"https:\/\/kinamihealth.com\/wp-content\/uploads\/2025\/01\/KH_logo_black_2-1.png","width":339,"height":34,"caption":"Kinami Health"},"image":{"@id":"https:\/\/kinamihealth.com\/#\/schema\/logo\/image\/"}}]}},"_links":{"self":[{"href":"https:\/\/kinamihealth.com\/sv\/wp-json\/wp\/v2\/product\/121421","targetHints":{"allow":["GET"]}}],"collection":[{"href":"https:\/\/kinamihealth.com\/sv\/wp-json\/wp\/v2\/product"}],"about":[{"href":"https:\/\/kinamihealth.com\/sv\/wp-json\/wp\/v2\/types\/product"}],"replies":[{"embeddable":true,"href":"https:\/\/kinamihealth.com\/sv\/wp-json\/wp\/v2\/comments?post=121421"}],"version-history":[{"count":0,"href":"https:\/\/kinamihealth.com\/sv\/wp-json\/wp\/v2\/product\/121421\/revisions"}],"wp:featuredmedia":[{"embeddable":true,"href":"https:\/\/kinamihealth.com\/sv\/wp-json\/wp\/v2\/media\/121422"}],"wp:attachment":[{"href":"https:\/\/kinamihealth.com\/sv\/wp-json\/wp\/v2\/media?parent=121421"}],"wp:term":[{"taxonomy":"product_brand","embeddable":true,"href":"https:\/\/kinamihealth.com\/sv\/wp-json\/wp\/v2\/product_brand?post=121421"},{"taxonomy":"product_cat","embeddable":true,"href":"https:\/\/kinamihealth.com\/sv\/wp-json\/wp\/v2\/product_cat?post=121421"},{"taxonomy":"product_tag","embeddable":true,"href":"https:\/\/kinamihealth.com\/sv\/wp-json\/wp\/v2\/product_tag?post=121421"}],"curies":[{"name":"wp","href":"https:\/\/api.w.org\/{rel}","templated":true}]}}