{"id":121415,"date":"2025-02-15T16:58:35","date_gmt":"2025-02-15T16:58:35","guid":{"rendered":"https:\/\/kinamihealth.com\/product\/teosyal-rha-kiss-with-lidocaine\/"},"modified":"2025-11-13T16:37:13","modified_gmt":"2025-11-13T16:37:13","slug":"teosyal-rha-kiss-with-lidocaine","status":"publish","type":"product","link":"https:\/\/kinamihealth.com\/sv\/produkt\/teosyal-rha-kiss-with-lidocaine\/","title":{"rendered":"TEOSYAL\u00ae RHA KISS with Lidocaine"},"content":{"rendered":"<p><span style=\"font-weight: 400;\">K\u00f6p TEOSYAL RHA KISS med lidokain online f\u00f6r att erbjuda patienter en f\u00f6rstklassig hudfyllnadsprodukt speciellt utvecklad f\u00f6r subtil men effektiv l\u00e4ppf\u00f6rstoring. Den \u00f6kar l\u00e4pparnas volym, definierar konturerna och bibeh\u00e5ller naturliga r\u00f6relser. <\/span><b>K\u00f6p idag fr\u00e5n Kinami Health f\u00f6r p\u00e5litlig, snabb och prisv\u00e4rd service.<\/b><\/p>\n","protected":false},"excerpt":{"rendered":"<p>K\u00f6p TEOSYAL RHA KISS med lidokain online f\u00f6r att erbjuda patienter en f\u00f6rstklassig hudfyllnadsprodukt speciellt utvecklad f\u00f6r subtil men effektiv l\u00e4ppf\u00f6rstoring. Den \u00f6kar l\u00e4pparnas volym, definierar konturerna och bibeh\u00e5ller naturliga r\u00f6relser. K\u00f6p idag fr\u00e5n Kinami Health f\u00f6r p\u00e5litlig, snabb och prisv\u00e4rd service.<\/p>\n","protected":false},"featured_media":121416,"comment_status":"closed","ping_status":"closed","template":"","meta":{"_acf_changed":false,"inline_featured_image":false},"product_brand":[3185],"product_cat":[3265,3260],"product_tag":[3256],"class_list":{"0":"post-121415","1":"product","2":"type-product","3":"status-publish","4":"has-post-thumbnail","6":"product_brand-teosyal","7":"product_cat-ha-dermal-fillers","8":"product_cat-dermal-fillers-sv","9":"product_tag-medical-devices-sv","11":"first","12":"instock","13":"taxable","14":"shipping-taxable","15":"purchasable","16":"product-type-simple","17":"add-to-wishlist-before_image"},"acf":[],"yoast_head":"<!-- This site is optimized with the Yoast SEO plugin v27.3 - https:\/\/yoast.com\/product\/yoast-seo-wordpress\/ -->\n<title>K\u00f6p Teosyal RHA Kiss med lidokain online \u2013 sm\u00e4rtfri l\u00e4ppfiller<\/title>\n<meta name=\"description\" content=\"K\u00f6p Teosyal RHA Kiss med lidokain online f\u00f6r l\u00e5ngvarig l\u00e4ppf\u00f6rstoring och konturering utan obehag. \u00c5terfuktar, ger volym och flexibilitet f\u00f6r ett j\u00e4mnt resultat.\" \/>\n<meta name=\"robots\" content=\"index, follow, max-snippet:-1, max-image-preview:large, max-video-preview:-1\" \/>\n<link rel=\"canonical\" href=\"https:\/\/kinamihealth.com\/sv\/wp-json\/wp\/v2\/product\/121415\" \/>\n<meta property=\"og:locale\" content=\"sv_SE\" \/>\n<meta property=\"og:type\" content=\"article\" \/>\n<meta property=\"og:title\" content=\"K\u00f6p Teosyal RHA Kiss med lidokain online \u2013 sm\u00e4rtfri l\u00e4ppfiller\" \/>\n<meta property=\"og:description\" content=\"K\u00f6p Teosyal RHA Kiss med lidokain online f\u00f6r l\u00e5ngvarig l\u00e4ppf\u00f6rstoring och konturering utan obehag. \u00c5terfuktar, ger volym och flexibilitet f\u00f6r ett j\u00e4mnt resultat.\" \/>\n<meta property=\"og:url\" content=\"https:\/\/kinamihealth.com\/sv\/produkt\/teosyal-rha-kiss-with-lidocaine\/\" \/>\n<meta property=\"og:site_name\" content=\"Kinami Health\" \/>\n<meta property=\"article:modified_time\" content=\"2025-11-13T16:37:13+00:00\" \/>\n<meta property=\"og:image\" content=\"https:\/\/kinamihealth.com\/wp-content\/uploads\/2025\/02\/TEOXANE-TEOSYAL-RHAKISS-01.jpg\" \/>\n\t<meta property=\"og:image:width\" content=\"800\" \/>\n\t<meta property=\"og:image:height\" content=\"800\" \/>\n\t<meta property=\"og:image:type\" content=\"image\/jpeg\" \/>\n<meta name=\"twitter:card\" content=\"summary_large_image\" \/>\n<meta name=\"twitter:label1\" content=\"Ber\u00e4knad l\u00e4stid\" \/>\n\t<meta name=\"twitter:data1\" content=\"1 minut\" \/>\n<!-- \/ Yoast SEO plugin. -->","yoast_head_json":{"title":"K\u00f6p Teosyal RHA Kiss med lidokain online \u2013 sm\u00e4rtfri l\u00e4ppfiller","description":"K\u00f6p Teosyal RHA Kiss med lidokain online f\u00f6r l\u00e5ngvarig l\u00e4ppf\u00f6rstoring och konturering utan obehag. \u00c5terfuktar, ger volym och flexibilitet f\u00f6r ett j\u00e4mnt resultat.","robots":{"index":"index","follow":"follow","max-snippet":"max-snippet:-1","max-image-preview":"max-image-preview:large","max-video-preview":"max-video-preview:-1"},"canonical":"https:\/\/kinamihealth.com\/sv\/wp-json\/wp\/v2\/product\/121415","og_locale":"sv_SE","og_type":"article","og_title":"K\u00f6p Teosyal RHA Kiss med lidokain online \u2013 sm\u00e4rtfri l\u00e4ppfiller","og_description":"K\u00f6p Teosyal RHA Kiss med lidokain online f\u00f6r l\u00e5ngvarig l\u00e4ppf\u00f6rstoring och konturering utan obehag. \u00c5terfuktar, ger volym och flexibilitet f\u00f6r ett j\u00e4mnt resultat.","og_url":"https:\/\/kinamihealth.com\/sv\/produkt\/teosyal-rha-kiss-with-lidocaine\/","og_site_name":"Kinami Health","article_modified_time":"2025-11-13T16:37:13+00:00","og_image":[{"width":800,"height":800,"url":"https:\/\/kinamihealth.com\/wp-content\/uploads\/2025\/02\/TEOXANE-TEOSYAL-RHAKISS-01.jpg","type":"image\/jpeg"}],"twitter_card":"summary_large_image","twitter_misc":{"Ber\u00e4knad l\u00e4stid":"1 minut"},"schema":{"@context":"https:\/\/schema.org","@graph":[{"@type":"WebPage","@id":"https:\/\/kinamihealth.com\/sv\/produkt\/teosyal-rha-kiss-with-lidocaine\/","url":"https:\/\/kinamihealth.com\/sv\/produkt\/teosyal-rha-kiss-with-lidocaine\/","name":"K\u00f6p Teosyal RHA Kiss med lidokain online \u2013 sm\u00e4rtfri l\u00e4ppfiller","isPartOf":{"@id":"https:\/\/kinamihealth.com\/#website"},"primaryImageOfPage":{"@id":"https:\/\/kinamihealth.com\/sv\/produkt\/teosyal-rha-kiss-with-lidocaine\/#primaryimage"},"image":{"@id":"https:\/\/kinamihealth.com\/sv\/produkt\/teosyal-rha-kiss-with-lidocaine\/#primaryimage"},"thumbnailUrl":"https:\/\/kinamihealth.com\/wp-content\/uploads\/2025\/02\/TEOXANE-TEOSYAL-RHAKISS-01.jpg","datePublished":"2025-02-15T16:58:35+00:00","dateModified":"2025-11-13T16:37:13+00:00","description":"K\u00f6p Teosyal RHA Kiss med lidokain online f\u00f6r l\u00e5ngvarig l\u00e4ppf\u00f6rstoring och konturering utan obehag. \u00c5terfuktar, ger volym och flexibilitet f\u00f6r ett j\u00e4mnt resultat.","breadcrumb":{"@id":"https:\/\/kinamihealth.com\/sv\/produkt\/teosyal-rha-kiss-with-lidocaine\/#breadcrumb"},"inLanguage":"sv-SE","potentialAction":[{"@type":"ReadAction","target":["https:\/\/kinamihealth.com\/sv\/produkt\/teosyal-rha-kiss-with-lidocaine\/"]}]},{"@type":"ImageObject","inLanguage":"sv-SE","@id":"https:\/\/kinamihealth.com\/sv\/produkt\/teosyal-rha-kiss-with-lidocaine\/#primaryimage","url":"https:\/\/kinamihealth.com\/wp-content\/uploads\/2025\/02\/TEOXANE-TEOSYAL-RHAKISS-01.jpg","contentUrl":"https:\/\/kinamihealth.com\/wp-content\/uploads\/2025\/02\/TEOXANE-TEOSYAL-RHAKISS-01.jpg","width":800,"height":800},{"@type":"BreadcrumbList","@id":"https:\/\/kinamihealth.com\/sv\/produkt\/teosyal-rha-kiss-with-lidocaine\/#breadcrumb","itemListElement":[{"@type":"ListItem","position":1,"name":"Hem","item":"https:\/\/kinamihealth.com\/sr\/"},{"@type":"ListItem","position":2,"name":"Butik","item":"https:\/\/kinamihealth.com\/sv\/?page_id=127810"},{"@type":"ListItem","position":3,"name":"TEOSYAL\u00ae RHA KISS with Lidocaine"}]},{"@type":"WebSite","@id":"https:\/\/kinamihealth.com\/#website","url":"https:\/\/kinamihealth.com\/","name":"Kinami Health","description":"","publisher":{"@id":"https:\/\/kinamihealth.com\/#organization"},"potentialAction":[{"@type":"SearchAction","target":{"@type":"EntryPoint","urlTemplate":"https:\/\/kinamihealth.com\/?s={search_term_string}"},"query-input":{"@type":"PropertyValueSpecification","valueRequired":true,"valueName":"search_term_string"}}],"inLanguage":"sv-SE"},{"@type":"Organization","@id":"https:\/\/kinamihealth.com\/#organization","name":"Kinami Health","url":"https:\/\/kinamihealth.com\/","logo":{"@type":"ImageObject","inLanguage":"sv-SE","@id":"https:\/\/kinamihealth.com\/#\/schema\/logo\/image\/","url":"https:\/\/kinamihealth.com\/wp-content\/uploads\/2025\/01\/KH_logo_black_2-1.png","contentUrl":"https:\/\/kinamihealth.com\/wp-content\/uploads\/2025\/01\/KH_logo_black_2-1.png","width":339,"height":34,"caption":"Kinami Health"},"image":{"@id":"https:\/\/kinamihealth.com\/#\/schema\/logo\/image\/"}}]}},"_links":{"self":[{"href":"https:\/\/kinamihealth.com\/sv\/wp-json\/wp\/v2\/product\/121415","targetHints":{"allow":["GET"]}}],"collection":[{"href":"https:\/\/kinamihealth.com\/sv\/wp-json\/wp\/v2\/product"}],"about":[{"href":"https:\/\/kinamihealth.com\/sv\/wp-json\/wp\/v2\/types\/product"}],"replies":[{"embeddable":true,"href":"https:\/\/kinamihealth.com\/sv\/wp-json\/wp\/v2\/comments?post=121415"}],"version-history":[{"count":0,"href":"https:\/\/kinamihealth.com\/sv\/wp-json\/wp\/v2\/product\/121415\/revisions"}],"wp:featuredmedia":[{"embeddable":true,"href":"https:\/\/kinamihealth.com\/sv\/wp-json\/wp\/v2\/media\/121416"}],"wp:attachment":[{"href":"https:\/\/kinamihealth.com\/sv\/wp-json\/wp\/v2\/media?parent=121415"}],"wp:term":[{"taxonomy":"product_brand","embeddable":true,"href":"https:\/\/kinamihealth.com\/sv\/wp-json\/wp\/v2\/product_brand?post=121415"},{"taxonomy":"product_cat","embeddable":true,"href":"https:\/\/kinamihealth.com\/sv\/wp-json\/wp\/v2\/product_cat?post=121415"},{"taxonomy":"product_tag","embeddable":true,"href":"https:\/\/kinamihealth.com\/sv\/wp-json\/wp\/v2\/product_tag?post=121415"}],"curies":[{"name":"wp","href":"https:\/\/api.w.org\/{rel}","templated":true}]}}