{"id":121412,"date":"2025-02-15T16:58:34","date_gmt":"2025-02-15T16:58:34","guid":{"rendered":"https:\/\/kinamihealth.com\/product\/teosyal-puresense-ultra-deep-2x1-2ml\/"},"modified":"2025-11-13T08:42:28","modified_gmt":"2025-11-13T08:42:28","slug":"teosyal-puresense-ultra-deep-2x1-2ml","status":"publish","type":"product","link":"https:\/\/kinamihealth.com\/sv\/produkt\/teosyal-puresense-ultra-deep-2x1-2ml\/","title":{"rendered":"TEOSYAL\u00ae PURESENSE ULTRA DEEP (2&#215;1.2ml)"},"content":{"rendered":"<p><span style=\"font-weight: 400;\">Teosyal Puresense Ultra Deep (2 x 1,2 ml) \u00e4r en <\/span><b><i>premium hudfyllnadsprodukt <\/i><\/b><span style=\"font-weight: 400;\">utvecklad f\u00f6r att behandla betydande volymf\u00f6rlust i ansiktet och djupa rynkor.\u00a0<\/span><span style=\"font-weight: 400;\">Formulerad med <\/span><b>tv\u00e4rbunden hyaluronsyra<\/b><span style=\"font-weight: 400;\">, erbjuder den en icke-kirurgisk l\u00f6sning f\u00f6r att f\u00f6rb\u00e4ttra ansiktskonturerna och \u00e5terst\u00e4lla ungdomligt volym. Produkten <\/span><b>inneh\u00e5ller lidokain <\/b><span style=\"font-weight: 400;\">f\u00f6r att s\u00e4kerst\u00e4lla en bekv\u00e4m behandlingsupplevelse och sm\u00e4rtfri procedur.<\/span><\/p>\n","protected":false},"excerpt":{"rendered":"<p>Teosyal Puresense Ultra Deep (2 x 1,2 ml) \u00e4r en premium hudfyllnadsprodukt utvecklad f\u00f6r att behandla betydande volymf\u00f6rlust i ansiktet och djupa rynkor.\u00a0Formulerad med tv\u00e4rbunden hyaluronsyra, erbjuder den en icke-kirurgisk l\u00f6sning f\u00f6r att f\u00f6rb\u00e4ttra ansiktskonturerna och \u00e5terst\u00e4lla ungdomligt volym. Produkten inneh\u00e5ller lidokain f\u00f6r att s\u00e4kerst\u00e4lla en bekv\u00e4m behandlingsupplevelse och sm\u00e4rtfri procedur.<\/p>\n","protected":false},"featured_media":121413,"comment_status":"closed","ping_status":"closed","template":"","meta":{"_acf_changed":false,"inline_featured_image":false},"product_brand":[3185],"product_cat":[3265,3260],"product_tag":[3256],"class_list":{"0":"post-121412","1":"product","2":"type-product","3":"status-publish","4":"has-post-thumbnail","6":"product_brand-teosyal","7":"product_cat-ha-dermal-fillers","8":"product_cat-dermal-fillers-sv","9":"product_tag-medical-devices-sv","11":"first","12":"instock","13":"taxable","14":"shipping-taxable","15":"purchasable","16":"product-type-simple","17":"add-to-wishlist-before_image"},"acf":[],"yoast_head":"<!-- This site is optimized with the Yoast SEO plugin v27.1.1 - https:\/\/yoast.com\/product\/yoast-seo-wordpress\/ -->\n<title>K\u00f6p Teosyal Puresense Ultra Deep (2 x 1,2 ml) online nu!<\/title>\n<meta name=\"description\" content=\"K\u00f6p Teosyal Puresense Ultra Deep (2 x 1,2 ml) online, en f\u00f6rstklassig hudfyllare f\u00f6r att f\u00f6rb\u00e4ttra ansiktsvolym och djupa rynkor.\" \/>\n<meta name=\"robots\" content=\"index, follow, max-snippet:-1, max-image-preview:large, max-video-preview:-1\" \/>\n<link rel=\"canonical\" href=\"https:\/\/kinamihealth.com\/sv\/wp-json\/wp\/v2\/product\/121412\" \/>\n<meta property=\"og:locale\" content=\"sv_SE\" \/>\n<meta property=\"og:type\" content=\"article\" \/>\n<meta property=\"og:title\" content=\"K\u00f6p Teosyal Puresense Ultra Deep (2 x 1,2 ml) online nu!\" \/>\n<meta property=\"og:description\" content=\"K\u00f6p Teosyal Puresense Ultra Deep (2 x 1,2 ml) online, en f\u00f6rstklassig hudfyllare f\u00f6r att f\u00f6rb\u00e4ttra ansiktsvolym och djupa rynkor.\" \/>\n<meta property=\"og:url\" content=\"https:\/\/kinamihealth.com\/sv\/produkt\/teosyal-puresense-ultra-deep-2x1-2ml\/\" \/>\n<meta property=\"og:site_name\" content=\"Kinami Health\" \/>\n<meta property=\"article:modified_time\" content=\"2025-11-13T08:42:28+00:00\" \/>\n<meta property=\"og:image\" content=\"https:\/\/kinamihealth.com\/wp-content\/uploads\/2025\/02\/TEOXANE-TEOSYAL-ULTRADEEP-PURESENSE-2X1-01.jpg\" \/>\n\t<meta property=\"og:image:width\" content=\"800\" \/>\n\t<meta property=\"og:image:height\" content=\"800\" \/>\n\t<meta property=\"og:image:type\" content=\"image\/jpeg\" \/>\n<meta name=\"twitter:card\" content=\"summary_large_image\" \/>\n<meta name=\"twitter:label1\" content=\"Ber\u00e4knad l\u00e4stid\" \/>\n\t<meta name=\"twitter:data1\" content=\"1 minut\" \/>\n<!-- \/ Yoast SEO plugin. -->","yoast_head_json":{"title":"K\u00f6p Teosyal Puresense Ultra Deep (2 x 1,2 ml) online nu!","description":"K\u00f6p Teosyal Puresense Ultra Deep (2 x 1,2 ml) online, en f\u00f6rstklassig hudfyllare f\u00f6r att f\u00f6rb\u00e4ttra ansiktsvolym och djupa rynkor.","robots":{"index":"index","follow":"follow","max-snippet":"max-snippet:-1","max-image-preview":"max-image-preview:large","max-video-preview":"max-video-preview:-1"},"canonical":"https:\/\/kinamihealth.com\/sv\/wp-json\/wp\/v2\/product\/121412","og_locale":"sv_SE","og_type":"article","og_title":"K\u00f6p Teosyal Puresense Ultra Deep (2 x 1,2 ml) online nu!","og_description":"K\u00f6p Teosyal Puresense Ultra Deep (2 x 1,2 ml) online, en f\u00f6rstklassig hudfyllare f\u00f6r att f\u00f6rb\u00e4ttra ansiktsvolym och djupa rynkor.","og_url":"https:\/\/kinamihealth.com\/sv\/produkt\/teosyal-puresense-ultra-deep-2x1-2ml\/","og_site_name":"Kinami Health","article_modified_time":"2025-11-13T08:42:28+00:00","og_image":[{"width":800,"height":800,"url":"https:\/\/kinamihealth.com\/wp-content\/uploads\/2025\/02\/TEOXANE-TEOSYAL-ULTRADEEP-PURESENSE-2X1-01.jpg","type":"image\/jpeg"}],"twitter_card":"summary_large_image","twitter_misc":{"Ber\u00e4knad l\u00e4stid":"1 minut"},"schema":{"@context":"https:\/\/schema.org","@graph":[{"@type":"WebPage","@id":"https:\/\/kinamihealth.com\/sv\/produkt\/teosyal-puresense-ultra-deep-2x1-2ml\/","url":"https:\/\/kinamihealth.com\/sv\/produkt\/teosyal-puresense-ultra-deep-2x1-2ml\/","name":"K\u00f6p Teosyal Puresense Ultra Deep (2 x 1,2 ml) online nu!","isPartOf":{"@id":"https:\/\/kinamihealth.com\/#website"},"primaryImageOfPage":{"@id":"https:\/\/kinamihealth.com\/sv\/produkt\/teosyal-puresense-ultra-deep-2x1-2ml\/#primaryimage"},"image":{"@id":"https:\/\/kinamihealth.com\/sv\/produkt\/teosyal-puresense-ultra-deep-2x1-2ml\/#primaryimage"},"thumbnailUrl":"https:\/\/kinamihealth.com\/wp-content\/uploads\/2025\/02\/TEOXANE-TEOSYAL-ULTRADEEP-PURESENSE-2X1-01.jpg","datePublished":"2025-02-15T16:58:34+00:00","dateModified":"2025-11-13T08:42:28+00:00","description":"K\u00f6p Teosyal Puresense Ultra Deep (2 x 1,2 ml) online, en f\u00f6rstklassig hudfyllare f\u00f6r att f\u00f6rb\u00e4ttra ansiktsvolym och djupa rynkor.","breadcrumb":{"@id":"https:\/\/kinamihealth.com\/sv\/produkt\/teosyal-puresense-ultra-deep-2x1-2ml\/#breadcrumb"},"inLanguage":"sv-SE","potentialAction":[{"@type":"ReadAction","target":["https:\/\/kinamihealth.com\/sv\/produkt\/teosyal-puresense-ultra-deep-2x1-2ml\/"]}]},{"@type":"ImageObject","inLanguage":"sv-SE","@id":"https:\/\/kinamihealth.com\/sv\/produkt\/teosyal-puresense-ultra-deep-2x1-2ml\/#primaryimage","url":"https:\/\/kinamihealth.com\/wp-content\/uploads\/2025\/02\/TEOXANE-TEOSYAL-ULTRADEEP-PURESENSE-2X1-01.jpg","contentUrl":"https:\/\/kinamihealth.com\/wp-content\/uploads\/2025\/02\/TEOXANE-TEOSYAL-ULTRADEEP-PURESENSE-2X1-01.jpg","width":800,"height":800},{"@type":"BreadcrumbList","@id":"https:\/\/kinamihealth.com\/sv\/produkt\/teosyal-puresense-ultra-deep-2x1-2ml\/#breadcrumb","itemListElement":[{"@type":"ListItem","position":1,"name":"Hem","item":"https:\/\/kinamihealth.com\/sr\/"},{"@type":"ListItem","position":2,"name":"Butik","item":"https:\/\/kinamihealth.com\/sv\/?page_id=127810"},{"@type":"ListItem","position":3,"name":"TEOSYAL\u00ae PURESENSE ULTRA DEEP (2&#215;1.2ml)"}]},{"@type":"WebSite","@id":"https:\/\/kinamihealth.com\/#website","url":"https:\/\/kinamihealth.com\/","name":"Kinami Health","description":"","publisher":{"@id":"https:\/\/kinamihealth.com\/#organization"},"potentialAction":[{"@type":"SearchAction","target":{"@type":"EntryPoint","urlTemplate":"https:\/\/kinamihealth.com\/?s={search_term_string}"},"query-input":{"@type":"PropertyValueSpecification","valueRequired":true,"valueName":"search_term_string"}}],"inLanguage":"sv-SE"},{"@type":"Organization","@id":"https:\/\/kinamihealth.com\/#organization","name":"Kinami Health","url":"https:\/\/kinamihealth.com\/","logo":{"@type":"ImageObject","inLanguage":"sv-SE","@id":"https:\/\/kinamihealth.com\/#\/schema\/logo\/image\/","url":"https:\/\/kinamihealth.com\/wp-content\/uploads\/2025\/01\/KH_logo_black_2-1.png","contentUrl":"https:\/\/kinamihealth.com\/wp-content\/uploads\/2025\/01\/KH_logo_black_2-1.png","width":339,"height":34,"caption":"Kinami Health"},"image":{"@id":"https:\/\/kinamihealth.com\/#\/schema\/logo\/image\/"}}]}},"_links":{"self":[{"href":"https:\/\/kinamihealth.com\/sv\/wp-json\/wp\/v2\/product\/121412","targetHints":{"allow":["GET"]}}],"collection":[{"href":"https:\/\/kinamihealth.com\/sv\/wp-json\/wp\/v2\/product"}],"about":[{"href":"https:\/\/kinamihealth.com\/sv\/wp-json\/wp\/v2\/types\/product"}],"replies":[{"embeddable":true,"href":"https:\/\/kinamihealth.com\/sv\/wp-json\/wp\/v2\/comments?post=121412"}],"version-history":[{"count":0,"href":"https:\/\/kinamihealth.com\/sv\/wp-json\/wp\/v2\/product\/121412\/revisions"}],"wp:featuredmedia":[{"embeddable":true,"href":"https:\/\/kinamihealth.com\/sv\/wp-json\/wp\/v2\/media\/121413"}],"wp:attachment":[{"href":"https:\/\/kinamihealth.com\/sv\/wp-json\/wp\/v2\/media?parent=121412"}],"wp:term":[{"taxonomy":"product_brand","embeddable":true,"href":"https:\/\/kinamihealth.com\/sv\/wp-json\/wp\/v2\/product_brand?post=121412"},{"taxonomy":"product_cat","embeddable":true,"href":"https:\/\/kinamihealth.com\/sv\/wp-json\/wp\/v2\/product_cat?post=121412"},{"taxonomy":"product_tag","embeddable":true,"href":"https:\/\/kinamihealth.com\/sv\/wp-json\/wp\/v2\/product_tag?post=121412"}],"curies":[{"name":"wp","href":"https:\/\/api.w.org\/{rel}","templated":true}]}}