{"id":121397,"date":"2025-02-15T16:58:31","date_gmt":"2025-02-15T16:58:31","guid":{"rendered":"https:\/\/kinamihealth.com\/product\/teosyal-puresense-redensity-i-1x3ml\/"},"modified":"2025-11-13T08:26:16","modified_gmt":"2025-11-13T08:26:16","slug":"teosyal-puresense-redensity-i-1x3ml","status":"publish","type":"product","link":"https:\/\/kinamihealth.com\/sv\/produkt\/teosyal-puresense-redensity-i-1x3ml\/","title":{"rendered":"TEOSYAL\u00ae PURESENSE REDENSITY I (1x3ml)"},"content":{"rendered":"<p><span style=\"font-weight: 400;\">Teosyal Puresense Redensity I (1x3ml) \u00e4r en <\/span><b><i>avancerad hudfyllnadsprodukt<\/i><\/b><span style=\"font-weight: 400;\"> speciellt framtagen f\u00f6r att vitalisera och \u00e5terfukta huden.\u00a0<\/span><span style=\"font-weight: 400;\">Det \u00e4r en unik blandning av <\/span><b>hyaluronsyra, antioxidanter, aminosyror, mineraler och vitaminer<\/b><span style=\"font-weight: 400;\">, utformad f\u00f6r att f\u00f6rb\u00e4ttra hudens kvalitet genom att \u00e5terst\u00e4lla fukt, elasticitet och lyster. Denna produkt \u00e4r s\u00e4rskilt effektiv vid behandling av <\/span><b>fina linjer, matthet och slapp hud<\/b><span style=\"font-weight: 400;\"> och ger ett naturligt och ungdomligt utseende.<\/span><\/p>\n","protected":false},"excerpt":{"rendered":"<p>Teosyal Puresense Redensity I (1x3ml) \u00e4r en avancerad hudfyllnadsprodukt speciellt framtagen f\u00f6r att vitalisera och \u00e5terfukta huden.\u00a0Det \u00e4r en unik blandning av hyaluronsyra, antioxidanter, aminosyror, mineraler och vitaminer, utformad f\u00f6r att f\u00f6rb\u00e4ttra hudens kvalitet genom att \u00e5terst\u00e4lla fukt, elasticitet och lyster. Denna produkt \u00e4r s\u00e4rskilt effektiv vid behandling av fina linjer, matthet och slapp hud [&hellip;]<\/p>\n","protected":false},"featured_media":121398,"comment_status":"closed","ping_status":"closed","template":"","meta":{"_acf_changed":false,"inline_featured_image":false},"product_brand":[3185],"product_cat":[3260,3667],"product_tag":[3256],"class_list":{"0":"post-121397","1":"product","2":"type-product","3":"status-publish","4":"has-post-thumbnail","6":"product_brand-teosyal","7":"product_cat-dermal-fillers-sv","8":"product_cat-skinboosters-sv","9":"product_tag-medical-devices-sv","11":"first","12":"instock","13":"taxable","14":"shipping-taxable","15":"purchasable","16":"product-type-simple","17":"add-to-wishlist-before_image"},"acf":[],"yoast_head":"<!-- This site is optimized with the Yoast SEO plugin v27.1.1 - https:\/\/yoast.com\/product\/yoast-seo-wordpress\/ -->\n<title>K\u00f6p Teosyal Puresense Redensity I (1x3 ml) online<\/title>\n<meta name=\"description\" content=\"K\u00f6p Teosyal Puresense Redensity I (1x3 ml) online och f\u00f6rb\u00e4ttra patienternas resultat med denna avancerade hudfyllnadsprodukt f\u00f6r hudf\u00f6ryngring.\" \/>\n<meta name=\"robots\" content=\"index, follow, max-snippet:-1, max-image-preview:large, max-video-preview:-1\" \/>\n<link rel=\"canonical\" href=\"https:\/\/kinamihealth.com\/sv\/wp-json\/wp\/v2\/product\/121397\" \/>\n<meta property=\"og:locale\" content=\"sv_SE\" \/>\n<meta property=\"og:type\" content=\"article\" \/>\n<meta property=\"og:title\" content=\"K\u00f6p Teosyal Puresense Redensity I (1x3 ml) online\" \/>\n<meta property=\"og:description\" content=\"K\u00f6p Teosyal Puresense Redensity I (1x3 ml) online och f\u00f6rb\u00e4ttra patienternas resultat med denna avancerade hudfyllnadsprodukt f\u00f6r hudf\u00f6ryngring.\" \/>\n<meta property=\"og:url\" content=\"https:\/\/kinamihealth.com\/sv\/produkt\/teosyal-puresense-redensity-i-1x3ml\/\" \/>\n<meta property=\"og:site_name\" content=\"Kinami Health\" \/>\n<meta property=\"article:modified_time\" content=\"2025-11-13T08:26:16+00:00\" \/>\n<meta property=\"og:image\" content=\"https:\/\/kinamihealth.com\/wp-content\/uploads\/2025\/02\/TEOXANE-TEOSYAL-REDENSITY1-PURESENSE-1X3-01.jpg\" \/>\n\t<meta property=\"og:image:width\" content=\"800\" \/>\n\t<meta property=\"og:image:height\" content=\"800\" \/>\n\t<meta property=\"og:image:type\" content=\"image\/jpeg\" \/>\n<meta name=\"twitter:card\" content=\"summary_large_image\" \/>\n<meta name=\"twitter:label1\" content=\"Ber\u00e4knad l\u00e4stid\" \/>\n\t<meta name=\"twitter:data1\" content=\"1 minut\" \/>\n<!-- \/ Yoast SEO plugin. -->","yoast_head_json":{"title":"K\u00f6p Teosyal Puresense Redensity I (1x3 ml) online","description":"K\u00f6p Teosyal Puresense Redensity I (1x3 ml) online och f\u00f6rb\u00e4ttra patienternas resultat med denna avancerade hudfyllnadsprodukt f\u00f6r hudf\u00f6ryngring.","robots":{"index":"index","follow":"follow","max-snippet":"max-snippet:-1","max-image-preview":"max-image-preview:large","max-video-preview":"max-video-preview:-1"},"canonical":"https:\/\/kinamihealth.com\/sv\/wp-json\/wp\/v2\/product\/121397","og_locale":"sv_SE","og_type":"article","og_title":"K\u00f6p Teosyal Puresense Redensity I (1x3 ml) online","og_description":"K\u00f6p Teosyal Puresense Redensity I (1x3 ml) online och f\u00f6rb\u00e4ttra patienternas resultat med denna avancerade hudfyllnadsprodukt f\u00f6r hudf\u00f6ryngring.","og_url":"https:\/\/kinamihealth.com\/sv\/produkt\/teosyal-puresense-redensity-i-1x3ml\/","og_site_name":"Kinami Health","article_modified_time":"2025-11-13T08:26:16+00:00","og_image":[{"width":800,"height":800,"url":"https:\/\/kinamihealth.com\/wp-content\/uploads\/2025\/02\/TEOXANE-TEOSYAL-REDENSITY1-PURESENSE-1X3-01.jpg","type":"image\/jpeg"}],"twitter_card":"summary_large_image","twitter_misc":{"Ber\u00e4knad l\u00e4stid":"1 minut"},"schema":{"@context":"https:\/\/schema.org","@graph":[{"@type":"WebPage","@id":"https:\/\/kinamihealth.com\/sv\/produkt\/teosyal-puresense-redensity-i-1x3ml\/","url":"https:\/\/kinamihealth.com\/sv\/produkt\/teosyal-puresense-redensity-i-1x3ml\/","name":"K\u00f6p Teosyal Puresense Redensity I (1x3 ml) online","isPartOf":{"@id":"https:\/\/kinamihealth.com\/#website"},"primaryImageOfPage":{"@id":"https:\/\/kinamihealth.com\/sv\/produkt\/teosyal-puresense-redensity-i-1x3ml\/#primaryimage"},"image":{"@id":"https:\/\/kinamihealth.com\/sv\/produkt\/teosyal-puresense-redensity-i-1x3ml\/#primaryimage"},"thumbnailUrl":"https:\/\/kinamihealth.com\/wp-content\/uploads\/2025\/02\/TEOXANE-TEOSYAL-REDENSITY1-PURESENSE-1X3-01.jpg","datePublished":"2025-02-15T16:58:31+00:00","dateModified":"2025-11-13T08:26:16+00:00","description":"K\u00f6p Teosyal Puresense Redensity I (1x3 ml) online och f\u00f6rb\u00e4ttra patienternas resultat med denna avancerade hudfyllnadsprodukt f\u00f6r hudf\u00f6ryngring.","breadcrumb":{"@id":"https:\/\/kinamihealth.com\/sv\/produkt\/teosyal-puresense-redensity-i-1x3ml\/#breadcrumb"},"inLanguage":"sv-SE","potentialAction":[{"@type":"ReadAction","target":["https:\/\/kinamihealth.com\/sv\/produkt\/teosyal-puresense-redensity-i-1x3ml\/"]}]},{"@type":"ImageObject","inLanguage":"sv-SE","@id":"https:\/\/kinamihealth.com\/sv\/produkt\/teosyal-puresense-redensity-i-1x3ml\/#primaryimage","url":"https:\/\/kinamihealth.com\/wp-content\/uploads\/2025\/02\/TEOXANE-TEOSYAL-REDENSITY1-PURESENSE-1X3-01.jpg","contentUrl":"https:\/\/kinamihealth.com\/wp-content\/uploads\/2025\/02\/TEOXANE-TEOSYAL-REDENSITY1-PURESENSE-1X3-01.jpg","width":800,"height":800},{"@type":"BreadcrumbList","@id":"https:\/\/kinamihealth.com\/sv\/produkt\/teosyal-puresense-redensity-i-1x3ml\/#breadcrumb","itemListElement":[{"@type":"ListItem","position":1,"name":"Hem","item":"https:\/\/kinamihealth.com\/sr\/"},{"@type":"ListItem","position":2,"name":"Butik","item":"https:\/\/kinamihealth.com\/sv\/?page_id=127810"},{"@type":"ListItem","position":3,"name":"TEOSYAL\u00ae PURESENSE REDENSITY I (1x3ml)"}]},{"@type":"WebSite","@id":"https:\/\/kinamihealth.com\/#website","url":"https:\/\/kinamihealth.com\/","name":"Kinami Health","description":"","publisher":{"@id":"https:\/\/kinamihealth.com\/#organization"},"potentialAction":[{"@type":"SearchAction","target":{"@type":"EntryPoint","urlTemplate":"https:\/\/kinamihealth.com\/?s={search_term_string}"},"query-input":{"@type":"PropertyValueSpecification","valueRequired":true,"valueName":"search_term_string"}}],"inLanguage":"sv-SE"},{"@type":"Organization","@id":"https:\/\/kinamihealth.com\/#organization","name":"Kinami Health","url":"https:\/\/kinamihealth.com\/","logo":{"@type":"ImageObject","inLanguage":"sv-SE","@id":"https:\/\/kinamihealth.com\/#\/schema\/logo\/image\/","url":"https:\/\/kinamihealth.com\/wp-content\/uploads\/2025\/01\/KH_logo_black_2-1.png","contentUrl":"https:\/\/kinamihealth.com\/wp-content\/uploads\/2025\/01\/KH_logo_black_2-1.png","width":339,"height":34,"caption":"Kinami Health"},"image":{"@id":"https:\/\/kinamihealth.com\/#\/schema\/logo\/image\/"}}]}},"_links":{"self":[{"href":"https:\/\/kinamihealth.com\/sv\/wp-json\/wp\/v2\/product\/121397","targetHints":{"allow":["GET"]}}],"collection":[{"href":"https:\/\/kinamihealth.com\/sv\/wp-json\/wp\/v2\/product"}],"about":[{"href":"https:\/\/kinamihealth.com\/sv\/wp-json\/wp\/v2\/types\/product"}],"replies":[{"embeddable":true,"href":"https:\/\/kinamihealth.com\/sv\/wp-json\/wp\/v2\/comments?post=121397"}],"version-history":[{"count":0,"href":"https:\/\/kinamihealth.com\/sv\/wp-json\/wp\/v2\/product\/121397\/revisions"}],"wp:featuredmedia":[{"embeddable":true,"href":"https:\/\/kinamihealth.com\/sv\/wp-json\/wp\/v2\/media\/121398"}],"wp:attachment":[{"href":"https:\/\/kinamihealth.com\/sv\/wp-json\/wp\/v2\/media?parent=121397"}],"wp:term":[{"taxonomy":"product_brand","embeddable":true,"href":"https:\/\/kinamihealth.com\/sv\/wp-json\/wp\/v2\/product_brand?post=121397"},{"taxonomy":"product_cat","embeddable":true,"href":"https:\/\/kinamihealth.com\/sv\/wp-json\/wp\/v2\/product_cat?post=121397"},{"taxonomy":"product_tag","embeddable":true,"href":"https:\/\/kinamihealth.com\/sv\/wp-json\/wp\/v2\/product_tag?post=121397"}],"curies":[{"name":"wp","href":"https:\/\/api.w.org\/{rel}","templated":true}]}}