{"id":121389,"date":"2025-02-15T16:58:24","date_gmt":"2025-02-15T16:58:24","guid":{"rendered":"https:\/\/kinamihealth.com\/product\/teosyal-puresense-deep-lines\/"},"modified":"2025-11-13T08:17:16","modified_gmt":"2025-11-13T08:17:16","slug":"teosyal-puresense-deep-lines","status":"publish","type":"product","link":"https:\/\/kinamihealth.com\/sv\/produkt\/teosyal-puresense-deep-lines\/","title":{"rendered":"TEOSYAL\u00ae PURESENSE DEEP LINES"},"content":{"rendered":"<p><span style=\"font-weight: 400;\">K\u00f6p TEOSYAL\u00ae PURESENSE DEEP LINES f\u00f6r att erbjuda en h\u00f6gkvalitativ l\u00f6sning f\u00f6r patienter som vill minska djupa rynkor, \u00e5terst\u00e4lla f\u00f6rlorad volym och uppn\u00e5 ett f\u00f6ryngrat utseende. <\/span><b>K\u00f6p ditt idag fr\u00e5n Kinami Health \u2013 p\u00e5litligt, snabbt och prisv\u00e4rt!<\/b><\/p>\n","protected":false},"excerpt":{"rendered":"<p>K\u00f6p TEOSYAL\u00ae PURESENSE DEEP LINES f\u00f6r att erbjuda en h\u00f6gkvalitativ l\u00f6sning f\u00f6r patienter som vill minska djupa rynkor, \u00e5terst\u00e4lla f\u00f6rlorad volym och uppn\u00e5 ett f\u00f6ryngrat utseende. K\u00f6p ditt idag fr\u00e5n Kinami Health \u2013 p\u00e5litligt, snabbt och prisv\u00e4rt!<\/p>\n","protected":false},"featured_media":121390,"comment_status":"closed","ping_status":"closed","template":"","meta":{"_acf_changed":false,"inline_featured_image":false},"product_brand":[3185],"product_cat":[3265,3260],"product_tag":[3256],"class_list":{"0":"post-121389","1":"product","2":"type-product","3":"status-publish","4":"has-post-thumbnail","6":"product_brand-teosyal","7":"product_cat-ha-dermal-fillers","8":"product_cat-dermal-fillers-sv","9":"product_tag-medical-devices-sv","11":"first","12":"instock","13":"taxable","14":"shipping-taxable","15":"purchasable","16":"product-type-simple","17":"add-to-wishlist-before_image"},"acf":[],"yoast_head":"<!-- This site is optimized with the Yoast SEO plugin v27.1.1 - https:\/\/yoast.com\/product\/yoast-seo-wordpress\/ -->\n<title>K\u00f6p Teosyal Puresense Deep Lines online \u2013 avancerad hudfyllnadsmedel f\u00f6r djupa rynkor<\/title>\n<meta name=\"description\" content=\"K\u00f6p Teosyal Puresense Deep Lines online f\u00f6r att minska djupa rynkor och \u00e5terst\u00e4lla volym. H\u00f6gkvalitativ hyaluronsyrafiller med l\u00e5ngvariga, naturliga resultat.\" \/>\n<meta name=\"robots\" content=\"index, follow, max-snippet:-1, max-image-preview:large, max-video-preview:-1\" \/>\n<link rel=\"canonical\" href=\"https:\/\/kinamihealth.com\/sv\/wp-json\/wp\/v2\/product\/121389\" \/>\n<meta property=\"og:locale\" content=\"sv_SE\" \/>\n<meta property=\"og:type\" content=\"article\" \/>\n<meta property=\"og:title\" content=\"K\u00f6p Teosyal Puresense Deep Lines online \u2013 avancerad hudfyllnadsmedel f\u00f6r djupa rynkor\" \/>\n<meta property=\"og:description\" content=\"K\u00f6p Teosyal Puresense Deep Lines online f\u00f6r att minska djupa rynkor och \u00e5terst\u00e4lla volym. H\u00f6gkvalitativ hyaluronsyrafiller med l\u00e5ngvariga, naturliga resultat.\" \/>\n<meta property=\"og:url\" content=\"https:\/\/kinamihealth.com\/sv\/produkt\/teosyal-puresense-deep-lines\/\" \/>\n<meta property=\"og:site_name\" content=\"Kinami Health\" \/>\n<meta property=\"article:modified_time\" content=\"2025-11-13T08:17:16+00:00\" \/>\n<meta property=\"og:image\" content=\"https:\/\/kinamihealth.com\/wp-content\/uploads\/2025\/02\/TEOXANE-TEOSYAL-DEEPLINES-PURESENSE-30G-01.jpg\" \/>\n\t<meta property=\"og:image:width\" content=\"800\" \/>\n\t<meta property=\"og:image:height\" content=\"800\" \/>\n\t<meta property=\"og:image:type\" content=\"image\/jpeg\" \/>\n<meta name=\"twitter:card\" content=\"summary_large_image\" \/>\n<meta name=\"twitter:label1\" content=\"Ber\u00e4knad l\u00e4stid\" \/>\n\t<meta name=\"twitter:data1\" content=\"1 minut\" \/>\n<!-- \/ Yoast SEO plugin. -->","yoast_head_json":{"title":"K\u00f6p Teosyal Puresense Deep Lines online \u2013 avancerad hudfyllnadsmedel f\u00f6r djupa rynkor","description":"K\u00f6p Teosyal Puresense Deep Lines online f\u00f6r att minska djupa rynkor och \u00e5terst\u00e4lla volym. H\u00f6gkvalitativ hyaluronsyrafiller med l\u00e5ngvariga, naturliga resultat.","robots":{"index":"index","follow":"follow","max-snippet":"max-snippet:-1","max-image-preview":"max-image-preview:large","max-video-preview":"max-video-preview:-1"},"canonical":"https:\/\/kinamihealth.com\/sv\/wp-json\/wp\/v2\/product\/121389","og_locale":"sv_SE","og_type":"article","og_title":"K\u00f6p Teosyal Puresense Deep Lines online \u2013 avancerad hudfyllnadsmedel f\u00f6r djupa rynkor","og_description":"K\u00f6p Teosyal Puresense Deep Lines online f\u00f6r att minska djupa rynkor och \u00e5terst\u00e4lla volym. H\u00f6gkvalitativ hyaluronsyrafiller med l\u00e5ngvariga, naturliga resultat.","og_url":"https:\/\/kinamihealth.com\/sv\/produkt\/teosyal-puresense-deep-lines\/","og_site_name":"Kinami Health","article_modified_time":"2025-11-13T08:17:16+00:00","og_image":[{"width":800,"height":800,"url":"https:\/\/kinamihealth.com\/wp-content\/uploads\/2025\/02\/TEOXANE-TEOSYAL-DEEPLINES-PURESENSE-30G-01.jpg","type":"image\/jpeg"}],"twitter_card":"summary_large_image","twitter_misc":{"Ber\u00e4knad l\u00e4stid":"1 minut"},"schema":{"@context":"https:\/\/schema.org","@graph":[{"@type":"WebPage","@id":"https:\/\/kinamihealth.com\/sv\/produkt\/teosyal-puresense-deep-lines\/","url":"https:\/\/kinamihealth.com\/sv\/produkt\/teosyal-puresense-deep-lines\/","name":"K\u00f6p Teosyal Puresense Deep Lines online \u2013 avancerad hudfyllnadsmedel f\u00f6r djupa rynkor","isPartOf":{"@id":"https:\/\/kinamihealth.com\/#website"},"primaryImageOfPage":{"@id":"https:\/\/kinamihealth.com\/sv\/produkt\/teosyal-puresense-deep-lines\/#primaryimage"},"image":{"@id":"https:\/\/kinamihealth.com\/sv\/produkt\/teosyal-puresense-deep-lines\/#primaryimage"},"thumbnailUrl":"https:\/\/kinamihealth.com\/wp-content\/uploads\/2025\/02\/TEOXANE-TEOSYAL-DEEPLINES-PURESENSE-30G-01.jpg","datePublished":"2025-02-15T16:58:24+00:00","dateModified":"2025-11-13T08:17:16+00:00","description":"K\u00f6p Teosyal Puresense Deep Lines online f\u00f6r att minska djupa rynkor och \u00e5terst\u00e4lla volym. H\u00f6gkvalitativ hyaluronsyrafiller med l\u00e5ngvariga, naturliga resultat.","breadcrumb":{"@id":"https:\/\/kinamihealth.com\/sv\/produkt\/teosyal-puresense-deep-lines\/#breadcrumb"},"inLanguage":"sv-SE","potentialAction":[{"@type":"ReadAction","target":["https:\/\/kinamihealth.com\/sv\/produkt\/teosyal-puresense-deep-lines\/"]}]},{"@type":"ImageObject","inLanguage":"sv-SE","@id":"https:\/\/kinamihealth.com\/sv\/produkt\/teosyal-puresense-deep-lines\/#primaryimage","url":"https:\/\/kinamihealth.com\/wp-content\/uploads\/2025\/02\/TEOXANE-TEOSYAL-DEEPLINES-PURESENSE-30G-01.jpg","contentUrl":"https:\/\/kinamihealth.com\/wp-content\/uploads\/2025\/02\/TEOXANE-TEOSYAL-DEEPLINES-PURESENSE-30G-01.jpg","width":800,"height":800},{"@type":"BreadcrumbList","@id":"https:\/\/kinamihealth.com\/sv\/produkt\/teosyal-puresense-deep-lines\/#breadcrumb","itemListElement":[{"@type":"ListItem","position":1,"name":"Hem","item":"https:\/\/kinamihealth.com\/sr\/"},{"@type":"ListItem","position":2,"name":"Butik","item":"https:\/\/kinamihealth.com\/sv\/?page_id=127810"},{"@type":"ListItem","position":3,"name":"TEOSYAL\u00ae PURESENSE DEEP LINES"}]},{"@type":"WebSite","@id":"https:\/\/kinamihealth.com\/#website","url":"https:\/\/kinamihealth.com\/","name":"Kinami Health","description":"","publisher":{"@id":"https:\/\/kinamihealth.com\/#organization"},"potentialAction":[{"@type":"SearchAction","target":{"@type":"EntryPoint","urlTemplate":"https:\/\/kinamihealth.com\/?s={search_term_string}"},"query-input":{"@type":"PropertyValueSpecification","valueRequired":true,"valueName":"search_term_string"}}],"inLanguage":"sv-SE"},{"@type":"Organization","@id":"https:\/\/kinamihealth.com\/#organization","name":"Kinami Health","url":"https:\/\/kinamihealth.com\/","logo":{"@type":"ImageObject","inLanguage":"sv-SE","@id":"https:\/\/kinamihealth.com\/#\/schema\/logo\/image\/","url":"https:\/\/kinamihealth.com\/wp-content\/uploads\/2025\/01\/KH_logo_black_2-1.png","contentUrl":"https:\/\/kinamihealth.com\/wp-content\/uploads\/2025\/01\/KH_logo_black_2-1.png","width":339,"height":34,"caption":"Kinami Health"},"image":{"@id":"https:\/\/kinamihealth.com\/#\/schema\/logo\/image\/"}}]}},"_links":{"self":[{"href":"https:\/\/kinamihealth.com\/sv\/wp-json\/wp\/v2\/product\/121389","targetHints":{"allow":["GET"]}}],"collection":[{"href":"https:\/\/kinamihealth.com\/sv\/wp-json\/wp\/v2\/product"}],"about":[{"href":"https:\/\/kinamihealth.com\/sv\/wp-json\/wp\/v2\/types\/product"}],"replies":[{"embeddable":true,"href":"https:\/\/kinamihealth.com\/sv\/wp-json\/wp\/v2\/comments?post=121389"}],"version-history":[{"count":0,"href":"https:\/\/kinamihealth.com\/sv\/wp-json\/wp\/v2\/product\/121389\/revisions"}],"wp:featuredmedia":[{"embeddable":true,"href":"https:\/\/kinamihealth.com\/sv\/wp-json\/wp\/v2\/media\/121390"}],"wp:attachment":[{"href":"https:\/\/kinamihealth.com\/sv\/wp-json\/wp\/v2\/media?parent=121389"}],"wp:term":[{"taxonomy":"product_brand","embeddable":true,"href":"https:\/\/kinamihealth.com\/sv\/wp-json\/wp\/v2\/product_brand?post=121389"},{"taxonomy":"product_cat","embeddable":true,"href":"https:\/\/kinamihealth.com\/sv\/wp-json\/wp\/v2\/product_cat?post=121389"},{"taxonomy":"product_tag","embeddable":true,"href":"https:\/\/kinamihealth.com\/sv\/wp-json\/wp\/v2\/product_tag?post=121389"}],"curies":[{"name":"wp","href":"https:\/\/api.w.org\/{rel}","templated":true}]}}