{"id":121002,"date":"2025-03-11T18:14:51","date_gmt":"2025-03-11T18:14:51","guid":{"rendered":"https:\/\/kinamihealth.com\/product\/synvisc\/"},"modified":"2025-12-13T18:11:51","modified_gmt":"2025-12-13T18:11:51","slug":"synvisc","status":"publish","type":"product","link":"https:\/\/kinamihealth.com\/sv\/produkt\/synvisc\/","title":{"rendered":"SYNVISC\u00ae"},"content":{"rendered":"<p><b>Best\u00e4ll Synvisc-injektioner<\/b><span style=\"font-weight: 400;\"> och uppt\u00e4ck f\u00f6rdelarna med en <\/span><b>avancerad ortopedisk behandling<\/b><span style=\"font-weight: 400;\"> utformad f\u00f6r att <\/span><b>minska sm\u00e4rta vid artros<\/b><span style=\"font-weight: 400;\"> i <\/span><b>kn\u00e4n, vrister, h\u00f6fter<\/b><span style=\"font-weight: 400;\"> eller <\/span><b>axlar<\/b><span style=\"font-weight: 400;\">. Behandlingen <\/span><b>\u00e5terst\u00e4ller viskositeten och elasticiteten <\/b><span style=\"font-weight: 400;\">i leden, vilket m\u00f6jligg\u00f6r <\/span><b>mer omfattande r\u00f6relser<\/b><span style=\"font-weight: 400;\">. Synovisc anv\u00e4nds ofta som en <\/span><b>tillf\u00e4llig ers\u00e4ttning eller ett tillskott till ledv\u00e4tska<\/b><span style=\"font-weight: 400;\"> f\u00f6r patienter som lider av <\/span><b>artros<\/b><span style=\"font-weight: 400;\">. Som v\u00e5rdpersonal kan du enkelt <\/span><b><i>k\u00f6pa ortopediska injektioner<\/i><\/b><span style=\"font-weight: 400;\"> som Synvisc och erbjuda dina patienter en <\/span><b>icke-invasiv behandling <\/b><span style=\"font-weight: 400;\">med <\/span><b>varaktiga resultat.<\/b><\/p>\n","protected":false},"excerpt":{"rendered":"<p>Best\u00e4ll Synvisc-injektioner och uppt\u00e4ck f\u00f6rdelarna med en avancerad ortopedisk behandling utformad f\u00f6r att minska sm\u00e4rta vid artros i kn\u00e4n, vrister, h\u00f6fter eller axlar. Behandlingen \u00e5terst\u00e4ller viskositeten och elasticiteten i leden, vilket m\u00f6jligg\u00f6r mer omfattande r\u00f6relser. Synovisc anv\u00e4nds ofta som en tillf\u00e4llig ers\u00e4ttning eller ett tillskott till ledv\u00e4tska f\u00f6r patienter som lider av artros. Som v\u00e5rdpersonal [&hellip;]<\/p>\n","protected":false},"featured_media":121003,"comment_status":"closed","ping_status":"closed","template":"","meta":{"_acf_changed":false,"inline_featured_image":false},"product_brand":[3184],"product_cat":[3255],"product_tag":[3256],"class_list":{"0":"post-121002","1":"product","2":"type-product","3":"status-publish","4":"has-post-thumbnail","6":"product_brand-synvisc","7":"product_cat-orthopedic-injections-sv","8":"product_tag-medical-devices-sv","10":"first","11":"instock","12":"taxable","13":"shipping-taxable","14":"purchasable","15":"product-type-simple","16":"add-to-wishlist-before_image"},"acf":[],"yoast_head":"<!-- This site is optimized with the Yoast SEO plugin v27.4 - https:\/\/yoast.com\/product\/yoast-seo-wordpress\/ -->\n<title>K\u00f6p Synvisc injektioner f\u00f6r lindring av artros<\/title>\n<meta name=\"description\" content=\"K\u00f6p Synvisc injektioner f\u00f6r att lindra artrosv\u00e4rk och f\u00f6rb\u00e4ttra ledr\u00f6rligheten. En icke-invasiv, l\u00e5ngvarig l\u00f6sning tillg\u00e4nglig hos Kinami Health!\" \/>\n<meta name=\"robots\" content=\"index, follow, max-snippet:-1, max-image-preview:large, max-video-preview:-1\" \/>\n<link rel=\"canonical\" href=\"https:\/\/kinamihealth.com\/sv\/wp-json\/wp\/v2\/product\/121002\" \/>\n<meta property=\"og:locale\" content=\"sv_SE\" \/>\n<meta property=\"og:type\" content=\"article\" \/>\n<meta property=\"og:title\" content=\"K\u00f6p Synvisc injektioner f\u00f6r lindring av artros\" \/>\n<meta property=\"og:description\" content=\"K\u00f6p Synvisc injektioner f\u00f6r att lindra artrosv\u00e4rk och f\u00f6rb\u00e4ttra ledr\u00f6rligheten. En icke-invasiv, l\u00e5ngvarig l\u00f6sning tillg\u00e4nglig hos Kinami Health!\" \/>\n<meta property=\"og:url\" content=\"https:\/\/kinamihealth.com\/sv\/produkt\/synvisc\/\" \/>\n<meta property=\"og:site_name\" content=\"Kinami Health\" \/>\n<meta property=\"article:modified_time\" content=\"2025-12-13T18:11:51+00:00\" \/>\n<meta property=\"og:image\" content=\"https:\/\/kinamihealth.com\/wp-content\/uploads\/2025\/03\/SYNVISC-CLASSIC-01.webp\" \/>\n\t<meta property=\"og:image:width\" content=\"800\" \/>\n\t<meta property=\"og:image:height\" content=\"800\" \/>\n\t<meta property=\"og:image:type\" content=\"image\/webp\" \/>\n<meta name=\"twitter:card\" content=\"summary_large_image\" \/>\n<meta name=\"twitter:label1\" content=\"Ber\u00e4knad l\u00e4stid\" \/>\n\t<meta name=\"twitter:data1\" content=\"1 minut\" \/>\n<!-- \/ Yoast SEO plugin. -->","yoast_head_json":{"title":"K\u00f6p Synvisc injektioner f\u00f6r lindring av artros","description":"K\u00f6p Synvisc injektioner f\u00f6r att lindra artrosv\u00e4rk och f\u00f6rb\u00e4ttra ledr\u00f6rligheten. En icke-invasiv, l\u00e5ngvarig l\u00f6sning tillg\u00e4nglig hos Kinami Health!","robots":{"index":"index","follow":"follow","max-snippet":"max-snippet:-1","max-image-preview":"max-image-preview:large","max-video-preview":"max-video-preview:-1"},"canonical":"https:\/\/kinamihealth.com\/sv\/wp-json\/wp\/v2\/product\/121002","og_locale":"sv_SE","og_type":"article","og_title":"K\u00f6p Synvisc injektioner f\u00f6r lindring av artros","og_description":"K\u00f6p Synvisc injektioner f\u00f6r att lindra artrosv\u00e4rk och f\u00f6rb\u00e4ttra ledr\u00f6rligheten. En icke-invasiv, l\u00e5ngvarig l\u00f6sning tillg\u00e4nglig hos Kinami Health!","og_url":"https:\/\/kinamihealth.com\/sv\/produkt\/synvisc\/","og_site_name":"Kinami Health","article_modified_time":"2025-12-13T18:11:51+00:00","og_image":[{"width":800,"height":800,"url":"https:\/\/kinamihealth.com\/wp-content\/uploads\/2025\/03\/SYNVISC-CLASSIC-01.webp","type":"image\/webp"}],"twitter_card":"summary_large_image","twitter_misc":{"Ber\u00e4knad l\u00e4stid":"1 minut"},"schema":{"@context":"https:\/\/schema.org","@graph":[{"@type":"WebPage","@id":"https:\/\/kinamihealth.com\/sv\/produkt\/synvisc\/","url":"https:\/\/kinamihealth.com\/sv\/produkt\/synvisc\/","name":"K\u00f6p Synvisc injektioner f\u00f6r lindring av artros","isPartOf":{"@id":"https:\/\/kinamihealth.com\/#website"},"primaryImageOfPage":{"@id":"https:\/\/kinamihealth.com\/sv\/produkt\/synvisc\/#primaryimage"},"image":{"@id":"https:\/\/kinamihealth.com\/sv\/produkt\/synvisc\/#primaryimage"},"thumbnailUrl":"https:\/\/kinamihealth.com\/wp-content\/uploads\/2025\/03\/SYNVISC-CLASSIC-01.webp","datePublished":"2025-03-11T18:14:51+00:00","dateModified":"2025-12-13T18:11:51+00:00","description":"K\u00f6p Synvisc injektioner f\u00f6r att lindra artrosv\u00e4rk och f\u00f6rb\u00e4ttra ledr\u00f6rligheten. En icke-invasiv, l\u00e5ngvarig l\u00f6sning tillg\u00e4nglig hos Kinami Health!","breadcrumb":{"@id":"https:\/\/kinamihealth.com\/sv\/produkt\/synvisc\/#breadcrumb"},"inLanguage":"sv-SE","potentialAction":[{"@type":"ReadAction","target":["https:\/\/kinamihealth.com\/sv\/produkt\/synvisc\/"]}]},{"@type":"ImageObject","inLanguage":"sv-SE","@id":"https:\/\/kinamihealth.com\/sv\/produkt\/synvisc\/#primaryimage","url":"https:\/\/kinamihealth.com\/wp-content\/uploads\/2025\/03\/SYNVISC-CLASSIC-01.webp","contentUrl":"https:\/\/kinamihealth.com\/wp-content\/uploads\/2025\/03\/SYNVISC-CLASSIC-01.webp","width":800,"height":800},{"@type":"BreadcrumbList","@id":"https:\/\/kinamihealth.com\/sv\/produkt\/synvisc\/#breadcrumb","itemListElement":[{"@type":"ListItem","position":1,"name":"Hem","item":"https:\/\/kinamihealth.com\/sr\/"},{"@type":"ListItem","position":2,"name":"Butik","item":"https:\/\/kinamihealth.com\/sv\/?page_id=127810"},{"@type":"ListItem","position":3,"name":"SYNVISC\u00ae"}]},{"@type":"WebSite","@id":"https:\/\/kinamihealth.com\/#website","url":"https:\/\/kinamihealth.com\/","name":"Kinami Health","description":"","publisher":{"@id":"https:\/\/kinamihealth.com\/#organization"},"potentialAction":[{"@type":"SearchAction","target":{"@type":"EntryPoint","urlTemplate":"https:\/\/kinamihealth.com\/?s={search_term_string}"},"query-input":{"@type":"PropertyValueSpecification","valueRequired":true,"valueName":"search_term_string"}}],"inLanguage":"sv-SE"},{"@type":"Organization","@id":"https:\/\/kinamihealth.com\/#organization","name":"Kinami Health","url":"https:\/\/kinamihealth.com\/","logo":{"@type":"ImageObject","inLanguage":"sv-SE","@id":"https:\/\/kinamihealth.com\/#\/schema\/logo\/image\/","url":"https:\/\/kinamihealth.com\/wp-content\/uploads\/2025\/01\/KH_logo_black_2-1.png","contentUrl":"https:\/\/kinamihealth.com\/wp-content\/uploads\/2025\/01\/KH_logo_black_2-1.png","width":339,"height":34,"caption":"Kinami Health"},"image":{"@id":"https:\/\/kinamihealth.com\/#\/schema\/logo\/image\/"}}]}},"_links":{"self":[{"href":"https:\/\/kinamihealth.com\/sv\/wp-json\/wp\/v2\/product\/121002","targetHints":{"allow":["GET"]}}],"collection":[{"href":"https:\/\/kinamihealth.com\/sv\/wp-json\/wp\/v2\/product"}],"about":[{"href":"https:\/\/kinamihealth.com\/sv\/wp-json\/wp\/v2\/types\/product"}],"replies":[{"embeddable":true,"href":"https:\/\/kinamihealth.com\/sv\/wp-json\/wp\/v2\/comments?post=121002"}],"version-history":[{"count":0,"href":"https:\/\/kinamihealth.com\/sv\/wp-json\/wp\/v2\/product\/121002\/revisions"}],"wp:featuredmedia":[{"embeddable":true,"href":"https:\/\/kinamihealth.com\/sv\/wp-json\/wp\/v2\/media\/121003"}],"wp:attachment":[{"href":"https:\/\/kinamihealth.com\/sv\/wp-json\/wp\/v2\/media?parent=121002"}],"wp:term":[{"taxonomy":"product_brand","embeddable":true,"href":"https:\/\/kinamihealth.com\/sv\/wp-json\/wp\/v2\/product_brand?post=121002"},{"taxonomy":"product_cat","embeddable":true,"href":"https:\/\/kinamihealth.com\/sv\/wp-json\/wp\/v2\/product_cat?post=121002"},{"taxonomy":"product_tag","embeddable":true,"href":"https:\/\/kinamihealth.com\/sv\/wp-json\/wp\/v2\/product_tag?post=121002"}],"curies":[{"name":"wp","href":"https:\/\/api.w.org\/{rel}","templated":true}]}}