{"id":120998,"date":"2025-03-11T18:14:50","date_gmt":"2025-03-11T18:14:50","guid":{"rendered":"https:\/\/kinamihealth.com\/product\/supartz-italian\/"},"modified":"2025-12-13T18:00:13","modified_gmt":"2025-12-13T18:00:13","slug":"supartz-italian","status":"publish","type":"product","link":"https:\/\/kinamihealth.com\/sv\/produkt\/supartz-italian\/","title":{"rendered":"SUPARTZ\u00ae (Italian)"},"content":{"rendered":"<p><b>Best\u00e4ll Supartz-injektioner<\/b><span style=\"font-weight: 400;\"> och uppt\u00e4ck en <\/span><b>icke-kirurgisk l\u00f6sning<\/b><span style=\"font-weight: 400;\"> p\u00e5<\/span><b> ledinflammation<\/b><span style=\"font-weight: 400;\"> eller <\/span><b>artros<\/b><span style=\"font-weight: 400;\">. Denna avancerade l\u00f6sning \u00e4r perfekt f\u00f6r patienter som inte har svarat p\u00e5 andra behandlingar som motion, paracetamol och fysioterapi. Supartz \u00e4r en <\/span><b>avancerad behandling<\/b><span style=\"font-weight: 400;\"> som hj\u00e4lper till att <\/span><b>fylla p\u00e5 hyaluron i lederna<\/b><span style=\"font-weight: 400;\"> f\u00f6r att<\/span><b> minska friktionen<\/b><span style=\"font-weight: 400;\"> och l\u00e5ta patienterna uppleva<\/span><b> f\u00f6rb\u00e4ttrad komfort och r\u00f6rlighet<\/b><span style=\"font-weight: 400;\">. V\u00e5rdpersonal kan <\/span><b><i>k\u00f6pa ortopediska injektioner <\/i><\/b><span style=\"font-weight: 400;\">som Supartz i <\/span><b>Kinami Health onlinebutik<\/b><span style=\"font-weight: 400;\">. Behandlingen \u00e4r s\u00e4ker f\u00f6r b\u00e5de <\/span><b>eng\u00e5ngsbruk och upprepad anv\u00e4ndning<\/b><span style=\"font-weight: 400;\"> och medf\u00f6r <\/span><b>minsta m\u00f6jliga risk.<\/b><span style=\"font-weight: 400;\">\u00a0<\/span><\/p>\n","protected":false},"excerpt":{"rendered":"<p>Best\u00e4ll Supartz-injektioner och uppt\u00e4ck en icke-kirurgisk l\u00f6sning p\u00e5 ledinflammation eller artros. Denna avancerade l\u00f6sning \u00e4r perfekt f\u00f6r patienter som inte har svarat p\u00e5 andra behandlingar som motion, paracetamol och fysioterapi. Supartz \u00e4r en avancerad behandling som hj\u00e4lper till att fylla p\u00e5 hyaluron i lederna f\u00f6r att minska friktionen och l\u00e5ta patienterna uppleva f\u00f6rb\u00e4ttrad komfort och [&hellip;]<\/p>\n","protected":false},"featured_media":120999,"comment_status":"closed","ping_status":"closed","template":"","meta":{"_acf_changed":false,"inline_featured_image":false},"product_brand":[3183],"product_cat":[3255],"product_tag":[3256],"class_list":{"0":"post-120998","1":"product","2":"type-product","3":"status-publish","4":"has-post-thumbnail","6":"product_brand-supartz","7":"product_cat-orthopedic-injections-sv","8":"product_tag-medical-devices-sv","10":"first","11":"instock","12":"taxable","13":"shipping-taxable","14":"purchasable","15":"product-type-simple","16":"add-to-wishlist-before_image"},"acf":[],"yoast_head":"<!-- This site is optimized with the Yoast SEO plugin v27.5 - https:\/\/yoast.com\/product\/yoast-seo-wordpress\/ -->\n<title>K\u00f6p Supartz injektioner \u2013 Lindring av ledv\u00e4rk<\/title>\n<meta name=\"description\" content=\"K\u00f6p Supartz injektioner f\u00f6r att minska kn\u00e4sm\u00e4rta och f\u00f6rb\u00e4ttra r\u00f6rligheten. En icke-kirurgisk l\u00f6sning mot artros tillg\u00e4nglig hos Kinami Health!\" \/>\n<meta name=\"robots\" content=\"index, follow, max-snippet:-1, max-image-preview:large, max-video-preview:-1\" \/>\n<link rel=\"canonical\" href=\"https:\/\/kinamihealth.com\/sv\/wp-json\/wp\/v2\/product\/120998\" \/>\n<meta property=\"og:locale\" content=\"sv_SE\" \/>\n<meta property=\"og:type\" content=\"article\" \/>\n<meta property=\"og:title\" content=\"K\u00f6p Supartz injektioner \u2013 Lindring av ledv\u00e4rk\" \/>\n<meta property=\"og:description\" content=\"K\u00f6p Supartz injektioner f\u00f6r att minska kn\u00e4sm\u00e4rta och f\u00f6rb\u00e4ttra r\u00f6rligheten. En icke-kirurgisk l\u00f6sning mot artros tillg\u00e4nglig hos Kinami Health!\" \/>\n<meta property=\"og:url\" content=\"https:\/\/kinamihealth.com\/sv\/produkt\/supartz-italian\/\" \/>\n<meta property=\"og:site_name\" content=\"Kinami Health\" \/>\n<meta property=\"article:modified_time\" content=\"2025-12-13T18:00:13+00:00\" \/>\n<meta property=\"og:image\" content=\"https:\/\/kinamihealth.com\/wp-content\/uploads\/2025\/03\/NEOPHARMED-SUPARTZ-ITALIAN-5X2.5ML-01.webp\" \/>\n\t<meta property=\"og:image:width\" content=\"800\" \/>\n\t<meta property=\"og:image:height\" content=\"800\" \/>\n\t<meta property=\"og:image:type\" content=\"image\/webp\" \/>\n<meta name=\"twitter:card\" content=\"summary_large_image\" \/>\n<meta name=\"twitter:label1\" content=\"Ber\u00e4knad l\u00e4stid\" \/>\n\t<meta name=\"twitter:data1\" content=\"1 minut\" \/>\n<!-- \/ Yoast SEO plugin. -->","yoast_head_json":{"title":"K\u00f6p Supartz injektioner \u2013 Lindring av ledv\u00e4rk","description":"K\u00f6p Supartz injektioner f\u00f6r att minska kn\u00e4sm\u00e4rta och f\u00f6rb\u00e4ttra r\u00f6rligheten. En icke-kirurgisk l\u00f6sning mot artros tillg\u00e4nglig hos Kinami Health!","robots":{"index":"index","follow":"follow","max-snippet":"max-snippet:-1","max-image-preview":"max-image-preview:large","max-video-preview":"max-video-preview:-1"},"canonical":"https:\/\/kinamihealth.com\/sv\/wp-json\/wp\/v2\/product\/120998","og_locale":"sv_SE","og_type":"article","og_title":"K\u00f6p Supartz injektioner \u2013 Lindring av ledv\u00e4rk","og_description":"K\u00f6p Supartz injektioner f\u00f6r att minska kn\u00e4sm\u00e4rta och f\u00f6rb\u00e4ttra r\u00f6rligheten. En icke-kirurgisk l\u00f6sning mot artros tillg\u00e4nglig hos Kinami Health!","og_url":"https:\/\/kinamihealth.com\/sv\/produkt\/supartz-italian\/","og_site_name":"Kinami Health","article_modified_time":"2025-12-13T18:00:13+00:00","og_image":[{"width":800,"height":800,"url":"https:\/\/kinamihealth.com\/wp-content\/uploads\/2025\/03\/NEOPHARMED-SUPARTZ-ITALIAN-5X2.5ML-01.webp","type":"image\/webp"}],"twitter_card":"summary_large_image","twitter_misc":{"Ber\u00e4knad l\u00e4stid":"1 minut"},"schema":{"@context":"https:\/\/schema.org","@graph":[{"@type":"WebPage","@id":"https:\/\/kinamihealth.com\/sv\/produkt\/supartz-italian\/","url":"https:\/\/kinamihealth.com\/sv\/produkt\/supartz-italian\/","name":"K\u00f6p Supartz injektioner \u2013 Lindring av ledv\u00e4rk","isPartOf":{"@id":"https:\/\/kinamihealth.com\/#website"},"primaryImageOfPage":{"@id":"https:\/\/kinamihealth.com\/sv\/produkt\/supartz-italian\/#primaryimage"},"image":{"@id":"https:\/\/kinamihealth.com\/sv\/produkt\/supartz-italian\/#primaryimage"},"thumbnailUrl":"https:\/\/kinamihealth.com\/wp-content\/uploads\/2025\/03\/NEOPHARMED-SUPARTZ-ITALIAN-5X2.5ML-01.webp","datePublished":"2025-03-11T18:14:50+00:00","dateModified":"2025-12-13T18:00:13+00:00","description":"K\u00f6p Supartz injektioner f\u00f6r att minska kn\u00e4sm\u00e4rta och f\u00f6rb\u00e4ttra r\u00f6rligheten. En icke-kirurgisk l\u00f6sning mot artros tillg\u00e4nglig hos Kinami Health!","breadcrumb":{"@id":"https:\/\/kinamihealth.com\/sv\/produkt\/supartz-italian\/#breadcrumb"},"inLanguage":"sv-SE","potentialAction":[{"@type":"ReadAction","target":["https:\/\/kinamihealth.com\/sv\/produkt\/supartz-italian\/"]}]},{"@type":"ImageObject","inLanguage":"sv-SE","@id":"https:\/\/kinamihealth.com\/sv\/produkt\/supartz-italian\/#primaryimage","url":"https:\/\/kinamihealth.com\/wp-content\/uploads\/2025\/03\/NEOPHARMED-SUPARTZ-ITALIAN-5X2.5ML-01.webp","contentUrl":"https:\/\/kinamihealth.com\/wp-content\/uploads\/2025\/03\/NEOPHARMED-SUPARTZ-ITALIAN-5X2.5ML-01.webp","width":800,"height":800},{"@type":"BreadcrumbList","@id":"https:\/\/kinamihealth.com\/sv\/produkt\/supartz-italian\/#breadcrumb","itemListElement":[{"@type":"ListItem","position":1,"name":"Hem","item":"https:\/\/kinamihealth.com\/sr\/"},{"@type":"ListItem","position":2,"name":"Butik","item":"https:\/\/kinamihealth.com\/sv\/?page_id=127810"},{"@type":"ListItem","position":3,"name":"SUPARTZ\u00ae (Italian)"}]},{"@type":"WebSite","@id":"https:\/\/kinamihealth.com\/#website","url":"https:\/\/kinamihealth.com\/","name":"Kinami Health","description":"","publisher":{"@id":"https:\/\/kinamihealth.com\/#organization"},"potentialAction":[{"@type":"SearchAction","target":{"@type":"EntryPoint","urlTemplate":"https:\/\/kinamihealth.com\/?s={search_term_string}"},"query-input":{"@type":"PropertyValueSpecification","valueRequired":true,"valueName":"search_term_string"}}],"inLanguage":"sv-SE"},{"@type":"Organization","@id":"https:\/\/kinamihealth.com\/#organization","name":"Kinami Health","url":"https:\/\/kinamihealth.com\/","logo":{"@type":"ImageObject","inLanguage":"sv-SE","@id":"https:\/\/kinamihealth.com\/#\/schema\/logo\/image\/","url":"https:\/\/kinamihealth.com\/wp-content\/uploads\/2025\/01\/KH_logo_black_2-1.png","contentUrl":"https:\/\/kinamihealth.com\/wp-content\/uploads\/2025\/01\/KH_logo_black_2-1.png","width":339,"height":34,"caption":"Kinami Health"},"image":{"@id":"https:\/\/kinamihealth.com\/#\/schema\/logo\/image\/"}}]}},"_links":{"self":[{"href":"https:\/\/kinamihealth.com\/sv\/wp-json\/wp\/v2\/product\/120998","targetHints":{"allow":["GET"]}}],"collection":[{"href":"https:\/\/kinamihealth.com\/sv\/wp-json\/wp\/v2\/product"}],"about":[{"href":"https:\/\/kinamihealth.com\/sv\/wp-json\/wp\/v2\/types\/product"}],"replies":[{"embeddable":true,"href":"https:\/\/kinamihealth.com\/sv\/wp-json\/wp\/v2\/comments?post=120998"}],"version-history":[{"count":0,"href":"https:\/\/kinamihealth.com\/sv\/wp-json\/wp\/v2\/product\/120998\/revisions"}],"wp:featuredmedia":[{"embeddable":true,"href":"https:\/\/kinamihealth.com\/sv\/wp-json\/wp\/v2\/media\/120999"}],"wp:attachment":[{"href":"https:\/\/kinamihealth.com\/sv\/wp-json\/wp\/v2\/media?parent=120998"}],"wp:term":[{"taxonomy":"product_brand","embeddable":true,"href":"https:\/\/kinamihealth.com\/sv\/wp-json\/wp\/v2\/product_brand?post=120998"},{"taxonomy":"product_cat","embeddable":true,"href":"https:\/\/kinamihealth.com\/sv\/wp-json\/wp\/v2\/product_cat?post=120998"},{"taxonomy":"product_tag","embeddable":true,"href":"https:\/\/kinamihealth.com\/sv\/wp-json\/wp\/v2\/product_tag?post=120998"}],"curies":[{"name":"wp","href":"https:\/\/api.w.org\/{rel}","templated":true}]}}