{"id":120992,"date":"2025-02-15T16:58:23","date_gmt":"2025-02-15T16:58:23","guid":{"rendered":"https:\/\/kinamihealth.com\/product\/sunekos-performa\/"},"modified":"2025-11-06T17:56:27","modified_gmt":"2025-11-06T17:56:27","slug":"sunekos-performa","status":"publish","type":"product","link":"https:\/\/kinamihealth.com\/sv\/produkt\/sunekos-performa\/","title":{"rendered":"SUNEKOS\u00ae PERFORMA"},"content":{"rendered":"<p><b>Best\u00e4ll Sunekos Performa<\/b><span style=\"font-weight: 400;\"> och uppt\u00e4ck f\u00f6rdelarna med denna kraftfulla <\/span><b>biorevitaliseringsbehandling <\/b><span style=\"font-weight: 400;\">med ett unikt f\u00f6rh\u00e5llande mellan<\/span><b> hyaluronsyra<\/b><span style=\"font-weight: 400;\"> och en patenterad komplex av<\/span><b> sex aminosyror<\/b><span style=\"font-weight: 400;\"> (<\/span><b>HY6AA<\/b><span style=\"font-weight: 400;\">) som faktiskt<\/span><b> f\u00f6rb\u00e4ttrar effektiviteten och livsl\u00e4ngden hos HA<\/b><span style=\"font-weight: 400;\">. Formuleringen \u00e4r ocks\u00e5 utformad f\u00f6r att <\/span><b>minska tecken p\u00e5 \u00e5ldrande<\/b><span style=\"font-weight: 400;\"> genom att stimulera <\/span><b>produktionen av elastin<\/b><span style=\"font-weight: 400;\"> och <\/span><b>kollagen<\/b><span style=\"font-weight: 400;\">. Medicinsk personal kan <\/span><b><i>best\u00e4lla hudfyllnadsmedel <\/i><\/b><span style=\"font-weight: 400;\">som <\/span><b>Sunekos Performa<\/b><span style=\"font-weight: 400;\"> i<\/span><b> Kinami Health onlinebutik<\/b><span style=\"font-weight: 400;\"> och hj\u00e4lpa sina patienter att \u00e5tg\u00e4rda sk\u00f6nhetsfel som <\/span><b>fina linjer, rynkor<\/b><span style=\"font-weight: 400;\"> och <\/span><b>slapp hud.\u00a0<\/b><\/p>\n","protected":false},"excerpt":{"rendered":"<p>Best\u00e4ll Sunekos Performa och uppt\u00e4ck f\u00f6rdelarna med denna kraftfulla biorevitaliseringsbehandling med ett unikt f\u00f6rh\u00e5llande mellan hyaluronsyra och en patenterad komplex av sex aminosyror (HY6AA) som faktiskt f\u00f6rb\u00e4ttrar effektiviteten och livsl\u00e4ngden hos HA. Formuleringen \u00e4r ocks\u00e5 utformad f\u00f6r att minska tecken p\u00e5 \u00e5ldrande genom att stimulera produktionen av elastin och kollagen. Medicinsk personal kan best\u00e4lla hudfyllnadsmedel [&hellip;]<\/p>\n","protected":false},"featured_media":120997,"comment_status":"closed","ping_status":"closed","template":"","meta":{"_acf_changed":false,"inline_featured_image":false},"product_brand":[3182],"product_cat":[3260,3667],"product_tag":[3256],"class_list":{"0":"post-120992","1":"product","2":"type-product","3":"status-publish","4":"has-post-thumbnail","6":"product_brand-sunekos","7":"product_cat-dermal-fillers-sv","8":"product_cat-skinboosters-sv","9":"product_tag-medical-devices-sv","11":"first","12":"instock","13":"taxable","14":"shipping-taxable","15":"purchasable","16":"product-type-simple","17":"add-to-wishlist-before_image"},"acf":[],"yoast_head":"<!-- This site is optimized with the Yoast SEO plugin v27.3 - https:\/\/yoast.com\/product\/yoast-seo-wordpress\/ -->\n<title>K\u00f6p Sunekos Performa \u2013 Hudf\u00f6ryngring<\/title>\n<meta name=\"description\" content=\"K\u00f6p Sunekos Performa f\u00f6r att \u00f6ka kollagenproduktionen, minska rynkor och \u00e5terst\u00e4lla hudens volym. Best\u00e4ll nu p\u00e5 Kinami Health!\" \/>\n<meta name=\"robots\" content=\"index, follow, max-snippet:-1, max-image-preview:large, max-video-preview:-1\" \/>\n<link rel=\"canonical\" href=\"https:\/\/kinamihealth.com\/sv\/wp-json\/wp\/v2\/product\/120992\" \/>\n<meta property=\"og:locale\" content=\"sv_SE\" \/>\n<meta property=\"og:type\" content=\"article\" \/>\n<meta property=\"og:title\" content=\"K\u00f6p Sunekos Performa \u2013 Hudf\u00f6ryngring\" \/>\n<meta property=\"og:description\" content=\"K\u00f6p Sunekos Performa f\u00f6r att \u00f6ka kollagenproduktionen, minska rynkor och \u00e5terst\u00e4lla hudens volym. Best\u00e4ll nu p\u00e5 Kinami Health!\" \/>\n<meta property=\"og:url\" content=\"https:\/\/kinamihealth.com\/sv\/produkt\/sunekos-performa\/\" \/>\n<meta property=\"og:site_name\" content=\"Kinami Health\" \/>\n<meta property=\"article:modified_time\" content=\"2025-11-06T17:56:27+00:00\" \/>\n<meta property=\"og:image\" content=\"https:\/\/kinamihealth.com\/wp-content\/uploads\/2025\/02\/sunekos-performa-front-right.webp\" \/>\n\t<meta property=\"og:image:width\" content=\"1500\" \/>\n\t<meta property=\"og:image:height\" content=\"1500\" \/>\n\t<meta property=\"og:image:type\" content=\"image\/webp\" \/>\n<meta name=\"twitter:card\" content=\"summary_large_image\" \/>\n<meta name=\"twitter:label1\" content=\"Ber\u00e4knad l\u00e4stid\" \/>\n\t<meta name=\"twitter:data1\" content=\"1 minut\" \/>\n<!-- \/ Yoast SEO plugin. -->","yoast_head_json":{"title":"K\u00f6p Sunekos Performa \u2013 Hudf\u00f6ryngring","description":"K\u00f6p Sunekos Performa f\u00f6r att \u00f6ka kollagenproduktionen, minska rynkor och \u00e5terst\u00e4lla hudens volym. Best\u00e4ll nu p\u00e5 Kinami Health!","robots":{"index":"index","follow":"follow","max-snippet":"max-snippet:-1","max-image-preview":"max-image-preview:large","max-video-preview":"max-video-preview:-1"},"canonical":"https:\/\/kinamihealth.com\/sv\/wp-json\/wp\/v2\/product\/120992","og_locale":"sv_SE","og_type":"article","og_title":"K\u00f6p Sunekos Performa \u2013 Hudf\u00f6ryngring","og_description":"K\u00f6p Sunekos Performa f\u00f6r att \u00f6ka kollagenproduktionen, minska rynkor och \u00e5terst\u00e4lla hudens volym. Best\u00e4ll nu p\u00e5 Kinami Health!","og_url":"https:\/\/kinamihealth.com\/sv\/produkt\/sunekos-performa\/","og_site_name":"Kinami Health","article_modified_time":"2025-11-06T17:56:27+00:00","og_image":[{"width":1500,"height":1500,"url":"https:\/\/kinamihealth.com\/wp-content\/uploads\/2025\/02\/sunekos-performa-front-right.webp","type":"image\/webp"}],"twitter_card":"summary_large_image","twitter_misc":{"Ber\u00e4knad l\u00e4stid":"1 minut"},"schema":{"@context":"https:\/\/schema.org","@graph":[{"@type":"WebPage","@id":"https:\/\/kinamihealth.com\/sv\/produkt\/sunekos-performa\/","url":"https:\/\/kinamihealth.com\/sv\/produkt\/sunekos-performa\/","name":"K\u00f6p Sunekos Performa \u2013 Hudf\u00f6ryngring","isPartOf":{"@id":"https:\/\/kinamihealth.com\/#website"},"primaryImageOfPage":{"@id":"https:\/\/kinamihealth.com\/sv\/produkt\/sunekos-performa\/#primaryimage"},"image":{"@id":"https:\/\/kinamihealth.com\/sv\/produkt\/sunekos-performa\/#primaryimage"},"thumbnailUrl":"https:\/\/kinamihealth.com\/wp-content\/uploads\/2025\/02\/sunekos-performa-front-right.webp","datePublished":"2025-02-15T16:58:23+00:00","dateModified":"2025-11-06T17:56:27+00:00","description":"K\u00f6p Sunekos Performa f\u00f6r att \u00f6ka kollagenproduktionen, minska rynkor och \u00e5terst\u00e4lla hudens volym. Best\u00e4ll nu p\u00e5 Kinami Health!","breadcrumb":{"@id":"https:\/\/kinamihealth.com\/sv\/produkt\/sunekos-performa\/#breadcrumb"},"inLanguage":"sv-SE","potentialAction":[{"@type":"ReadAction","target":["https:\/\/kinamihealth.com\/sv\/produkt\/sunekos-performa\/"]}]},{"@type":"ImageObject","inLanguage":"sv-SE","@id":"https:\/\/kinamihealth.com\/sv\/produkt\/sunekos-performa\/#primaryimage","url":"https:\/\/kinamihealth.com\/wp-content\/uploads\/2025\/02\/sunekos-performa-front-right.webp","contentUrl":"https:\/\/kinamihealth.com\/wp-content\/uploads\/2025\/02\/sunekos-performa-front-right.webp","width":1500,"height":1500},{"@type":"BreadcrumbList","@id":"https:\/\/kinamihealth.com\/sv\/produkt\/sunekos-performa\/#breadcrumb","itemListElement":[{"@type":"ListItem","position":1,"name":"Hem","item":"https:\/\/kinamihealth.com\/sr\/"},{"@type":"ListItem","position":2,"name":"Butik","item":"https:\/\/kinamihealth.com\/sv\/?page_id=127810"},{"@type":"ListItem","position":3,"name":"SUNEKOS\u00ae PERFORMA"}]},{"@type":"WebSite","@id":"https:\/\/kinamihealth.com\/#website","url":"https:\/\/kinamihealth.com\/","name":"Kinami Health","description":"","publisher":{"@id":"https:\/\/kinamihealth.com\/#organization"},"potentialAction":[{"@type":"SearchAction","target":{"@type":"EntryPoint","urlTemplate":"https:\/\/kinamihealth.com\/?s={search_term_string}"},"query-input":{"@type":"PropertyValueSpecification","valueRequired":true,"valueName":"search_term_string"}}],"inLanguage":"sv-SE"},{"@type":"Organization","@id":"https:\/\/kinamihealth.com\/#organization","name":"Kinami Health","url":"https:\/\/kinamihealth.com\/","logo":{"@type":"ImageObject","inLanguage":"sv-SE","@id":"https:\/\/kinamihealth.com\/#\/schema\/logo\/image\/","url":"https:\/\/kinamihealth.com\/wp-content\/uploads\/2025\/01\/KH_logo_black_2-1.png","contentUrl":"https:\/\/kinamihealth.com\/wp-content\/uploads\/2025\/01\/KH_logo_black_2-1.png","width":339,"height":34,"caption":"Kinami Health"},"image":{"@id":"https:\/\/kinamihealth.com\/#\/schema\/logo\/image\/"}}]}},"_links":{"self":[{"href":"https:\/\/kinamihealth.com\/sv\/wp-json\/wp\/v2\/product\/120992","targetHints":{"allow":["GET"]}}],"collection":[{"href":"https:\/\/kinamihealth.com\/sv\/wp-json\/wp\/v2\/product"}],"about":[{"href":"https:\/\/kinamihealth.com\/sv\/wp-json\/wp\/v2\/types\/product"}],"replies":[{"embeddable":true,"href":"https:\/\/kinamihealth.com\/sv\/wp-json\/wp\/v2\/comments?post=120992"}],"version-history":[{"count":0,"href":"https:\/\/kinamihealth.com\/sv\/wp-json\/wp\/v2\/product\/120992\/revisions"}],"wp:featuredmedia":[{"embeddable":true,"href":"https:\/\/kinamihealth.com\/sv\/wp-json\/wp\/v2\/media\/120997"}],"wp:attachment":[{"href":"https:\/\/kinamihealth.com\/sv\/wp-json\/wp\/v2\/media?parent=120992"}],"wp:term":[{"taxonomy":"product_brand","embeddable":true,"href":"https:\/\/kinamihealth.com\/sv\/wp-json\/wp\/v2\/product_brand?post=120992"},{"taxonomy":"product_cat","embeddable":true,"href":"https:\/\/kinamihealth.com\/sv\/wp-json\/wp\/v2\/product_cat?post=120992"},{"taxonomy":"product_tag","embeddable":true,"href":"https:\/\/kinamihealth.com\/sv\/wp-json\/wp\/v2\/product_tag?post=120992"}],"curies":[{"name":"wp","href":"https:\/\/api.w.org\/{rel}","templated":true}]}}