{"id":120982,"date":"2025-02-15T16:58:21","date_gmt":"2025-02-15T16:58:21","guid":{"rendered":"https:\/\/kinamihealth.com\/product\/sunekos-200\/"},"modified":"2025-12-13T17:38:21","modified_gmt":"2025-12-13T17:38:21","slug":"sunekos-200","status":"publish","type":"product","link":"https:\/\/kinamihealth.com\/sv\/produkt\/sunekos-200\/","title":{"rendered":"SUNEKOS\u00ae 200"},"content":{"rendered":"<p><b>Best\u00e4ll Sunekos 200 <\/b><span style=\"font-weight: 400;\">och uppt\u00e4ck f\u00f6rdelarna med<\/span><b> en injicerbar hudbooster<\/b><span style=\"font-weight: 400;\"> som <\/span><b>korrigerar synliga tecken p\u00e5 \u00e5ldrande<\/b><span style=\"font-weight: 400;\">. Denna kraftfulla hudfyllare <\/span><b>stimulerar syntesen av elastin och kollagen<\/b><span style=\"font-weight: 400;\">, vilket <\/span><b>\u00e5terst\u00e4ller hudens volym och elasticitet<\/b><span style=\"font-weight: 400;\">. Som v\u00e5rdpersonal kan du<\/span><b><i> k\u00f6pa hudfyllnadsmedel <\/i><\/b><span style=\"font-weight: 400;\">som Sunekos 200 i <\/span><b>Kinami Health onlinebutik<\/b><span style=\"font-weight: 400;\"> och ge dina patienter ett <\/span><b>fr\u00e4scht och ungdomligt utseende<\/b><span style=\"font-weight: 400;\">. F\u00f6r b\u00e4sta resultat, anv\u00e4nd produkten <\/span><b>i kombination med Sunekos 1200<\/b><span style=\"font-weight: 400;\"> \u2013 en fyllnadsmedel utformad f\u00f6r att f\u00f6rst\u00e4rka resultaten av Sunekos 200.<\/span><\/p>\n","protected":false},"excerpt":{"rendered":"<p>Best\u00e4ll Sunekos 200 och uppt\u00e4ck f\u00f6rdelarna med en injicerbar hudbooster som korrigerar synliga tecken p\u00e5 \u00e5ldrande. Denna kraftfulla hudfyllare stimulerar syntesen av elastin och kollagen, vilket \u00e5terst\u00e4ller hudens volym och elasticitet. Som v\u00e5rdpersonal kan du k\u00f6pa hudfyllnadsmedel som Sunekos 200 i Kinami Health onlinebutik och ge dina patienter ett fr\u00e4scht och ungdomligt utseende. F\u00f6r b\u00e4sta [&hellip;]<\/p>\n","protected":false},"featured_media":120986,"comment_status":"closed","ping_status":"closed","template":"","meta":{"_acf_changed":false,"inline_featured_image":false},"product_brand":[3182],"product_cat":[3260,3667],"product_tag":[3256],"class_list":{"0":"post-120982","1":"product","2":"type-product","3":"status-publish","4":"has-post-thumbnail","6":"product_brand-sunekos","7":"product_cat-dermal-fillers-sv","8":"product_cat-skinboosters-sv","9":"product_tag-medical-devices-sv","11":"first","12":"instock","13":"taxable","14":"shipping-taxable","15":"purchasable","16":"product-type-simple","17":"add-to-wishlist-before_image"},"acf":[],"yoast_head":"<!-- This site is optimized with the Yoast SEO plugin v27.1.1 - https:\/\/yoast.com\/product\/yoast-seo-wordpress\/ -->\n<title>K\u00f6p Sunekos 200 \u2013 \u00d6ka kollagenproduktionen och vitalisera huden<\/title>\n<meta name=\"description\" content=\"K\u00f6p Sunekos 200, en injicerbar hudbooster som \u00f6kar kollagenproduktionen, minskar rynkor och \u00e5terst\u00e4ller volym. Best\u00e4ll nu fr\u00e5n Kinami Health!\" \/>\n<meta name=\"robots\" content=\"index, follow, max-snippet:-1, max-image-preview:large, max-video-preview:-1\" \/>\n<link rel=\"canonical\" href=\"https:\/\/kinamihealth.com\/sv\/wp-json\/wp\/v2\/product\/120982\" \/>\n<meta property=\"og:locale\" content=\"sv_SE\" \/>\n<meta property=\"og:type\" content=\"article\" \/>\n<meta property=\"og:title\" content=\"K\u00f6p Sunekos 200 \u2013 \u00d6ka kollagenproduktionen och vitalisera huden\" \/>\n<meta property=\"og:description\" content=\"K\u00f6p Sunekos 200, en injicerbar hudbooster som \u00f6kar kollagenproduktionen, minskar rynkor och \u00e5terst\u00e4ller volym. Best\u00e4ll nu fr\u00e5n Kinami Health!\" \/>\n<meta property=\"og:url\" content=\"https:\/\/kinamihealth.com\/sv\/produkt\/sunekos-200\/\" \/>\n<meta property=\"og:site_name\" content=\"Kinami Health\" \/>\n<meta property=\"article:modified_time\" content=\"2025-12-13T17:38:21+00:00\" \/>\n<meta property=\"og:image\" content=\"https:\/\/kinamihealth.com\/wp-content\/uploads\/2025\/02\/sunekos-200-front-right.webp\" \/>\n\t<meta property=\"og:image:width\" content=\"1500\" \/>\n\t<meta property=\"og:image:height\" content=\"1500\" \/>\n\t<meta property=\"og:image:type\" content=\"image\/webp\" \/>\n<meta name=\"twitter:card\" content=\"summary_large_image\" \/>\n<meta name=\"twitter:label1\" content=\"Ber\u00e4knad l\u00e4stid\" \/>\n\t<meta name=\"twitter:data1\" content=\"1 minut\" \/>\n<!-- \/ Yoast SEO plugin. -->","yoast_head_json":{"title":"K\u00f6p Sunekos 200 \u2013 \u00d6ka kollagenproduktionen och vitalisera huden","description":"K\u00f6p Sunekos 200, en injicerbar hudbooster som \u00f6kar kollagenproduktionen, minskar rynkor och \u00e5terst\u00e4ller volym. Best\u00e4ll nu fr\u00e5n Kinami Health!","robots":{"index":"index","follow":"follow","max-snippet":"max-snippet:-1","max-image-preview":"max-image-preview:large","max-video-preview":"max-video-preview:-1"},"canonical":"https:\/\/kinamihealth.com\/sv\/wp-json\/wp\/v2\/product\/120982","og_locale":"sv_SE","og_type":"article","og_title":"K\u00f6p Sunekos 200 \u2013 \u00d6ka kollagenproduktionen och vitalisera huden","og_description":"K\u00f6p Sunekos 200, en injicerbar hudbooster som \u00f6kar kollagenproduktionen, minskar rynkor och \u00e5terst\u00e4ller volym. Best\u00e4ll nu fr\u00e5n Kinami Health!","og_url":"https:\/\/kinamihealth.com\/sv\/produkt\/sunekos-200\/","og_site_name":"Kinami Health","article_modified_time":"2025-12-13T17:38:21+00:00","og_image":[{"width":1500,"height":1500,"url":"https:\/\/kinamihealth.com\/wp-content\/uploads\/2025\/02\/sunekos-200-front-right.webp","type":"image\/webp"}],"twitter_card":"summary_large_image","twitter_misc":{"Ber\u00e4knad l\u00e4stid":"1 minut"},"schema":{"@context":"https:\/\/schema.org","@graph":[{"@type":"WebPage","@id":"https:\/\/kinamihealth.com\/sv\/produkt\/sunekos-200\/","url":"https:\/\/kinamihealth.com\/sv\/produkt\/sunekos-200\/","name":"K\u00f6p Sunekos 200 \u2013 \u00d6ka kollagenproduktionen och vitalisera huden","isPartOf":{"@id":"https:\/\/kinamihealth.com\/#website"},"primaryImageOfPage":{"@id":"https:\/\/kinamihealth.com\/sv\/produkt\/sunekos-200\/#primaryimage"},"image":{"@id":"https:\/\/kinamihealth.com\/sv\/produkt\/sunekos-200\/#primaryimage"},"thumbnailUrl":"https:\/\/kinamihealth.com\/wp-content\/uploads\/2025\/02\/sunekos-200-front-right.webp","datePublished":"2025-02-15T16:58:21+00:00","dateModified":"2025-12-13T17:38:21+00:00","description":"K\u00f6p Sunekos 200, en injicerbar hudbooster som \u00f6kar kollagenproduktionen, minskar rynkor och \u00e5terst\u00e4ller volym. Best\u00e4ll nu fr\u00e5n Kinami Health!","breadcrumb":{"@id":"https:\/\/kinamihealth.com\/sv\/produkt\/sunekos-200\/#breadcrumb"},"inLanguage":"sv-SE","potentialAction":[{"@type":"ReadAction","target":["https:\/\/kinamihealth.com\/sv\/produkt\/sunekos-200\/"]}]},{"@type":"ImageObject","inLanguage":"sv-SE","@id":"https:\/\/kinamihealth.com\/sv\/produkt\/sunekos-200\/#primaryimage","url":"https:\/\/kinamihealth.com\/wp-content\/uploads\/2025\/02\/sunekos-200-front-right.webp","contentUrl":"https:\/\/kinamihealth.com\/wp-content\/uploads\/2025\/02\/sunekos-200-front-right.webp","width":1500,"height":1500},{"@type":"BreadcrumbList","@id":"https:\/\/kinamihealth.com\/sv\/produkt\/sunekos-200\/#breadcrumb","itemListElement":[{"@type":"ListItem","position":1,"name":"Hem","item":"https:\/\/kinamihealth.com\/sr\/"},{"@type":"ListItem","position":2,"name":"Butik","item":"https:\/\/kinamihealth.com\/sv\/?page_id=127810"},{"@type":"ListItem","position":3,"name":"SUNEKOS\u00ae 200"}]},{"@type":"WebSite","@id":"https:\/\/kinamihealth.com\/#website","url":"https:\/\/kinamihealth.com\/","name":"Kinami Health","description":"","publisher":{"@id":"https:\/\/kinamihealth.com\/#organization"},"potentialAction":[{"@type":"SearchAction","target":{"@type":"EntryPoint","urlTemplate":"https:\/\/kinamihealth.com\/?s={search_term_string}"},"query-input":{"@type":"PropertyValueSpecification","valueRequired":true,"valueName":"search_term_string"}}],"inLanguage":"sv-SE"},{"@type":"Organization","@id":"https:\/\/kinamihealth.com\/#organization","name":"Kinami Health","url":"https:\/\/kinamihealth.com\/","logo":{"@type":"ImageObject","inLanguage":"sv-SE","@id":"https:\/\/kinamihealth.com\/#\/schema\/logo\/image\/","url":"https:\/\/kinamihealth.com\/wp-content\/uploads\/2025\/01\/KH_logo_black_2-1.png","contentUrl":"https:\/\/kinamihealth.com\/wp-content\/uploads\/2025\/01\/KH_logo_black_2-1.png","width":339,"height":34,"caption":"Kinami Health"},"image":{"@id":"https:\/\/kinamihealth.com\/#\/schema\/logo\/image\/"}}]}},"_links":{"self":[{"href":"https:\/\/kinamihealth.com\/sv\/wp-json\/wp\/v2\/product\/120982","targetHints":{"allow":["GET"]}}],"collection":[{"href":"https:\/\/kinamihealth.com\/sv\/wp-json\/wp\/v2\/product"}],"about":[{"href":"https:\/\/kinamihealth.com\/sv\/wp-json\/wp\/v2\/types\/product"}],"replies":[{"embeddable":true,"href":"https:\/\/kinamihealth.com\/sv\/wp-json\/wp\/v2\/comments?post=120982"}],"version-history":[{"count":0,"href":"https:\/\/kinamihealth.com\/sv\/wp-json\/wp\/v2\/product\/120982\/revisions"}],"wp:featuredmedia":[{"embeddable":true,"href":"https:\/\/kinamihealth.com\/sv\/wp-json\/wp\/v2\/media\/120986"}],"wp:attachment":[{"href":"https:\/\/kinamihealth.com\/sv\/wp-json\/wp\/v2\/media?parent=120982"}],"wp:term":[{"taxonomy":"product_brand","embeddable":true,"href":"https:\/\/kinamihealth.com\/sv\/wp-json\/wp\/v2\/product_brand?post=120982"},{"taxonomy":"product_cat","embeddable":true,"href":"https:\/\/kinamihealth.com\/sv\/wp-json\/wp\/v2\/product_cat?post=120982"},{"taxonomy":"product_tag","embeddable":true,"href":"https:\/\/kinamihealth.com\/sv\/wp-json\/wp\/v2\/product_tag?post=120982"}],"curies":[{"name":"wp","href":"https:\/\/api.w.org\/{rel}","templated":true}]}}