{"id":120937,"date":"2025-02-15T16:58:15","date_gmt":"2025-02-15T16:58:15","guid":{"rendered":"https:\/\/kinamihealth.com\/product\/stylage-xl-bi-soft-with-lidocaine\/"},"modified":"2025-11-12T17:00:38","modified_gmt":"2025-11-12T17:00:38","slug":"stylage-xl-bi-soft-with-lidocaine","status":"publish","type":"product","link":"https:\/\/kinamihealth.com\/sv\/produkt\/stylage-xl-bi-soft-with-lidocaine\/","title":{"rendered":"STYLAGE\u00ae XL BI-SOFT\u00ae with Lidocaine"},"content":{"rendered":"<p><b>STYLAGE XL BI-SOFT med lidokain<\/b><span style=\"font-weight: 400;\"> \u00e4r en unik hudfyllnadsprodukt som anv\u00e4nds uteslutande f\u00f6r att \u00e5terst\u00e4lla f\u00f6rlorad ansiktsvolym orsakad av \u00e5lder, viktminskning eller sjukdom. Fyller snabbt ut slapp och insjunken hud i ansiktet och f\u00f6rb\u00e4ttrar hydrering och struktur avsev\u00e4rt. Underl\u00e4ttar patientens upplevelse under injektionsproceduren genom att lidokain ing\u00e5r som bed\u00f6vningsmedel. Injicera fyllmedlet med en patenterad BI-SOFT-spruta som avsev\u00e4rt f\u00f6rb\u00e4ttrar greppet och hanteringen med handskar. Den minimerar ocks\u00e5 trycket p\u00e5 v\u00e4vnaden medan HA-gelen injiceras. Ge kunderna l\u00e5ngvariga f\u00f6ryngrande resultat genom att f\u00f6rdr\u00f6ja absorptionen av hyaluronsyra med antioxidanten mannitol. <\/span><b>K\u00f6p STYLAGE XL BI-SOFT med lidokain <\/b><span style=\"font-weight: 400;\">fr\u00e5n en auktoriserad och ansedd butik, s\u00e5som <\/span><b>Kinami Health<\/b><span style=\"font-weight: 400;\">, och f\u00e5 l\u00f6sningar av h\u00f6gsta kvalitet n\u00e4r du<\/span><b><i> best\u00e4ller produkter fr\u00e5n m\u00e4rket STYLAGE<\/i><\/b><b>.<\/b><\/p>\n","protected":false},"excerpt":{"rendered":"<p>STYLAGE XL BI-SOFT med lidokain \u00e4r en unik hudfyllnadsprodukt som anv\u00e4nds uteslutande f\u00f6r att \u00e5terst\u00e4lla f\u00f6rlorad ansiktsvolym orsakad av \u00e5lder, viktminskning eller sjukdom. Fyller snabbt ut slapp och insjunken hud i ansiktet och f\u00f6rb\u00e4ttrar hydrering och struktur avsev\u00e4rt. Underl\u00e4ttar patientens upplevelse under injektionsproceduren genom att lidokain ing\u00e5r som bed\u00f6vningsmedel. Injicera fyllmedlet med en patenterad BI-SOFT-spruta [&hellip;]<\/p>\n","protected":false},"featured_media":120938,"comment_status":"closed","ping_status":"closed","template":"","meta":{"_acf_changed":false,"inline_featured_image":false},"product_brand":[3181],"product_cat":[3265,3260],"product_tag":[3256],"class_list":{"0":"post-120937","1":"product","2":"type-product","3":"status-publish","4":"has-post-thumbnail","6":"product_brand-stylage","7":"product_cat-ha-dermal-fillers","8":"product_cat-dermal-fillers-sv","9":"product_tag-medical-devices-sv","11":"first","12":"instock","13":"taxable","14":"shipping-taxable","15":"purchasable","16":"product-type-simple","17":"add-to-wishlist-before_image"},"acf":[],"yoast_head":"<!-- This site is optimized with the Yoast SEO plugin v27.1.1 - https:\/\/yoast.com\/product\/yoast-seo-wordpress\/ -->\n<title>K\u00f6p STYLAGE XL BI-SOFT med lidokain online \u2013 Volym<\/title>\n<meta name=\"description\" content=\"K\u00f6p STYLAGE XL BI-SOFT med lidokain online f\u00f6r att omedelbart \u00e5terst\u00e4lla f\u00f6rlorad volym i ansiktet d\u00e4r slapp och ih\u00e5lig hud \u00e4r mest framtr\u00e4dande.\" \/>\n<meta name=\"robots\" content=\"index, follow, max-snippet:-1, max-image-preview:large, max-video-preview:-1\" \/>\n<link rel=\"canonical\" href=\"https:\/\/kinamihealth.com\/sv\/wp-json\/wp\/v2\/product\/120937\" \/>\n<meta property=\"og:locale\" content=\"sv_SE\" \/>\n<meta property=\"og:type\" content=\"article\" \/>\n<meta property=\"og:title\" content=\"K\u00f6p STYLAGE XL BI-SOFT med lidokain online \u2013 Volym\" \/>\n<meta property=\"og:description\" content=\"K\u00f6p STYLAGE XL BI-SOFT med lidokain online f\u00f6r att omedelbart \u00e5terst\u00e4lla f\u00f6rlorad volym i ansiktet d\u00e4r slapp och ih\u00e5lig hud \u00e4r mest framtr\u00e4dande.\" \/>\n<meta property=\"og:url\" content=\"https:\/\/kinamihealth.com\/sv\/produkt\/stylage-xl-bi-soft-with-lidocaine\/\" \/>\n<meta property=\"og:site_name\" content=\"Kinami Health\" \/>\n<meta property=\"article:modified_time\" content=\"2025-11-12T17:00:38+00:00\" \/>\n<meta property=\"og:image\" content=\"https:\/\/kinamihealth.com\/wp-content\/uploads\/2025\/02\/VIVACY-STYLAGE-XL-LIDOCAINE-BISOFT-01.jpg\" \/>\n\t<meta property=\"og:image:width\" content=\"800\" \/>\n\t<meta property=\"og:image:height\" content=\"800\" \/>\n\t<meta property=\"og:image:type\" content=\"image\/jpeg\" \/>\n<meta name=\"twitter:card\" content=\"summary_large_image\" \/>\n<meta name=\"twitter:label1\" content=\"Ber\u00e4knad l\u00e4stid\" \/>\n\t<meta name=\"twitter:data1\" content=\"1 minut\" \/>\n<!-- \/ Yoast SEO plugin. -->","yoast_head_json":{"title":"K\u00f6p STYLAGE XL BI-SOFT med lidokain online \u2013 Volym","description":"K\u00f6p STYLAGE XL BI-SOFT med lidokain online f\u00f6r att omedelbart \u00e5terst\u00e4lla f\u00f6rlorad volym i ansiktet d\u00e4r slapp och ih\u00e5lig hud \u00e4r mest framtr\u00e4dande.","robots":{"index":"index","follow":"follow","max-snippet":"max-snippet:-1","max-image-preview":"max-image-preview:large","max-video-preview":"max-video-preview:-1"},"canonical":"https:\/\/kinamihealth.com\/sv\/wp-json\/wp\/v2\/product\/120937","og_locale":"sv_SE","og_type":"article","og_title":"K\u00f6p STYLAGE XL BI-SOFT med lidokain online \u2013 Volym","og_description":"K\u00f6p STYLAGE XL BI-SOFT med lidokain online f\u00f6r att omedelbart \u00e5terst\u00e4lla f\u00f6rlorad volym i ansiktet d\u00e4r slapp och ih\u00e5lig hud \u00e4r mest framtr\u00e4dande.","og_url":"https:\/\/kinamihealth.com\/sv\/produkt\/stylage-xl-bi-soft-with-lidocaine\/","og_site_name":"Kinami Health","article_modified_time":"2025-11-12T17:00:38+00:00","og_image":[{"width":800,"height":800,"url":"https:\/\/kinamihealth.com\/wp-content\/uploads\/2025\/02\/VIVACY-STYLAGE-XL-LIDOCAINE-BISOFT-01.jpg","type":"image\/jpeg"}],"twitter_card":"summary_large_image","twitter_misc":{"Ber\u00e4knad l\u00e4stid":"1 minut"},"schema":{"@context":"https:\/\/schema.org","@graph":[{"@type":"WebPage","@id":"https:\/\/kinamihealth.com\/sv\/produkt\/stylage-xl-bi-soft-with-lidocaine\/","url":"https:\/\/kinamihealth.com\/sv\/produkt\/stylage-xl-bi-soft-with-lidocaine\/","name":"K\u00f6p STYLAGE XL BI-SOFT med lidokain online \u2013 Volym","isPartOf":{"@id":"https:\/\/kinamihealth.com\/#website"},"primaryImageOfPage":{"@id":"https:\/\/kinamihealth.com\/sv\/produkt\/stylage-xl-bi-soft-with-lidocaine\/#primaryimage"},"image":{"@id":"https:\/\/kinamihealth.com\/sv\/produkt\/stylage-xl-bi-soft-with-lidocaine\/#primaryimage"},"thumbnailUrl":"https:\/\/kinamihealth.com\/wp-content\/uploads\/2025\/02\/VIVACY-STYLAGE-XL-LIDOCAINE-BISOFT-01.jpg","datePublished":"2025-02-15T16:58:15+00:00","dateModified":"2025-11-12T17:00:38+00:00","description":"K\u00f6p STYLAGE XL BI-SOFT med lidokain online f\u00f6r att omedelbart \u00e5terst\u00e4lla f\u00f6rlorad volym i ansiktet d\u00e4r slapp och ih\u00e5lig hud \u00e4r mest framtr\u00e4dande.","breadcrumb":{"@id":"https:\/\/kinamihealth.com\/sv\/produkt\/stylage-xl-bi-soft-with-lidocaine\/#breadcrumb"},"inLanguage":"sv-SE","potentialAction":[{"@type":"ReadAction","target":["https:\/\/kinamihealth.com\/sv\/produkt\/stylage-xl-bi-soft-with-lidocaine\/"]}]},{"@type":"ImageObject","inLanguage":"sv-SE","@id":"https:\/\/kinamihealth.com\/sv\/produkt\/stylage-xl-bi-soft-with-lidocaine\/#primaryimage","url":"https:\/\/kinamihealth.com\/wp-content\/uploads\/2025\/02\/VIVACY-STYLAGE-XL-LIDOCAINE-BISOFT-01.jpg","contentUrl":"https:\/\/kinamihealth.com\/wp-content\/uploads\/2025\/02\/VIVACY-STYLAGE-XL-LIDOCAINE-BISOFT-01.jpg","width":800,"height":800},{"@type":"BreadcrumbList","@id":"https:\/\/kinamihealth.com\/sv\/produkt\/stylage-xl-bi-soft-with-lidocaine\/#breadcrumb","itemListElement":[{"@type":"ListItem","position":1,"name":"Hem","item":"https:\/\/kinamihealth.com\/sr\/"},{"@type":"ListItem","position":2,"name":"Butik","item":"https:\/\/kinamihealth.com\/sv\/?page_id=127810"},{"@type":"ListItem","position":3,"name":"STYLAGE\u00ae XL BI-SOFT\u00ae with Lidocaine"}]},{"@type":"WebSite","@id":"https:\/\/kinamihealth.com\/#website","url":"https:\/\/kinamihealth.com\/","name":"Kinami Health","description":"","publisher":{"@id":"https:\/\/kinamihealth.com\/#organization"},"potentialAction":[{"@type":"SearchAction","target":{"@type":"EntryPoint","urlTemplate":"https:\/\/kinamihealth.com\/?s={search_term_string}"},"query-input":{"@type":"PropertyValueSpecification","valueRequired":true,"valueName":"search_term_string"}}],"inLanguage":"sv-SE"},{"@type":"Organization","@id":"https:\/\/kinamihealth.com\/#organization","name":"Kinami Health","url":"https:\/\/kinamihealth.com\/","logo":{"@type":"ImageObject","inLanguage":"sv-SE","@id":"https:\/\/kinamihealth.com\/#\/schema\/logo\/image\/","url":"https:\/\/kinamihealth.com\/wp-content\/uploads\/2025\/01\/KH_logo_black_2-1.png","contentUrl":"https:\/\/kinamihealth.com\/wp-content\/uploads\/2025\/01\/KH_logo_black_2-1.png","width":339,"height":34,"caption":"Kinami Health"},"image":{"@id":"https:\/\/kinamihealth.com\/#\/schema\/logo\/image\/"}}]}},"_links":{"self":[{"href":"https:\/\/kinamihealth.com\/sv\/wp-json\/wp\/v2\/product\/120937","targetHints":{"allow":["GET"]}}],"collection":[{"href":"https:\/\/kinamihealth.com\/sv\/wp-json\/wp\/v2\/product"}],"about":[{"href":"https:\/\/kinamihealth.com\/sv\/wp-json\/wp\/v2\/types\/product"}],"replies":[{"embeddable":true,"href":"https:\/\/kinamihealth.com\/sv\/wp-json\/wp\/v2\/comments?post=120937"}],"version-history":[{"count":0,"href":"https:\/\/kinamihealth.com\/sv\/wp-json\/wp\/v2\/product\/120937\/revisions"}],"wp:featuredmedia":[{"embeddable":true,"href":"https:\/\/kinamihealth.com\/sv\/wp-json\/wp\/v2\/media\/120938"}],"wp:attachment":[{"href":"https:\/\/kinamihealth.com\/sv\/wp-json\/wp\/v2\/media?parent=120937"}],"wp:term":[{"taxonomy":"product_brand","embeddable":true,"href":"https:\/\/kinamihealth.com\/sv\/wp-json\/wp\/v2\/product_brand?post=120937"},{"taxonomy":"product_cat","embeddable":true,"href":"https:\/\/kinamihealth.com\/sv\/wp-json\/wp\/v2\/product_cat?post=120937"},{"taxonomy":"product_tag","embeddable":true,"href":"https:\/\/kinamihealth.com\/sv\/wp-json\/wp\/v2\/product_tag?post=120937"}],"curies":[{"name":"wp","href":"https:\/\/api.w.org\/{rel}","templated":true}]}}