{"id":120932,"date":"2025-02-15T16:58:14","date_gmt":"2025-02-15T16:58:14","guid":{"rendered":"https:\/\/kinamihealth.com\/product\/stylage-xl-bi-soft\/"},"modified":"2025-11-12T16:57:10","modified_gmt":"2025-11-12T16:57:10","slug":"stylage-xl-bi-soft","status":"publish","type":"product","link":"https:\/\/kinamihealth.com\/sv\/produkt\/stylage-xl-bi-soft\/","title":{"rendered":"STYLAGE\u00ae XL BI-SOFT\u00ae"},"content":{"rendered":"<p><b>STYLAGE XL BI-SOFT<\/b><span style=\"font-weight: 400;\"> \u00e4r en hudfyllare med h\u00f6g viskoelasticitet speciellt utformad f\u00f6r att \u00e5terst\u00e4lla volym till slapp och ih\u00e5lig hud i ansiktet. F\u00f6ryngra \u00e5ldrande kunder fullst\u00e4ndigt och omedelbart genom att f\u00f6rb\u00e4ttra v\u00e4vnadens fuktighet och elasticitet. Anv\u00e4nd den patenterade Vivacy IPN-liknande-tekniken f\u00f6r att exakt best\u00e4mma densiteten p\u00e5 den hyaluronsyragel som beh\u00f6vs f\u00f6r att helt omforma ansiktskonturerna. Injicera fyllmedlet med den innovativa BI-SOFT-sprutan och underl\u00e4tta administreringsproceduren f\u00f6r b\u00e5de kunder och behandlare. <\/span><b>K\u00f6p STYLAGE XL BI-SOFT <\/b><span style=\"font-weight: 400;\">fr\u00e5n en ansedd och professionell onlinebutik och forts\u00e4tt ditt bes\u00f6k p\u00e5 <\/span><b>Kinami Health <\/b><span style=\"font-weight: 400;\">f\u00f6r att bl\u00e4ddra, v\u00e4lja och <\/span><b>k\u00f6pa premium<\/b> <b>STYLAGE-produkter.<\/b><\/p>\n","protected":false},"excerpt":{"rendered":"<p>STYLAGE XL BI-SOFT \u00e4r en hudfyllare med h\u00f6g viskoelasticitet speciellt utformad f\u00f6r att \u00e5terst\u00e4lla volym till slapp och ih\u00e5lig hud i ansiktet. F\u00f6ryngra \u00e5ldrande kunder fullst\u00e4ndigt och omedelbart genom att f\u00f6rb\u00e4ttra v\u00e4vnadens fuktighet och elasticitet. Anv\u00e4nd den patenterade Vivacy IPN-liknande-tekniken f\u00f6r att exakt best\u00e4mma densiteten p\u00e5 den hyaluronsyragel som beh\u00f6vs f\u00f6r att helt omforma ansiktskonturerna. [&hellip;]<\/p>\n","protected":false},"featured_media":120936,"comment_status":"closed","ping_status":"closed","template":"","meta":{"_acf_changed":false,"inline_featured_image":false},"product_brand":[3181],"product_cat":[3265,3260],"product_tag":[3256],"class_list":{"0":"post-120932","1":"product","2":"type-product","3":"status-publish","4":"has-post-thumbnail","6":"product_brand-stylage","7":"product_cat-ha-dermal-fillers","8":"product_cat-dermal-fillers-sv","9":"product_tag-medical-devices-sv","11":"first","12":"instock","13":"taxable","14":"shipping-taxable","15":"purchasable","16":"product-type-simple","17":"add-to-wishlist-before_image"},"acf":[],"yoast_head":"<!-- This site is optimized with the Yoast SEO plugin v27.3 - https:\/\/yoast.com\/product\/yoast-seo-wordpress\/ -->\n<title>K\u00f6p STYLAGE XL BI-SOFT online \u2013 f\u00f6r ansiktsvolym<\/title>\n<meta name=\"description\" content=\"K\u00f6p STYLAGE XL BI-SOFT online och anv\u00e4nd denna hudfyllnadsprodukt f\u00f6r att \u00e5terst\u00e4lla f\u00f6rlorad ansiktsvolym. Fyll ut insjunkna omr\u00e5den runt tinningarna, hakan och kinderna.\" \/>\n<meta name=\"robots\" content=\"index, follow, max-snippet:-1, max-image-preview:large, max-video-preview:-1\" \/>\n<link rel=\"canonical\" href=\"https:\/\/kinamihealth.com\/sv\/wp-json\/wp\/v2\/product\/120932\" \/>\n<meta property=\"og:locale\" content=\"sv_SE\" \/>\n<meta property=\"og:type\" content=\"article\" \/>\n<meta property=\"og:title\" content=\"K\u00f6p STYLAGE XL BI-SOFT online \u2013 f\u00f6r ansiktsvolym\" \/>\n<meta property=\"og:description\" content=\"K\u00f6p STYLAGE XL BI-SOFT online och anv\u00e4nd denna hudfyllnadsprodukt f\u00f6r att \u00e5terst\u00e4lla f\u00f6rlorad ansiktsvolym. Fyll ut insjunkna omr\u00e5den runt tinningarna, hakan och kinderna.\" \/>\n<meta property=\"og:url\" content=\"https:\/\/kinamihealth.com\/sv\/produkt\/stylage-xl-bi-soft\/\" \/>\n<meta property=\"og:site_name\" content=\"Kinami Health\" \/>\n<meta property=\"article:modified_time\" content=\"2025-11-12T16:57:10+00:00\" \/>\n<meta property=\"og:image\" content=\"https:\/\/kinamihealth.com\/wp-content\/uploads\/2025\/02\/STYLAGE-XL-BISOFT-03.jpg\" \/>\n\t<meta property=\"og:image:width\" content=\"800\" \/>\n\t<meta property=\"og:image:height\" content=\"800\" \/>\n\t<meta property=\"og:image:type\" content=\"image\/jpeg\" \/>\n<meta name=\"twitter:card\" content=\"summary_large_image\" \/>\n<meta name=\"twitter:label1\" content=\"Ber\u00e4knad l\u00e4stid\" \/>\n\t<meta name=\"twitter:data1\" content=\"1 minut\" \/>\n<!-- \/ Yoast SEO plugin. -->","yoast_head_json":{"title":"K\u00f6p STYLAGE XL BI-SOFT online \u2013 f\u00f6r ansiktsvolym","description":"K\u00f6p STYLAGE XL BI-SOFT online och anv\u00e4nd denna hudfyllnadsprodukt f\u00f6r att \u00e5terst\u00e4lla f\u00f6rlorad ansiktsvolym. Fyll ut insjunkna omr\u00e5den runt tinningarna, hakan och kinderna.","robots":{"index":"index","follow":"follow","max-snippet":"max-snippet:-1","max-image-preview":"max-image-preview:large","max-video-preview":"max-video-preview:-1"},"canonical":"https:\/\/kinamihealth.com\/sv\/wp-json\/wp\/v2\/product\/120932","og_locale":"sv_SE","og_type":"article","og_title":"K\u00f6p STYLAGE XL BI-SOFT online \u2013 f\u00f6r ansiktsvolym","og_description":"K\u00f6p STYLAGE XL BI-SOFT online och anv\u00e4nd denna hudfyllnadsprodukt f\u00f6r att \u00e5terst\u00e4lla f\u00f6rlorad ansiktsvolym. Fyll ut insjunkna omr\u00e5den runt tinningarna, hakan och kinderna.","og_url":"https:\/\/kinamihealth.com\/sv\/produkt\/stylage-xl-bi-soft\/","og_site_name":"Kinami Health","article_modified_time":"2025-11-12T16:57:10+00:00","og_image":[{"width":800,"height":800,"url":"https:\/\/kinamihealth.com\/wp-content\/uploads\/2025\/02\/STYLAGE-XL-BISOFT-03.jpg","type":"image\/jpeg"}],"twitter_card":"summary_large_image","twitter_misc":{"Ber\u00e4knad l\u00e4stid":"1 minut"},"schema":{"@context":"https:\/\/schema.org","@graph":[{"@type":"WebPage","@id":"https:\/\/kinamihealth.com\/sv\/produkt\/stylage-xl-bi-soft\/","url":"https:\/\/kinamihealth.com\/sv\/produkt\/stylage-xl-bi-soft\/","name":"K\u00f6p STYLAGE XL BI-SOFT online \u2013 f\u00f6r ansiktsvolym","isPartOf":{"@id":"https:\/\/kinamihealth.com\/#website"},"primaryImageOfPage":{"@id":"https:\/\/kinamihealth.com\/sv\/produkt\/stylage-xl-bi-soft\/#primaryimage"},"image":{"@id":"https:\/\/kinamihealth.com\/sv\/produkt\/stylage-xl-bi-soft\/#primaryimage"},"thumbnailUrl":"https:\/\/kinamihealth.com\/wp-content\/uploads\/2025\/02\/STYLAGE-XL-BISOFT-03.jpg","datePublished":"2025-02-15T16:58:14+00:00","dateModified":"2025-11-12T16:57:10+00:00","description":"K\u00f6p STYLAGE XL BI-SOFT online och anv\u00e4nd denna hudfyllnadsprodukt f\u00f6r att \u00e5terst\u00e4lla f\u00f6rlorad ansiktsvolym. Fyll ut insjunkna omr\u00e5den runt tinningarna, hakan och kinderna.","breadcrumb":{"@id":"https:\/\/kinamihealth.com\/sv\/produkt\/stylage-xl-bi-soft\/#breadcrumb"},"inLanguage":"sv-SE","potentialAction":[{"@type":"ReadAction","target":["https:\/\/kinamihealth.com\/sv\/produkt\/stylage-xl-bi-soft\/"]}]},{"@type":"ImageObject","inLanguage":"sv-SE","@id":"https:\/\/kinamihealth.com\/sv\/produkt\/stylage-xl-bi-soft\/#primaryimage","url":"https:\/\/kinamihealth.com\/wp-content\/uploads\/2025\/02\/STYLAGE-XL-BISOFT-03.jpg","contentUrl":"https:\/\/kinamihealth.com\/wp-content\/uploads\/2025\/02\/STYLAGE-XL-BISOFT-03.jpg","width":800,"height":800},{"@type":"BreadcrumbList","@id":"https:\/\/kinamihealth.com\/sv\/produkt\/stylage-xl-bi-soft\/#breadcrumb","itemListElement":[{"@type":"ListItem","position":1,"name":"Hem","item":"https:\/\/kinamihealth.com\/sr\/"},{"@type":"ListItem","position":2,"name":"Butik","item":"https:\/\/kinamihealth.com\/sv\/?page_id=127810"},{"@type":"ListItem","position":3,"name":"STYLAGE\u00ae XL BI-SOFT\u00ae"}]},{"@type":"WebSite","@id":"https:\/\/kinamihealth.com\/#website","url":"https:\/\/kinamihealth.com\/","name":"Kinami Health","description":"","publisher":{"@id":"https:\/\/kinamihealth.com\/#organization"},"potentialAction":[{"@type":"SearchAction","target":{"@type":"EntryPoint","urlTemplate":"https:\/\/kinamihealth.com\/?s={search_term_string}"},"query-input":{"@type":"PropertyValueSpecification","valueRequired":true,"valueName":"search_term_string"}}],"inLanguage":"sv-SE"},{"@type":"Organization","@id":"https:\/\/kinamihealth.com\/#organization","name":"Kinami Health","url":"https:\/\/kinamihealth.com\/","logo":{"@type":"ImageObject","inLanguage":"sv-SE","@id":"https:\/\/kinamihealth.com\/#\/schema\/logo\/image\/","url":"https:\/\/kinamihealth.com\/wp-content\/uploads\/2025\/01\/KH_logo_black_2-1.png","contentUrl":"https:\/\/kinamihealth.com\/wp-content\/uploads\/2025\/01\/KH_logo_black_2-1.png","width":339,"height":34,"caption":"Kinami Health"},"image":{"@id":"https:\/\/kinamihealth.com\/#\/schema\/logo\/image\/"}}]}},"_links":{"self":[{"href":"https:\/\/kinamihealth.com\/sv\/wp-json\/wp\/v2\/product\/120932","targetHints":{"allow":["GET"]}}],"collection":[{"href":"https:\/\/kinamihealth.com\/sv\/wp-json\/wp\/v2\/product"}],"about":[{"href":"https:\/\/kinamihealth.com\/sv\/wp-json\/wp\/v2\/types\/product"}],"replies":[{"embeddable":true,"href":"https:\/\/kinamihealth.com\/sv\/wp-json\/wp\/v2\/comments?post=120932"}],"version-history":[{"count":0,"href":"https:\/\/kinamihealth.com\/sv\/wp-json\/wp\/v2\/product\/120932\/revisions"}],"wp:featuredmedia":[{"embeddable":true,"href":"https:\/\/kinamihealth.com\/sv\/wp-json\/wp\/v2\/media\/120936"}],"wp:attachment":[{"href":"https:\/\/kinamihealth.com\/sv\/wp-json\/wp\/v2\/media?parent=120932"}],"wp:term":[{"taxonomy":"product_brand","embeddable":true,"href":"https:\/\/kinamihealth.com\/sv\/wp-json\/wp\/v2\/product_brand?post=120932"},{"taxonomy":"product_cat","embeddable":true,"href":"https:\/\/kinamihealth.com\/sv\/wp-json\/wp\/v2\/product_cat?post=120932"},{"taxonomy":"product_tag","embeddable":true,"href":"https:\/\/kinamihealth.com\/sv\/wp-json\/wp\/v2\/product_tag?post=120932"}],"curies":[{"name":"wp","href":"https:\/\/api.w.org\/{rel}","templated":true}]}}