{"id":120930,"date":"2025-02-15T16:58:14","date_gmt":"2025-02-15T16:58:14","guid":{"rendered":"https:\/\/kinamihealth.com\/product\/stylage-special-lips-with-lidocaine\/"},"modified":"2025-12-13T17:15:54","modified_gmt":"2025-12-13T17:15:54","slug":"stylage-special-lips-with-lidocaine","status":"publish","type":"product","link":"https:\/\/kinamihealth.com\/sv\/produkt\/stylage-special-lips-with-lidocaine\/","title":{"rendered":"STYLAGE\u00ae SPECIAL LIPS with Lidocaine"},"content":{"rendered":"<p><b>STYLAGE SPECIAL LIPS med lidokain<\/b><span style=\"font-weight: 400;\"> \u00e4r en injicerbar gel som kombinerar tv\u00e4rbunden hyaluronsyra med lidokain f\u00f6r att \u00f6ka l\u00e4pparnas storlek p\u00e5 ett naturligt och mindre sm\u00e4rtsamt s\u00e4tt. Dra nytta av den patenterade VIVACY<\/span> <span style=\"font-weight: 400;\">IPN-liknande-tekniken och skapa en helt biokompatibel och biologiskt nedbrytbar hyaluronsyra k\u00e4nd f\u00f6r sin l\u00e5ga risk f\u00f6r biverkningar och allergiska reaktioner. F\u00f6rl\u00e4ng gelens f\u00f6rdelar med antioxidanten mannitol och minimera skadorna fr\u00e5n fria radikaler p\u00e5 huden. <\/span><b>K\u00f6p STYLAGE SPECIAL LIPS med lidokain <\/b><span style=\"font-weight: 400;\">fr\u00e5n en p\u00e5litlig och certifierad onlinebutik, s\u00e5som <\/span><b>Kinami Health, <\/b><span style=\"font-weight: 400;\">och <\/span><b>best\u00e4ll produkter fr\u00e5n m\u00e4rket STYLAGE<\/b><span style=\"font-weight: 400;\"> som t\u00e4cker alla kunders behov av f\u00f6ryngring av ansikte och kropp.<\/span><\/p>\n","protected":false},"excerpt":{"rendered":"<p>STYLAGE SPECIAL LIPS med lidokain \u00e4r en injicerbar gel som kombinerar tv\u00e4rbunden hyaluronsyra med lidokain f\u00f6r att \u00f6ka l\u00e4pparnas storlek p\u00e5 ett naturligt och mindre sm\u00e4rtsamt s\u00e4tt. Dra nytta av den patenterade VIVACY IPN-liknande-tekniken och skapa en helt biokompatibel och biologiskt nedbrytbar hyaluronsyra k\u00e4nd f\u00f6r sin l\u00e5ga risk f\u00f6r biverkningar och allergiska reaktioner. F\u00f6rl\u00e4ng gelens [&hellip;]<\/p>\n","protected":false},"featured_media":120931,"comment_status":"closed","ping_status":"closed","template":"","meta":{"_acf_changed":false,"inline_featured_image":false},"product_brand":[],"product_cat":[],"product_tag":[],"class_list":{"0":"post-120930","1":"product","2":"type-product","3":"status-publish","4":"has-post-thumbnail","7":"first","8":"instock","9":"taxable","10":"shipping-taxable","11":"purchasable","12":"product-type-simple","13":"add-to-wishlist-before_image"},"acf":[],"yoast_head":"<!-- This site is optimized with the Yoast SEO plugin v27.1.1 - https:\/\/yoast.com\/product\/yoast-seo-wordpress\/ -->\n<title>K\u00f6p STYLAGE SPECIAL LIPS med lidokain online \u2013 Volym<\/title>\n<meta name=\"description\" content=\"K\u00f6p STYLAGE SPECIAL LIPS med lidokain online och anv\u00e4nd denna HA-gel f\u00f6r att korrigera fina linjer och rynkor runt munnen och f\u00f6r att f\u00f6rstora l\u00e4pparna.\" \/>\n<meta name=\"robots\" content=\"index, follow, max-snippet:-1, max-image-preview:large, max-video-preview:-1\" \/>\n<link rel=\"canonical\" href=\"https:\/\/kinamihealth.com\/sv\/wp-json\/wp\/v2\/product\/120930\" \/>\n<meta property=\"og:locale\" content=\"sv_SE\" \/>\n<meta property=\"og:type\" content=\"article\" \/>\n<meta property=\"og:title\" content=\"K\u00f6p STYLAGE SPECIAL LIPS med lidokain online \u2013 Volym\" \/>\n<meta property=\"og:description\" content=\"K\u00f6p STYLAGE SPECIAL LIPS med lidokain online och anv\u00e4nd denna HA-gel f\u00f6r att korrigera fina linjer och rynkor runt munnen och f\u00f6r att f\u00f6rstora l\u00e4pparna.\" \/>\n<meta property=\"og:url\" content=\"https:\/\/kinamihealth.com\/sv\/produkt\/stylage-special-lips-with-lidocaine\/\" \/>\n<meta property=\"og:site_name\" content=\"Kinami Health\" \/>\n<meta property=\"article:modified_time\" content=\"2025-12-13T17:15:54+00:00\" \/>\n<meta property=\"og:image\" content=\"https:\/\/kinamihealth.com\/wp-content\/uploads\/2025\/02\/VIVACY-STYLAGE-SPECIALLIPS-LIDOCAINE-BISOFT-01.webp\" \/>\n\t<meta property=\"og:image:width\" content=\"800\" \/>\n\t<meta property=\"og:image:height\" content=\"800\" \/>\n\t<meta property=\"og:image:type\" content=\"image\/webp\" \/>\n<meta name=\"twitter:card\" content=\"summary_large_image\" \/>\n<meta name=\"twitter:label1\" content=\"Ber\u00e4knad l\u00e4stid\" \/>\n\t<meta name=\"twitter:data1\" content=\"1 minut\" \/>\n<!-- \/ Yoast SEO plugin. -->","yoast_head_json":{"title":"K\u00f6p STYLAGE SPECIAL LIPS med lidokain online \u2013 Volym","description":"K\u00f6p STYLAGE SPECIAL LIPS med lidokain online och anv\u00e4nd denna HA-gel f\u00f6r att korrigera fina linjer och rynkor runt munnen och f\u00f6r att f\u00f6rstora l\u00e4pparna.","robots":{"index":"index","follow":"follow","max-snippet":"max-snippet:-1","max-image-preview":"max-image-preview:large","max-video-preview":"max-video-preview:-1"},"canonical":"https:\/\/kinamihealth.com\/sv\/wp-json\/wp\/v2\/product\/120930","og_locale":"sv_SE","og_type":"article","og_title":"K\u00f6p STYLAGE SPECIAL LIPS med lidokain online \u2013 Volym","og_description":"K\u00f6p STYLAGE SPECIAL LIPS med lidokain online och anv\u00e4nd denna HA-gel f\u00f6r att korrigera fina linjer och rynkor runt munnen och f\u00f6r att f\u00f6rstora l\u00e4pparna.","og_url":"https:\/\/kinamihealth.com\/sv\/produkt\/stylage-special-lips-with-lidocaine\/","og_site_name":"Kinami Health","article_modified_time":"2025-12-13T17:15:54+00:00","og_image":[{"width":800,"height":800,"url":"https:\/\/kinamihealth.com\/wp-content\/uploads\/2025\/02\/VIVACY-STYLAGE-SPECIALLIPS-LIDOCAINE-BISOFT-01.webp","type":"image\/webp"}],"twitter_card":"summary_large_image","twitter_misc":{"Ber\u00e4knad l\u00e4stid":"1 minut"},"schema":{"@context":"https:\/\/schema.org","@graph":[{"@type":"WebPage","@id":"https:\/\/kinamihealth.com\/sv\/produkt\/stylage-special-lips-with-lidocaine\/","url":"https:\/\/kinamihealth.com\/sv\/produkt\/stylage-special-lips-with-lidocaine\/","name":"K\u00f6p STYLAGE SPECIAL LIPS med lidokain online \u2013 Volym","isPartOf":{"@id":"https:\/\/kinamihealth.com\/#website"},"primaryImageOfPage":{"@id":"https:\/\/kinamihealth.com\/sv\/produkt\/stylage-special-lips-with-lidocaine\/#primaryimage"},"image":{"@id":"https:\/\/kinamihealth.com\/sv\/produkt\/stylage-special-lips-with-lidocaine\/#primaryimage"},"thumbnailUrl":"https:\/\/kinamihealth.com\/wp-content\/uploads\/2025\/02\/VIVACY-STYLAGE-SPECIALLIPS-LIDOCAINE-BISOFT-01.webp","datePublished":"2025-02-15T16:58:14+00:00","dateModified":"2025-12-13T17:15:54+00:00","description":"K\u00f6p STYLAGE SPECIAL LIPS med lidokain online och anv\u00e4nd denna HA-gel f\u00f6r att korrigera fina linjer och rynkor runt munnen och f\u00f6r att f\u00f6rstora l\u00e4pparna.","breadcrumb":{"@id":"https:\/\/kinamihealth.com\/sv\/produkt\/stylage-special-lips-with-lidocaine\/#breadcrumb"},"inLanguage":"sv-SE","potentialAction":[{"@type":"ReadAction","target":["https:\/\/kinamihealth.com\/sv\/produkt\/stylage-special-lips-with-lidocaine\/"]}]},{"@type":"ImageObject","inLanguage":"sv-SE","@id":"https:\/\/kinamihealth.com\/sv\/produkt\/stylage-special-lips-with-lidocaine\/#primaryimage","url":"https:\/\/kinamihealth.com\/wp-content\/uploads\/2025\/02\/VIVACY-STYLAGE-SPECIALLIPS-LIDOCAINE-BISOFT-01.webp","contentUrl":"https:\/\/kinamihealth.com\/wp-content\/uploads\/2025\/02\/VIVACY-STYLAGE-SPECIALLIPS-LIDOCAINE-BISOFT-01.webp","width":800,"height":800},{"@type":"BreadcrumbList","@id":"https:\/\/kinamihealth.com\/sv\/produkt\/stylage-special-lips-with-lidocaine\/#breadcrumb","itemListElement":[{"@type":"ListItem","position":1,"name":"Hem","item":"https:\/\/kinamihealth.com\/sr\/"},{"@type":"ListItem","position":2,"name":"Butik","item":"https:\/\/kinamihealth.com\/sv\/?page_id=127810"},{"@type":"ListItem","position":3,"name":"STYLAGE\u00ae SPECIAL LIPS with Lidocaine"}]},{"@type":"WebSite","@id":"https:\/\/kinamihealth.com\/#website","url":"https:\/\/kinamihealth.com\/","name":"Kinami Health","description":"","publisher":{"@id":"https:\/\/kinamihealth.com\/#organization"},"potentialAction":[{"@type":"SearchAction","target":{"@type":"EntryPoint","urlTemplate":"https:\/\/kinamihealth.com\/?s={search_term_string}"},"query-input":{"@type":"PropertyValueSpecification","valueRequired":true,"valueName":"search_term_string"}}],"inLanguage":"sv-SE"},{"@type":"Organization","@id":"https:\/\/kinamihealth.com\/#organization","name":"Kinami Health","url":"https:\/\/kinamihealth.com\/","logo":{"@type":"ImageObject","inLanguage":"sv-SE","@id":"https:\/\/kinamihealth.com\/#\/schema\/logo\/image\/","url":"https:\/\/kinamihealth.com\/wp-content\/uploads\/2025\/01\/KH_logo_black_2-1.png","contentUrl":"https:\/\/kinamihealth.com\/wp-content\/uploads\/2025\/01\/KH_logo_black_2-1.png","width":339,"height":34,"caption":"Kinami Health"},"image":{"@id":"https:\/\/kinamihealth.com\/#\/schema\/logo\/image\/"}}]}},"_links":{"self":[{"href":"https:\/\/kinamihealth.com\/sv\/wp-json\/wp\/v2\/product\/120930","targetHints":{"allow":["GET"]}}],"collection":[{"href":"https:\/\/kinamihealth.com\/sv\/wp-json\/wp\/v2\/product"}],"about":[{"href":"https:\/\/kinamihealth.com\/sv\/wp-json\/wp\/v2\/types\/product"}],"replies":[{"embeddable":true,"href":"https:\/\/kinamihealth.com\/sv\/wp-json\/wp\/v2\/comments?post=120930"}],"version-history":[{"count":0,"href":"https:\/\/kinamihealth.com\/sv\/wp-json\/wp\/v2\/product\/120930\/revisions"}],"wp:featuredmedia":[{"embeddable":true,"href":"https:\/\/kinamihealth.com\/sv\/wp-json\/wp\/v2\/media\/120931"}],"wp:attachment":[{"href":"https:\/\/kinamihealth.com\/sv\/wp-json\/wp\/v2\/media?parent=120930"}],"wp:term":[{"taxonomy":"product_brand","embeddable":true,"href":"https:\/\/kinamihealth.com\/sv\/wp-json\/wp\/v2\/product_brand?post=120930"},{"taxonomy":"product_cat","embeddable":true,"href":"https:\/\/kinamihealth.com\/sv\/wp-json\/wp\/v2\/product_cat?post=120930"},{"taxonomy":"product_tag","embeddable":true,"href":"https:\/\/kinamihealth.com\/sv\/wp-json\/wp\/v2\/product_tag?post=120930"}],"curies":[{"name":"wp","href":"https:\/\/api.w.org\/{rel}","templated":true}]}}