{"id":120928,"date":"2025-02-15T16:58:13","date_gmt":"2025-02-15T16:58:13","guid":{"rendered":"https:\/\/kinamihealth.com\/product\/stylage-special-lips-bi-soft-with-lidocaine\/"},"modified":"2025-11-12T16:51:04","modified_gmt":"2025-11-12T16:51:04","slug":"stylage-special-lips-bi-soft-with-lidocaine","status":"publish","type":"product","link":"https:\/\/kinamihealth.com\/sv\/produkt\/stylage-special-lips-bi-soft-with-lidocaine\/","title":{"rendered":"STYLAGE\u00ae SPECIAL LIPS BI-SOFT\u00ae with Lidocaine"},"content":{"rendered":"<p><b>STYLAGE SPECIAL LIPS BI-SOFT med lidokain <\/b><span style=\"font-weight: 400;\">\u00e4r en hudfyllnadsprodukt noggrant utformad f\u00f6r injektion i l\u00e4pparna och omr\u00e5det runt munnen. Denna produkt kombinerar f\u00f6rstklassiga ingredienser och tekniker f\u00f6r att skapa en perfekt l\u00f6sning f\u00f6r mycket r\u00f6rliga ansiktsomr\u00e5den som l\u00e4pparna. IPN-liknande-metoden skapar en ren och steril tv\u00e4rbunden hyaluronsyra av icke-animaliskt ursprung helt biokompatibel och biologiskt nedbrytbar i kroppen. Anv\u00e4nd BI-SOFT-sprutan f\u00f6r att f\u00e5 full kontroll \u00f6ver injektionsprocessen och ge patienterna en mindre obekv\u00e4m behandling. <\/span><b>K\u00f6p STYLAGE SPECIAL LIPS BI-SOFT med lidokain <\/b><span style=\"font-weight: 400;\">fr\u00e5n en <\/span><b>Kinami Health <\/b><span style=\"font-weight: 400;\">onlinebutik som erbjuder p\u00e5litlig och h\u00f6gkvalitativ service n\u00e4r du <\/span><b>k\u00f6per premium<\/b> <b>STYLAGE-produkter.<\/b><\/p>\n","protected":false},"excerpt":{"rendered":"<p>STYLAGE SPECIAL LIPS BI-SOFT med lidokain \u00e4r en hudfyllnadsprodukt noggrant utformad f\u00f6r injektion i l\u00e4pparna och omr\u00e5det runt munnen. Denna produkt kombinerar f\u00f6rstklassiga ingredienser och tekniker f\u00f6r att skapa en perfekt l\u00f6sning f\u00f6r mycket r\u00f6rliga ansiktsomr\u00e5den som l\u00e4pparna. IPN-liknande-metoden skapar en ren och steril tv\u00e4rbunden hyaluronsyra av icke-animaliskt ursprung helt biokompatibel och biologiskt nedbrytbar i [&hellip;]<\/p>\n","protected":false},"featured_media":120929,"comment_status":"closed","ping_status":"closed","template":"","meta":{"_acf_changed":false,"inline_featured_image":false},"product_brand":[3181],"product_cat":[3265,3260],"product_tag":[3256],"class_list":{"0":"post-120928","1":"product","2":"type-product","3":"status-publish","4":"has-post-thumbnail","6":"product_brand-stylage","7":"product_cat-ha-dermal-fillers","8":"product_cat-dermal-fillers-sv","9":"product_tag-medical-devices-sv","11":"first","12":"instock","13":"taxable","14":"shipping-taxable","15":"purchasable","16":"product-type-simple","17":"add-to-wishlist-before_image"},"acf":[],"yoast_head":"<!-- This site is optimized with the Yoast SEO plugin v27.3 - https:\/\/yoast.com\/product\/yoast-seo-wordpress\/ -->\n<title>K\u00f6p STYLAGE SPECIAL LIPS BI-SOFT med lidokain online<\/title>\n<meta name=\"description\" content=\"K\u00f6p STYLAGE SPECIAL LIPS BI-SOFT med lidokain online och anv\u00e4nd denna speciella hudfyllnadsprodukt f\u00f6r att justera l\u00e4pparnas storlek, form och symmetri.\" \/>\n<meta name=\"robots\" content=\"index, follow, max-snippet:-1, max-image-preview:large, max-video-preview:-1\" \/>\n<link rel=\"canonical\" href=\"https:\/\/kinamihealth.com\/sv\/wp-json\/wp\/v2\/product\/120928\" \/>\n<meta property=\"og:locale\" content=\"sv_SE\" \/>\n<meta property=\"og:type\" content=\"article\" \/>\n<meta property=\"og:title\" content=\"K\u00f6p STYLAGE SPECIAL LIPS BI-SOFT med lidokain online\" \/>\n<meta property=\"og:description\" content=\"K\u00f6p STYLAGE SPECIAL LIPS BI-SOFT med lidokain online och anv\u00e4nd denna speciella hudfyllnadsprodukt f\u00f6r att justera l\u00e4pparnas storlek, form och symmetri.\" \/>\n<meta property=\"og:url\" content=\"https:\/\/kinamihealth.com\/sv\/produkt\/stylage-special-lips-bi-soft-with-lidocaine\/\" \/>\n<meta property=\"og:site_name\" content=\"Kinami Health\" \/>\n<meta property=\"article:modified_time\" content=\"2025-11-12T16:51:04+00:00\" \/>\n<meta property=\"og:image\" content=\"https:\/\/kinamihealth.com\/wp-content\/uploads\/2025\/02\/VIVACY-STYLAGE-SPECIALLIPS-LIDOCAINE-BISOFT-01.jpg\" \/>\n\t<meta property=\"og:image:width\" content=\"800\" \/>\n\t<meta property=\"og:image:height\" content=\"800\" \/>\n\t<meta property=\"og:image:type\" content=\"image\/jpeg\" \/>\n<meta name=\"twitter:card\" content=\"summary_large_image\" \/>\n<meta name=\"twitter:label1\" content=\"Ber\u00e4knad l\u00e4stid\" \/>\n\t<meta name=\"twitter:data1\" content=\"1 minut\" \/>\n<!-- \/ Yoast SEO plugin. -->","yoast_head_json":{"title":"K\u00f6p STYLAGE SPECIAL LIPS BI-SOFT med lidokain online","description":"K\u00f6p STYLAGE SPECIAL LIPS BI-SOFT med lidokain online och anv\u00e4nd denna speciella hudfyllnadsprodukt f\u00f6r att justera l\u00e4pparnas storlek, form och symmetri.","robots":{"index":"index","follow":"follow","max-snippet":"max-snippet:-1","max-image-preview":"max-image-preview:large","max-video-preview":"max-video-preview:-1"},"canonical":"https:\/\/kinamihealth.com\/sv\/wp-json\/wp\/v2\/product\/120928","og_locale":"sv_SE","og_type":"article","og_title":"K\u00f6p STYLAGE SPECIAL LIPS BI-SOFT med lidokain online","og_description":"K\u00f6p STYLAGE SPECIAL LIPS BI-SOFT med lidokain online och anv\u00e4nd denna speciella hudfyllnadsprodukt f\u00f6r att justera l\u00e4pparnas storlek, form och symmetri.","og_url":"https:\/\/kinamihealth.com\/sv\/produkt\/stylage-special-lips-bi-soft-with-lidocaine\/","og_site_name":"Kinami Health","article_modified_time":"2025-11-12T16:51:04+00:00","og_image":[{"width":800,"height":800,"url":"https:\/\/kinamihealth.com\/wp-content\/uploads\/2025\/02\/VIVACY-STYLAGE-SPECIALLIPS-LIDOCAINE-BISOFT-01.jpg","type":"image\/jpeg"}],"twitter_card":"summary_large_image","twitter_misc":{"Ber\u00e4knad l\u00e4stid":"1 minut"},"schema":{"@context":"https:\/\/schema.org","@graph":[{"@type":"WebPage","@id":"https:\/\/kinamihealth.com\/sv\/produkt\/stylage-special-lips-bi-soft-with-lidocaine\/","url":"https:\/\/kinamihealth.com\/sv\/produkt\/stylage-special-lips-bi-soft-with-lidocaine\/","name":"K\u00f6p STYLAGE SPECIAL LIPS BI-SOFT med lidokain online","isPartOf":{"@id":"https:\/\/kinamihealth.com\/#website"},"primaryImageOfPage":{"@id":"https:\/\/kinamihealth.com\/sv\/produkt\/stylage-special-lips-bi-soft-with-lidocaine\/#primaryimage"},"image":{"@id":"https:\/\/kinamihealth.com\/sv\/produkt\/stylage-special-lips-bi-soft-with-lidocaine\/#primaryimage"},"thumbnailUrl":"https:\/\/kinamihealth.com\/wp-content\/uploads\/2025\/02\/VIVACY-STYLAGE-SPECIALLIPS-LIDOCAINE-BISOFT-01.jpg","datePublished":"2025-02-15T16:58:13+00:00","dateModified":"2025-11-12T16:51:04+00:00","description":"K\u00f6p STYLAGE SPECIAL LIPS BI-SOFT med lidokain online och anv\u00e4nd denna speciella hudfyllnadsprodukt f\u00f6r att justera l\u00e4pparnas storlek, form och symmetri.","breadcrumb":{"@id":"https:\/\/kinamihealth.com\/sv\/produkt\/stylage-special-lips-bi-soft-with-lidocaine\/#breadcrumb"},"inLanguage":"sv-SE","potentialAction":[{"@type":"ReadAction","target":["https:\/\/kinamihealth.com\/sv\/produkt\/stylage-special-lips-bi-soft-with-lidocaine\/"]}]},{"@type":"ImageObject","inLanguage":"sv-SE","@id":"https:\/\/kinamihealth.com\/sv\/produkt\/stylage-special-lips-bi-soft-with-lidocaine\/#primaryimage","url":"https:\/\/kinamihealth.com\/wp-content\/uploads\/2025\/02\/VIVACY-STYLAGE-SPECIALLIPS-LIDOCAINE-BISOFT-01.jpg","contentUrl":"https:\/\/kinamihealth.com\/wp-content\/uploads\/2025\/02\/VIVACY-STYLAGE-SPECIALLIPS-LIDOCAINE-BISOFT-01.jpg","width":800,"height":800},{"@type":"BreadcrumbList","@id":"https:\/\/kinamihealth.com\/sv\/produkt\/stylage-special-lips-bi-soft-with-lidocaine\/#breadcrumb","itemListElement":[{"@type":"ListItem","position":1,"name":"Hem","item":"https:\/\/kinamihealth.com\/sr\/"},{"@type":"ListItem","position":2,"name":"Butik","item":"https:\/\/kinamihealth.com\/sv\/?page_id=127810"},{"@type":"ListItem","position":3,"name":"STYLAGE\u00ae SPECIAL LIPS BI-SOFT\u00ae with Lidocaine"}]},{"@type":"WebSite","@id":"https:\/\/kinamihealth.com\/#website","url":"https:\/\/kinamihealth.com\/","name":"Kinami Health","description":"","publisher":{"@id":"https:\/\/kinamihealth.com\/#organization"},"potentialAction":[{"@type":"SearchAction","target":{"@type":"EntryPoint","urlTemplate":"https:\/\/kinamihealth.com\/?s={search_term_string}"},"query-input":{"@type":"PropertyValueSpecification","valueRequired":true,"valueName":"search_term_string"}}],"inLanguage":"sv-SE"},{"@type":"Organization","@id":"https:\/\/kinamihealth.com\/#organization","name":"Kinami Health","url":"https:\/\/kinamihealth.com\/","logo":{"@type":"ImageObject","inLanguage":"sv-SE","@id":"https:\/\/kinamihealth.com\/#\/schema\/logo\/image\/","url":"https:\/\/kinamihealth.com\/wp-content\/uploads\/2025\/01\/KH_logo_black_2-1.png","contentUrl":"https:\/\/kinamihealth.com\/wp-content\/uploads\/2025\/01\/KH_logo_black_2-1.png","width":339,"height":34,"caption":"Kinami Health"},"image":{"@id":"https:\/\/kinamihealth.com\/#\/schema\/logo\/image\/"}}]}},"_links":{"self":[{"href":"https:\/\/kinamihealth.com\/sv\/wp-json\/wp\/v2\/product\/120928","targetHints":{"allow":["GET"]}}],"collection":[{"href":"https:\/\/kinamihealth.com\/sv\/wp-json\/wp\/v2\/product"}],"about":[{"href":"https:\/\/kinamihealth.com\/sv\/wp-json\/wp\/v2\/types\/product"}],"replies":[{"embeddable":true,"href":"https:\/\/kinamihealth.com\/sv\/wp-json\/wp\/v2\/comments?post=120928"}],"version-history":[{"count":0,"href":"https:\/\/kinamihealth.com\/sv\/wp-json\/wp\/v2\/product\/120928\/revisions"}],"wp:featuredmedia":[{"embeddable":true,"href":"https:\/\/kinamihealth.com\/sv\/wp-json\/wp\/v2\/media\/120929"}],"wp:attachment":[{"href":"https:\/\/kinamihealth.com\/sv\/wp-json\/wp\/v2\/media?parent=120928"}],"wp:term":[{"taxonomy":"product_brand","embeddable":true,"href":"https:\/\/kinamihealth.com\/sv\/wp-json\/wp\/v2\/product_brand?post=120928"},{"taxonomy":"product_cat","embeddable":true,"href":"https:\/\/kinamihealth.com\/sv\/wp-json\/wp\/v2\/product_cat?post=120928"},{"taxonomy":"product_tag","embeddable":true,"href":"https:\/\/kinamihealth.com\/sv\/wp-json\/wp\/v2\/product_tag?post=120928"}],"curies":[{"name":"wp","href":"https:\/\/api.w.org\/{rel}","templated":true}]}}