{"id":120926,"date":"2025-02-15T16:58:12","date_gmt":"2025-02-15T16:58:12","guid":{"rendered":"https:\/\/kinamihealth.com\/product\/stylage-special-lips-bi-soft\/"},"modified":"2025-11-12T16:47:46","modified_gmt":"2025-11-12T16:47:46","slug":"stylage-special-lips-bi-soft","status":"publish","type":"product","link":"https:\/\/kinamihealth.com\/sv\/produkt\/stylage-special-lips-bi-soft\/","title":{"rendered":"STYLAGE\u00ae SPECIAL LIPS BI-SOFT\u00ae"},"content":{"rendered":"<p><b>STYLAGE SPECIAL LIPS BI-SOFT <\/b><span style=\"font-weight: 400;\">\u00e4r en speciellt framtagen hudfyllare utformad exklusivt f\u00f6r l\u00e4pparna och de fina linjerna och rynkorna runt munnen. Denna fyllare injiceras med BI-SOFT-sprutan, en speciell typ av spruta tillverkad av polykarbonat och termoplastisk elastomer f\u00f6r att f\u00f6rb\u00e4ttra hanteringen vid anv\u00e4ndning av kirurgiska handskar. IPN-liknande-tekniken anv\u00e4nds f\u00f6r att skapa extremt ren och steril tv\u00e4rbunden hyaluronsyra med noggrant justerad viskositet f\u00f6r l\u00e4pparnas mjuka och r\u00f6rliga v\u00e4vnad. <\/span><b>K\u00f6p STYLAGE SPECIAL LIPS BI-SOFT <\/b><span style=\"font-weight: 400;\">fr\u00e5n <\/span><b>Kinami Health <\/b><span style=\"font-weight: 400;\">onlinebutik och <\/span><b>k\u00f6p<\/b> <b>STYLAGE-m\u00e4rkesprodukter <\/b><span style=\"font-weight: 400;\">som passar m\u00e5nga kunders behov av f\u00f6ryngring.<\/span><\/p>\n","protected":false},"excerpt":{"rendered":"<p>STYLAGE SPECIAL LIPS BI-SOFT \u00e4r en speciellt framtagen hudfyllare utformad exklusivt f\u00f6r l\u00e4pparna och de fina linjerna och rynkorna runt munnen. Denna fyllare injiceras med BI-SOFT-sprutan, en speciell typ av spruta tillverkad av polykarbonat och termoplastisk elastomer f\u00f6r att f\u00f6rb\u00e4ttra hanteringen vid anv\u00e4ndning av kirurgiska handskar. IPN-liknande-tekniken anv\u00e4nds f\u00f6r att skapa extremt ren och steril [&hellip;]<\/p>\n","protected":false},"featured_media":120927,"comment_status":"closed","ping_status":"closed","template":"","meta":{"_acf_changed":false,"inline_featured_image":false},"product_brand":[3181],"product_cat":[3265,3260],"product_tag":[3256],"class_list":{"0":"post-120926","1":"product","2":"type-product","3":"status-publish","4":"has-post-thumbnail","6":"product_brand-stylage","7":"product_cat-ha-dermal-fillers","8":"product_cat-dermal-fillers-sv","9":"product_tag-medical-devices-sv","11":"first","12":"instock","13":"taxable","14":"shipping-taxable","15":"purchasable","16":"product-type-simple","17":"add-to-wishlist-before_image"},"acf":[],"yoast_head":"<!-- This site is optimized with the Yoast SEO plugin v27.5 - https:\/\/yoast.com\/product\/yoast-seo-wordpress\/ -->\n<title>K\u00f6p STYLAGE SPECIAL LIPS BI-SOFT online \u2013 l\u00e4ppvolym<\/title>\n<meta name=\"description\" content=\"K\u00f6p STYLAGE SPECIAL LIPS BI-SOFT online och anv\u00e4nd denna hyaluronsyrabaserade hudfyllnadsprodukt f\u00f6r att f\u00f6rb\u00e4ttra l\u00e4pparnas form, symmetri och storlek.\" \/>\n<meta name=\"robots\" content=\"index, follow, max-snippet:-1, max-image-preview:large, max-video-preview:-1\" \/>\n<link rel=\"canonical\" href=\"https:\/\/kinamihealth.com\/sv\/wp-json\/wp\/v2\/product\/120926\" \/>\n<meta property=\"og:locale\" content=\"sv_SE\" \/>\n<meta property=\"og:type\" content=\"article\" \/>\n<meta property=\"og:title\" content=\"K\u00f6p STYLAGE SPECIAL LIPS BI-SOFT online \u2013 l\u00e4ppvolym\" \/>\n<meta property=\"og:description\" content=\"K\u00f6p STYLAGE SPECIAL LIPS BI-SOFT online och anv\u00e4nd denna hyaluronsyrabaserade hudfyllnadsprodukt f\u00f6r att f\u00f6rb\u00e4ttra l\u00e4pparnas form, symmetri och storlek.\" \/>\n<meta property=\"og:url\" content=\"https:\/\/kinamihealth.com\/sv\/produkt\/stylage-special-lips-bi-soft\/\" \/>\n<meta property=\"og:site_name\" content=\"Kinami Health\" \/>\n<meta property=\"article:modified_time\" content=\"2025-11-12T16:47:46+00:00\" \/>\n<meta property=\"og:image\" content=\"https:\/\/kinamihealth.com\/wp-content\/uploads\/2025\/02\/VIVACY-STYLAGE-SPECIALLIPS-BISOFT-01.jpg\" \/>\n\t<meta property=\"og:image:width\" content=\"800\" \/>\n\t<meta property=\"og:image:height\" content=\"800\" \/>\n\t<meta property=\"og:image:type\" content=\"image\/jpeg\" \/>\n<meta name=\"twitter:card\" content=\"summary_large_image\" \/>\n<meta name=\"twitter:label1\" content=\"Ber\u00e4knad l\u00e4stid\" \/>\n\t<meta name=\"twitter:data1\" content=\"1 minut\" \/>\n<!-- \/ Yoast SEO plugin. -->","yoast_head_json":{"title":"K\u00f6p STYLAGE SPECIAL LIPS BI-SOFT online \u2013 l\u00e4ppvolym","description":"K\u00f6p STYLAGE SPECIAL LIPS BI-SOFT online och anv\u00e4nd denna hyaluronsyrabaserade hudfyllnadsprodukt f\u00f6r att f\u00f6rb\u00e4ttra l\u00e4pparnas form, symmetri och storlek.","robots":{"index":"index","follow":"follow","max-snippet":"max-snippet:-1","max-image-preview":"max-image-preview:large","max-video-preview":"max-video-preview:-1"},"canonical":"https:\/\/kinamihealth.com\/sv\/wp-json\/wp\/v2\/product\/120926","og_locale":"sv_SE","og_type":"article","og_title":"K\u00f6p STYLAGE SPECIAL LIPS BI-SOFT online \u2013 l\u00e4ppvolym","og_description":"K\u00f6p STYLAGE SPECIAL LIPS BI-SOFT online och anv\u00e4nd denna hyaluronsyrabaserade hudfyllnadsprodukt f\u00f6r att f\u00f6rb\u00e4ttra l\u00e4pparnas form, symmetri och storlek.","og_url":"https:\/\/kinamihealth.com\/sv\/produkt\/stylage-special-lips-bi-soft\/","og_site_name":"Kinami Health","article_modified_time":"2025-11-12T16:47:46+00:00","og_image":[{"width":800,"height":800,"url":"https:\/\/kinamihealth.com\/wp-content\/uploads\/2025\/02\/VIVACY-STYLAGE-SPECIALLIPS-BISOFT-01.jpg","type":"image\/jpeg"}],"twitter_card":"summary_large_image","twitter_misc":{"Ber\u00e4knad l\u00e4stid":"1 minut"},"schema":{"@context":"https:\/\/schema.org","@graph":[{"@type":"WebPage","@id":"https:\/\/kinamihealth.com\/sv\/produkt\/stylage-special-lips-bi-soft\/","url":"https:\/\/kinamihealth.com\/sv\/produkt\/stylage-special-lips-bi-soft\/","name":"K\u00f6p STYLAGE SPECIAL LIPS BI-SOFT online \u2013 l\u00e4ppvolym","isPartOf":{"@id":"https:\/\/kinamihealth.com\/#website"},"primaryImageOfPage":{"@id":"https:\/\/kinamihealth.com\/sv\/produkt\/stylage-special-lips-bi-soft\/#primaryimage"},"image":{"@id":"https:\/\/kinamihealth.com\/sv\/produkt\/stylage-special-lips-bi-soft\/#primaryimage"},"thumbnailUrl":"https:\/\/kinamihealth.com\/wp-content\/uploads\/2025\/02\/VIVACY-STYLAGE-SPECIALLIPS-BISOFT-01.jpg","datePublished":"2025-02-15T16:58:12+00:00","dateModified":"2025-11-12T16:47:46+00:00","description":"K\u00f6p STYLAGE SPECIAL LIPS BI-SOFT online och anv\u00e4nd denna hyaluronsyrabaserade hudfyllnadsprodukt f\u00f6r att f\u00f6rb\u00e4ttra l\u00e4pparnas form, symmetri och storlek.","breadcrumb":{"@id":"https:\/\/kinamihealth.com\/sv\/produkt\/stylage-special-lips-bi-soft\/#breadcrumb"},"inLanguage":"sv-SE","potentialAction":[{"@type":"ReadAction","target":["https:\/\/kinamihealth.com\/sv\/produkt\/stylage-special-lips-bi-soft\/"]}]},{"@type":"ImageObject","inLanguage":"sv-SE","@id":"https:\/\/kinamihealth.com\/sv\/produkt\/stylage-special-lips-bi-soft\/#primaryimage","url":"https:\/\/kinamihealth.com\/wp-content\/uploads\/2025\/02\/VIVACY-STYLAGE-SPECIALLIPS-BISOFT-01.jpg","contentUrl":"https:\/\/kinamihealth.com\/wp-content\/uploads\/2025\/02\/VIVACY-STYLAGE-SPECIALLIPS-BISOFT-01.jpg","width":800,"height":800},{"@type":"BreadcrumbList","@id":"https:\/\/kinamihealth.com\/sv\/produkt\/stylage-special-lips-bi-soft\/#breadcrumb","itemListElement":[{"@type":"ListItem","position":1,"name":"Hem","item":"https:\/\/kinamihealth.com\/sr\/"},{"@type":"ListItem","position":2,"name":"Butik","item":"https:\/\/kinamihealth.com\/sv\/?page_id=127810"},{"@type":"ListItem","position":3,"name":"STYLAGE\u00ae SPECIAL LIPS BI-SOFT\u00ae"}]},{"@type":"WebSite","@id":"https:\/\/kinamihealth.com\/#website","url":"https:\/\/kinamihealth.com\/","name":"Kinami Health","description":"","publisher":{"@id":"https:\/\/kinamihealth.com\/#organization"},"potentialAction":[{"@type":"SearchAction","target":{"@type":"EntryPoint","urlTemplate":"https:\/\/kinamihealth.com\/?s={search_term_string}"},"query-input":{"@type":"PropertyValueSpecification","valueRequired":true,"valueName":"search_term_string"}}],"inLanguage":"sv-SE"},{"@type":"Organization","@id":"https:\/\/kinamihealth.com\/#organization","name":"Kinami Health","url":"https:\/\/kinamihealth.com\/","logo":{"@type":"ImageObject","inLanguage":"sv-SE","@id":"https:\/\/kinamihealth.com\/#\/schema\/logo\/image\/","url":"https:\/\/kinamihealth.com\/wp-content\/uploads\/2025\/01\/KH_logo_black_2-1.png","contentUrl":"https:\/\/kinamihealth.com\/wp-content\/uploads\/2025\/01\/KH_logo_black_2-1.png","width":339,"height":34,"caption":"Kinami Health"},"image":{"@id":"https:\/\/kinamihealth.com\/#\/schema\/logo\/image\/"}}]}},"_links":{"self":[{"href":"https:\/\/kinamihealth.com\/sv\/wp-json\/wp\/v2\/product\/120926","targetHints":{"allow":["GET"]}}],"collection":[{"href":"https:\/\/kinamihealth.com\/sv\/wp-json\/wp\/v2\/product"}],"about":[{"href":"https:\/\/kinamihealth.com\/sv\/wp-json\/wp\/v2\/types\/product"}],"replies":[{"embeddable":true,"href":"https:\/\/kinamihealth.com\/sv\/wp-json\/wp\/v2\/comments?post=120926"}],"version-history":[{"count":0,"href":"https:\/\/kinamihealth.com\/sv\/wp-json\/wp\/v2\/product\/120926\/revisions"}],"wp:featuredmedia":[{"embeddable":true,"href":"https:\/\/kinamihealth.com\/sv\/wp-json\/wp\/v2\/media\/120927"}],"wp:attachment":[{"href":"https:\/\/kinamihealth.com\/sv\/wp-json\/wp\/v2\/media?parent=120926"}],"wp:term":[{"taxonomy":"product_brand","embeddable":true,"href":"https:\/\/kinamihealth.com\/sv\/wp-json\/wp\/v2\/product_brand?post=120926"},{"taxonomy":"product_cat","embeddable":true,"href":"https:\/\/kinamihealth.com\/sv\/wp-json\/wp\/v2\/product_cat?post=120926"},{"taxonomy":"product_tag","embeddable":true,"href":"https:\/\/kinamihealth.com\/sv\/wp-json\/wp\/v2\/product_tag?post=120926"}],"curies":[{"name":"wp","href":"https:\/\/api.w.org\/{rel}","templated":true}]}}