{"id":120922,"date":"2025-02-15T16:58:11","date_gmt":"2025-02-15T16:58:11","guid":{"rendered":"https:\/\/kinamihealth.com\/product\/stylage-s-bi-soft\/"},"modified":"2025-11-07T12:08:20","modified_gmt":"2025-11-07T12:08:20","slug":"stylage-s-bi-soft","status":"publish","type":"product","link":"https:\/\/kinamihealth.com\/sv\/produkt\/stylage-s-bi-soft\/","title":{"rendered":"STYLAGE\u00ae S BI-SOFT\u00ae"},"content":{"rendered":"<p><b>STYLAGE S BI-SOFT<\/b><span style=\"font-weight: 400;\"> \u00e4r en injicerbar tv\u00e4rbunden hyaluronsyragel skapad med hj\u00e4lp av IPN-liknande teknik f\u00f6r att motverka de f\u00f6rsta tecknen p\u00e5 \u00e5ldrande i ansiktet. Korrigera fina linjer och rynkor hos b\u00e5de kvinnor och m\u00e4n och f\u00f6rl\u00e4ng det ungdomliga utseendet under l\u00e5ng tid. Anv\u00e4nd helt biokompatibla ingredienser och minska risken f\u00f6r allergiska reaktioner och biverkningar. L\u00e5t kunderna njuta av den korta injektionsproceduren och ingen \u00e5terh\u00e4mtningstid. <\/span><b>K\u00f6p STYLAGE S BI-SOFT <\/b><span style=\"font-weight: 400;\">fr\u00e5n <\/span><b>Kinami Health, <\/b><span style=\"font-weight: 400;\">en p\u00e5litlig och ansedd onlinebutik, och <\/span><b>best\u00e4ll premium<\/b> <b>STYLAGE-produkter.<\/b><\/p>\n","protected":false},"excerpt":{"rendered":"<p>STYLAGE S BI-SOFT \u00e4r en injicerbar tv\u00e4rbunden hyaluronsyragel skapad med hj\u00e4lp av IPN-liknande teknik f\u00f6r att motverka de f\u00f6rsta tecknen p\u00e5 \u00e5ldrande i ansiktet. Korrigera fina linjer och rynkor hos b\u00e5de kvinnor och m\u00e4n och f\u00f6rl\u00e4ng det ungdomliga utseendet under l\u00e5ng tid. Anv\u00e4nd helt biokompatibla ingredienser och minska risken f\u00f6r allergiska reaktioner och biverkningar. L\u00e5t [&hellip;]<\/p>\n","protected":false},"featured_media":120923,"comment_status":"closed","ping_status":"closed","template":"","meta":{"_acf_changed":false,"inline_featured_image":false},"product_brand":[3181],"product_cat":[3265,3260],"product_tag":[3256],"class_list":{"0":"post-120922","1":"product","2":"type-product","3":"status-publish","4":"has-post-thumbnail","6":"product_brand-stylage","7":"product_cat-ha-dermal-fillers","8":"product_cat-dermal-fillers-sv","9":"product_tag-medical-devices-sv","11":"first","12":"instock","13":"taxable","14":"shipping-taxable","15":"purchasable","16":"product-type-simple","17":"add-to-wishlist-before_image"},"acf":[],"yoast_head":"<!-- This site is optimized with the Yoast SEO plugin v27.1.1 - https:\/\/yoast.com\/product\/yoast-seo-wordpress\/ -->\n<title>K\u00f6p STYLAGE S BI-SOFT online \u2013 fina ansiktslinjer<\/title>\n<meta name=\"description\" content=\"K\u00f6p STYLAGE S BI-SOFT online och anv\u00e4nd denna hudfyllnadsprodukt f\u00f6r att behandla fina till m\u00e5ttliga linjer och rynkor i ansiktet med innovativ teknik.\" \/>\n<meta name=\"robots\" content=\"index, follow, max-snippet:-1, max-image-preview:large, max-video-preview:-1\" \/>\n<link rel=\"canonical\" href=\"https:\/\/kinamihealth.com\/sv\/wp-json\/wp\/v2\/product\/120922\" \/>\n<meta property=\"og:locale\" content=\"sv_SE\" \/>\n<meta property=\"og:type\" content=\"article\" \/>\n<meta property=\"og:title\" content=\"K\u00f6p STYLAGE S BI-SOFT online \u2013 fina ansiktslinjer\" \/>\n<meta property=\"og:description\" content=\"K\u00f6p STYLAGE S BI-SOFT online och anv\u00e4nd denna hudfyllnadsprodukt f\u00f6r att behandla fina till m\u00e5ttliga linjer och rynkor i ansiktet med innovativ teknik.\" \/>\n<meta property=\"og:url\" content=\"https:\/\/kinamihealth.com\/sv\/produkt\/stylage-s-bi-soft\/\" \/>\n<meta property=\"og:site_name\" content=\"Kinami Health\" \/>\n<meta property=\"article:modified_time\" content=\"2025-11-07T12:08:20+00:00\" \/>\n<meta property=\"og:image\" content=\"https:\/\/kinamihealth.com\/wp-content\/uploads\/2025\/02\/VIVACY-STYLAGE-S-BISOFT-01.jpg\" \/>\n\t<meta property=\"og:image:width\" content=\"800\" \/>\n\t<meta property=\"og:image:height\" content=\"800\" \/>\n\t<meta property=\"og:image:type\" content=\"image\/jpeg\" \/>\n<meta name=\"twitter:card\" content=\"summary_large_image\" \/>\n<meta name=\"twitter:label1\" content=\"Ber\u00e4knad l\u00e4stid\" \/>\n\t<meta name=\"twitter:data1\" content=\"1 minut\" \/>\n<!-- \/ Yoast SEO plugin. -->","yoast_head_json":{"title":"K\u00f6p STYLAGE S BI-SOFT online \u2013 fina ansiktslinjer","description":"K\u00f6p STYLAGE S BI-SOFT online och anv\u00e4nd denna hudfyllnadsprodukt f\u00f6r att behandla fina till m\u00e5ttliga linjer och rynkor i ansiktet med innovativ teknik.","robots":{"index":"index","follow":"follow","max-snippet":"max-snippet:-1","max-image-preview":"max-image-preview:large","max-video-preview":"max-video-preview:-1"},"canonical":"https:\/\/kinamihealth.com\/sv\/wp-json\/wp\/v2\/product\/120922","og_locale":"sv_SE","og_type":"article","og_title":"K\u00f6p STYLAGE S BI-SOFT online \u2013 fina ansiktslinjer","og_description":"K\u00f6p STYLAGE S BI-SOFT online och anv\u00e4nd denna hudfyllnadsprodukt f\u00f6r att behandla fina till m\u00e5ttliga linjer och rynkor i ansiktet med innovativ teknik.","og_url":"https:\/\/kinamihealth.com\/sv\/produkt\/stylage-s-bi-soft\/","og_site_name":"Kinami Health","article_modified_time":"2025-11-07T12:08:20+00:00","og_image":[{"width":800,"height":800,"url":"https:\/\/kinamihealth.com\/wp-content\/uploads\/2025\/02\/VIVACY-STYLAGE-S-BISOFT-01.jpg","type":"image\/jpeg"}],"twitter_card":"summary_large_image","twitter_misc":{"Ber\u00e4knad l\u00e4stid":"1 minut"},"schema":{"@context":"https:\/\/schema.org","@graph":[{"@type":"WebPage","@id":"https:\/\/kinamihealth.com\/sv\/produkt\/stylage-s-bi-soft\/","url":"https:\/\/kinamihealth.com\/sv\/produkt\/stylage-s-bi-soft\/","name":"K\u00f6p STYLAGE S BI-SOFT online \u2013 fina ansiktslinjer","isPartOf":{"@id":"https:\/\/kinamihealth.com\/#website"},"primaryImageOfPage":{"@id":"https:\/\/kinamihealth.com\/sv\/produkt\/stylage-s-bi-soft\/#primaryimage"},"image":{"@id":"https:\/\/kinamihealth.com\/sv\/produkt\/stylage-s-bi-soft\/#primaryimage"},"thumbnailUrl":"https:\/\/kinamihealth.com\/wp-content\/uploads\/2025\/02\/VIVACY-STYLAGE-S-BISOFT-01.jpg","datePublished":"2025-02-15T16:58:11+00:00","dateModified":"2025-11-07T12:08:20+00:00","description":"K\u00f6p STYLAGE S BI-SOFT online och anv\u00e4nd denna hudfyllnadsprodukt f\u00f6r att behandla fina till m\u00e5ttliga linjer och rynkor i ansiktet med innovativ teknik.","breadcrumb":{"@id":"https:\/\/kinamihealth.com\/sv\/produkt\/stylage-s-bi-soft\/#breadcrumb"},"inLanguage":"sv-SE","potentialAction":[{"@type":"ReadAction","target":["https:\/\/kinamihealth.com\/sv\/produkt\/stylage-s-bi-soft\/"]}]},{"@type":"ImageObject","inLanguage":"sv-SE","@id":"https:\/\/kinamihealth.com\/sv\/produkt\/stylage-s-bi-soft\/#primaryimage","url":"https:\/\/kinamihealth.com\/wp-content\/uploads\/2025\/02\/VIVACY-STYLAGE-S-BISOFT-01.jpg","contentUrl":"https:\/\/kinamihealth.com\/wp-content\/uploads\/2025\/02\/VIVACY-STYLAGE-S-BISOFT-01.jpg","width":800,"height":800},{"@type":"BreadcrumbList","@id":"https:\/\/kinamihealth.com\/sv\/produkt\/stylage-s-bi-soft\/#breadcrumb","itemListElement":[{"@type":"ListItem","position":1,"name":"Hem","item":"https:\/\/kinamihealth.com\/sr\/"},{"@type":"ListItem","position":2,"name":"Butik","item":"https:\/\/kinamihealth.com\/sv\/?page_id=127810"},{"@type":"ListItem","position":3,"name":"STYLAGE\u00ae S BI-SOFT\u00ae"}]},{"@type":"WebSite","@id":"https:\/\/kinamihealth.com\/#website","url":"https:\/\/kinamihealth.com\/","name":"Kinami Health","description":"","publisher":{"@id":"https:\/\/kinamihealth.com\/#organization"},"potentialAction":[{"@type":"SearchAction","target":{"@type":"EntryPoint","urlTemplate":"https:\/\/kinamihealth.com\/?s={search_term_string}"},"query-input":{"@type":"PropertyValueSpecification","valueRequired":true,"valueName":"search_term_string"}}],"inLanguage":"sv-SE"},{"@type":"Organization","@id":"https:\/\/kinamihealth.com\/#organization","name":"Kinami Health","url":"https:\/\/kinamihealth.com\/","logo":{"@type":"ImageObject","inLanguage":"sv-SE","@id":"https:\/\/kinamihealth.com\/#\/schema\/logo\/image\/","url":"https:\/\/kinamihealth.com\/wp-content\/uploads\/2025\/01\/KH_logo_black_2-1.png","contentUrl":"https:\/\/kinamihealth.com\/wp-content\/uploads\/2025\/01\/KH_logo_black_2-1.png","width":339,"height":34,"caption":"Kinami Health"},"image":{"@id":"https:\/\/kinamihealth.com\/#\/schema\/logo\/image\/"}}]}},"_links":{"self":[{"href":"https:\/\/kinamihealth.com\/sv\/wp-json\/wp\/v2\/product\/120922","targetHints":{"allow":["GET"]}}],"collection":[{"href":"https:\/\/kinamihealth.com\/sv\/wp-json\/wp\/v2\/product"}],"about":[{"href":"https:\/\/kinamihealth.com\/sv\/wp-json\/wp\/v2\/types\/product"}],"replies":[{"embeddable":true,"href":"https:\/\/kinamihealth.com\/sv\/wp-json\/wp\/v2\/comments?post=120922"}],"version-history":[{"count":0,"href":"https:\/\/kinamihealth.com\/sv\/wp-json\/wp\/v2\/product\/120922\/revisions"}],"wp:featuredmedia":[{"embeddable":true,"href":"https:\/\/kinamihealth.com\/sv\/wp-json\/wp\/v2\/media\/120923"}],"wp:attachment":[{"href":"https:\/\/kinamihealth.com\/sv\/wp-json\/wp\/v2\/media?parent=120922"}],"wp:term":[{"taxonomy":"product_brand","embeddable":true,"href":"https:\/\/kinamihealth.com\/sv\/wp-json\/wp\/v2\/product_brand?post=120922"},{"taxonomy":"product_cat","embeddable":true,"href":"https:\/\/kinamihealth.com\/sv\/wp-json\/wp\/v2\/product_cat?post=120922"},{"taxonomy":"product_tag","embeddable":true,"href":"https:\/\/kinamihealth.com\/sv\/wp-json\/wp\/v2\/product_tag?post=120922"}],"curies":[{"name":"wp","href":"https:\/\/api.w.org\/{rel}","templated":true}]}}