{"id":120917,"date":"2025-02-15T16:58:09","date_gmt":"2025-02-15T16:58:09","guid":{"rendered":"https:\/\/kinamihealth.com\/product\/stylage-m-bi-soft-with-lidocaine\/"},"modified":"2026-03-18T10:01:31","modified_gmt":"2026-03-18T10:01:31","slug":"stylage-m-bi-soft-with-lidocaine","status":"publish","type":"product","link":"https:\/\/kinamihealth.com\/sv\/produkt\/stylage-m-bi-soft-with-lidocaine\/","title":{"rendered":"STYLAGE\u00ae M BI-SOFT\u00ae with Lidocaine"},"content":{"rendered":"<p><b>STYLAGE M BI-SOFT med lidokain<\/b><span style=\"font-weight: 400;\"> \u00e4r en hudfyllnadsprodukt som anv\u00e4nder <\/span><b>VIVACY<\/b><span style=\"font-weight: 400;\">-patenterad teknik f\u00f6r att f\u00f6rb\u00e4ttra injektionsproceduren f\u00f6r b\u00e5de patienter och behandlare. Justera gelens viskositet f\u00f6r den angivna anv\u00e4ndningen med IPN-liknande teknik och underl\u00e4tta administreringsprocessen med en BI-SOFT-spruta som minimerar trycket p\u00e5 huden och \u00f6kar kontrollen \u00f6ver sprutan. Minska kundens sm\u00e4rta och obehag genom att tills\u00e4tta lidokain som bed\u00f6vningsmedel. <\/span><b>K\u00f6p STYLAGE M BI-SOFT med lidokain <\/b><span style=\"font-weight: 400;\">fr\u00e5n en p\u00e5litlig och auktoriserad onlinebutik, s\u00e5som <\/span><b>Kinami Health<\/b><span style=\"font-weight: 400;\">, och <\/span><b>k\u00f6p produkter fr\u00e5n m\u00e4rket STYLAGE<\/b><span style=\"font-weight: 400;\">.<\/span><\/p>\n","protected":false},"excerpt":{"rendered":"<p>STYLAGE M BI-SOFT med lidokain \u00e4r en hudfyllnadsprodukt som anv\u00e4nder VIVACY-patenterad teknik f\u00f6r att f\u00f6rb\u00e4ttra injektionsproceduren f\u00f6r b\u00e5de patienter och behandlare. Justera gelens viskositet f\u00f6r den angivna anv\u00e4ndningen med IPN-liknande teknik och underl\u00e4tta administreringsprocessen med en BI-SOFT-spruta som minimerar trycket p\u00e5 huden och \u00f6kar kontrollen \u00f6ver sprutan. Minska kundens sm\u00e4rta och obehag genom att tills\u00e4tta [&hellip;]<\/p>\n","protected":false},"featured_media":120919,"comment_status":"closed","ping_status":"closed","template":"","meta":{"_acf_changed":false,"inline_featured_image":false},"product_brand":[3181],"product_cat":[3265,3260],"product_tag":[3256],"class_list":{"0":"post-120917","1":"product","2":"type-product","3":"status-publish","4":"has-post-thumbnail","6":"product_brand-stylage","7":"product_cat-ha-dermal-fillers","8":"product_cat-dermal-fillers-sv","9":"product_tag-medical-devices-sv","11":"first","12":"instock","13":"taxable","14":"shipping-taxable","15":"purchasable","16":"product-type-simple","17":"add-to-wishlist-before_image"},"acf":[],"yoast_head":"<!-- This site is optimized with the Yoast SEO plugin v27.1.1 - https:\/\/yoast.com\/product\/yoast-seo-wordpress\/ -->\n<title>K\u00f6p STYLAGE M BI-SOFT med lidokain online \u2013 medelstora linjer<\/title>\n<meta name=\"description\" content=\"K\u00f6p STYLAGE M BI-SOFT med lidokain online och anv\u00e4nd denna HA-gel f\u00f6r att f\u00f6rb\u00e4ttra medelstora till djupa rynkor och linjer i ansiktet. F\u00f6rstora l\u00e4pparna.\" \/>\n<meta name=\"robots\" content=\"index, follow, max-snippet:-1, max-image-preview:large, max-video-preview:-1\" \/>\n<link rel=\"canonical\" href=\"https:\/\/kinamihealth.com\/sv\/wp-json\/wp\/v2\/product\/120917\" \/>\n<meta property=\"og:locale\" content=\"sv_SE\" \/>\n<meta property=\"og:type\" content=\"article\" \/>\n<meta property=\"og:title\" content=\"K\u00f6p STYLAGE M BI-SOFT med lidokain online \u2013 medelstora linjer\" \/>\n<meta property=\"og:description\" content=\"K\u00f6p STYLAGE M BI-SOFT med lidokain online och anv\u00e4nd denna HA-gel f\u00f6r att f\u00f6rb\u00e4ttra medelstora till djupa rynkor och linjer i ansiktet. F\u00f6rstora l\u00e4pparna.\" \/>\n<meta property=\"og:url\" content=\"https:\/\/kinamihealth.com\/sv\/produkt\/stylage-m-bi-soft-with-lidocaine\/\" \/>\n<meta property=\"og:site_name\" content=\"Kinami Health\" \/>\n<meta property=\"article:modified_time\" content=\"2026-03-18T10:01:31+00:00\" \/>\n<meta property=\"og:image\" content=\"https:\/\/kinamihealth.com\/wp-content\/uploads\/2025\/02\/VIVACY-STYLAGE-M-LIDOCAINE-BISOFT-02.jpg\" \/>\n\t<meta property=\"og:image:width\" content=\"800\" \/>\n\t<meta property=\"og:image:height\" content=\"800\" \/>\n\t<meta property=\"og:image:type\" content=\"image\/jpeg\" \/>\n<meta name=\"twitter:card\" content=\"summary_large_image\" \/>\n<meta name=\"twitter:label1\" content=\"Ber\u00e4knad l\u00e4stid\" \/>\n\t<meta name=\"twitter:data1\" content=\"1 minut\" \/>\n<!-- \/ Yoast SEO plugin. -->","yoast_head_json":{"title":"K\u00f6p STYLAGE M BI-SOFT med lidokain online \u2013 medelstora linjer","description":"K\u00f6p STYLAGE M BI-SOFT med lidokain online och anv\u00e4nd denna HA-gel f\u00f6r att f\u00f6rb\u00e4ttra medelstora till djupa rynkor och linjer i ansiktet. F\u00f6rstora l\u00e4pparna.","robots":{"index":"index","follow":"follow","max-snippet":"max-snippet:-1","max-image-preview":"max-image-preview:large","max-video-preview":"max-video-preview:-1"},"canonical":"https:\/\/kinamihealth.com\/sv\/wp-json\/wp\/v2\/product\/120917","og_locale":"sv_SE","og_type":"article","og_title":"K\u00f6p STYLAGE M BI-SOFT med lidokain online \u2013 medelstora linjer","og_description":"K\u00f6p STYLAGE M BI-SOFT med lidokain online och anv\u00e4nd denna HA-gel f\u00f6r att f\u00f6rb\u00e4ttra medelstora till djupa rynkor och linjer i ansiktet. F\u00f6rstora l\u00e4pparna.","og_url":"https:\/\/kinamihealth.com\/sv\/produkt\/stylage-m-bi-soft-with-lidocaine\/","og_site_name":"Kinami Health","article_modified_time":"2026-03-18T10:01:31+00:00","og_image":[{"width":800,"height":800,"url":"https:\/\/kinamihealth.com\/wp-content\/uploads\/2025\/02\/VIVACY-STYLAGE-M-LIDOCAINE-BISOFT-02.jpg","type":"image\/jpeg"}],"twitter_card":"summary_large_image","twitter_misc":{"Ber\u00e4knad l\u00e4stid":"1 minut"},"schema":{"@context":"https:\/\/schema.org","@graph":[{"@type":"WebPage","@id":"https:\/\/kinamihealth.com\/sv\/produkt\/stylage-m-bi-soft-with-lidocaine\/","url":"https:\/\/kinamihealth.com\/sv\/produkt\/stylage-m-bi-soft-with-lidocaine\/","name":"K\u00f6p STYLAGE M BI-SOFT med lidokain online \u2013 medelstora linjer","isPartOf":{"@id":"https:\/\/kinamihealth.com\/#website"},"primaryImageOfPage":{"@id":"https:\/\/kinamihealth.com\/sv\/produkt\/stylage-m-bi-soft-with-lidocaine\/#primaryimage"},"image":{"@id":"https:\/\/kinamihealth.com\/sv\/produkt\/stylage-m-bi-soft-with-lidocaine\/#primaryimage"},"thumbnailUrl":"https:\/\/kinamihealth.com\/wp-content\/uploads\/2025\/02\/VIVACY-STYLAGE-M-LIDOCAINE-BISOFT-02.jpg","datePublished":"2025-02-15T16:58:09+00:00","dateModified":"2026-03-18T10:01:31+00:00","description":"K\u00f6p STYLAGE M BI-SOFT med lidokain online och anv\u00e4nd denna HA-gel f\u00f6r att f\u00f6rb\u00e4ttra medelstora till djupa rynkor och linjer i ansiktet. F\u00f6rstora l\u00e4pparna.","breadcrumb":{"@id":"https:\/\/kinamihealth.com\/sv\/produkt\/stylage-m-bi-soft-with-lidocaine\/#breadcrumb"},"inLanguage":"sv-SE","potentialAction":[{"@type":"ReadAction","target":["https:\/\/kinamihealth.com\/sv\/produkt\/stylage-m-bi-soft-with-lidocaine\/"]}]},{"@type":"ImageObject","inLanguage":"sv-SE","@id":"https:\/\/kinamihealth.com\/sv\/produkt\/stylage-m-bi-soft-with-lidocaine\/#primaryimage","url":"https:\/\/kinamihealth.com\/wp-content\/uploads\/2025\/02\/VIVACY-STYLAGE-M-LIDOCAINE-BISOFT-02.jpg","contentUrl":"https:\/\/kinamihealth.com\/wp-content\/uploads\/2025\/02\/VIVACY-STYLAGE-M-LIDOCAINE-BISOFT-02.jpg","width":800,"height":800},{"@type":"BreadcrumbList","@id":"https:\/\/kinamihealth.com\/sv\/produkt\/stylage-m-bi-soft-with-lidocaine\/#breadcrumb","itemListElement":[{"@type":"ListItem","position":1,"name":"Hem","item":"https:\/\/kinamihealth.com\/sr\/"},{"@type":"ListItem","position":2,"name":"Butik","item":"https:\/\/kinamihealth.com\/sv\/?page_id=127810"},{"@type":"ListItem","position":3,"name":"STYLAGE\u00ae M BI-SOFT\u00ae with Lidocaine"}]},{"@type":"WebSite","@id":"https:\/\/kinamihealth.com\/#website","url":"https:\/\/kinamihealth.com\/","name":"Kinami Health","description":"","publisher":{"@id":"https:\/\/kinamihealth.com\/#organization"},"potentialAction":[{"@type":"SearchAction","target":{"@type":"EntryPoint","urlTemplate":"https:\/\/kinamihealth.com\/?s={search_term_string}"},"query-input":{"@type":"PropertyValueSpecification","valueRequired":true,"valueName":"search_term_string"}}],"inLanguage":"sv-SE"},{"@type":"Organization","@id":"https:\/\/kinamihealth.com\/#organization","name":"Kinami Health","url":"https:\/\/kinamihealth.com\/","logo":{"@type":"ImageObject","inLanguage":"sv-SE","@id":"https:\/\/kinamihealth.com\/#\/schema\/logo\/image\/","url":"https:\/\/kinamihealth.com\/wp-content\/uploads\/2025\/01\/KH_logo_black_2-1.png","contentUrl":"https:\/\/kinamihealth.com\/wp-content\/uploads\/2025\/01\/KH_logo_black_2-1.png","width":339,"height":34,"caption":"Kinami Health"},"image":{"@id":"https:\/\/kinamihealth.com\/#\/schema\/logo\/image\/"}}]}},"_links":{"self":[{"href":"https:\/\/kinamihealth.com\/sv\/wp-json\/wp\/v2\/product\/120917","targetHints":{"allow":["GET"]}}],"collection":[{"href":"https:\/\/kinamihealth.com\/sv\/wp-json\/wp\/v2\/product"}],"about":[{"href":"https:\/\/kinamihealth.com\/sv\/wp-json\/wp\/v2\/types\/product"}],"replies":[{"embeddable":true,"href":"https:\/\/kinamihealth.com\/sv\/wp-json\/wp\/v2\/comments?post=120917"}],"version-history":[{"count":1,"href":"https:\/\/kinamihealth.com\/sv\/wp-json\/wp\/v2\/product\/120917\/revisions"}],"predecessor-version":[{"id":133919,"href":"https:\/\/kinamihealth.com\/sv\/wp-json\/wp\/v2\/product\/120917\/revisions\/133919"}],"wp:featuredmedia":[{"embeddable":true,"href":"https:\/\/kinamihealth.com\/sv\/wp-json\/wp\/v2\/media\/120919"}],"wp:attachment":[{"href":"https:\/\/kinamihealth.com\/sv\/wp-json\/wp\/v2\/media?parent=120917"}],"wp:term":[{"taxonomy":"product_brand","embeddable":true,"href":"https:\/\/kinamihealth.com\/sv\/wp-json\/wp\/v2\/product_brand?post=120917"},{"taxonomy":"product_cat","embeddable":true,"href":"https:\/\/kinamihealth.com\/sv\/wp-json\/wp\/v2\/product_cat?post=120917"},{"taxonomy":"product_tag","embeddable":true,"href":"https:\/\/kinamihealth.com\/sv\/wp-json\/wp\/v2\/product_tag?post=120917"}],"curies":[{"name":"wp","href":"https:\/\/api.w.org\/{rel}","templated":true}]}}