{"id":120914,"date":"2025-02-15T16:58:08","date_gmt":"2025-02-15T16:58:08","guid":{"rendered":"https:\/\/kinamihealth.com\/product\/stylage-m-bi-soft\/"},"modified":"2026-03-18T09:53:16","modified_gmt":"2026-03-18T09:53:16","slug":"stylage-m-bi-soft","status":"publish","type":"product","link":"https:\/\/kinamihealth.com\/sv\/produkt\/stylage-m-bi-soft\/","title":{"rendered":"STYLAGE\u00ae M BI-SOFT\u00ae"},"content":{"rendered":"<p><span style=\"font-weight: 400;\">Stylage M Bi-Soft \u00e4r en effektiv hudfyllnadsprodukt som \u00f6kar ansiktsvolymen och j\u00e4mnar ut rynkor och ger \u00f6verl\u00e4gsna resultat. Denna avancerade hyaluronsyrafyllnadsprodukt (HA) erbjuder en icke-kirurgisk l\u00f6sning f\u00f6r medelstora till djupa rynkor, volymf\u00f6rlust och konturering. Den \u00e4r utformad med <\/span><b>Bi-Soft-injektionsteknik<\/b><span style=\"font-weight: 400;\">, vilket garanterar precis applicering och patientkomfort genom att g\u00f6ra det l\u00e4ttare f\u00f6r yrkesut\u00f6vare att uppn\u00e5 j\u00e4mnare och mer enhetliga resultat med mindre anstr\u00e4ngning. Oavsett om du vill \u00e5terst\u00e4lla ungdomliga drag eller omforma specifika omr\u00e5den, k\u00f6p Stylage M Bi-Soft fr\u00e5n Kinami Health webbutik och uppn\u00e5 <\/span><b>naturliga och l\u00e5ngvariga resultat f\u00f6r dina patienter<\/b><span style=\"font-weight: 400;\">.<\/span><\/p>\n","protected":false},"excerpt":{"rendered":"<p>Stylage M Bi-Soft \u00e4r en effektiv hudfyllnadsprodukt som \u00f6kar ansiktsvolymen och j\u00e4mnar ut rynkor och ger \u00f6verl\u00e4gsna resultat. Denna avancerade hyaluronsyrafyllnadsprodukt (HA) erbjuder en icke-kirurgisk l\u00f6sning f\u00f6r medelstora till djupa rynkor, volymf\u00f6rlust och konturering. Den \u00e4r utformad med Bi-Soft-injektionsteknik, vilket garanterar precis applicering och patientkomfort genom att g\u00f6ra det l\u00e4ttare f\u00f6r yrkesut\u00f6vare att uppn\u00e5 j\u00e4mnare [&hellip;]<\/p>\n","protected":false},"featured_media":120915,"comment_status":"closed","ping_status":"closed","template":"","meta":{"_acf_changed":false,"inline_featured_image":false},"product_brand":[3181],"product_cat":[3265,3260],"product_tag":[3256],"class_list":{"0":"post-120914","1":"product","2":"type-product","3":"status-publish","4":"has-post-thumbnail","6":"product_brand-stylage","7":"product_cat-ha-dermal-fillers","8":"product_cat-dermal-fillers-sv","9":"product_tag-medical-devices-sv","11":"first","12":"instock","13":"taxable","14":"shipping-taxable","15":"purchasable","16":"product-type-simple","17":"add-to-wishlist-before_image"},"acf":[],"yoast_head":"<!-- This site is optimized with the Yoast SEO plugin v27.1.1 - https:\/\/yoast.com\/product\/yoast-seo-wordpress\/ -->\n<title>K\u00f6p Stylage M Bi-Soft online f\u00f6r rynkkorrigering<\/title>\n<meta name=\"description\" content=\"K\u00f6p Stylage M Bi-Soft online: Varaktig rynkkorrigering och ansiktskonturering med b\u00e4ttre komfort och effektivitet. Best\u00e4ll nu!\" \/>\n<meta name=\"robots\" content=\"index, follow, max-snippet:-1, max-image-preview:large, max-video-preview:-1\" \/>\n<link rel=\"canonical\" href=\"https:\/\/kinamihealth.com\/sv\/wp-json\/wp\/v2\/product\/120914\" \/>\n<meta property=\"og:locale\" content=\"sv_SE\" \/>\n<meta property=\"og:type\" content=\"article\" \/>\n<meta property=\"og:title\" content=\"K\u00f6p Stylage M Bi-Soft online f\u00f6r rynkkorrigering\" \/>\n<meta property=\"og:description\" content=\"K\u00f6p Stylage M Bi-Soft online: Varaktig rynkkorrigering och ansiktskonturering med b\u00e4ttre komfort och effektivitet. Best\u00e4ll nu!\" \/>\n<meta property=\"og:url\" content=\"https:\/\/kinamihealth.com\/sv\/produkt\/stylage-m-bi-soft\/\" \/>\n<meta property=\"og:site_name\" content=\"Kinami Health\" \/>\n<meta property=\"article:modified_time\" content=\"2026-03-18T09:53:16+00:00\" \/>\n<meta property=\"og:image\" content=\"https:\/\/kinamihealth.com\/wp-content\/uploads\/2025\/02\/VIVACY-STYLAGE-M-BISOFT-01.jpg\" \/>\n\t<meta property=\"og:image:width\" content=\"800\" \/>\n\t<meta property=\"og:image:height\" content=\"800\" \/>\n\t<meta property=\"og:image:type\" content=\"image\/jpeg\" \/>\n<meta name=\"twitter:card\" content=\"summary_large_image\" \/>\n<meta name=\"twitter:label1\" content=\"Ber\u00e4knad l\u00e4stid\" \/>\n\t<meta name=\"twitter:data1\" content=\"1 minut\" \/>\n<!-- \/ Yoast SEO plugin. -->","yoast_head_json":{"title":"K\u00f6p Stylage M Bi-Soft online f\u00f6r rynkkorrigering","description":"K\u00f6p Stylage M Bi-Soft online: Varaktig rynkkorrigering och ansiktskonturering med b\u00e4ttre komfort och effektivitet. Best\u00e4ll nu!","robots":{"index":"index","follow":"follow","max-snippet":"max-snippet:-1","max-image-preview":"max-image-preview:large","max-video-preview":"max-video-preview:-1"},"canonical":"https:\/\/kinamihealth.com\/sv\/wp-json\/wp\/v2\/product\/120914","og_locale":"sv_SE","og_type":"article","og_title":"K\u00f6p Stylage M Bi-Soft online f\u00f6r rynkkorrigering","og_description":"K\u00f6p Stylage M Bi-Soft online: Varaktig rynkkorrigering och ansiktskonturering med b\u00e4ttre komfort och effektivitet. Best\u00e4ll nu!","og_url":"https:\/\/kinamihealth.com\/sv\/produkt\/stylage-m-bi-soft\/","og_site_name":"Kinami Health","article_modified_time":"2026-03-18T09:53:16+00:00","og_image":[{"width":800,"height":800,"url":"https:\/\/kinamihealth.com\/wp-content\/uploads\/2025\/02\/VIVACY-STYLAGE-M-BISOFT-01.jpg","type":"image\/jpeg"}],"twitter_card":"summary_large_image","twitter_misc":{"Ber\u00e4knad l\u00e4stid":"1 minut"},"schema":{"@context":"https:\/\/schema.org","@graph":[{"@type":"WebPage","@id":"https:\/\/kinamihealth.com\/sv\/produkt\/stylage-m-bi-soft\/","url":"https:\/\/kinamihealth.com\/sv\/produkt\/stylage-m-bi-soft\/","name":"K\u00f6p Stylage M Bi-Soft online f\u00f6r rynkkorrigering","isPartOf":{"@id":"https:\/\/kinamihealth.com\/#website"},"primaryImageOfPage":{"@id":"https:\/\/kinamihealth.com\/sv\/produkt\/stylage-m-bi-soft\/#primaryimage"},"image":{"@id":"https:\/\/kinamihealth.com\/sv\/produkt\/stylage-m-bi-soft\/#primaryimage"},"thumbnailUrl":"https:\/\/kinamihealth.com\/wp-content\/uploads\/2025\/02\/VIVACY-STYLAGE-M-BISOFT-01.jpg","datePublished":"2025-02-15T16:58:08+00:00","dateModified":"2026-03-18T09:53:16+00:00","description":"K\u00f6p Stylage M Bi-Soft online: Varaktig rynkkorrigering och ansiktskonturering med b\u00e4ttre komfort och effektivitet. Best\u00e4ll nu!","breadcrumb":{"@id":"https:\/\/kinamihealth.com\/sv\/produkt\/stylage-m-bi-soft\/#breadcrumb"},"inLanguage":"sv-SE","potentialAction":[{"@type":"ReadAction","target":["https:\/\/kinamihealth.com\/sv\/produkt\/stylage-m-bi-soft\/"]}]},{"@type":"ImageObject","inLanguage":"sv-SE","@id":"https:\/\/kinamihealth.com\/sv\/produkt\/stylage-m-bi-soft\/#primaryimage","url":"https:\/\/kinamihealth.com\/wp-content\/uploads\/2025\/02\/VIVACY-STYLAGE-M-BISOFT-01.jpg","contentUrl":"https:\/\/kinamihealth.com\/wp-content\/uploads\/2025\/02\/VIVACY-STYLAGE-M-BISOFT-01.jpg","width":800,"height":800},{"@type":"BreadcrumbList","@id":"https:\/\/kinamihealth.com\/sv\/produkt\/stylage-m-bi-soft\/#breadcrumb","itemListElement":[{"@type":"ListItem","position":1,"name":"Hem","item":"https:\/\/kinamihealth.com\/sr\/"},{"@type":"ListItem","position":2,"name":"Butik","item":"https:\/\/kinamihealth.com\/sv\/?page_id=127810"},{"@type":"ListItem","position":3,"name":"STYLAGE\u00ae M BI-SOFT\u00ae"}]},{"@type":"WebSite","@id":"https:\/\/kinamihealth.com\/#website","url":"https:\/\/kinamihealth.com\/","name":"Kinami Health","description":"","publisher":{"@id":"https:\/\/kinamihealth.com\/#organization"},"potentialAction":[{"@type":"SearchAction","target":{"@type":"EntryPoint","urlTemplate":"https:\/\/kinamihealth.com\/?s={search_term_string}"},"query-input":{"@type":"PropertyValueSpecification","valueRequired":true,"valueName":"search_term_string"}}],"inLanguage":"sv-SE"},{"@type":"Organization","@id":"https:\/\/kinamihealth.com\/#organization","name":"Kinami Health","url":"https:\/\/kinamihealth.com\/","logo":{"@type":"ImageObject","inLanguage":"sv-SE","@id":"https:\/\/kinamihealth.com\/#\/schema\/logo\/image\/","url":"https:\/\/kinamihealth.com\/wp-content\/uploads\/2025\/01\/KH_logo_black_2-1.png","contentUrl":"https:\/\/kinamihealth.com\/wp-content\/uploads\/2025\/01\/KH_logo_black_2-1.png","width":339,"height":34,"caption":"Kinami Health"},"image":{"@id":"https:\/\/kinamihealth.com\/#\/schema\/logo\/image\/"}}]}},"_links":{"self":[{"href":"https:\/\/kinamihealth.com\/sv\/wp-json\/wp\/v2\/product\/120914","targetHints":{"allow":["GET"]}}],"collection":[{"href":"https:\/\/kinamihealth.com\/sv\/wp-json\/wp\/v2\/product"}],"about":[{"href":"https:\/\/kinamihealth.com\/sv\/wp-json\/wp\/v2\/types\/product"}],"replies":[{"embeddable":true,"href":"https:\/\/kinamihealth.com\/sv\/wp-json\/wp\/v2\/comments?post=120914"}],"version-history":[{"count":1,"href":"https:\/\/kinamihealth.com\/sv\/wp-json\/wp\/v2\/product\/120914\/revisions"}],"predecessor-version":[{"id":133911,"href":"https:\/\/kinamihealth.com\/sv\/wp-json\/wp\/v2\/product\/120914\/revisions\/133911"}],"wp:featuredmedia":[{"embeddable":true,"href":"https:\/\/kinamihealth.com\/sv\/wp-json\/wp\/v2\/media\/120915"}],"wp:attachment":[{"href":"https:\/\/kinamihealth.com\/sv\/wp-json\/wp\/v2\/media?parent=120914"}],"wp:term":[{"taxonomy":"product_brand","embeddable":true,"href":"https:\/\/kinamihealth.com\/sv\/wp-json\/wp\/v2\/product_brand?post=120914"},{"taxonomy":"product_cat","embeddable":true,"href":"https:\/\/kinamihealth.com\/sv\/wp-json\/wp\/v2\/product_cat?post=120914"},{"taxonomy":"product_tag","embeddable":true,"href":"https:\/\/kinamihealth.com\/sv\/wp-json\/wp\/v2\/product_tag?post=120914"}],"curies":[{"name":"wp","href":"https:\/\/api.w.org\/{rel}","templated":true}]}}