{"id":120912,"date":"2025-02-15T16:58:04","date_gmt":"2025-02-15T16:58:04","guid":{"rendered":"https:\/\/kinamihealth.com\/product\/stylage-m\/"},"modified":"2025-12-13T16:26:34","modified_gmt":"2025-12-13T16:26:34","slug":"stylage-m","status":"publish","type":"product","link":"https:\/\/kinamihealth.com\/sv\/produkt\/stylage-m\/","title":{"rendered":"STYLAGE\u00ae M"},"content":{"rendered":"<p><span style=\"font-weight: 400;\">Stylage M \u00e4r en h\u00f6gkvalitativ <\/span><b>hyaluronsyra filler<\/b><span style=\"font-weight: 400;\"> som erbjuder en icke-kirurgisk l\u00f6sning f\u00f6r ansiktsf\u00f6ryngring, rynkkorrigering och volym\u00f6kning av h\u00e4nderna. Dess <\/span><b>unika mannitolberikade formula<\/b><span style=\"font-weight: 400;\"> skiljer den fr\u00e5n konkurrenterna genom att <\/span><b>minska oxidativ stress och f\u00f6rb\u00e4ttra livsl\u00e4ngden<\/b><span style=\"font-weight: 400;\">. Kliniker och estetiska specialister kan med f\u00f6rtroende k\u00f6pa Stylage M fr\u00e5n Kinami Health webbutik f\u00f6r att ge patienterna s\u00e4kra, effektiva och l\u00e5ngvariga resultat.<\/span><\/p>\n","protected":false},"excerpt":{"rendered":"<p>Stylage M \u00e4r en h\u00f6gkvalitativ hyaluronsyra filler som erbjuder en icke-kirurgisk l\u00f6sning f\u00f6r ansiktsf\u00f6ryngring, rynkkorrigering och volym\u00f6kning av h\u00e4nderna. Dess unika mannitolberikade formula skiljer den fr\u00e5n konkurrenterna genom att minska oxidativ stress och f\u00f6rb\u00e4ttra livsl\u00e4ngden. Kliniker och estetiska specialister kan med f\u00f6rtroende k\u00f6pa Stylage M fr\u00e5n Kinami Health webbutik f\u00f6r att ge patienterna s\u00e4kra, effektiva [&hellip;]<\/p>\n","protected":false},"featured_media":120913,"comment_status":"open","ping_status":"closed","template":"","meta":{"_acf_changed":false,"inline_featured_image":false},"product_brand":[3181],"product_cat":[3265,3260],"product_tag":[3256],"class_list":{"0":"post-120912","1":"product","2":"type-product","3":"status-publish","4":"has-post-thumbnail","6":"product_brand-stylage","7":"product_cat-ha-dermal-fillers","8":"product_cat-dermal-fillers-sv","9":"product_tag-medical-devices-sv","11":"first","12":"instock","13":"taxable","14":"shipping-taxable","15":"purchasable","16":"product-type-simple","17":"add-to-wishlist-before_image"},"acf":[],"yoast_head":"<!-- This site is optimized with the Yoast SEO plugin v27.1.1 - https:\/\/yoast.com\/product\/yoast-seo-wordpress\/ -->\n<title>K\u00f6p Stylage M online: L\u00e5ngvarig hyaluronsyrafiller<\/title>\n<meta name=\"description\" content=\"K\u00f6p Stylage M online: H\u00f6gkvalitativt och l\u00e5ngvarigt fyllmedel. Perfekt f\u00f6r att j\u00e4mna ut rynkor, konturera ansiktet och f\u00f6ryngra h\u00e4nderna. Best\u00e4ll idag!\" \/>\n<meta name=\"robots\" content=\"index, follow, max-snippet:-1, max-image-preview:large, max-video-preview:-1\" \/>\n<link rel=\"canonical\" href=\"https:\/\/kinamihealth.com\/sv\/wp-json\/wp\/v2\/product\/120912\" \/>\n<meta property=\"og:locale\" content=\"sv_SE\" \/>\n<meta property=\"og:type\" content=\"article\" \/>\n<meta property=\"og:title\" content=\"K\u00f6p Stylage M online: L\u00e5ngvarig hyaluronsyrafiller\" \/>\n<meta property=\"og:description\" content=\"K\u00f6p Stylage M online: H\u00f6gkvalitativt och l\u00e5ngvarigt fyllmedel. Perfekt f\u00f6r att j\u00e4mna ut rynkor, konturera ansiktet och f\u00f6ryngra h\u00e4nderna. Best\u00e4ll idag!\" \/>\n<meta property=\"og:url\" content=\"https:\/\/kinamihealth.com\/sv\/produkt\/stylage-m\/\" \/>\n<meta property=\"og:site_name\" content=\"Kinami Health\" \/>\n<meta property=\"article:modified_time\" content=\"2025-12-13T16:26:34+00:00\" \/>\n<meta property=\"og:image\" content=\"https:\/\/kinamihealth.com\/wp-content\/uploads\/2025\/02\/STYLAGE-M_Front.webp\" \/>\n\t<meta property=\"og:image:width\" content=\"1500\" \/>\n\t<meta property=\"og:image:height\" content=\"1500\" \/>\n\t<meta property=\"og:image:type\" content=\"image\/webp\" \/>\n<meta name=\"twitter:card\" content=\"summary_large_image\" \/>\n<meta name=\"twitter:label1\" content=\"Ber\u00e4knad l\u00e4stid\" \/>\n\t<meta name=\"twitter:data1\" content=\"1 minut\" \/>\n<!-- \/ Yoast SEO plugin. -->","yoast_head_json":{"title":"K\u00f6p Stylage M online: L\u00e5ngvarig hyaluronsyrafiller","description":"K\u00f6p Stylage M online: H\u00f6gkvalitativt och l\u00e5ngvarigt fyllmedel. Perfekt f\u00f6r att j\u00e4mna ut rynkor, konturera ansiktet och f\u00f6ryngra h\u00e4nderna. Best\u00e4ll idag!","robots":{"index":"index","follow":"follow","max-snippet":"max-snippet:-1","max-image-preview":"max-image-preview:large","max-video-preview":"max-video-preview:-1"},"canonical":"https:\/\/kinamihealth.com\/sv\/wp-json\/wp\/v2\/product\/120912","og_locale":"sv_SE","og_type":"article","og_title":"K\u00f6p Stylage M online: L\u00e5ngvarig hyaluronsyrafiller","og_description":"K\u00f6p Stylage M online: H\u00f6gkvalitativt och l\u00e5ngvarigt fyllmedel. Perfekt f\u00f6r att j\u00e4mna ut rynkor, konturera ansiktet och f\u00f6ryngra h\u00e4nderna. Best\u00e4ll idag!","og_url":"https:\/\/kinamihealth.com\/sv\/produkt\/stylage-m\/","og_site_name":"Kinami Health","article_modified_time":"2025-12-13T16:26:34+00:00","og_image":[{"width":1500,"height":1500,"url":"https:\/\/kinamihealth.com\/wp-content\/uploads\/2025\/02\/STYLAGE-M_Front.webp","type":"image\/webp"}],"twitter_card":"summary_large_image","twitter_misc":{"Ber\u00e4knad l\u00e4stid":"1 minut"},"schema":{"@context":"https:\/\/schema.org","@graph":[{"@type":"WebPage","@id":"https:\/\/kinamihealth.com\/sv\/produkt\/stylage-m\/","url":"https:\/\/kinamihealth.com\/sv\/produkt\/stylage-m\/","name":"K\u00f6p Stylage M online: L\u00e5ngvarig hyaluronsyrafiller","isPartOf":{"@id":"https:\/\/kinamihealth.com\/#website"},"primaryImageOfPage":{"@id":"https:\/\/kinamihealth.com\/sv\/produkt\/stylage-m\/#primaryimage"},"image":{"@id":"https:\/\/kinamihealth.com\/sv\/produkt\/stylage-m\/#primaryimage"},"thumbnailUrl":"https:\/\/kinamihealth.com\/wp-content\/uploads\/2025\/02\/STYLAGE-M_Front.webp","datePublished":"2025-02-15T16:58:04+00:00","dateModified":"2025-12-13T16:26:34+00:00","description":"K\u00f6p Stylage M online: H\u00f6gkvalitativt och l\u00e5ngvarigt fyllmedel. Perfekt f\u00f6r att j\u00e4mna ut rynkor, konturera ansiktet och f\u00f6ryngra h\u00e4nderna. Best\u00e4ll idag!","breadcrumb":{"@id":"https:\/\/kinamihealth.com\/sv\/produkt\/stylage-m\/#breadcrumb"},"inLanguage":"sv-SE","potentialAction":[{"@type":"ReadAction","target":["https:\/\/kinamihealth.com\/sv\/produkt\/stylage-m\/"]}]},{"@type":"ImageObject","inLanguage":"sv-SE","@id":"https:\/\/kinamihealth.com\/sv\/produkt\/stylage-m\/#primaryimage","url":"https:\/\/kinamihealth.com\/wp-content\/uploads\/2025\/02\/STYLAGE-M_Front.webp","contentUrl":"https:\/\/kinamihealth.com\/wp-content\/uploads\/2025\/02\/STYLAGE-M_Front.webp","width":1500,"height":1500},{"@type":"BreadcrumbList","@id":"https:\/\/kinamihealth.com\/sv\/produkt\/stylage-m\/#breadcrumb","itemListElement":[{"@type":"ListItem","position":1,"name":"Hem","item":"https:\/\/kinamihealth.com\/sr\/"},{"@type":"ListItem","position":2,"name":"Butik","item":"https:\/\/kinamihealth.com\/sv\/?page_id=127810"},{"@type":"ListItem","position":3,"name":"STYLAGE\u00ae M"}]},{"@type":"WebSite","@id":"https:\/\/kinamihealth.com\/#website","url":"https:\/\/kinamihealth.com\/","name":"Kinami Health","description":"","publisher":{"@id":"https:\/\/kinamihealth.com\/#organization"},"potentialAction":[{"@type":"SearchAction","target":{"@type":"EntryPoint","urlTemplate":"https:\/\/kinamihealth.com\/?s={search_term_string}"},"query-input":{"@type":"PropertyValueSpecification","valueRequired":true,"valueName":"search_term_string"}}],"inLanguage":"sv-SE"},{"@type":"Organization","@id":"https:\/\/kinamihealth.com\/#organization","name":"Kinami Health","url":"https:\/\/kinamihealth.com\/","logo":{"@type":"ImageObject","inLanguage":"sv-SE","@id":"https:\/\/kinamihealth.com\/#\/schema\/logo\/image\/","url":"https:\/\/kinamihealth.com\/wp-content\/uploads\/2025\/01\/KH_logo_black_2-1.png","contentUrl":"https:\/\/kinamihealth.com\/wp-content\/uploads\/2025\/01\/KH_logo_black_2-1.png","width":339,"height":34,"caption":"Kinami Health"},"image":{"@id":"https:\/\/kinamihealth.com\/#\/schema\/logo\/image\/"}}]}},"_links":{"self":[{"href":"https:\/\/kinamihealth.com\/sv\/wp-json\/wp\/v2\/product\/120912","targetHints":{"allow":["GET"]}}],"collection":[{"href":"https:\/\/kinamihealth.com\/sv\/wp-json\/wp\/v2\/product"}],"about":[{"href":"https:\/\/kinamihealth.com\/sv\/wp-json\/wp\/v2\/types\/product"}],"replies":[{"embeddable":true,"href":"https:\/\/kinamihealth.com\/sv\/wp-json\/wp\/v2\/comments?post=120912"}],"version-history":[{"count":0,"href":"https:\/\/kinamihealth.com\/sv\/wp-json\/wp\/v2\/product\/120912\/revisions"}],"wp:featuredmedia":[{"embeddable":true,"href":"https:\/\/kinamihealth.com\/sv\/wp-json\/wp\/v2\/media\/120913"}],"wp:attachment":[{"href":"https:\/\/kinamihealth.com\/sv\/wp-json\/wp\/v2\/media?parent=120912"}],"wp:term":[{"taxonomy":"product_brand","embeddable":true,"href":"https:\/\/kinamihealth.com\/sv\/wp-json\/wp\/v2\/product_brand?post=120912"},{"taxonomy":"product_cat","embeddable":true,"href":"https:\/\/kinamihealth.com\/sv\/wp-json\/wp\/v2\/product_cat?post=120912"},{"taxonomy":"product_tag","embeddable":true,"href":"https:\/\/kinamihealth.com\/sv\/wp-json\/wp\/v2\/product_tag?post=120912"}],"curies":[{"name":"wp","href":"https:\/\/api.w.org\/{rel}","templated":true}]}}