{"id":120908,"date":"2025-02-15T16:58:03","date_gmt":"2025-02-15T16:58:03","guid":{"rendered":"https:\/\/kinamihealth.com\/product\/stylage-lips-plus-bi-soft-with-lidocaine\/"},"modified":"2025-11-07T11:45:55","modified_gmt":"2025-11-07T11:45:55","slug":"stylage-lips-plus-bi-soft-with-lidocaine","status":"publish","type":"product","link":"https:\/\/kinamihealth.com\/sv\/produkt\/stylage-lips-plus-bi-soft-with-lidocaine\/","title":{"rendered":"STYLAGE\u00ae LIPS PLUS BI-SOFT\u00ae with Lidocaine"},"content":{"rendered":"<p><span style=\"font-weight: 400;\">L\u00e4ppf\u00f6rstoring \u00e4r en viktig del av moderna estetiska behandlingar, och <\/span><b>Stylage Lips Plus Bi-Soft med lidokain<\/b><span style=\"font-weight: 400;\"> \u00e4r en f\u00f6rstklassig l\u00f6sning <\/span><b>f\u00f6r naturliga och l\u00e5ngvariga resultat<\/b><span style=\"font-weight: 400;\">. Denna h\u00f6gkvalitativa hudfyllare baserad p\u00e5 hyaluronsyra \u00e4r speciellt utformad f\u00f6r att f\u00f6rstora l\u00e4ppvolymen, f\u00f6rfina konturerna och bibeh\u00e5lla fuktigheten. Den garanterar ocks\u00e5 en <\/span><b>bekv\u00e4m injektionsupplevelse tack vare tillsatsen av lidokain<\/b><span style=\"font-weight: 400;\">. Medicinsk personal som vill <\/span><b>k\u00f6pa Stylage Lips Plus Bi-Soft<\/b><span style=\"font-weight: 400;\"> kan g\u00f6ra det i Kinami Health webbutik.<\/span><\/p>\n","protected":false},"excerpt":{"rendered":"<p>L\u00e4ppf\u00f6rstoring \u00e4r en viktig del av moderna estetiska behandlingar, och Stylage Lips Plus Bi-Soft med lidokain \u00e4r en f\u00f6rstklassig l\u00f6sning f\u00f6r naturliga och l\u00e5ngvariga resultat. Denna h\u00f6gkvalitativa hudfyllare baserad p\u00e5 hyaluronsyra \u00e4r speciellt utformad f\u00f6r att f\u00f6rstora l\u00e4ppvolymen, f\u00f6rfina konturerna och bibeh\u00e5lla fuktigheten. Den garanterar ocks\u00e5 en bekv\u00e4m injektionsupplevelse tack vare tillsatsen av lidokain. Medicinsk [&hellip;]<\/p>\n","protected":false},"featured_media":120911,"comment_status":"closed","ping_status":"closed","template":"","meta":{"_acf_changed":false,"inline_featured_image":false},"product_brand":[3181],"product_cat":[3265,3260],"product_tag":[3256],"class_list":{"0":"post-120908","1":"product","2":"type-product","3":"status-publish","4":"has-post-thumbnail","6":"product_brand-stylage","7":"product_cat-ha-dermal-fillers","8":"product_cat-dermal-fillers-sv","9":"product_tag-medical-devices-sv","11":"first","12":"instock","13":"taxable","14":"shipping-taxable","15":"purchasable","16":"product-type-simple","17":"add-to-wishlist-before_image"},"acf":[],"yoast_head":"<!-- This site is optimized with the Yoast SEO plugin v27.3 - https:\/\/yoast.com\/product\/yoast-seo-wordpress\/ -->\n<title>K\u00f6p Stylage Lips Plus Bi-Soft online: Premium l\u00e4ppfyllnadsmedel<\/title>\n<meta name=\"description\" content=\"K\u00f6p Stylage Lips Plus Bi-Soft online f\u00f6r naturlig l\u00e4ppf\u00f6rstoring. F\u00f6rb\u00e4ttra volym, definition och fuktighet. Best\u00e4ll idag!\" \/>\n<meta name=\"robots\" content=\"index, follow, max-snippet:-1, max-image-preview:large, max-video-preview:-1\" \/>\n<link rel=\"canonical\" href=\"https:\/\/kinamihealth.com\/sv\/wp-json\/wp\/v2\/product\/120908\" \/>\n<meta property=\"og:locale\" content=\"sv_SE\" \/>\n<meta property=\"og:type\" content=\"article\" \/>\n<meta property=\"og:title\" content=\"K\u00f6p Stylage Lips Plus Bi-Soft online: Premium l\u00e4ppfyllnadsmedel\" \/>\n<meta property=\"og:description\" content=\"K\u00f6p Stylage Lips Plus Bi-Soft online f\u00f6r naturlig l\u00e4ppf\u00f6rstoring. F\u00f6rb\u00e4ttra volym, definition och fuktighet. Best\u00e4ll idag!\" \/>\n<meta property=\"og:url\" content=\"https:\/\/kinamihealth.com\/sv\/produkt\/stylage-lips-plus-bi-soft-with-lidocaine\/\" \/>\n<meta property=\"og:site_name\" content=\"Kinami Health\" \/>\n<meta property=\"article:modified_time\" content=\"2025-11-07T11:45:55+00:00\" \/>\n<meta property=\"og:image\" content=\"https:\/\/kinamihealth.com\/wp-content\/uploads\/2025\/02\/STYLAGE-LIPS-PLUS-BI-SOFT-with-Lidocaine_Front.webp\" \/>\n\t<meta property=\"og:image:width\" content=\"1500\" \/>\n\t<meta property=\"og:image:height\" content=\"1500\" \/>\n\t<meta property=\"og:image:type\" content=\"image\/webp\" \/>\n<meta name=\"twitter:card\" content=\"summary_large_image\" \/>\n<meta name=\"twitter:label1\" content=\"Ber\u00e4knad l\u00e4stid\" \/>\n\t<meta name=\"twitter:data1\" content=\"1 minut\" \/>\n<!-- \/ Yoast SEO plugin. -->","yoast_head_json":{"title":"K\u00f6p Stylage Lips Plus Bi-Soft online: Premium l\u00e4ppfyllnadsmedel","description":"K\u00f6p Stylage Lips Plus Bi-Soft online f\u00f6r naturlig l\u00e4ppf\u00f6rstoring. F\u00f6rb\u00e4ttra volym, definition och fuktighet. Best\u00e4ll idag!","robots":{"index":"index","follow":"follow","max-snippet":"max-snippet:-1","max-image-preview":"max-image-preview:large","max-video-preview":"max-video-preview:-1"},"canonical":"https:\/\/kinamihealth.com\/sv\/wp-json\/wp\/v2\/product\/120908","og_locale":"sv_SE","og_type":"article","og_title":"K\u00f6p Stylage Lips Plus Bi-Soft online: Premium l\u00e4ppfyllnadsmedel","og_description":"K\u00f6p Stylage Lips Plus Bi-Soft online f\u00f6r naturlig l\u00e4ppf\u00f6rstoring. F\u00f6rb\u00e4ttra volym, definition och fuktighet. Best\u00e4ll idag!","og_url":"https:\/\/kinamihealth.com\/sv\/produkt\/stylage-lips-plus-bi-soft-with-lidocaine\/","og_site_name":"Kinami Health","article_modified_time":"2025-11-07T11:45:55+00:00","og_image":[{"width":1500,"height":1500,"url":"https:\/\/kinamihealth.com\/wp-content\/uploads\/2025\/02\/STYLAGE-LIPS-PLUS-BI-SOFT-with-Lidocaine_Front.webp","type":"image\/webp"}],"twitter_card":"summary_large_image","twitter_misc":{"Ber\u00e4knad l\u00e4stid":"1 minut"},"schema":{"@context":"https:\/\/schema.org","@graph":[{"@type":"WebPage","@id":"https:\/\/kinamihealth.com\/sv\/produkt\/stylage-lips-plus-bi-soft-with-lidocaine\/","url":"https:\/\/kinamihealth.com\/sv\/produkt\/stylage-lips-plus-bi-soft-with-lidocaine\/","name":"K\u00f6p Stylage Lips Plus Bi-Soft online: Premium l\u00e4ppfyllnadsmedel","isPartOf":{"@id":"https:\/\/kinamihealth.com\/#website"},"primaryImageOfPage":{"@id":"https:\/\/kinamihealth.com\/sv\/produkt\/stylage-lips-plus-bi-soft-with-lidocaine\/#primaryimage"},"image":{"@id":"https:\/\/kinamihealth.com\/sv\/produkt\/stylage-lips-plus-bi-soft-with-lidocaine\/#primaryimage"},"thumbnailUrl":"https:\/\/kinamihealth.com\/wp-content\/uploads\/2025\/02\/STYLAGE-LIPS-PLUS-BI-SOFT-with-Lidocaine_Front.webp","datePublished":"2025-02-15T16:58:03+00:00","dateModified":"2025-11-07T11:45:55+00:00","description":"K\u00f6p Stylage Lips Plus Bi-Soft online f\u00f6r naturlig l\u00e4ppf\u00f6rstoring. F\u00f6rb\u00e4ttra volym, definition och fuktighet. Best\u00e4ll idag!","breadcrumb":{"@id":"https:\/\/kinamihealth.com\/sv\/produkt\/stylage-lips-plus-bi-soft-with-lidocaine\/#breadcrumb"},"inLanguage":"sv-SE","potentialAction":[{"@type":"ReadAction","target":["https:\/\/kinamihealth.com\/sv\/produkt\/stylage-lips-plus-bi-soft-with-lidocaine\/"]}]},{"@type":"ImageObject","inLanguage":"sv-SE","@id":"https:\/\/kinamihealth.com\/sv\/produkt\/stylage-lips-plus-bi-soft-with-lidocaine\/#primaryimage","url":"https:\/\/kinamihealth.com\/wp-content\/uploads\/2025\/02\/STYLAGE-LIPS-PLUS-BI-SOFT-with-Lidocaine_Front.webp","contentUrl":"https:\/\/kinamihealth.com\/wp-content\/uploads\/2025\/02\/STYLAGE-LIPS-PLUS-BI-SOFT-with-Lidocaine_Front.webp","width":1500,"height":1500},{"@type":"BreadcrumbList","@id":"https:\/\/kinamihealth.com\/sv\/produkt\/stylage-lips-plus-bi-soft-with-lidocaine\/#breadcrumb","itemListElement":[{"@type":"ListItem","position":1,"name":"Hem","item":"https:\/\/kinamihealth.com\/sr\/"},{"@type":"ListItem","position":2,"name":"Butik","item":"https:\/\/kinamihealth.com\/sv\/?page_id=127810"},{"@type":"ListItem","position":3,"name":"STYLAGE\u00ae LIPS PLUS BI-SOFT\u00ae with Lidocaine"}]},{"@type":"WebSite","@id":"https:\/\/kinamihealth.com\/#website","url":"https:\/\/kinamihealth.com\/","name":"Kinami Health","description":"","publisher":{"@id":"https:\/\/kinamihealth.com\/#organization"},"potentialAction":[{"@type":"SearchAction","target":{"@type":"EntryPoint","urlTemplate":"https:\/\/kinamihealth.com\/?s={search_term_string}"},"query-input":{"@type":"PropertyValueSpecification","valueRequired":true,"valueName":"search_term_string"}}],"inLanguage":"sv-SE"},{"@type":"Organization","@id":"https:\/\/kinamihealth.com\/#organization","name":"Kinami Health","url":"https:\/\/kinamihealth.com\/","logo":{"@type":"ImageObject","inLanguage":"sv-SE","@id":"https:\/\/kinamihealth.com\/#\/schema\/logo\/image\/","url":"https:\/\/kinamihealth.com\/wp-content\/uploads\/2025\/01\/KH_logo_black_2-1.png","contentUrl":"https:\/\/kinamihealth.com\/wp-content\/uploads\/2025\/01\/KH_logo_black_2-1.png","width":339,"height":34,"caption":"Kinami Health"},"image":{"@id":"https:\/\/kinamihealth.com\/#\/schema\/logo\/image\/"}}]}},"_links":{"self":[{"href":"https:\/\/kinamihealth.com\/sv\/wp-json\/wp\/v2\/product\/120908","targetHints":{"allow":["GET"]}}],"collection":[{"href":"https:\/\/kinamihealth.com\/sv\/wp-json\/wp\/v2\/product"}],"about":[{"href":"https:\/\/kinamihealth.com\/sv\/wp-json\/wp\/v2\/types\/product"}],"replies":[{"embeddable":true,"href":"https:\/\/kinamihealth.com\/sv\/wp-json\/wp\/v2\/comments?post=120908"}],"version-history":[{"count":0,"href":"https:\/\/kinamihealth.com\/sv\/wp-json\/wp\/v2\/product\/120908\/revisions"}],"wp:featuredmedia":[{"embeddable":true,"href":"https:\/\/kinamihealth.com\/sv\/wp-json\/wp\/v2\/media\/120911"}],"wp:attachment":[{"href":"https:\/\/kinamihealth.com\/sv\/wp-json\/wp\/v2\/media?parent=120908"}],"wp:term":[{"taxonomy":"product_brand","embeddable":true,"href":"https:\/\/kinamihealth.com\/sv\/wp-json\/wp\/v2\/product_brand?post=120908"},{"taxonomy":"product_cat","embeddable":true,"href":"https:\/\/kinamihealth.com\/sv\/wp-json\/wp\/v2\/product_cat?post=120908"},{"taxonomy":"product_tag","embeddable":true,"href":"https:\/\/kinamihealth.com\/sv\/wp-json\/wp\/v2\/product_tag?post=120908"}],"curies":[{"name":"wp","href":"https:\/\/api.w.org\/{rel}","templated":true}]}}