{"id":120898,"date":"2025-02-15T16:58:00","date_gmt":"2025-02-15T16:58:00","guid":{"rendered":"https:\/\/kinamihealth.com\/product\/stylage-l-bi-soft\/"},"modified":"2026-03-18T09:24:11","modified_gmt":"2026-03-18T09:24:11","slug":"stylage-l-bi-soft","status":"publish","type":"product","link":"https:\/\/kinamihealth.com\/sv\/produkt\/stylage-l-bi-soft\/","title":{"rendered":"STYLAGE\u00ae L BI-SOFT\u00ae"},"content":{"rendered":"<p><span style=\"font-weight: 400;\">Stylage L Bi-Soft utm\u00e4rker sig som en effektiv, l\u00e5ngvarig l\u00f6sning f\u00f6r djupa rynkor och ansiktskonturering. Med sin <\/span><b>innovativa Bi-Soft-teknik<\/b><span style=\"font-weight: 400;\"> garanterar den <\/span><b>precisa, bekv\u00e4ma och kontrollerade injektioner<\/b><span style=\"font-weight: 400;\">. Legitimerad medicinsk personal som vill f\u00f6rb\u00e4ttra sina estetiska behandlingar kan <\/span><b>k\u00f6pa Stylage L Bi-Soft online<\/b><span style=\"font-weight: 400;\"> fr\u00e5n Kinami Health webbutik.<\/span><\/p>\n","protected":false},"excerpt":{"rendered":"<p>Stylage L Bi-Soft utm\u00e4rker sig som en effektiv, l\u00e5ngvarig l\u00f6sning f\u00f6r djupa rynkor och ansiktskonturering. Med sin innovativa Bi-Soft-teknik garanterar den precisa, bekv\u00e4ma och kontrollerade injektioner. Legitimerad medicinsk personal som vill f\u00f6rb\u00e4ttra sina estetiska behandlingar kan k\u00f6pa Stylage L Bi-Soft online fr\u00e5n Kinami Health webbutik.<\/p>\n","protected":false},"featured_media":120896,"comment_status":"closed","ping_status":"closed","template":"","meta":{"_acf_changed":false,"inline_featured_image":false},"product_brand":[3181],"product_cat":[3265,3260],"product_tag":[3256],"class_list":{"0":"post-120898","1":"product","2":"type-product","3":"status-publish","4":"has-post-thumbnail","6":"product_brand-stylage","7":"product_cat-ha-dermal-fillers","8":"product_cat-dermal-fillers-sv","9":"product_tag-medical-devices-sv","11":"first","12":"instock","13":"taxable","14":"shipping-taxable","15":"purchasable","16":"product-type-simple","17":"add-to-wishlist-before_image"},"acf":[],"yoast_head":"<!-- This site is optimized with the Yoast SEO plugin v27.1.1 - https:\/\/yoast.com\/product\/yoast-seo-wordpress\/ -->\n<title>K\u00f6p Stylage L Bi-Soft online: Premiumfyllmedel f\u00f6r djupa rynkor<\/title>\n<meta name=\"description\" content=\"K\u00f6p Stylage L Bi-Soft online f\u00f6r effektiv korrigering av djupa rynkor, ansiktskonturering och f\u00f6ryngring av h\u00e4nderna. L\u00e5ngvariga resultat!\" \/>\n<meta name=\"robots\" content=\"index, follow, max-snippet:-1, max-image-preview:large, max-video-preview:-1\" \/>\n<link rel=\"canonical\" href=\"https:\/\/kinamihealth.com\/sv\/wp-json\/wp\/v2\/product\/120898\" \/>\n<meta property=\"og:locale\" content=\"sv_SE\" \/>\n<meta property=\"og:type\" content=\"article\" \/>\n<meta property=\"og:title\" content=\"K\u00f6p Stylage L Bi-Soft online: Premiumfyllmedel f\u00f6r djupa rynkor\" \/>\n<meta property=\"og:description\" content=\"K\u00f6p Stylage L Bi-Soft online f\u00f6r effektiv korrigering av djupa rynkor, ansiktskonturering och f\u00f6ryngring av h\u00e4nderna. L\u00e5ngvariga resultat!\" \/>\n<meta property=\"og:url\" content=\"https:\/\/kinamihealth.com\/sv\/produkt\/stylage-l-bi-soft\/\" \/>\n<meta property=\"og:site_name\" content=\"Kinami Health\" \/>\n<meta property=\"article:modified_time\" content=\"2026-03-18T09:24:11+00:00\" \/>\n<meta property=\"og:image\" content=\"https:\/\/kinamihealth.com\/wp-content\/uploads\/2025\/02\/VIVACY-STYLAGE-L-BISOFT-02.jpg\" \/>\n\t<meta property=\"og:image:width\" content=\"800\" \/>\n\t<meta property=\"og:image:height\" content=\"800\" \/>\n\t<meta property=\"og:image:type\" content=\"image\/jpeg\" \/>\n<meta name=\"twitter:card\" content=\"summary_large_image\" \/>\n<meta name=\"twitter:label1\" content=\"Ber\u00e4knad l\u00e4stid\" \/>\n\t<meta name=\"twitter:data1\" content=\"1 minut\" \/>\n<!-- \/ Yoast SEO plugin. -->","yoast_head_json":{"title":"K\u00f6p Stylage L Bi-Soft online: Premiumfyllmedel f\u00f6r djupa rynkor","description":"K\u00f6p Stylage L Bi-Soft online f\u00f6r effektiv korrigering av djupa rynkor, ansiktskonturering och f\u00f6ryngring av h\u00e4nderna. L\u00e5ngvariga resultat!","robots":{"index":"index","follow":"follow","max-snippet":"max-snippet:-1","max-image-preview":"max-image-preview:large","max-video-preview":"max-video-preview:-1"},"canonical":"https:\/\/kinamihealth.com\/sv\/wp-json\/wp\/v2\/product\/120898","og_locale":"sv_SE","og_type":"article","og_title":"K\u00f6p Stylage L Bi-Soft online: Premiumfyllmedel f\u00f6r djupa rynkor","og_description":"K\u00f6p Stylage L Bi-Soft online f\u00f6r effektiv korrigering av djupa rynkor, ansiktskonturering och f\u00f6ryngring av h\u00e4nderna. L\u00e5ngvariga resultat!","og_url":"https:\/\/kinamihealth.com\/sv\/produkt\/stylage-l-bi-soft\/","og_site_name":"Kinami Health","article_modified_time":"2026-03-18T09:24:11+00:00","og_image":[{"width":800,"height":800,"url":"https:\/\/kinamihealth.com\/wp-content\/uploads\/2025\/02\/VIVACY-STYLAGE-L-BISOFT-02.jpg","type":"image\/jpeg"}],"twitter_card":"summary_large_image","twitter_misc":{"Ber\u00e4knad l\u00e4stid":"1 minut"},"schema":{"@context":"https:\/\/schema.org","@graph":[{"@type":"WebPage","@id":"https:\/\/kinamihealth.com\/sv\/produkt\/stylage-l-bi-soft\/","url":"https:\/\/kinamihealth.com\/sv\/produkt\/stylage-l-bi-soft\/","name":"K\u00f6p Stylage L Bi-Soft online: Premiumfyllmedel f\u00f6r djupa rynkor","isPartOf":{"@id":"https:\/\/kinamihealth.com\/#website"},"primaryImageOfPage":{"@id":"https:\/\/kinamihealth.com\/sv\/produkt\/stylage-l-bi-soft\/#primaryimage"},"image":{"@id":"https:\/\/kinamihealth.com\/sv\/produkt\/stylage-l-bi-soft\/#primaryimage"},"thumbnailUrl":"https:\/\/kinamihealth.com\/wp-content\/uploads\/2025\/02\/VIVACY-STYLAGE-L-BISOFT-02.jpg","datePublished":"2025-02-15T16:58:00+00:00","dateModified":"2026-03-18T09:24:11+00:00","description":"K\u00f6p Stylage L Bi-Soft online f\u00f6r effektiv korrigering av djupa rynkor, ansiktskonturering och f\u00f6ryngring av h\u00e4nderna. L\u00e5ngvariga resultat!","breadcrumb":{"@id":"https:\/\/kinamihealth.com\/sv\/produkt\/stylage-l-bi-soft\/#breadcrumb"},"inLanguage":"sv-SE","potentialAction":[{"@type":"ReadAction","target":["https:\/\/kinamihealth.com\/sv\/produkt\/stylage-l-bi-soft\/"]}]},{"@type":"ImageObject","inLanguage":"sv-SE","@id":"https:\/\/kinamihealth.com\/sv\/produkt\/stylage-l-bi-soft\/#primaryimage","url":"https:\/\/kinamihealth.com\/wp-content\/uploads\/2025\/02\/VIVACY-STYLAGE-L-BISOFT-02.jpg","contentUrl":"https:\/\/kinamihealth.com\/wp-content\/uploads\/2025\/02\/VIVACY-STYLAGE-L-BISOFT-02.jpg","width":800,"height":800},{"@type":"BreadcrumbList","@id":"https:\/\/kinamihealth.com\/sv\/produkt\/stylage-l-bi-soft\/#breadcrumb","itemListElement":[{"@type":"ListItem","position":1,"name":"Hem","item":"https:\/\/kinamihealth.com\/sr\/"},{"@type":"ListItem","position":2,"name":"Butik","item":"https:\/\/kinamihealth.com\/sv\/?page_id=127810"},{"@type":"ListItem","position":3,"name":"STYLAGE\u00ae L BI-SOFT\u00ae"}]},{"@type":"WebSite","@id":"https:\/\/kinamihealth.com\/#website","url":"https:\/\/kinamihealth.com\/","name":"Kinami Health","description":"","publisher":{"@id":"https:\/\/kinamihealth.com\/#organization"},"potentialAction":[{"@type":"SearchAction","target":{"@type":"EntryPoint","urlTemplate":"https:\/\/kinamihealth.com\/?s={search_term_string}"},"query-input":{"@type":"PropertyValueSpecification","valueRequired":true,"valueName":"search_term_string"}}],"inLanguage":"sv-SE"},{"@type":"Organization","@id":"https:\/\/kinamihealth.com\/#organization","name":"Kinami Health","url":"https:\/\/kinamihealth.com\/","logo":{"@type":"ImageObject","inLanguage":"sv-SE","@id":"https:\/\/kinamihealth.com\/#\/schema\/logo\/image\/","url":"https:\/\/kinamihealth.com\/wp-content\/uploads\/2025\/01\/KH_logo_black_2-1.png","contentUrl":"https:\/\/kinamihealth.com\/wp-content\/uploads\/2025\/01\/KH_logo_black_2-1.png","width":339,"height":34,"caption":"Kinami Health"},"image":{"@id":"https:\/\/kinamihealth.com\/#\/schema\/logo\/image\/"}}]}},"_links":{"self":[{"href":"https:\/\/kinamihealth.com\/sv\/wp-json\/wp\/v2\/product\/120898","targetHints":{"allow":["GET"]}}],"collection":[{"href":"https:\/\/kinamihealth.com\/sv\/wp-json\/wp\/v2\/product"}],"about":[{"href":"https:\/\/kinamihealth.com\/sv\/wp-json\/wp\/v2\/types\/product"}],"replies":[{"embeddable":true,"href":"https:\/\/kinamihealth.com\/sv\/wp-json\/wp\/v2\/comments?post=120898"}],"version-history":[{"count":1,"href":"https:\/\/kinamihealth.com\/sv\/wp-json\/wp\/v2\/product\/120898\/revisions"}],"predecessor-version":[{"id":133895,"href":"https:\/\/kinamihealth.com\/sv\/wp-json\/wp\/v2\/product\/120898\/revisions\/133895"}],"wp:featuredmedia":[{"embeddable":true,"href":"https:\/\/kinamihealth.com\/sv\/wp-json\/wp\/v2\/media\/120896"}],"wp:attachment":[{"href":"https:\/\/kinamihealth.com\/sv\/wp-json\/wp\/v2\/media?parent=120898"}],"wp:term":[{"taxonomy":"product_brand","embeddable":true,"href":"https:\/\/kinamihealth.com\/sv\/wp-json\/wp\/v2\/product_brand?post=120898"},{"taxonomy":"product_cat","embeddable":true,"href":"https:\/\/kinamihealth.com\/sv\/wp-json\/wp\/v2\/product_cat?post=120898"},{"taxonomy":"product_tag","embeddable":true,"href":"https:\/\/kinamihealth.com\/sv\/wp-json\/wp\/v2\/product_tag?post=120898"}],"curies":[{"name":"wp","href":"https:\/\/api.w.org\/{rel}","templated":true}]}}