{"id":120889,"date":"2025-02-15T16:57:58","date_gmt":"2025-02-15T16:57:58","guid":{"rendered":"https:\/\/kinamihealth.com\/product\/stylage-hydro-bi-soft\/"},"modified":"2025-12-12T18:54:33","modified_gmt":"2025-12-12T18:54:33","slug":"stylage-hydro-bi-soft","status":"publish","type":"product","link":"https:\/\/kinamihealth.com\/sv\/produkt\/stylage-hydro-bi-soft\/","title":{"rendered":"STYLAGE\u00ae HYDRO BI-SOFT\u00ae"},"content":{"rendered":"<p><span style=\"font-weight: 400;\">N\u00e4r det g\u00e4ller djupg\u00e5ende hudfuktning och f\u00f6rb\u00e4ttrad elasticitet \u00e4r <\/span><b>Stylage Hydro Bi-Soft<\/b><span style=\"font-weight: 400;\"> en f\u00f6rstklassig l\u00f6sning. Denna avancerade hudfyllnadsprodukt har utvecklats av <\/span><b>Laboratoires Vivacy<\/b><span style=\"font-weight: 400;\"> och \u00e4r s\u00e4rskilt utformad f\u00f6r att bek\u00e4mpa uttorkning, f\u00f6rb\u00e4ttra hudens struktur och \u00e5terst\u00e4lla ungdomlig lyster. Medicinsk personal kan <\/span><b>k\u00f6pa Stylage Hydro Bi-Soft fr\u00e5n Kinami Health webbutik<\/b><span style=\"font-weight: 400;\">.<\/span><\/p>\n","protected":false},"excerpt":{"rendered":"<p>N\u00e4r det g\u00e4ller djupg\u00e5ende hudfuktning och f\u00f6rb\u00e4ttrad elasticitet \u00e4r Stylage Hydro Bi-Soft en f\u00f6rstklassig l\u00f6sning. Denna avancerade hudfyllnadsprodukt har utvecklats av Laboratoires Vivacy och \u00e4r s\u00e4rskilt utformad f\u00f6r att bek\u00e4mpa uttorkning, f\u00f6rb\u00e4ttra hudens struktur och \u00e5terst\u00e4lla ungdomlig lyster. Medicinsk personal kan k\u00f6pa Stylage Hydro Bi-Soft fr\u00e5n Kinami Health webbutik.<\/p>\n","protected":false},"featured_media":120890,"comment_status":"closed","ping_status":"closed","template":"","meta":{"_acf_changed":false,"inline_featured_image":false},"product_brand":[3181],"product_cat":[3260,3667],"product_tag":[3256],"class_list":{"0":"post-120889","1":"product","2":"type-product","3":"status-publish","4":"has-post-thumbnail","6":"product_brand-stylage","7":"product_cat-dermal-fillers-sv","8":"product_cat-skinboosters-sv","9":"product_tag-medical-devices-sv","11":"first","12":"instock","13":"taxable","14":"shipping-taxable","15":"purchasable","16":"product-type-simple","17":"add-to-wishlist-before_image"},"acf":[],"yoast_head":"<!-- This site is optimized with the Yoast SEO plugin v27.1.1 - https:\/\/yoast.com\/product\/yoast-seo-wordpress\/ -->\n<title>K\u00f6p Stylage Hydro Bi-Soft online: Avancerad fuktighetsl\u00f6sning<\/title>\n<meta name=\"description\" content=\"K\u00f6p Stylage Hydro Bi-Soft online f\u00f6r djupg\u00e5ende \u00e5terfuktning och elasticitet i huden. \u00c5terst\u00e4ller fuktbalansen, f\u00f6rb\u00e4ttrar elasticiteten och f\u00f6rb\u00e4ttrar hudens allm\u00e4nna h\u00e4lsa. Best\u00e4ll idag!\" \/>\n<meta name=\"robots\" content=\"index, follow, max-snippet:-1, max-image-preview:large, max-video-preview:-1\" \/>\n<link rel=\"canonical\" href=\"https:\/\/kinamihealth.com\/sv\/wp-json\/wp\/v2\/product\/120889\" \/>\n<meta property=\"og:locale\" content=\"sv_SE\" \/>\n<meta property=\"og:type\" content=\"article\" \/>\n<meta property=\"og:title\" content=\"K\u00f6p Stylage Hydro Bi-Soft online: Avancerad fuktighetsl\u00f6sning\" \/>\n<meta property=\"og:description\" content=\"K\u00f6p Stylage Hydro Bi-Soft online f\u00f6r djupg\u00e5ende \u00e5terfuktning och elasticitet i huden. \u00c5terst\u00e4ller fuktbalansen, f\u00f6rb\u00e4ttrar elasticiteten och f\u00f6rb\u00e4ttrar hudens allm\u00e4nna h\u00e4lsa. Best\u00e4ll idag!\" \/>\n<meta property=\"og:url\" content=\"https:\/\/kinamihealth.com\/sv\/produkt\/stylage-hydro-bi-soft\/\" \/>\n<meta property=\"og:site_name\" content=\"Kinami Health\" \/>\n<meta property=\"article:modified_time\" content=\"2025-12-12T18:54:33+00:00\" \/>\n<meta property=\"og:image\" content=\"https:\/\/kinamihealth.com\/wp-content\/uploads\/2025\/02\/VIVACY-STYLAGE-HYDRO-BISOFT-01.jpg\" \/>\n\t<meta property=\"og:image:width\" content=\"800\" \/>\n\t<meta property=\"og:image:height\" content=\"800\" \/>\n\t<meta property=\"og:image:type\" content=\"image\/jpeg\" \/>\n<meta name=\"twitter:card\" content=\"summary_large_image\" \/>\n<meta name=\"twitter:label1\" content=\"Ber\u00e4knad l\u00e4stid\" \/>\n\t<meta name=\"twitter:data1\" content=\"1 minut\" \/>\n<!-- \/ Yoast SEO plugin. -->","yoast_head_json":{"title":"K\u00f6p Stylage Hydro Bi-Soft online: Avancerad fuktighetsl\u00f6sning","description":"K\u00f6p Stylage Hydro Bi-Soft online f\u00f6r djupg\u00e5ende \u00e5terfuktning och elasticitet i huden. \u00c5terst\u00e4ller fuktbalansen, f\u00f6rb\u00e4ttrar elasticiteten och f\u00f6rb\u00e4ttrar hudens allm\u00e4nna h\u00e4lsa. Best\u00e4ll idag!","robots":{"index":"index","follow":"follow","max-snippet":"max-snippet:-1","max-image-preview":"max-image-preview:large","max-video-preview":"max-video-preview:-1"},"canonical":"https:\/\/kinamihealth.com\/sv\/wp-json\/wp\/v2\/product\/120889","og_locale":"sv_SE","og_type":"article","og_title":"K\u00f6p Stylage Hydro Bi-Soft online: Avancerad fuktighetsl\u00f6sning","og_description":"K\u00f6p Stylage Hydro Bi-Soft online f\u00f6r djupg\u00e5ende \u00e5terfuktning och elasticitet i huden. \u00c5terst\u00e4ller fuktbalansen, f\u00f6rb\u00e4ttrar elasticiteten och f\u00f6rb\u00e4ttrar hudens allm\u00e4nna h\u00e4lsa. Best\u00e4ll idag!","og_url":"https:\/\/kinamihealth.com\/sv\/produkt\/stylage-hydro-bi-soft\/","og_site_name":"Kinami Health","article_modified_time":"2025-12-12T18:54:33+00:00","og_image":[{"width":800,"height":800,"url":"https:\/\/kinamihealth.com\/wp-content\/uploads\/2025\/02\/VIVACY-STYLAGE-HYDRO-BISOFT-01.jpg","type":"image\/jpeg"}],"twitter_card":"summary_large_image","twitter_misc":{"Ber\u00e4knad l\u00e4stid":"1 minut"},"schema":{"@context":"https:\/\/schema.org","@graph":[{"@type":"WebPage","@id":"https:\/\/kinamihealth.com\/sv\/produkt\/stylage-hydro-bi-soft\/","url":"https:\/\/kinamihealth.com\/sv\/produkt\/stylage-hydro-bi-soft\/","name":"K\u00f6p Stylage Hydro Bi-Soft online: Avancerad fuktighetsl\u00f6sning","isPartOf":{"@id":"https:\/\/kinamihealth.com\/#website"},"primaryImageOfPage":{"@id":"https:\/\/kinamihealth.com\/sv\/produkt\/stylage-hydro-bi-soft\/#primaryimage"},"image":{"@id":"https:\/\/kinamihealth.com\/sv\/produkt\/stylage-hydro-bi-soft\/#primaryimage"},"thumbnailUrl":"https:\/\/kinamihealth.com\/wp-content\/uploads\/2025\/02\/VIVACY-STYLAGE-HYDRO-BISOFT-01.jpg","datePublished":"2025-02-15T16:57:58+00:00","dateModified":"2025-12-12T18:54:33+00:00","description":"K\u00f6p Stylage Hydro Bi-Soft online f\u00f6r djupg\u00e5ende \u00e5terfuktning och elasticitet i huden. \u00c5terst\u00e4ller fuktbalansen, f\u00f6rb\u00e4ttrar elasticiteten och f\u00f6rb\u00e4ttrar hudens allm\u00e4nna h\u00e4lsa. Best\u00e4ll idag!","breadcrumb":{"@id":"https:\/\/kinamihealth.com\/sv\/produkt\/stylage-hydro-bi-soft\/#breadcrumb"},"inLanguage":"sv-SE","potentialAction":[{"@type":"ReadAction","target":["https:\/\/kinamihealth.com\/sv\/produkt\/stylage-hydro-bi-soft\/"]}]},{"@type":"ImageObject","inLanguage":"sv-SE","@id":"https:\/\/kinamihealth.com\/sv\/produkt\/stylage-hydro-bi-soft\/#primaryimage","url":"https:\/\/kinamihealth.com\/wp-content\/uploads\/2025\/02\/VIVACY-STYLAGE-HYDRO-BISOFT-01.jpg","contentUrl":"https:\/\/kinamihealth.com\/wp-content\/uploads\/2025\/02\/VIVACY-STYLAGE-HYDRO-BISOFT-01.jpg","width":800,"height":800},{"@type":"BreadcrumbList","@id":"https:\/\/kinamihealth.com\/sv\/produkt\/stylage-hydro-bi-soft\/#breadcrumb","itemListElement":[{"@type":"ListItem","position":1,"name":"Hem","item":"https:\/\/kinamihealth.com\/sr\/"},{"@type":"ListItem","position":2,"name":"Butik","item":"https:\/\/kinamihealth.com\/sv\/?page_id=127810"},{"@type":"ListItem","position":3,"name":"STYLAGE\u00ae HYDRO BI-SOFT\u00ae"}]},{"@type":"WebSite","@id":"https:\/\/kinamihealth.com\/#website","url":"https:\/\/kinamihealth.com\/","name":"Kinami Health","description":"","publisher":{"@id":"https:\/\/kinamihealth.com\/#organization"},"potentialAction":[{"@type":"SearchAction","target":{"@type":"EntryPoint","urlTemplate":"https:\/\/kinamihealth.com\/?s={search_term_string}"},"query-input":{"@type":"PropertyValueSpecification","valueRequired":true,"valueName":"search_term_string"}}],"inLanguage":"sv-SE"},{"@type":"Organization","@id":"https:\/\/kinamihealth.com\/#organization","name":"Kinami Health","url":"https:\/\/kinamihealth.com\/","logo":{"@type":"ImageObject","inLanguage":"sv-SE","@id":"https:\/\/kinamihealth.com\/#\/schema\/logo\/image\/","url":"https:\/\/kinamihealth.com\/wp-content\/uploads\/2025\/01\/KH_logo_black_2-1.png","contentUrl":"https:\/\/kinamihealth.com\/wp-content\/uploads\/2025\/01\/KH_logo_black_2-1.png","width":339,"height":34,"caption":"Kinami Health"},"image":{"@id":"https:\/\/kinamihealth.com\/#\/schema\/logo\/image\/"}}]}},"_links":{"self":[{"href":"https:\/\/kinamihealth.com\/sv\/wp-json\/wp\/v2\/product\/120889","targetHints":{"allow":["GET"]}}],"collection":[{"href":"https:\/\/kinamihealth.com\/sv\/wp-json\/wp\/v2\/product"}],"about":[{"href":"https:\/\/kinamihealth.com\/sv\/wp-json\/wp\/v2\/types\/product"}],"replies":[{"embeddable":true,"href":"https:\/\/kinamihealth.com\/sv\/wp-json\/wp\/v2\/comments?post=120889"}],"version-history":[{"count":0,"href":"https:\/\/kinamihealth.com\/sv\/wp-json\/wp\/v2\/product\/120889\/revisions"}],"wp:featuredmedia":[{"embeddable":true,"href":"https:\/\/kinamihealth.com\/sv\/wp-json\/wp\/v2\/media\/120890"}],"wp:attachment":[{"href":"https:\/\/kinamihealth.com\/sv\/wp-json\/wp\/v2\/media?parent=120889"}],"wp:term":[{"taxonomy":"product_brand","embeddable":true,"href":"https:\/\/kinamihealth.com\/sv\/wp-json\/wp\/v2\/product_brand?post=120889"},{"taxonomy":"product_cat","embeddable":true,"href":"https:\/\/kinamihealth.com\/sv\/wp-json\/wp\/v2\/product_cat?post=120889"},{"taxonomy":"product_tag","embeddable":true,"href":"https:\/\/kinamihealth.com\/sv\/wp-json\/wp\/v2\/product_tag?post=120889"}],"curies":[{"name":"wp","href":"https:\/\/api.w.org\/{rel}","templated":true}]}}