{"id":120887,"date":"2025-02-15T16:57:57","date_gmt":"2025-02-15T16:57:57","guid":{"rendered":"https:\/\/kinamihealth.com\/product\/softfil-precision-micro-cannula-30g-25mm\/"},"modified":"2025-11-06T17:41:26","modified_gmt":"2025-11-06T17:41:26","slug":"softfil-precision-micro-cannula-30g-25mm","status":"publish","type":"product","link":"https:\/\/kinamihealth.com\/sv\/produkt\/softfil-precision-micro-cannula-30g-25mm\/","title":{"rendered":"SOFTFIL\u00ae PRECISION Micro-Cannula 30G\/25mm"},"content":{"rendered":"<p><span style=\"font-weight: 400;\">Medicinsk personal som s\u00f6ker <\/span><b>h\u00f6gkvalitativa injektionsverktyg<\/b><span style=\"font-weight: 400;\"> kan nu k\u00f6pa Softfil Precision Micro-Cannula 30G\/25mm i <\/span><b><i>Kinami Health onlinebutik<\/i><\/b><span style=\"font-weight: 400;\">. Denna avancerade mikrokanyl \u00e4r utformad f\u00f6r att <\/span><b>\u00f6ka precisionen och s\u00e4kerheten<\/b><span style=\"font-weight: 400;\"> vid estetiska och medicinska ingrepp. Den \u00e4r konstruerad f\u00f6r <\/span><b>smidiga och kontrollerade injektioner<\/b><span style=\"font-weight: 400;\"> och minimerar trauma, obehag och bl\u00e5m\u00e4rken samtidigt som den s\u00e4kerst\u00e4ller en <\/span><b>optimal patientupplevelse<\/b><span style=\"font-weight: 400;\">.<\/span><\/p>\n","protected":false},"excerpt":{"rendered":"<p>Medicinsk personal som s\u00f6ker h\u00f6gkvalitativa injektionsverktyg kan nu k\u00f6pa Softfil Precision Micro-Cannula 30G\/25mm i Kinami Health onlinebutik. Denna avancerade mikrokanyl \u00e4r utformad f\u00f6r att \u00f6ka precisionen och s\u00e4kerheten vid estetiska och medicinska ingrepp. Den \u00e4r konstruerad f\u00f6r smidiga och kontrollerade injektioner och minimerar trauma, obehag och bl\u00e5m\u00e4rken samtidigt som den s\u00e4kerst\u00e4ller en optimal patientupplevelse.<\/p>\n","protected":false},"featured_media":120888,"comment_status":"closed","ping_status":"closed","template":"","meta":{"_acf_changed":false,"inline_featured_image":false},"product_brand":[3180],"product_cat":[3648],"product_tag":[3256],"class_list":{"0":"post-120887","1":"product","2":"type-product","3":"status-publish","4":"has-post-thumbnail","6":"product_brand-softfil","7":"product_cat-cannulas-and-needles-sv","8":"product_tag-medical-devices-sv","10":"first","11":"instock","12":"taxable","13":"shipping-taxable","14":"purchasable","15":"product-type-simple","16":"add-to-wishlist-before_image"},"acf":[],"yoast_head":"<!-- This site is optimized with the Yoast SEO plugin v27.3 - https:\/\/yoast.com\/product\/yoast-seo-wordpress\/ -->\n<title>K\u00f6p Softfil Precision Micro-Cannula 30G\/25mm online f\u00f6r precis injektion<\/title>\n<meta name=\"description\" content=\"K\u00f6p Softfil Precision Micro-Cannula 30G\/25 mm online \u2013 ultrafint, flexibelt utf\u00f6rande f\u00f6r precisa, bekv\u00e4ma fillerinjektioner med minimalt trauma. Best\u00e4ll idag!\" \/>\n<meta name=\"robots\" content=\"index, follow, max-snippet:-1, max-image-preview:large, max-video-preview:-1\" \/>\n<link rel=\"canonical\" href=\"https:\/\/kinamihealth.com\/sv\/wp-json\/wp\/v2\/product\/120887\" \/>\n<meta property=\"og:locale\" content=\"sv_SE\" \/>\n<meta property=\"og:type\" content=\"article\" \/>\n<meta property=\"og:title\" content=\"K\u00f6p Softfil Precision Micro-Cannula 30G\/25mm online f\u00f6r precis injektion\" \/>\n<meta property=\"og:description\" content=\"K\u00f6p Softfil Precision Micro-Cannula 30G\/25 mm online \u2013 ultrafint, flexibelt utf\u00f6rande f\u00f6r precisa, bekv\u00e4ma fillerinjektioner med minimalt trauma. Best\u00e4ll idag!\" \/>\n<meta property=\"og:url\" content=\"https:\/\/kinamihealth.com\/sv\/produkt\/softfil-precision-micro-cannula-30g-25mm\/\" \/>\n<meta property=\"og:site_name\" content=\"Kinami Health\" \/>\n<meta property=\"article:modified_time\" content=\"2025-11-06T17:41:26+00:00\" \/>\n<meta property=\"og:image\" content=\"https:\/\/kinamihealth.com\/wp-content\/uploads\/2025\/02\/SOFTFILL-CANNULA-30G25MMXL-01.jpg\" \/>\n\t<meta property=\"og:image:width\" content=\"800\" \/>\n\t<meta property=\"og:image:height\" content=\"800\" \/>\n\t<meta property=\"og:image:type\" content=\"image\/jpeg\" \/>\n<meta name=\"twitter:card\" content=\"summary_large_image\" \/>\n<meta name=\"twitter:label1\" content=\"Ber\u00e4knad l\u00e4stid\" \/>\n\t<meta name=\"twitter:data1\" content=\"1 minut\" \/>\n<!-- \/ Yoast SEO plugin. -->","yoast_head_json":{"title":"K\u00f6p Softfil Precision Micro-Cannula 30G\/25mm online f\u00f6r precis injektion","description":"K\u00f6p Softfil Precision Micro-Cannula 30G\/25 mm online \u2013 ultrafint, flexibelt utf\u00f6rande f\u00f6r precisa, bekv\u00e4ma fillerinjektioner med minimalt trauma. Best\u00e4ll idag!","robots":{"index":"index","follow":"follow","max-snippet":"max-snippet:-1","max-image-preview":"max-image-preview:large","max-video-preview":"max-video-preview:-1"},"canonical":"https:\/\/kinamihealth.com\/sv\/wp-json\/wp\/v2\/product\/120887","og_locale":"sv_SE","og_type":"article","og_title":"K\u00f6p Softfil Precision Micro-Cannula 30G\/25mm online f\u00f6r precis injektion","og_description":"K\u00f6p Softfil Precision Micro-Cannula 30G\/25 mm online \u2013 ultrafint, flexibelt utf\u00f6rande f\u00f6r precisa, bekv\u00e4ma fillerinjektioner med minimalt trauma. Best\u00e4ll idag!","og_url":"https:\/\/kinamihealth.com\/sv\/produkt\/softfil-precision-micro-cannula-30g-25mm\/","og_site_name":"Kinami Health","article_modified_time":"2025-11-06T17:41:26+00:00","og_image":[{"width":800,"height":800,"url":"https:\/\/kinamihealth.com\/wp-content\/uploads\/2025\/02\/SOFTFILL-CANNULA-30G25MMXL-01.jpg","type":"image\/jpeg"}],"twitter_card":"summary_large_image","twitter_misc":{"Ber\u00e4knad l\u00e4stid":"1 minut"},"schema":{"@context":"https:\/\/schema.org","@graph":[{"@type":"WebPage","@id":"https:\/\/kinamihealth.com\/sv\/produkt\/softfil-precision-micro-cannula-30g-25mm\/","url":"https:\/\/kinamihealth.com\/sv\/produkt\/softfil-precision-micro-cannula-30g-25mm\/","name":"K\u00f6p Softfil Precision Micro-Cannula 30G\/25mm online f\u00f6r precis injektion","isPartOf":{"@id":"https:\/\/kinamihealth.com\/#website"},"primaryImageOfPage":{"@id":"https:\/\/kinamihealth.com\/sv\/produkt\/softfil-precision-micro-cannula-30g-25mm\/#primaryimage"},"image":{"@id":"https:\/\/kinamihealth.com\/sv\/produkt\/softfil-precision-micro-cannula-30g-25mm\/#primaryimage"},"thumbnailUrl":"https:\/\/kinamihealth.com\/wp-content\/uploads\/2025\/02\/SOFTFILL-CANNULA-30G25MMXL-01.jpg","datePublished":"2025-02-15T16:57:57+00:00","dateModified":"2025-11-06T17:41:26+00:00","description":"K\u00f6p Softfil Precision Micro-Cannula 30G\/25 mm online \u2013 ultrafint, flexibelt utf\u00f6rande f\u00f6r precisa, bekv\u00e4ma fillerinjektioner med minimalt trauma. Best\u00e4ll idag!","breadcrumb":{"@id":"https:\/\/kinamihealth.com\/sv\/produkt\/softfil-precision-micro-cannula-30g-25mm\/#breadcrumb"},"inLanguage":"sv-SE","potentialAction":[{"@type":"ReadAction","target":["https:\/\/kinamihealth.com\/sv\/produkt\/softfil-precision-micro-cannula-30g-25mm\/"]}]},{"@type":"ImageObject","inLanguage":"sv-SE","@id":"https:\/\/kinamihealth.com\/sv\/produkt\/softfil-precision-micro-cannula-30g-25mm\/#primaryimage","url":"https:\/\/kinamihealth.com\/wp-content\/uploads\/2025\/02\/SOFTFILL-CANNULA-30G25MMXL-01.jpg","contentUrl":"https:\/\/kinamihealth.com\/wp-content\/uploads\/2025\/02\/SOFTFILL-CANNULA-30G25MMXL-01.jpg","width":800,"height":800},{"@type":"BreadcrumbList","@id":"https:\/\/kinamihealth.com\/sv\/produkt\/softfil-precision-micro-cannula-30g-25mm\/#breadcrumb","itemListElement":[{"@type":"ListItem","position":1,"name":"Hem","item":"https:\/\/kinamihealth.com\/sr\/"},{"@type":"ListItem","position":2,"name":"Butik","item":"https:\/\/kinamihealth.com\/sv\/?page_id=127810"},{"@type":"ListItem","position":3,"name":"SOFTFIL\u00ae PRECISION Micro-Cannula 30G\/25mm"}]},{"@type":"WebSite","@id":"https:\/\/kinamihealth.com\/#website","url":"https:\/\/kinamihealth.com\/","name":"Kinami Health","description":"","publisher":{"@id":"https:\/\/kinamihealth.com\/#organization"},"potentialAction":[{"@type":"SearchAction","target":{"@type":"EntryPoint","urlTemplate":"https:\/\/kinamihealth.com\/?s={search_term_string}"},"query-input":{"@type":"PropertyValueSpecification","valueRequired":true,"valueName":"search_term_string"}}],"inLanguage":"sv-SE"},{"@type":"Organization","@id":"https:\/\/kinamihealth.com\/#organization","name":"Kinami Health","url":"https:\/\/kinamihealth.com\/","logo":{"@type":"ImageObject","inLanguage":"sv-SE","@id":"https:\/\/kinamihealth.com\/#\/schema\/logo\/image\/","url":"https:\/\/kinamihealth.com\/wp-content\/uploads\/2025\/01\/KH_logo_black_2-1.png","contentUrl":"https:\/\/kinamihealth.com\/wp-content\/uploads\/2025\/01\/KH_logo_black_2-1.png","width":339,"height":34,"caption":"Kinami Health"},"image":{"@id":"https:\/\/kinamihealth.com\/#\/schema\/logo\/image\/"}}]}},"_links":{"self":[{"href":"https:\/\/kinamihealth.com\/sv\/wp-json\/wp\/v2\/product\/120887","targetHints":{"allow":["GET"]}}],"collection":[{"href":"https:\/\/kinamihealth.com\/sv\/wp-json\/wp\/v2\/product"}],"about":[{"href":"https:\/\/kinamihealth.com\/sv\/wp-json\/wp\/v2\/types\/product"}],"replies":[{"embeddable":true,"href":"https:\/\/kinamihealth.com\/sv\/wp-json\/wp\/v2\/comments?post=120887"}],"version-history":[{"count":0,"href":"https:\/\/kinamihealth.com\/sv\/wp-json\/wp\/v2\/product\/120887\/revisions"}],"wp:featuredmedia":[{"embeddable":true,"href":"https:\/\/kinamihealth.com\/sv\/wp-json\/wp\/v2\/media\/120888"}],"wp:attachment":[{"href":"https:\/\/kinamihealth.com\/sv\/wp-json\/wp\/v2\/media?parent=120887"}],"wp:term":[{"taxonomy":"product_brand","embeddable":true,"href":"https:\/\/kinamihealth.com\/sv\/wp-json\/wp\/v2\/product_brand?post=120887"},{"taxonomy":"product_cat","embeddable":true,"href":"https:\/\/kinamihealth.com\/sv\/wp-json\/wp\/v2\/product_cat?post=120887"},{"taxonomy":"product_tag","embeddable":true,"href":"https:\/\/kinamihealth.com\/sv\/wp-json\/wp\/v2\/product_tag?post=120887"}],"curies":[{"name":"wp","href":"https:\/\/api.w.org\/{rel}","templated":true}]}}