{"id":120879,"date":"2025-02-15T16:57:52","date_gmt":"2025-02-15T16:57:52","guid":{"rendered":"https:\/\/kinamihealth.com\/product\/softfil-precision-micro-cannula-22g-50mm\/"},"modified":"2025-11-06T17:32:39","modified_gmt":"2025-11-06T17:32:39","slug":"softfil-precision-micro-cannula-22g-50mm","status":"publish","type":"product","link":"https:\/\/kinamihealth.com\/sv\/produkt\/softfil-precision-micro-cannula-22g-50mm\/","title":{"rendered":"SOFTFIL\u00ae PRECISION Micro-Cannula 22G\/50mm"},"content":{"rendered":"<p><span style=\"font-weight: 400;\">Denna <\/span><b>mikrokanul med trubbig spets<\/b><span style=\"font-weight: 400;\"> \u00e4r utformad f\u00f6r optimal kontroll och patientkomfort, minskar v\u00e4vnadstrauma och<\/span><b> f\u00f6rb\u00e4ttrar fyllnadsmedlets integration<\/b><span style=\"font-weight: 400;\"> f\u00f6r ett felfritt, naturligt resultat. Oavsett om du vill f\u00f6rstora l\u00e4pparna, \u00e5terst\u00e4lla volym eller f\u00f6rfina ansiktskonturerna, ger Softfil Precision Micro-Cannula 22G\/50 mm<\/span><b> exceptionell prestanda<\/b><span style=\"font-weight: 400;\">.\u00a0<\/span><\/p>\n","protected":false},"excerpt":{"rendered":"<p>Denna mikrokanul med trubbig spets \u00e4r utformad f\u00f6r optimal kontroll och patientkomfort, minskar v\u00e4vnadstrauma och f\u00f6rb\u00e4ttrar fyllnadsmedlets integration f\u00f6r ett felfritt, naturligt resultat. Oavsett om du vill f\u00f6rstora l\u00e4pparna, \u00e5terst\u00e4lla volym eller f\u00f6rfina ansiktskonturerna, ger Softfil Precision Micro-Cannula 22G\/50 mm exceptionell prestanda.\u00a0<\/p>\n","protected":false},"featured_media":120880,"comment_status":"closed","ping_status":"closed","template":"","meta":{"_acf_changed":false,"inline_featured_image":false},"product_brand":[3180],"product_cat":[3648],"product_tag":[3256],"class_list":{"0":"post-120879","1":"product","2":"type-product","3":"status-publish","4":"has-post-thumbnail","6":"product_brand-softfil","7":"product_cat-cannulas-and-needles-sv","8":"product_tag-medical-devices-sv","10":"first","11":"instock","12":"taxable","13":"shipping-taxable","14":"purchasable","15":"product-type-simple","16":"add-to-wishlist-before_image"},"acf":[],"yoast_head":"<!-- This site is optimized with the Yoast SEO plugin v27.3 - https:\/\/yoast.com\/product\/yoast-seo-wordpress\/ -->\n<title>K\u00f6p Softfil Precision Micro-Cannula 22G\/50mm online p\u00e5 Kinami Health<\/title>\n<meta name=\"description\" content=\"K\u00f6p Softfil Precision Micro-Cannula 22G\/50mm online p\u00e5 Kinami Health. Utformad f\u00f6r precisa och minimalt invasiva fyllnadsapplikationer av produkter.\" \/>\n<meta name=\"robots\" content=\"index, follow, max-snippet:-1, max-image-preview:large, max-video-preview:-1\" \/>\n<link rel=\"canonical\" href=\"https:\/\/kinamihealth.com\/sv\/wp-json\/wp\/v2\/product\/120879\" \/>\n<meta property=\"og:locale\" content=\"sv_SE\" \/>\n<meta property=\"og:type\" content=\"article\" \/>\n<meta property=\"og:title\" content=\"K\u00f6p Softfil Precision Micro-Cannula 22G\/50mm online p\u00e5 Kinami Health\" \/>\n<meta property=\"og:description\" content=\"K\u00f6p Softfil Precision Micro-Cannula 22G\/50mm online p\u00e5 Kinami Health. Utformad f\u00f6r precisa och minimalt invasiva fyllnadsapplikationer av produkter.\" \/>\n<meta property=\"og:url\" content=\"https:\/\/kinamihealth.com\/sv\/produkt\/softfil-precision-micro-cannula-22g-50mm\/\" \/>\n<meta property=\"og:site_name\" content=\"Kinami Health\" \/>\n<meta property=\"article:modified_time\" content=\"2025-11-06T17:32:39+00:00\" \/>\n<meta property=\"og:image\" content=\"https:\/\/kinamihealth.com\/wp-content\/uploads\/2025\/02\/SOFTFILL-CANNULA-22G50MMXL-01.jpg\" \/>\n\t<meta property=\"og:image:width\" content=\"800\" \/>\n\t<meta property=\"og:image:height\" content=\"800\" \/>\n\t<meta property=\"og:image:type\" content=\"image\/jpeg\" \/>\n<meta name=\"twitter:card\" content=\"summary_large_image\" \/>\n<meta name=\"twitter:label1\" content=\"Ber\u00e4knad l\u00e4stid\" \/>\n\t<meta name=\"twitter:data1\" content=\"1 minut\" \/>\n<!-- \/ Yoast SEO plugin. -->","yoast_head_json":{"title":"K\u00f6p Softfil Precision Micro-Cannula 22G\/50mm online p\u00e5 Kinami Health","description":"K\u00f6p Softfil Precision Micro-Cannula 22G\/50mm online p\u00e5 Kinami Health. Utformad f\u00f6r precisa och minimalt invasiva fyllnadsapplikationer av produkter.","robots":{"index":"index","follow":"follow","max-snippet":"max-snippet:-1","max-image-preview":"max-image-preview:large","max-video-preview":"max-video-preview:-1"},"canonical":"https:\/\/kinamihealth.com\/sv\/wp-json\/wp\/v2\/product\/120879","og_locale":"sv_SE","og_type":"article","og_title":"K\u00f6p Softfil Precision Micro-Cannula 22G\/50mm online p\u00e5 Kinami Health","og_description":"K\u00f6p Softfil Precision Micro-Cannula 22G\/50mm online p\u00e5 Kinami Health. Utformad f\u00f6r precisa och minimalt invasiva fyllnadsapplikationer av produkter.","og_url":"https:\/\/kinamihealth.com\/sv\/produkt\/softfil-precision-micro-cannula-22g-50mm\/","og_site_name":"Kinami Health","article_modified_time":"2025-11-06T17:32:39+00:00","og_image":[{"width":800,"height":800,"url":"https:\/\/kinamihealth.com\/wp-content\/uploads\/2025\/02\/SOFTFILL-CANNULA-22G50MMXL-01.jpg","type":"image\/jpeg"}],"twitter_card":"summary_large_image","twitter_misc":{"Ber\u00e4knad l\u00e4stid":"1 minut"},"schema":{"@context":"https:\/\/schema.org","@graph":[{"@type":"WebPage","@id":"https:\/\/kinamihealth.com\/sv\/produkt\/softfil-precision-micro-cannula-22g-50mm\/","url":"https:\/\/kinamihealth.com\/sv\/produkt\/softfil-precision-micro-cannula-22g-50mm\/","name":"K\u00f6p Softfil Precision Micro-Cannula 22G\/50mm online p\u00e5 Kinami Health","isPartOf":{"@id":"https:\/\/kinamihealth.com\/#website"},"primaryImageOfPage":{"@id":"https:\/\/kinamihealth.com\/sv\/produkt\/softfil-precision-micro-cannula-22g-50mm\/#primaryimage"},"image":{"@id":"https:\/\/kinamihealth.com\/sv\/produkt\/softfil-precision-micro-cannula-22g-50mm\/#primaryimage"},"thumbnailUrl":"https:\/\/kinamihealth.com\/wp-content\/uploads\/2025\/02\/SOFTFILL-CANNULA-22G50MMXL-01.jpg","datePublished":"2025-02-15T16:57:52+00:00","dateModified":"2025-11-06T17:32:39+00:00","description":"K\u00f6p Softfil Precision Micro-Cannula 22G\/50mm online p\u00e5 Kinami Health. Utformad f\u00f6r precisa och minimalt invasiva fyllnadsapplikationer av produkter.","breadcrumb":{"@id":"https:\/\/kinamihealth.com\/sv\/produkt\/softfil-precision-micro-cannula-22g-50mm\/#breadcrumb"},"inLanguage":"sv-SE","potentialAction":[{"@type":"ReadAction","target":["https:\/\/kinamihealth.com\/sv\/produkt\/softfil-precision-micro-cannula-22g-50mm\/"]}]},{"@type":"ImageObject","inLanguage":"sv-SE","@id":"https:\/\/kinamihealth.com\/sv\/produkt\/softfil-precision-micro-cannula-22g-50mm\/#primaryimage","url":"https:\/\/kinamihealth.com\/wp-content\/uploads\/2025\/02\/SOFTFILL-CANNULA-22G50MMXL-01.jpg","contentUrl":"https:\/\/kinamihealth.com\/wp-content\/uploads\/2025\/02\/SOFTFILL-CANNULA-22G50MMXL-01.jpg","width":800,"height":800},{"@type":"BreadcrumbList","@id":"https:\/\/kinamihealth.com\/sv\/produkt\/softfil-precision-micro-cannula-22g-50mm\/#breadcrumb","itemListElement":[{"@type":"ListItem","position":1,"name":"Hem","item":"https:\/\/kinamihealth.com\/sr\/"},{"@type":"ListItem","position":2,"name":"Butik","item":"https:\/\/kinamihealth.com\/sv\/?page_id=127810"},{"@type":"ListItem","position":3,"name":"SOFTFIL\u00ae PRECISION Micro-Cannula 22G\/50mm"}]},{"@type":"WebSite","@id":"https:\/\/kinamihealth.com\/#website","url":"https:\/\/kinamihealth.com\/","name":"Kinami Health","description":"","publisher":{"@id":"https:\/\/kinamihealth.com\/#organization"},"potentialAction":[{"@type":"SearchAction","target":{"@type":"EntryPoint","urlTemplate":"https:\/\/kinamihealth.com\/?s={search_term_string}"},"query-input":{"@type":"PropertyValueSpecification","valueRequired":true,"valueName":"search_term_string"}}],"inLanguage":"sv-SE"},{"@type":"Organization","@id":"https:\/\/kinamihealth.com\/#organization","name":"Kinami Health","url":"https:\/\/kinamihealth.com\/","logo":{"@type":"ImageObject","inLanguage":"sv-SE","@id":"https:\/\/kinamihealth.com\/#\/schema\/logo\/image\/","url":"https:\/\/kinamihealth.com\/wp-content\/uploads\/2025\/01\/KH_logo_black_2-1.png","contentUrl":"https:\/\/kinamihealth.com\/wp-content\/uploads\/2025\/01\/KH_logo_black_2-1.png","width":339,"height":34,"caption":"Kinami Health"},"image":{"@id":"https:\/\/kinamihealth.com\/#\/schema\/logo\/image\/"}}]}},"_links":{"self":[{"href":"https:\/\/kinamihealth.com\/sv\/wp-json\/wp\/v2\/product\/120879","targetHints":{"allow":["GET"]}}],"collection":[{"href":"https:\/\/kinamihealth.com\/sv\/wp-json\/wp\/v2\/product"}],"about":[{"href":"https:\/\/kinamihealth.com\/sv\/wp-json\/wp\/v2\/types\/product"}],"replies":[{"embeddable":true,"href":"https:\/\/kinamihealth.com\/sv\/wp-json\/wp\/v2\/comments?post=120879"}],"version-history":[{"count":0,"href":"https:\/\/kinamihealth.com\/sv\/wp-json\/wp\/v2\/product\/120879\/revisions"}],"wp:featuredmedia":[{"embeddable":true,"href":"https:\/\/kinamihealth.com\/sv\/wp-json\/wp\/v2\/media\/120880"}],"wp:attachment":[{"href":"https:\/\/kinamihealth.com\/sv\/wp-json\/wp\/v2\/media?parent=120879"}],"wp:term":[{"taxonomy":"product_brand","embeddable":true,"href":"https:\/\/kinamihealth.com\/sv\/wp-json\/wp\/v2\/product_brand?post=120879"},{"taxonomy":"product_cat","embeddable":true,"href":"https:\/\/kinamihealth.com\/sv\/wp-json\/wp\/v2\/product_cat?post=120879"},{"taxonomy":"product_tag","embeddable":true,"href":"https:\/\/kinamihealth.com\/sv\/wp-json\/wp\/v2\/product_tag?post=120879"}],"curies":[{"name":"wp","href":"https:\/\/api.w.org\/{rel}","templated":true}]}}