{"id":120872,"date":"2025-02-15T16:57:50","date_gmt":"2025-02-15T16:57:50","guid":{"rendered":"https:\/\/kinamihealth.com\/product\/silhouette-soft-8-cones\/"},"modified":"2025-11-06T16:08:35","modified_gmt":"2025-11-06T16:08:35","slug":"silhouette-soft-8-cones","status":"publish","type":"product","link":"https:\/\/kinamihealth.com\/sv\/produkt\/silhouette-soft-8-cones\/","title":{"rendered":"SILHOUETTE SOFT\u00ae 8 CONES"},"content":{"rendered":"<p><span style=\"font-weight: 400;\">Silhouette Soft 8 Cones \u00e4r en <\/span><b>icke-kirurgisk tr\u00e5dlyftningsanordning<\/b><span style=\"font-weight: 400;\"> utformad f\u00f6r att \u00e5terst\u00e4lla ansiktskonturer och f\u00f6ryngra \u00e5ldrande hud. Denna innovativa l\u00f6sning best\u00e5r av <\/span><b>biologiskt nedbrytbar poly-L-mj\u00f6lksyra (PLLA) och polymj\u00f6lksyra-glykolsyra (PLGA)<\/b><span style=\"font-weight: 400;\"> och ger en <\/span><b>omedelbar lyftande effekt<\/b><span style=\"font-weight: 400;\"> samtidigt som den stimulerar kollagenproduktionen f\u00f6r l\u00e5ngvarig hudf\u00f6rb\u00e4ttring.\u00a0<\/span><\/p>\n","protected":false},"excerpt":{"rendered":"<p>Silhouette Soft 8 Cones \u00e4r en icke-kirurgisk tr\u00e5dlyftningsanordning utformad f\u00f6r att \u00e5terst\u00e4lla ansiktskonturer och f\u00f6ryngra \u00e5ldrande hud. Denna innovativa l\u00f6sning best\u00e5r av biologiskt nedbrytbar poly-L-mj\u00f6lksyra (PLLA) och polymj\u00f6lksyra-glykolsyra (PLGA) och ger en omedelbar lyftande effekt samtidigt som den stimulerar kollagenproduktionen f\u00f6r l\u00e5ngvarig hudf\u00f6rb\u00e4ttring.\u00a0<\/p>\n","protected":false},"featured_media":120876,"comment_status":"closed","ping_status":"closed","template":"","meta":{"_acf_changed":false,"inline_featured_image":false},"product_brand":[3179],"product_cat":[4006,3643],"product_tag":[3256],"class_list":{"0":"post-120872","1":"product","2":"type-product","3":"status-publish","4":"has-post-thumbnail","6":"product_brand-silhouette-soft","7":"product_cat-pla-threads-sv","8":"product_cat-threads-sv","9":"product_tag-medical-devices-sv","11":"first","12":"instock","13":"taxable","14":"shipping-taxable","15":"purchasable","16":"product-type-simple","17":"add-to-wishlist-before_image"},"acf":[],"yoast_head":"<!-- This site is optimized with the Yoast SEO plugin v27.1.1 - https:\/\/yoast.com\/product\/yoast-seo-wordpress\/ -->\n<title>K\u00f6p Silhouette Soft 8 Cones online \u2013 lyfttr\u00e5dar av medicinsk kvalitet<\/title>\n<meta name=\"description\" content=\"K\u00f6p Silhouette Soft 8 Cones online f\u00f6r professionell icke-kirurgisk ansiktslyftning. Uppn\u00e5 naturlig hudf\u00f6ryngring med kollagenstimulerande tr\u00e5dar. Best\u00e4ll nu.\" \/>\n<meta name=\"robots\" content=\"index, follow, max-snippet:-1, max-image-preview:large, max-video-preview:-1\" \/>\n<link rel=\"canonical\" href=\"https:\/\/kinamihealth.com\/sv\/wp-json\/wp\/v2\/product\/120872\" \/>\n<meta property=\"og:locale\" content=\"sv_SE\" \/>\n<meta property=\"og:type\" content=\"article\" \/>\n<meta property=\"og:title\" content=\"K\u00f6p Silhouette Soft 8 Cones online \u2013 lyfttr\u00e5dar av medicinsk kvalitet\" \/>\n<meta property=\"og:description\" content=\"K\u00f6p Silhouette Soft 8 Cones online f\u00f6r professionell icke-kirurgisk ansiktslyftning. Uppn\u00e5 naturlig hudf\u00f6ryngring med kollagenstimulerande tr\u00e5dar. Best\u00e4ll nu.\" \/>\n<meta property=\"og:url\" content=\"https:\/\/kinamihealth.com\/sv\/produkt\/silhouette-soft-8-cones\/\" \/>\n<meta property=\"og:site_name\" content=\"Kinami Health\" \/>\n<meta property=\"article:modified_time\" content=\"2025-11-06T16:08:35+00:00\" \/>\n<meta property=\"og:image\" content=\"https:\/\/kinamihealth.com\/wp-content\/uploads\/2025\/02\/SILHOUETTE-SOFT-8CONES-04.jpg\" \/>\n\t<meta property=\"og:image:width\" content=\"800\" \/>\n\t<meta property=\"og:image:height\" content=\"800\" \/>\n\t<meta property=\"og:image:type\" content=\"image\/jpeg\" \/>\n<meta name=\"twitter:card\" content=\"summary_large_image\" \/>\n<meta name=\"twitter:label1\" content=\"Ber\u00e4knad l\u00e4stid\" \/>\n\t<meta name=\"twitter:data1\" content=\"1 minut\" \/>\n<!-- \/ Yoast SEO plugin. -->","yoast_head_json":{"title":"K\u00f6p Silhouette Soft 8 Cones online \u2013 lyfttr\u00e5dar av medicinsk kvalitet","description":"K\u00f6p Silhouette Soft 8 Cones online f\u00f6r professionell icke-kirurgisk ansiktslyftning. Uppn\u00e5 naturlig hudf\u00f6ryngring med kollagenstimulerande tr\u00e5dar. Best\u00e4ll nu.","robots":{"index":"index","follow":"follow","max-snippet":"max-snippet:-1","max-image-preview":"max-image-preview:large","max-video-preview":"max-video-preview:-1"},"canonical":"https:\/\/kinamihealth.com\/sv\/wp-json\/wp\/v2\/product\/120872","og_locale":"sv_SE","og_type":"article","og_title":"K\u00f6p Silhouette Soft 8 Cones online \u2013 lyfttr\u00e5dar av medicinsk kvalitet","og_description":"K\u00f6p Silhouette Soft 8 Cones online f\u00f6r professionell icke-kirurgisk ansiktslyftning. Uppn\u00e5 naturlig hudf\u00f6ryngring med kollagenstimulerande tr\u00e5dar. Best\u00e4ll nu.","og_url":"https:\/\/kinamihealth.com\/sv\/produkt\/silhouette-soft-8-cones\/","og_site_name":"Kinami Health","article_modified_time":"2025-11-06T16:08:35+00:00","og_image":[{"width":800,"height":800,"url":"https:\/\/kinamihealth.com\/wp-content\/uploads\/2025\/02\/SILHOUETTE-SOFT-8CONES-04.jpg","type":"image\/jpeg"}],"twitter_card":"summary_large_image","twitter_misc":{"Ber\u00e4knad l\u00e4stid":"1 minut"},"schema":{"@context":"https:\/\/schema.org","@graph":[{"@type":"WebPage","@id":"https:\/\/kinamihealth.com\/sv\/produkt\/silhouette-soft-8-cones\/","url":"https:\/\/kinamihealth.com\/sv\/produkt\/silhouette-soft-8-cones\/","name":"K\u00f6p Silhouette Soft 8 Cones online \u2013 lyfttr\u00e5dar av medicinsk kvalitet","isPartOf":{"@id":"https:\/\/kinamihealth.com\/#website"},"primaryImageOfPage":{"@id":"https:\/\/kinamihealth.com\/sv\/produkt\/silhouette-soft-8-cones\/#primaryimage"},"image":{"@id":"https:\/\/kinamihealth.com\/sv\/produkt\/silhouette-soft-8-cones\/#primaryimage"},"thumbnailUrl":"https:\/\/kinamihealth.com\/wp-content\/uploads\/2025\/02\/SILHOUETTE-SOFT-8CONES-04.jpg","datePublished":"2025-02-15T16:57:50+00:00","dateModified":"2025-11-06T16:08:35+00:00","description":"K\u00f6p Silhouette Soft 8 Cones online f\u00f6r professionell icke-kirurgisk ansiktslyftning. Uppn\u00e5 naturlig hudf\u00f6ryngring med kollagenstimulerande tr\u00e5dar. Best\u00e4ll nu.","breadcrumb":{"@id":"https:\/\/kinamihealth.com\/sv\/produkt\/silhouette-soft-8-cones\/#breadcrumb"},"inLanguage":"sv-SE","potentialAction":[{"@type":"ReadAction","target":["https:\/\/kinamihealth.com\/sv\/produkt\/silhouette-soft-8-cones\/"]}]},{"@type":"ImageObject","inLanguage":"sv-SE","@id":"https:\/\/kinamihealth.com\/sv\/produkt\/silhouette-soft-8-cones\/#primaryimage","url":"https:\/\/kinamihealth.com\/wp-content\/uploads\/2025\/02\/SILHOUETTE-SOFT-8CONES-04.jpg","contentUrl":"https:\/\/kinamihealth.com\/wp-content\/uploads\/2025\/02\/SILHOUETTE-SOFT-8CONES-04.jpg","width":800,"height":800},{"@type":"BreadcrumbList","@id":"https:\/\/kinamihealth.com\/sv\/produkt\/silhouette-soft-8-cones\/#breadcrumb","itemListElement":[{"@type":"ListItem","position":1,"name":"Hem","item":"https:\/\/kinamihealth.com\/sr\/"},{"@type":"ListItem","position":2,"name":"Butik","item":"https:\/\/kinamihealth.com\/sv\/?page_id=127810"},{"@type":"ListItem","position":3,"name":"SILHOUETTE SOFT\u00ae 8 CONES"}]},{"@type":"WebSite","@id":"https:\/\/kinamihealth.com\/#website","url":"https:\/\/kinamihealth.com\/","name":"Kinami Health","description":"","publisher":{"@id":"https:\/\/kinamihealth.com\/#organization"},"potentialAction":[{"@type":"SearchAction","target":{"@type":"EntryPoint","urlTemplate":"https:\/\/kinamihealth.com\/?s={search_term_string}"},"query-input":{"@type":"PropertyValueSpecification","valueRequired":true,"valueName":"search_term_string"}}],"inLanguage":"sv-SE"},{"@type":"Organization","@id":"https:\/\/kinamihealth.com\/#organization","name":"Kinami Health","url":"https:\/\/kinamihealth.com\/","logo":{"@type":"ImageObject","inLanguage":"sv-SE","@id":"https:\/\/kinamihealth.com\/#\/schema\/logo\/image\/","url":"https:\/\/kinamihealth.com\/wp-content\/uploads\/2025\/01\/KH_logo_black_2-1.png","contentUrl":"https:\/\/kinamihealth.com\/wp-content\/uploads\/2025\/01\/KH_logo_black_2-1.png","width":339,"height":34,"caption":"Kinami Health"},"image":{"@id":"https:\/\/kinamihealth.com\/#\/schema\/logo\/image\/"}}]}},"_links":{"self":[{"href":"https:\/\/kinamihealth.com\/sv\/wp-json\/wp\/v2\/product\/120872","targetHints":{"allow":["GET"]}}],"collection":[{"href":"https:\/\/kinamihealth.com\/sv\/wp-json\/wp\/v2\/product"}],"about":[{"href":"https:\/\/kinamihealth.com\/sv\/wp-json\/wp\/v2\/types\/product"}],"replies":[{"embeddable":true,"href":"https:\/\/kinamihealth.com\/sv\/wp-json\/wp\/v2\/comments?post=120872"}],"version-history":[{"count":0,"href":"https:\/\/kinamihealth.com\/sv\/wp-json\/wp\/v2\/product\/120872\/revisions"}],"wp:featuredmedia":[{"embeddable":true,"href":"https:\/\/kinamihealth.com\/sv\/wp-json\/wp\/v2\/media\/120876"}],"wp:attachment":[{"href":"https:\/\/kinamihealth.com\/sv\/wp-json\/wp\/v2\/media?parent=120872"}],"wp:term":[{"taxonomy":"product_brand","embeddable":true,"href":"https:\/\/kinamihealth.com\/sv\/wp-json\/wp\/v2\/product_brand?post=120872"},{"taxonomy":"product_cat","embeddable":true,"href":"https:\/\/kinamihealth.com\/sv\/wp-json\/wp\/v2\/product_cat?post=120872"},{"taxonomy":"product_tag","embeddable":true,"href":"https:\/\/kinamihealth.com\/sv\/wp-json\/wp\/v2\/product_tag?post=120872"}],"curies":[{"name":"wp","href":"https:\/\/api.w.org\/{rel}","templated":true}]}}