{"id":120867,"date":"2025-02-15T16:57:49","date_gmt":"2025-02-15T16:57:49","guid":{"rendered":"https:\/\/kinamihealth.com\/product\/silhouette-soft-16-cones\/"},"modified":"2025-12-12T18:01:02","modified_gmt":"2025-12-12T18:01:02","slug":"silhouette-soft-16-cones","status":"publish","type":"product","link":"https:\/\/kinamihealth.com\/sv\/produkt\/silhouette-soft-16-cones\/","title":{"rendered":"SILHOUETTE SOFT\u00ae 16 CONES"},"content":{"rendered":"<p><span style=\"font-weight: 400;\">Silhouette Soft 16 Cones \u00e4r <\/span><b>guldstandarden inom icke-kirurgisk ansiktslyftning<\/b><span style=\"font-weight: 400;\"> och erbjuder medicinsk personal en kraftfull l\u00f6sning f\u00f6r huduppstramning och f\u00f6ryngring. Dessa <\/span><b><i>h\u00f6gkvalitativa resorberbara tr\u00e5dar<\/i><\/b><span style=\"font-weight: 400;\"> \u00e4r utformade f\u00f6r <\/span><b>omedelbar lyftning och l\u00e5ngvarig kollagenstimulering<\/b><span style=\"font-weight: 400;\"> och omdefinierar ansiktskonturer, j\u00e4mnar ut rynkor och \u00e5terst\u00e4ller ungdomlig fasthet, allt med <\/span><b>minimal \u00e5terh\u00e4mtningstid<\/b><span style=\"font-weight: 400;\">.\u00a0<\/span><span style=\"font-weight: 400;\">Om du vill h\u00f6ja niv\u00e5n p\u00e5 din estetiska verksamhet kan du k\u00f6pa Silhouette Soft 16 Cones online idag p\u00e5 <\/span><b>\u00a0Kinami Health <\/b><span style=\"font-weight: 400;\">butik \u2013 din p\u00e5litliga leverant\u00f6r av h\u00f6gkvalitativa medicinska tr\u00e5dar.\u00a0<\/span><\/p>\n","protected":false},"excerpt":{"rendered":"<p>Silhouette Soft 16 Cones \u00e4r guldstandarden inom icke-kirurgisk ansiktslyftning och erbjuder medicinsk personal en kraftfull l\u00f6sning f\u00f6r huduppstramning och f\u00f6ryngring. Dessa h\u00f6gkvalitativa resorberbara tr\u00e5dar \u00e4r utformade f\u00f6r omedelbar lyftning och l\u00e5ngvarig kollagenstimulering och omdefinierar ansiktskonturer, j\u00e4mnar ut rynkor och \u00e5terst\u00e4ller ungdomlig fasthet, allt med minimal \u00e5terh\u00e4mtningstid.\u00a0Om du vill h\u00f6ja niv\u00e5n p\u00e5 din estetiska verksamhet kan [&hellip;]<\/p>\n","protected":false},"featured_media":120869,"comment_status":"closed","ping_status":"closed","template":"","meta":{"_acf_changed":false,"inline_featured_image":false},"product_brand":[3179],"product_cat":[4006,3643],"product_tag":[3256],"class_list":{"0":"post-120867","1":"product","2":"type-product","3":"status-publish","4":"has-post-thumbnail","6":"product_brand-silhouette-soft","7":"product_cat-pla-threads-sv","8":"product_cat-threads-sv","9":"product_tag-medical-devices-sv","11":"first","12":"instock","13":"taxable","14":"shipping-taxable","15":"purchasable","16":"product-type-simple","17":"add-to-wishlist-before_image"},"acf":[],"yoast_head":"<!-- This site is optimized with the Yoast SEO plugin v27.3 - https:\/\/yoast.com\/product\/yoast-seo-wordpress\/ -->\n<title>K\u00f6p Silhouette Soft 16 Cones online \u2013 medicinska tr\u00e5dar f\u00f6r hudlyftning<\/title>\n<meta name=\"description\" content=\"K\u00f6p Silhouette Soft 16 Cones online f\u00f6r icke-kirurgisk ansiktslyftning med avancerade resorberbara tr\u00e5dar som stimulerar kollagenproduktionen. Best\u00e4ll nu!\" \/>\n<meta name=\"robots\" content=\"index, follow, max-snippet:-1, max-image-preview:large, max-video-preview:-1\" \/>\n<link rel=\"canonical\" href=\"https:\/\/kinamihealth.com\/sv\/wp-json\/wp\/v2\/product\/120867\" \/>\n<meta property=\"og:locale\" content=\"sv_SE\" \/>\n<meta property=\"og:type\" content=\"article\" \/>\n<meta property=\"og:title\" content=\"K\u00f6p Silhouette Soft 16 Cones online \u2013 medicinska tr\u00e5dar f\u00f6r hudlyftning\" \/>\n<meta property=\"og:description\" content=\"K\u00f6p Silhouette Soft 16 Cones online f\u00f6r icke-kirurgisk ansiktslyftning med avancerade resorberbara tr\u00e5dar som stimulerar kollagenproduktionen. Best\u00e4ll nu!\" \/>\n<meta property=\"og:url\" content=\"https:\/\/kinamihealth.com\/sv\/produkt\/silhouette-soft-16-cones\/\" \/>\n<meta property=\"og:site_name\" content=\"Kinami Health\" \/>\n<meta property=\"article:modified_time\" content=\"2025-12-12T18:01:02+00:00\" \/>\n<meta property=\"og:image\" content=\"https:\/\/kinamihealth.com\/wp-content\/uploads\/2025\/02\/SILHOUETTE-SOFT-16CONES-03.jpg\" \/>\n\t<meta property=\"og:image:width\" content=\"800\" \/>\n\t<meta property=\"og:image:height\" content=\"800\" \/>\n\t<meta property=\"og:image:type\" content=\"image\/jpeg\" \/>\n<meta name=\"twitter:card\" content=\"summary_large_image\" \/>\n<meta name=\"twitter:label1\" content=\"Ber\u00e4knad l\u00e4stid\" \/>\n\t<meta name=\"twitter:data1\" content=\"1 minut\" \/>\n<!-- \/ Yoast SEO plugin. -->","yoast_head_json":{"title":"K\u00f6p Silhouette Soft 16 Cones online \u2013 medicinska tr\u00e5dar f\u00f6r hudlyftning","description":"K\u00f6p Silhouette Soft 16 Cones online f\u00f6r icke-kirurgisk ansiktslyftning med avancerade resorberbara tr\u00e5dar som stimulerar kollagenproduktionen. Best\u00e4ll nu!","robots":{"index":"index","follow":"follow","max-snippet":"max-snippet:-1","max-image-preview":"max-image-preview:large","max-video-preview":"max-video-preview:-1"},"canonical":"https:\/\/kinamihealth.com\/sv\/wp-json\/wp\/v2\/product\/120867","og_locale":"sv_SE","og_type":"article","og_title":"K\u00f6p Silhouette Soft 16 Cones online \u2013 medicinska tr\u00e5dar f\u00f6r hudlyftning","og_description":"K\u00f6p Silhouette Soft 16 Cones online f\u00f6r icke-kirurgisk ansiktslyftning med avancerade resorberbara tr\u00e5dar som stimulerar kollagenproduktionen. Best\u00e4ll nu!","og_url":"https:\/\/kinamihealth.com\/sv\/produkt\/silhouette-soft-16-cones\/","og_site_name":"Kinami Health","article_modified_time":"2025-12-12T18:01:02+00:00","og_image":[{"width":800,"height":800,"url":"https:\/\/kinamihealth.com\/wp-content\/uploads\/2025\/02\/SILHOUETTE-SOFT-16CONES-03.jpg","type":"image\/jpeg"}],"twitter_card":"summary_large_image","twitter_misc":{"Ber\u00e4knad l\u00e4stid":"1 minut"},"schema":{"@context":"https:\/\/schema.org","@graph":[{"@type":"WebPage","@id":"https:\/\/kinamihealth.com\/sv\/produkt\/silhouette-soft-16-cones\/","url":"https:\/\/kinamihealth.com\/sv\/produkt\/silhouette-soft-16-cones\/","name":"K\u00f6p Silhouette Soft 16 Cones online \u2013 medicinska tr\u00e5dar f\u00f6r hudlyftning","isPartOf":{"@id":"https:\/\/kinamihealth.com\/#website"},"primaryImageOfPage":{"@id":"https:\/\/kinamihealth.com\/sv\/produkt\/silhouette-soft-16-cones\/#primaryimage"},"image":{"@id":"https:\/\/kinamihealth.com\/sv\/produkt\/silhouette-soft-16-cones\/#primaryimage"},"thumbnailUrl":"https:\/\/kinamihealth.com\/wp-content\/uploads\/2025\/02\/SILHOUETTE-SOFT-16CONES-03.jpg","datePublished":"2025-02-15T16:57:49+00:00","dateModified":"2025-12-12T18:01:02+00:00","description":"K\u00f6p Silhouette Soft 16 Cones online f\u00f6r icke-kirurgisk ansiktslyftning med avancerade resorberbara tr\u00e5dar som stimulerar kollagenproduktionen. Best\u00e4ll nu!","breadcrumb":{"@id":"https:\/\/kinamihealth.com\/sv\/produkt\/silhouette-soft-16-cones\/#breadcrumb"},"inLanguage":"sv-SE","potentialAction":[{"@type":"ReadAction","target":["https:\/\/kinamihealth.com\/sv\/produkt\/silhouette-soft-16-cones\/"]}]},{"@type":"ImageObject","inLanguage":"sv-SE","@id":"https:\/\/kinamihealth.com\/sv\/produkt\/silhouette-soft-16-cones\/#primaryimage","url":"https:\/\/kinamihealth.com\/wp-content\/uploads\/2025\/02\/SILHOUETTE-SOFT-16CONES-03.jpg","contentUrl":"https:\/\/kinamihealth.com\/wp-content\/uploads\/2025\/02\/SILHOUETTE-SOFT-16CONES-03.jpg","width":800,"height":800},{"@type":"BreadcrumbList","@id":"https:\/\/kinamihealth.com\/sv\/produkt\/silhouette-soft-16-cones\/#breadcrumb","itemListElement":[{"@type":"ListItem","position":1,"name":"Hem","item":"https:\/\/kinamihealth.com\/sr\/"},{"@type":"ListItem","position":2,"name":"Butik","item":"https:\/\/kinamihealth.com\/sv\/?page_id=127810"},{"@type":"ListItem","position":3,"name":"SILHOUETTE SOFT\u00ae 16 CONES"}]},{"@type":"WebSite","@id":"https:\/\/kinamihealth.com\/#website","url":"https:\/\/kinamihealth.com\/","name":"Kinami Health","description":"","publisher":{"@id":"https:\/\/kinamihealth.com\/#organization"},"potentialAction":[{"@type":"SearchAction","target":{"@type":"EntryPoint","urlTemplate":"https:\/\/kinamihealth.com\/?s={search_term_string}"},"query-input":{"@type":"PropertyValueSpecification","valueRequired":true,"valueName":"search_term_string"}}],"inLanguage":"sv-SE"},{"@type":"Organization","@id":"https:\/\/kinamihealth.com\/#organization","name":"Kinami Health","url":"https:\/\/kinamihealth.com\/","logo":{"@type":"ImageObject","inLanguage":"sv-SE","@id":"https:\/\/kinamihealth.com\/#\/schema\/logo\/image\/","url":"https:\/\/kinamihealth.com\/wp-content\/uploads\/2025\/01\/KH_logo_black_2-1.png","contentUrl":"https:\/\/kinamihealth.com\/wp-content\/uploads\/2025\/01\/KH_logo_black_2-1.png","width":339,"height":34,"caption":"Kinami Health"},"image":{"@id":"https:\/\/kinamihealth.com\/#\/schema\/logo\/image\/"}}]}},"_links":{"self":[{"href":"https:\/\/kinamihealth.com\/sv\/wp-json\/wp\/v2\/product\/120867","targetHints":{"allow":["GET"]}}],"collection":[{"href":"https:\/\/kinamihealth.com\/sv\/wp-json\/wp\/v2\/product"}],"about":[{"href":"https:\/\/kinamihealth.com\/sv\/wp-json\/wp\/v2\/types\/product"}],"replies":[{"embeddable":true,"href":"https:\/\/kinamihealth.com\/sv\/wp-json\/wp\/v2\/comments?post=120867"}],"version-history":[{"count":0,"href":"https:\/\/kinamihealth.com\/sv\/wp-json\/wp\/v2\/product\/120867\/revisions"}],"wp:featuredmedia":[{"embeddable":true,"href":"https:\/\/kinamihealth.com\/sv\/wp-json\/wp\/v2\/media\/120869"}],"wp:attachment":[{"href":"https:\/\/kinamihealth.com\/sv\/wp-json\/wp\/v2\/media?parent=120867"}],"wp:term":[{"taxonomy":"product_brand","embeddable":true,"href":"https:\/\/kinamihealth.com\/sv\/wp-json\/wp\/v2\/product_brand?post=120867"},{"taxonomy":"product_cat","embeddable":true,"href":"https:\/\/kinamihealth.com\/sv\/wp-json\/wp\/v2\/product_cat?post=120867"},{"taxonomy":"product_tag","embeddable":true,"href":"https:\/\/kinamihealth.com\/sv\/wp-json\/wp\/v2\/product_tag?post=120867"}],"curies":[{"name":"wp","href":"https:\/\/api.w.org\/{rel}","templated":true}]}}