{"id":120860,"date":"2025-02-15T16:57:01","date_gmt":"2025-02-15T16:57:01","guid":{"rendered":"https:\/\/kinamihealth.com\/product\/sesderma-repaskin-invisible-fluid-spf50\/"},"modified":"2025-11-06T15:52:28","modified_gmt":"2025-11-06T15:52:28","slug":"sesderma-repaskin-invisible-fluid-spf50","status":"publish","type":"product","link":"https:\/\/kinamihealth.com\/sv\/produkt\/sesderma-repaskin-invisible-fluid-spf50\/","title":{"rendered":"SESDERMA\u00ae REPASKIN INVISIBLE FLUID SPF50+"},"content":{"rendered":"<p><b>Best\u00e4ll Repaskin Fluid Invisible SPF 50 ml<\/b><span style=\"font-weight: 400;\"> och upplev starkt <\/span><b>skydd mot solens str\u00e5lar<\/b><span style=\"font-weight: 400;\">. Skydda ditt ansikte och din kropp mot <\/span><b>skador orsakade av oxidativ stress<\/b><span style=\"font-weight: 400;\">, samtidigt som du h\u00e5ller huden <\/span><b>fuktad<\/b><span style=\"font-weight: 400;\">. Fluiden absorberas <\/span><b>helt<\/b><span style=\"font-weight: 400;\"> och l\u00e4mnar <\/span><b>inga synliga rester. <\/b><span style=\"font-weight: 400;\">\u00a0<\/span><b>K\u00f6p Repaskin Fluid Invisible SPF<\/b><span style=\"font-weight: 400;\"> och <\/span><b>revitalisera din hud<\/b><span style=\"font-weight: 400;\"> med en <\/span><b>icke-komedogen<\/b><span style=\"font-weight: 400;\"> skyddande fluid utformad f\u00f6r att <\/span><b>n\u00e4rma, \u00e5terfukta och korrigera oj\u00e4mnheter.<\/b><\/p>\n","protected":false},"excerpt":{"rendered":"<p>Best\u00e4ll Repaskin Fluid Invisible SPF 50 ml och upplev starkt skydd mot solens str\u00e5lar. Skydda ditt ansikte och din kropp mot skador orsakade av oxidativ stress, samtidigt som du h\u00e5ller huden fuktad. Fluiden absorberas helt och l\u00e4mnar inga synliga rester. \u00a0K\u00f6p Repaskin Fluid Invisible SPF och revitalisera din hud med en icke-komedogen skyddande fluid utformad [&hellip;]<\/p>\n","protected":false},"featured_media":120861,"comment_status":"closed","ping_status":"closed","template":"","meta":{"_acf_changed":false,"inline_featured_image":false},"product_brand":[3178],"product_cat":[3687],"product_tag":[3256],"class_list":{"0":"post-120860","1":"product","2":"type-product","3":"status-publish","4":"has-post-thumbnail","6":"product_brand-sesderma","7":"product_cat-skincare-sv","8":"product_tag-medical-devices-sv","10":"first","11":"instock","12":"taxable","13":"shipping-taxable","14":"purchasable","15":"product-type-simple","16":"add-to-wishlist-before_image"},"acf":[],"yoast_head":"<!-- This site is optimized with the Yoast SEO plugin v27.1.1 - https:\/\/yoast.com\/product\/yoast-seo-wordpress\/ -->\n<title>K\u00f6p Repaskin Fluid Invisible SPF 50 \u2013 solskydd<\/title>\n<meta name=\"description\" content=\"K\u00f6p Repaskin Fluid Invisible SPF 50 och f\u00e5 bredspektrum solskydd. F\u00f6rhindra solskador och minska tecken p\u00e5 \u00e5ldrande. Best\u00e4ll p\u00e5 Kinami Health!\" \/>\n<meta name=\"robots\" content=\"index, follow, max-snippet:-1, max-image-preview:large, max-video-preview:-1\" \/>\n<link rel=\"canonical\" href=\"https:\/\/kinamihealth.com\/sv\/wp-json\/wp\/v2\/product\/120860\" \/>\n<meta property=\"og:locale\" content=\"sv_SE\" \/>\n<meta property=\"og:type\" content=\"article\" \/>\n<meta property=\"og:title\" content=\"K\u00f6p Repaskin Fluid Invisible SPF 50 \u2013 solskydd\" \/>\n<meta property=\"og:description\" content=\"K\u00f6p Repaskin Fluid Invisible SPF 50 och f\u00e5 bredspektrum solskydd. F\u00f6rhindra solskador och minska tecken p\u00e5 \u00e5ldrande. Best\u00e4ll p\u00e5 Kinami Health!\" \/>\n<meta property=\"og:url\" content=\"https:\/\/kinamihealth.com\/sv\/produkt\/sesderma-repaskin-invisible-fluid-spf50\/\" \/>\n<meta property=\"og:site_name\" content=\"Kinami Health\" \/>\n<meta property=\"article:modified_time\" content=\"2025-11-06T15:52:28+00:00\" \/>\n<meta property=\"og:image\" content=\"https:\/\/kinamihealth.com\/wp-content\/uploads\/2025\/02\/SESDERMA-REPASKIN-INVISIBLE-FLUID-SPF50-01.jpg\" \/>\n\t<meta property=\"og:image:width\" content=\"800\" \/>\n\t<meta property=\"og:image:height\" content=\"800\" \/>\n\t<meta property=\"og:image:type\" content=\"image\/jpeg\" \/>\n<meta name=\"twitter:card\" content=\"summary_large_image\" \/>\n<meta name=\"twitter:label1\" content=\"Ber\u00e4knad l\u00e4stid\" \/>\n\t<meta name=\"twitter:data1\" content=\"1 minut\" \/>\n<!-- \/ Yoast SEO plugin. -->","yoast_head_json":{"title":"K\u00f6p Repaskin Fluid Invisible SPF 50 \u2013 solskydd","description":"K\u00f6p Repaskin Fluid Invisible SPF 50 och f\u00e5 bredspektrum solskydd. F\u00f6rhindra solskador och minska tecken p\u00e5 \u00e5ldrande. Best\u00e4ll p\u00e5 Kinami Health!","robots":{"index":"index","follow":"follow","max-snippet":"max-snippet:-1","max-image-preview":"max-image-preview:large","max-video-preview":"max-video-preview:-1"},"canonical":"https:\/\/kinamihealth.com\/sv\/wp-json\/wp\/v2\/product\/120860","og_locale":"sv_SE","og_type":"article","og_title":"K\u00f6p Repaskin Fluid Invisible SPF 50 \u2013 solskydd","og_description":"K\u00f6p Repaskin Fluid Invisible SPF 50 och f\u00e5 bredspektrum solskydd. F\u00f6rhindra solskador och minska tecken p\u00e5 \u00e5ldrande. Best\u00e4ll p\u00e5 Kinami Health!","og_url":"https:\/\/kinamihealth.com\/sv\/produkt\/sesderma-repaskin-invisible-fluid-spf50\/","og_site_name":"Kinami Health","article_modified_time":"2025-11-06T15:52:28+00:00","og_image":[{"width":800,"height":800,"url":"https:\/\/kinamihealth.com\/wp-content\/uploads\/2025\/02\/SESDERMA-REPASKIN-INVISIBLE-FLUID-SPF50-01.jpg","type":"image\/jpeg"}],"twitter_card":"summary_large_image","twitter_misc":{"Ber\u00e4knad l\u00e4stid":"1 minut"},"schema":{"@context":"https:\/\/schema.org","@graph":[{"@type":"WebPage","@id":"https:\/\/kinamihealth.com\/sv\/produkt\/sesderma-repaskin-invisible-fluid-spf50\/","url":"https:\/\/kinamihealth.com\/sv\/produkt\/sesderma-repaskin-invisible-fluid-spf50\/","name":"K\u00f6p Repaskin Fluid Invisible SPF 50 \u2013 solskydd","isPartOf":{"@id":"https:\/\/kinamihealth.com\/#website"},"primaryImageOfPage":{"@id":"https:\/\/kinamihealth.com\/sv\/produkt\/sesderma-repaskin-invisible-fluid-spf50\/#primaryimage"},"image":{"@id":"https:\/\/kinamihealth.com\/sv\/produkt\/sesderma-repaskin-invisible-fluid-spf50\/#primaryimage"},"thumbnailUrl":"https:\/\/kinamihealth.com\/wp-content\/uploads\/2025\/02\/SESDERMA-REPASKIN-INVISIBLE-FLUID-SPF50-01.jpg","datePublished":"2025-02-15T16:57:01+00:00","dateModified":"2025-11-06T15:52:28+00:00","description":"K\u00f6p Repaskin Fluid Invisible SPF 50 och f\u00e5 bredspektrum solskydd. F\u00f6rhindra solskador och minska tecken p\u00e5 \u00e5ldrande. Best\u00e4ll p\u00e5 Kinami Health!","breadcrumb":{"@id":"https:\/\/kinamihealth.com\/sv\/produkt\/sesderma-repaskin-invisible-fluid-spf50\/#breadcrumb"},"inLanguage":"sv-SE","potentialAction":[{"@type":"ReadAction","target":["https:\/\/kinamihealth.com\/sv\/produkt\/sesderma-repaskin-invisible-fluid-spf50\/"]}]},{"@type":"ImageObject","inLanguage":"sv-SE","@id":"https:\/\/kinamihealth.com\/sv\/produkt\/sesderma-repaskin-invisible-fluid-spf50\/#primaryimage","url":"https:\/\/kinamihealth.com\/wp-content\/uploads\/2025\/02\/SESDERMA-REPASKIN-INVISIBLE-FLUID-SPF50-01.jpg","contentUrl":"https:\/\/kinamihealth.com\/wp-content\/uploads\/2025\/02\/SESDERMA-REPASKIN-INVISIBLE-FLUID-SPF50-01.jpg","width":800,"height":800},{"@type":"BreadcrumbList","@id":"https:\/\/kinamihealth.com\/sv\/produkt\/sesderma-repaskin-invisible-fluid-spf50\/#breadcrumb","itemListElement":[{"@type":"ListItem","position":1,"name":"Hem","item":"https:\/\/kinamihealth.com\/sr\/"},{"@type":"ListItem","position":2,"name":"Butik","item":"https:\/\/kinamihealth.com\/sv\/?page_id=127810"},{"@type":"ListItem","position":3,"name":"SESDERMA\u00ae REPASKIN INVISIBLE FLUID SPF50+"}]},{"@type":"WebSite","@id":"https:\/\/kinamihealth.com\/#website","url":"https:\/\/kinamihealth.com\/","name":"Kinami Health","description":"","publisher":{"@id":"https:\/\/kinamihealth.com\/#organization"},"potentialAction":[{"@type":"SearchAction","target":{"@type":"EntryPoint","urlTemplate":"https:\/\/kinamihealth.com\/?s={search_term_string}"},"query-input":{"@type":"PropertyValueSpecification","valueRequired":true,"valueName":"search_term_string"}}],"inLanguage":"sv-SE"},{"@type":"Organization","@id":"https:\/\/kinamihealth.com\/#organization","name":"Kinami Health","url":"https:\/\/kinamihealth.com\/","logo":{"@type":"ImageObject","inLanguage":"sv-SE","@id":"https:\/\/kinamihealth.com\/#\/schema\/logo\/image\/","url":"https:\/\/kinamihealth.com\/wp-content\/uploads\/2025\/01\/KH_logo_black_2-1.png","contentUrl":"https:\/\/kinamihealth.com\/wp-content\/uploads\/2025\/01\/KH_logo_black_2-1.png","width":339,"height":34,"caption":"Kinami Health"},"image":{"@id":"https:\/\/kinamihealth.com\/#\/schema\/logo\/image\/"}}]}},"_links":{"self":[{"href":"https:\/\/kinamihealth.com\/sv\/wp-json\/wp\/v2\/product\/120860","targetHints":{"allow":["GET"]}}],"collection":[{"href":"https:\/\/kinamihealth.com\/sv\/wp-json\/wp\/v2\/product"}],"about":[{"href":"https:\/\/kinamihealth.com\/sv\/wp-json\/wp\/v2\/types\/product"}],"replies":[{"embeddable":true,"href":"https:\/\/kinamihealth.com\/sv\/wp-json\/wp\/v2\/comments?post=120860"}],"version-history":[{"count":0,"href":"https:\/\/kinamihealth.com\/sv\/wp-json\/wp\/v2\/product\/120860\/revisions"}],"wp:featuredmedia":[{"embeddable":true,"href":"https:\/\/kinamihealth.com\/sv\/wp-json\/wp\/v2\/media\/120861"}],"wp:attachment":[{"href":"https:\/\/kinamihealth.com\/sv\/wp-json\/wp\/v2\/media?parent=120860"}],"wp:term":[{"taxonomy":"product_brand","embeddable":true,"href":"https:\/\/kinamihealth.com\/sv\/wp-json\/wp\/v2\/product_brand?post=120860"},{"taxonomy":"product_cat","embeddable":true,"href":"https:\/\/kinamihealth.com\/sv\/wp-json\/wp\/v2\/product_cat?post=120860"},{"taxonomy":"product_tag","embeddable":true,"href":"https:\/\/kinamihealth.com\/sv\/wp-json\/wp\/v2\/product_tag?post=120860"}],"curies":[{"name":"wp","href":"https:\/\/api.w.org\/{rel}","templated":true}]}}