{"id":120850,"date":"2025-02-15T16:54:24","date_gmt":"2025-02-15T16:54:24","guid":{"rendered":"https:\/\/kinamihealth.com\/product\/sesderma-c-vit-mist\/"},"modified":"2025-12-12T16:01:21","modified_gmt":"2025-12-12T16:01:21","slug":"sesderma-c-vit-mist","status":"publish","type":"product","link":"https:\/\/kinamihealth.com\/sv\/produkt\/sesderma-c-vit-mist\/","title":{"rendered":"SESDERMA\u00ae C-VIT MIST"},"content":{"rendered":"<p><b>C -VIT MIST<\/b><span style=\"font-weight: 400;\"> \u00e4r en <\/span><b>fuktighetskr\u00e4m <\/b><span style=\"font-weight: 400;\">med <\/span><b>antioxidativa egenskaper<\/b><span style=\"font-weight: 400;\"> som <\/span><b>ljusar upp <\/b><span style=\"font-weight: 400;\">och <\/span><b>revitaliserar <\/b><span style=\"font-weight: 400;\">huden <\/span><b>n\u00e4r du beh\u00f6ver k\u00e4nna dig fr\u00e4sch <\/b><span style=\"font-weight: 400;\">och hydrerad igen. Applicera denna <\/span><b>b\u00e4rbara hud booster<\/b><span style=\"font-weight: 400;\"> p\u00e5 <\/span><b>ren hud <\/b><span style=\"font-weight: 400;\">eller \u00f6ver <\/span><b>makeup <\/b><span style=\"font-weight: 400;\">som en <\/span><b>fixeringsmedel<\/b><span style=\"font-weight: 400;\">. Ha den alltid med dig och anv\u00e4nd den <\/span><b>flera g\u00e5nger om dagen<\/b><span style=\"font-weight: 400;\">, <\/span><b>varje dag<\/b><span style=\"font-weight: 400;\">. Skydda huden fr\u00e5n <\/span><b>UV-str\u00e5lning<\/b><span style=\"font-weight: 400;\"> och andra orsaker till <\/span><b>fria radikaler<\/b><span style=\"font-weight: 400;\"> med en enkel spray p\u00e5 ansiktet. <\/span><b>K\u00f6p C-VIT MIST<\/b> med vitamin C <span style=\"font-weight: 400;\">fr\u00e5n <\/span><b>Kinami Health <\/b><span style=\"font-weight: 400;\">onlinebutik och <\/span><b>best\u00e4ll premium produkter fr\u00e5n Sesderma<\/b><span style=\"font-weight: 400;\">.<\/span><\/p>\n","protected":false},"excerpt":{"rendered":"<p>C -VIT MIST \u00e4r en fuktighetskr\u00e4m med antioxidativa egenskaper som ljusar upp och revitaliserar huden n\u00e4r du beh\u00f6ver k\u00e4nna dig fr\u00e4sch och hydrerad igen. Applicera denna b\u00e4rbara hud booster p\u00e5 ren hud eller \u00f6ver makeup som en fixeringsmedel. Ha den alltid med dig och anv\u00e4nd den flera g\u00e5nger om dagen, varje dag. Skydda huden fr\u00e5n [&hellip;]<\/p>\n","protected":false},"featured_media":120851,"comment_status":"closed","ping_status":"closed","template":"","meta":{"_acf_changed":false,"inline_featured_image":false},"product_brand":[3178],"product_cat":[3687],"product_tag":[3256],"class_list":{"0":"post-120850","1":"product","2":"type-product","3":"status-publish","4":"has-post-thumbnail","6":"product_brand-sesderma","7":"product_cat-skincare-sv","8":"product_tag-medical-devices-sv","10":"first","11":"instock","12":"taxable","13":"shipping-taxable","14":"purchasable","15":"product-type-simple","16":"add-to-wishlist-before_image"},"acf":[],"yoast_head":"<!-- This site is optimized with the Yoast SEO plugin v27.1.1 - https:\/\/yoast.com\/product\/yoast-seo-wordpress\/ -->\n<title>K\u00f6p C-VIT MIST online \u2013 b\u00e4rbar hudbehandling<\/title>\n<meta name=\"description\" content=\"K\u00f6p C-VIT MIST online och korrigera rynkor och fina linjer samtidigt som du snabbt fr\u00e4schar upp, \u00e5terfuktar och ger din hud lyster n\u00e4r du vill.\" \/>\n<meta name=\"robots\" content=\"index, follow, max-snippet:-1, max-image-preview:large, max-video-preview:-1\" \/>\n<link rel=\"canonical\" href=\"https:\/\/kinamihealth.com\/sv\/wp-json\/wp\/v2\/product\/120850\" \/>\n<meta property=\"og:locale\" content=\"sv_SE\" \/>\n<meta property=\"og:type\" content=\"article\" \/>\n<meta property=\"og:title\" content=\"K\u00f6p C-VIT MIST online \u2013 b\u00e4rbar hudbehandling\" \/>\n<meta property=\"og:description\" content=\"K\u00f6p C-VIT MIST online och korrigera rynkor och fina linjer samtidigt som du snabbt fr\u00e4schar upp, \u00e5terfuktar och ger din hud lyster n\u00e4r du vill.\" \/>\n<meta property=\"og:url\" content=\"https:\/\/kinamihealth.com\/sv\/produkt\/sesderma-c-vit-mist\/\" \/>\n<meta property=\"og:site_name\" content=\"Kinami Health\" \/>\n<meta property=\"article:modified_time\" content=\"2025-12-12T16:01:21+00:00\" \/>\n<meta property=\"og:image\" content=\"https:\/\/kinamihealth.com\/wp-content\/uploads\/2025\/02\/SESDERMA-C-VIT-MIST-01.jpg\" \/>\n\t<meta property=\"og:image:width\" content=\"800\" \/>\n\t<meta property=\"og:image:height\" content=\"800\" \/>\n\t<meta property=\"og:image:type\" content=\"image\/jpeg\" \/>\n<meta name=\"twitter:card\" content=\"summary_large_image\" \/>\n<meta name=\"twitter:label1\" content=\"Ber\u00e4knad l\u00e4stid\" \/>\n\t<meta name=\"twitter:data1\" content=\"1 minut\" \/>\n<!-- \/ Yoast SEO plugin. -->","yoast_head_json":{"title":"K\u00f6p C-VIT MIST online \u2013 b\u00e4rbar hudbehandling","description":"K\u00f6p C-VIT MIST online och korrigera rynkor och fina linjer samtidigt som du snabbt fr\u00e4schar upp, \u00e5terfuktar och ger din hud lyster n\u00e4r du vill.","robots":{"index":"index","follow":"follow","max-snippet":"max-snippet:-1","max-image-preview":"max-image-preview:large","max-video-preview":"max-video-preview:-1"},"canonical":"https:\/\/kinamihealth.com\/sv\/wp-json\/wp\/v2\/product\/120850","og_locale":"sv_SE","og_type":"article","og_title":"K\u00f6p C-VIT MIST online \u2013 b\u00e4rbar hudbehandling","og_description":"K\u00f6p C-VIT MIST online och korrigera rynkor och fina linjer samtidigt som du snabbt fr\u00e4schar upp, \u00e5terfuktar och ger din hud lyster n\u00e4r du vill.","og_url":"https:\/\/kinamihealth.com\/sv\/produkt\/sesderma-c-vit-mist\/","og_site_name":"Kinami Health","article_modified_time":"2025-12-12T16:01:21+00:00","og_image":[{"width":800,"height":800,"url":"https:\/\/kinamihealth.com\/wp-content\/uploads\/2025\/02\/SESDERMA-C-VIT-MIST-01.jpg","type":"image\/jpeg"}],"twitter_card":"summary_large_image","twitter_misc":{"Ber\u00e4knad l\u00e4stid":"1 minut"},"schema":{"@context":"https:\/\/schema.org","@graph":[{"@type":"WebPage","@id":"https:\/\/kinamihealth.com\/sv\/produkt\/sesderma-c-vit-mist\/","url":"https:\/\/kinamihealth.com\/sv\/produkt\/sesderma-c-vit-mist\/","name":"K\u00f6p C-VIT MIST online \u2013 b\u00e4rbar hudbehandling","isPartOf":{"@id":"https:\/\/kinamihealth.com\/#website"},"primaryImageOfPage":{"@id":"https:\/\/kinamihealth.com\/sv\/produkt\/sesderma-c-vit-mist\/#primaryimage"},"image":{"@id":"https:\/\/kinamihealth.com\/sv\/produkt\/sesderma-c-vit-mist\/#primaryimage"},"thumbnailUrl":"https:\/\/kinamihealth.com\/wp-content\/uploads\/2025\/02\/SESDERMA-C-VIT-MIST-01.jpg","datePublished":"2025-02-15T16:54:24+00:00","dateModified":"2025-12-12T16:01:21+00:00","description":"K\u00f6p C-VIT MIST online och korrigera rynkor och fina linjer samtidigt som du snabbt fr\u00e4schar upp, \u00e5terfuktar och ger din hud lyster n\u00e4r du vill.","breadcrumb":{"@id":"https:\/\/kinamihealth.com\/sv\/produkt\/sesderma-c-vit-mist\/#breadcrumb"},"inLanguage":"sv-SE","potentialAction":[{"@type":"ReadAction","target":["https:\/\/kinamihealth.com\/sv\/produkt\/sesderma-c-vit-mist\/"]}]},{"@type":"ImageObject","inLanguage":"sv-SE","@id":"https:\/\/kinamihealth.com\/sv\/produkt\/sesderma-c-vit-mist\/#primaryimage","url":"https:\/\/kinamihealth.com\/wp-content\/uploads\/2025\/02\/SESDERMA-C-VIT-MIST-01.jpg","contentUrl":"https:\/\/kinamihealth.com\/wp-content\/uploads\/2025\/02\/SESDERMA-C-VIT-MIST-01.jpg","width":800,"height":800},{"@type":"BreadcrumbList","@id":"https:\/\/kinamihealth.com\/sv\/produkt\/sesderma-c-vit-mist\/#breadcrumb","itemListElement":[{"@type":"ListItem","position":1,"name":"Hem","item":"https:\/\/kinamihealth.com\/sr\/"},{"@type":"ListItem","position":2,"name":"Butik","item":"https:\/\/kinamihealth.com\/sv\/?page_id=127810"},{"@type":"ListItem","position":3,"name":"SESDERMA\u00ae C-VIT MIST"}]},{"@type":"WebSite","@id":"https:\/\/kinamihealth.com\/#website","url":"https:\/\/kinamihealth.com\/","name":"Kinami Health","description":"","publisher":{"@id":"https:\/\/kinamihealth.com\/#organization"},"potentialAction":[{"@type":"SearchAction","target":{"@type":"EntryPoint","urlTemplate":"https:\/\/kinamihealth.com\/?s={search_term_string}"},"query-input":{"@type":"PropertyValueSpecification","valueRequired":true,"valueName":"search_term_string"}}],"inLanguage":"sv-SE"},{"@type":"Organization","@id":"https:\/\/kinamihealth.com\/#organization","name":"Kinami Health","url":"https:\/\/kinamihealth.com\/","logo":{"@type":"ImageObject","inLanguage":"sv-SE","@id":"https:\/\/kinamihealth.com\/#\/schema\/logo\/image\/","url":"https:\/\/kinamihealth.com\/wp-content\/uploads\/2025\/01\/KH_logo_black_2-1.png","contentUrl":"https:\/\/kinamihealth.com\/wp-content\/uploads\/2025\/01\/KH_logo_black_2-1.png","width":339,"height":34,"caption":"Kinami Health"},"image":{"@id":"https:\/\/kinamihealth.com\/#\/schema\/logo\/image\/"}}]}},"_links":{"self":[{"href":"https:\/\/kinamihealth.com\/sv\/wp-json\/wp\/v2\/product\/120850","targetHints":{"allow":["GET"]}}],"collection":[{"href":"https:\/\/kinamihealth.com\/sv\/wp-json\/wp\/v2\/product"}],"about":[{"href":"https:\/\/kinamihealth.com\/sv\/wp-json\/wp\/v2\/types\/product"}],"replies":[{"embeddable":true,"href":"https:\/\/kinamihealth.com\/sv\/wp-json\/wp\/v2\/comments?post=120850"}],"version-history":[{"count":0,"href":"https:\/\/kinamihealth.com\/sv\/wp-json\/wp\/v2\/product\/120850\/revisions"}],"wp:featuredmedia":[{"embeddable":true,"href":"https:\/\/kinamihealth.com\/sv\/wp-json\/wp\/v2\/media\/120851"}],"wp:attachment":[{"href":"https:\/\/kinamihealth.com\/sv\/wp-json\/wp\/v2\/media?parent=120850"}],"wp:term":[{"taxonomy":"product_brand","embeddable":true,"href":"https:\/\/kinamihealth.com\/sv\/wp-json\/wp\/v2\/product_brand?post=120850"},{"taxonomy":"product_cat","embeddable":true,"href":"https:\/\/kinamihealth.com\/sv\/wp-json\/wp\/v2\/product_cat?post=120850"},{"taxonomy":"product_tag","embeddable":true,"href":"https:\/\/kinamihealth.com\/sv\/wp-json\/wp\/v2\/product_tag?post=120850"}],"curies":[{"name":"wp","href":"https:\/\/api.w.org\/{rel}","templated":true}]}}