{"id":120848,"date":"2025-02-15T16:54:23","date_gmt":"2025-02-15T16:54:23","guid":{"rendered":"https:\/\/kinamihealth.com\/product\/sesderma-c-vit-liposomal-serum\/"},"modified":"2025-11-06T15:35:58","modified_gmt":"2025-11-06T15:35:58","slug":"sesderma-c-vit-liposomal-serum","status":"publish","type":"product","link":"https:\/\/kinamihealth.com\/sv\/produkt\/sesderma-c-vit-liposomal-serum\/","title":{"rendered":"SESDERMA\u00ae C-VIT LIPOSOMAL SERUM"},"content":{"rendered":"<p><span style=\"font-weight: 400;\">K\u00f6p C-VIT Liposomal Serum f\u00f6r att f\u00f6rb\u00e4ttra din huds lyster och vitalitet. Denna avancerade formula inneh\u00e5ller stabiliserat C-vitamin och minskar rynkor, m\u00f6rka fl\u00e4ckar och fr\u00e4mjar kollagenproduktionen f\u00f6r en fastare och mjukare hud. Dess antioxidativa egenskaper skyddar mot milj\u00f6skador, medan djup \u00e5terfuktning \u00e5terst\u00e4ller en ungdomlig lyster. Detta serum \u00e4r idealiskt f\u00f6r alla hudtyper och ger m\u00e4rkbara resultat vid regelbunden anv\u00e4ndning.<\/span><\/p>\n","protected":false},"excerpt":{"rendered":"<p>K\u00f6p C-VIT Liposomal Serum f\u00f6r att f\u00f6rb\u00e4ttra din huds lyster och vitalitet. Denna avancerade formula inneh\u00e5ller stabiliserat C-vitamin och minskar rynkor, m\u00f6rka fl\u00e4ckar och fr\u00e4mjar kollagenproduktionen f\u00f6r en fastare och mjukare hud. Dess antioxidativa egenskaper skyddar mot milj\u00f6skador, medan djup \u00e5terfuktning \u00e5terst\u00e4ller en ungdomlig lyster. Detta serum \u00e4r idealiskt f\u00f6r alla hudtyper och ger m\u00e4rkbara [&hellip;]<\/p>\n","protected":false},"featured_media":120849,"comment_status":"closed","ping_status":"closed","template":"","meta":{"_acf_changed":false,"inline_featured_image":false},"product_brand":[3178],"product_cat":[3687],"product_tag":[3256],"class_list":{"0":"post-120848","1":"product","2":"type-product","3":"status-publish","4":"has-post-thumbnail","6":"product_brand-sesderma","7":"product_cat-skincare-sv","8":"product_tag-medical-devices-sv","10":"first","11":"instock","12":"taxable","13":"shipping-taxable","14":"purchasable","15":"product-type-simple","16":"add-to-wishlist-before_image"},"acf":[],"yoast_head":"<!-- This site is optimized with the Yoast SEO plugin v27.3 - https:\/\/yoast.com\/product\/yoast-seo-wordpress\/ -->\n<title>K\u00f6p C-VIT Liposomal Serum online f\u00f6r en ljusare hud<\/title>\n<meta name=\"description\" content=\"K\u00f6p C-VIT Liposomal Serum online f\u00f6r str\u00e5lande, \u00e5terfuktad hud. Minskar rynkor, m\u00f6rka fl\u00e4ckar och \u00f6kar kollagenproduktionen f\u00f6r en fastare, j\u00e4mnare hud.\" \/>\n<meta name=\"robots\" content=\"index, follow, max-snippet:-1, max-image-preview:large, max-video-preview:-1\" \/>\n<link rel=\"canonical\" href=\"https:\/\/kinamihealth.com\/sv\/wp-json\/wp\/v2\/product\/120848\" \/>\n<meta property=\"og:locale\" content=\"sv_SE\" \/>\n<meta property=\"og:type\" content=\"article\" \/>\n<meta property=\"og:title\" content=\"K\u00f6p C-VIT Liposomal Serum online f\u00f6r en ljusare hud\" \/>\n<meta property=\"og:description\" content=\"K\u00f6p C-VIT Liposomal Serum online f\u00f6r str\u00e5lande, \u00e5terfuktad hud. Minskar rynkor, m\u00f6rka fl\u00e4ckar och \u00f6kar kollagenproduktionen f\u00f6r en fastare, j\u00e4mnare hud.\" \/>\n<meta property=\"og:url\" content=\"https:\/\/kinamihealth.com\/sv\/produkt\/sesderma-c-vit-liposomal-serum\/\" \/>\n<meta property=\"og:site_name\" content=\"Kinami Health\" \/>\n<meta property=\"article:modified_time\" content=\"2025-11-06T15:35:58+00:00\" \/>\n<meta property=\"og:image\" content=\"https:\/\/kinamihealth.com\/wp-content\/uploads\/2025\/02\/SESDERMA-C-VIT-LIPOSOMAL-SERUM-01.jpg\" \/>\n\t<meta property=\"og:image:width\" content=\"800\" \/>\n\t<meta property=\"og:image:height\" content=\"800\" \/>\n\t<meta property=\"og:image:type\" content=\"image\/jpeg\" \/>\n<meta name=\"twitter:card\" content=\"summary_large_image\" \/>\n<meta name=\"twitter:label1\" content=\"Ber\u00e4knad l\u00e4stid\" \/>\n\t<meta name=\"twitter:data1\" content=\"1 minut\" \/>\n<!-- \/ Yoast SEO plugin. -->","yoast_head_json":{"title":"K\u00f6p C-VIT Liposomal Serum online f\u00f6r en ljusare hud","description":"K\u00f6p C-VIT Liposomal Serum online f\u00f6r str\u00e5lande, \u00e5terfuktad hud. Minskar rynkor, m\u00f6rka fl\u00e4ckar och \u00f6kar kollagenproduktionen f\u00f6r en fastare, j\u00e4mnare hud.","robots":{"index":"index","follow":"follow","max-snippet":"max-snippet:-1","max-image-preview":"max-image-preview:large","max-video-preview":"max-video-preview:-1"},"canonical":"https:\/\/kinamihealth.com\/sv\/wp-json\/wp\/v2\/product\/120848","og_locale":"sv_SE","og_type":"article","og_title":"K\u00f6p C-VIT Liposomal Serum online f\u00f6r en ljusare hud","og_description":"K\u00f6p C-VIT Liposomal Serum online f\u00f6r str\u00e5lande, \u00e5terfuktad hud. Minskar rynkor, m\u00f6rka fl\u00e4ckar och \u00f6kar kollagenproduktionen f\u00f6r en fastare, j\u00e4mnare hud.","og_url":"https:\/\/kinamihealth.com\/sv\/produkt\/sesderma-c-vit-liposomal-serum\/","og_site_name":"Kinami Health","article_modified_time":"2025-11-06T15:35:58+00:00","og_image":[{"width":800,"height":800,"url":"https:\/\/kinamihealth.com\/wp-content\/uploads\/2025\/02\/SESDERMA-C-VIT-LIPOSOMAL-SERUM-01.jpg","type":"image\/jpeg"}],"twitter_card":"summary_large_image","twitter_misc":{"Ber\u00e4knad l\u00e4stid":"1 minut"},"schema":{"@context":"https:\/\/schema.org","@graph":[{"@type":"WebPage","@id":"https:\/\/kinamihealth.com\/sv\/produkt\/sesderma-c-vit-liposomal-serum\/","url":"https:\/\/kinamihealth.com\/sv\/produkt\/sesderma-c-vit-liposomal-serum\/","name":"K\u00f6p C-VIT Liposomal Serum online f\u00f6r en ljusare hud","isPartOf":{"@id":"https:\/\/kinamihealth.com\/#website"},"primaryImageOfPage":{"@id":"https:\/\/kinamihealth.com\/sv\/produkt\/sesderma-c-vit-liposomal-serum\/#primaryimage"},"image":{"@id":"https:\/\/kinamihealth.com\/sv\/produkt\/sesderma-c-vit-liposomal-serum\/#primaryimage"},"thumbnailUrl":"https:\/\/kinamihealth.com\/wp-content\/uploads\/2025\/02\/SESDERMA-C-VIT-LIPOSOMAL-SERUM-01.jpg","datePublished":"2025-02-15T16:54:23+00:00","dateModified":"2025-11-06T15:35:58+00:00","description":"K\u00f6p C-VIT Liposomal Serum online f\u00f6r str\u00e5lande, \u00e5terfuktad hud. Minskar rynkor, m\u00f6rka fl\u00e4ckar och \u00f6kar kollagenproduktionen f\u00f6r en fastare, j\u00e4mnare hud.","breadcrumb":{"@id":"https:\/\/kinamihealth.com\/sv\/produkt\/sesderma-c-vit-liposomal-serum\/#breadcrumb"},"inLanguage":"sv-SE","potentialAction":[{"@type":"ReadAction","target":["https:\/\/kinamihealth.com\/sv\/produkt\/sesderma-c-vit-liposomal-serum\/"]}]},{"@type":"ImageObject","inLanguage":"sv-SE","@id":"https:\/\/kinamihealth.com\/sv\/produkt\/sesderma-c-vit-liposomal-serum\/#primaryimage","url":"https:\/\/kinamihealth.com\/wp-content\/uploads\/2025\/02\/SESDERMA-C-VIT-LIPOSOMAL-SERUM-01.jpg","contentUrl":"https:\/\/kinamihealth.com\/wp-content\/uploads\/2025\/02\/SESDERMA-C-VIT-LIPOSOMAL-SERUM-01.jpg","width":800,"height":800},{"@type":"BreadcrumbList","@id":"https:\/\/kinamihealth.com\/sv\/produkt\/sesderma-c-vit-liposomal-serum\/#breadcrumb","itemListElement":[{"@type":"ListItem","position":1,"name":"Hem","item":"https:\/\/kinamihealth.com\/sr\/"},{"@type":"ListItem","position":2,"name":"Butik","item":"https:\/\/kinamihealth.com\/sv\/?page_id=127810"},{"@type":"ListItem","position":3,"name":"SESDERMA\u00ae C-VIT LIPOSOMAL SERUM"}]},{"@type":"WebSite","@id":"https:\/\/kinamihealth.com\/#website","url":"https:\/\/kinamihealth.com\/","name":"Kinami Health","description":"","publisher":{"@id":"https:\/\/kinamihealth.com\/#organization"},"potentialAction":[{"@type":"SearchAction","target":{"@type":"EntryPoint","urlTemplate":"https:\/\/kinamihealth.com\/?s={search_term_string}"},"query-input":{"@type":"PropertyValueSpecification","valueRequired":true,"valueName":"search_term_string"}}],"inLanguage":"sv-SE"},{"@type":"Organization","@id":"https:\/\/kinamihealth.com\/#organization","name":"Kinami Health","url":"https:\/\/kinamihealth.com\/","logo":{"@type":"ImageObject","inLanguage":"sv-SE","@id":"https:\/\/kinamihealth.com\/#\/schema\/logo\/image\/","url":"https:\/\/kinamihealth.com\/wp-content\/uploads\/2025\/01\/KH_logo_black_2-1.png","contentUrl":"https:\/\/kinamihealth.com\/wp-content\/uploads\/2025\/01\/KH_logo_black_2-1.png","width":339,"height":34,"caption":"Kinami Health"},"image":{"@id":"https:\/\/kinamihealth.com\/#\/schema\/logo\/image\/"}}]}},"_links":{"self":[{"href":"https:\/\/kinamihealth.com\/sv\/wp-json\/wp\/v2\/product\/120848","targetHints":{"allow":["GET"]}}],"collection":[{"href":"https:\/\/kinamihealth.com\/sv\/wp-json\/wp\/v2\/product"}],"about":[{"href":"https:\/\/kinamihealth.com\/sv\/wp-json\/wp\/v2\/types\/product"}],"replies":[{"embeddable":true,"href":"https:\/\/kinamihealth.com\/sv\/wp-json\/wp\/v2\/comments?post=120848"}],"version-history":[{"count":0,"href":"https:\/\/kinamihealth.com\/sv\/wp-json\/wp\/v2\/product\/120848\/revisions"}],"wp:featuredmedia":[{"embeddable":true,"href":"https:\/\/kinamihealth.com\/sv\/wp-json\/wp\/v2\/media\/120849"}],"wp:attachment":[{"href":"https:\/\/kinamihealth.com\/sv\/wp-json\/wp\/v2\/media?parent=120848"}],"wp:term":[{"taxonomy":"product_brand","embeddable":true,"href":"https:\/\/kinamihealth.com\/sv\/wp-json\/wp\/v2\/product_brand?post=120848"},{"taxonomy":"product_cat","embeddable":true,"href":"https:\/\/kinamihealth.com\/sv\/wp-json\/wp\/v2\/product_cat?post=120848"},{"taxonomy":"product_tag","embeddable":true,"href":"https:\/\/kinamihealth.com\/sv\/wp-json\/wp\/v2\/product_tag?post=120848"}],"curies":[{"name":"wp","href":"https:\/\/api.w.org\/{rel}","templated":true}]}}