{"id":120843,"date":"2025-02-15T16:57:42","date_gmt":"2025-02-15T16:57:42","guid":{"rendered":"https:\/\/kinamihealth.com\/product\/saypha-volume-with-lidocaine\/"},"modified":"2025-11-06T15:24:36","modified_gmt":"2025-11-06T15:24:36","slug":"saypha-volume-with-lidocaine","status":"publish","type":"product","link":"https:\/\/kinamihealth.com\/sv\/produkt\/saypha-volume-with-lidocaine\/","title":{"rendered":"SAYPHA\u00ae VOLUME with Lidocaine"},"content":{"rendered":"<p><span style=\"font-weight: 400;\">Saypha Volume med lidokain \u00e4r en h\u00f6gkvalitativ hudfyllnadsprodukt utvecklad f\u00f6r att \u00e5terst\u00e4lla ansiktsvolym och j\u00e4mna ut djupa rynkor, och erbjuder icke-kirurgiska l\u00f6sningar f\u00f6r patienter som \u00f6nskar ansiktskonturering. Den inneh\u00e5ller tv\u00e4rbunden hyaluronsyra, som bibeh\u00e5ller fukt och ger huden volym, samt lidokain f\u00f6r att s\u00e4kerst\u00e4lla en mer behaglig behandlingsupplevelse. Denna filler \u00e4r idealisk f\u00f6r behandling av djupa rynkor och nasolabialaveck samt f\u00f6r att f\u00f6rb\u00e4ttra ansiktsdrag som kinder, haka och k\u00e4klinje. Utforska och k\u00f6p <\/span><b><i>hela sortimentet av h\u00f6gkvalitativa Saypha-hudfillers<\/i><\/b><span style=\"font-weight: 400;\">, inklusive Saypha Volume, Saypha Rich och mycket mer, exklusivt hos Kinami Health f\u00f6r p\u00e5litliga, \u00e4kta produkter och exceptionella resultat.<\/span><\/p>\n","protected":false},"excerpt":{"rendered":"<p>Saypha Volume med lidokain \u00e4r en h\u00f6gkvalitativ hudfyllnadsprodukt utvecklad f\u00f6r att \u00e5terst\u00e4lla ansiktsvolym och j\u00e4mna ut djupa rynkor, och erbjuder icke-kirurgiska l\u00f6sningar f\u00f6r patienter som \u00f6nskar ansiktskonturering. Den inneh\u00e5ller tv\u00e4rbunden hyaluronsyra, som bibeh\u00e5ller fukt och ger huden volym, samt lidokain f\u00f6r att s\u00e4kerst\u00e4lla en mer behaglig behandlingsupplevelse. Denna filler \u00e4r idealisk f\u00f6r behandling av djupa [&hellip;]<\/p>\n","protected":false},"featured_media":120841,"comment_status":"closed","ping_status":"closed","template":"","meta":{"_acf_changed":false,"inline_featured_image":false},"product_brand":[3176],"product_cat":[3265,3260],"product_tag":[3256],"class_list":{"0":"post-120843","1":"product","2":"type-product","3":"status-publish","4":"has-post-thumbnail","6":"product_brand-saypha","7":"product_cat-ha-dermal-fillers","8":"product_cat-dermal-fillers-sv","9":"product_tag-medical-devices-sv","11":"first","12":"instock","13":"taxable","14":"shipping-taxable","15":"purchasable","16":"product-type-simple","17":"add-to-wishlist-before_image"},"acf":[],"yoast_head":"<!-- This site is optimized with the Yoast SEO plugin v27.3 - https:\/\/yoast.com\/product\/yoast-seo-wordpress\/ -->\n<title>K\u00f6p Saypha Volume med lidokain online p\u00e5 Kinami Health<\/title>\n<meta name=\"description\" content=\"Saypha Volume med lidokain \u2013 hyaluronsyra-dermalfiller f\u00f6r \u00e5terst\u00e4llande av ansiktsvolym och behandling av rynkor med tillsats av lidokain f\u00f6r \u00f6kad patientkomfort.\" \/>\n<meta name=\"robots\" content=\"index, follow, max-snippet:-1, max-image-preview:large, max-video-preview:-1\" \/>\n<link rel=\"canonical\" href=\"https:\/\/kinamihealth.com\/sv\/wp-json\/wp\/v2\/product\/120843\" \/>\n<meta property=\"og:locale\" content=\"sv_SE\" \/>\n<meta property=\"og:type\" content=\"article\" \/>\n<meta property=\"og:title\" content=\"K\u00f6p Saypha Volume med lidokain online p\u00e5 Kinami Health\" \/>\n<meta property=\"og:description\" content=\"Saypha Volume med lidokain \u2013 hyaluronsyra-dermalfiller f\u00f6r \u00e5terst\u00e4llande av ansiktsvolym och behandling av rynkor med tillsats av lidokain f\u00f6r \u00f6kad patientkomfort.\" \/>\n<meta property=\"og:url\" content=\"https:\/\/kinamihealth.com\/sv\/produkt\/saypha-volume-with-lidocaine\/\" \/>\n<meta property=\"og:site_name\" content=\"Kinami Health\" \/>\n<meta property=\"article:modified_time\" content=\"2025-11-06T15:24:36+00:00\" \/>\n<meta property=\"og:image\" content=\"https:\/\/kinamihealth.com\/wp-content\/uploads\/2025\/02\/CHROMA-SAYPHA-VOLUME-LIDOCAINE-01.jpg\" \/>\n\t<meta property=\"og:image:width\" content=\"800\" \/>\n\t<meta property=\"og:image:height\" content=\"800\" \/>\n\t<meta property=\"og:image:type\" content=\"image\/jpeg\" \/>\n<meta name=\"twitter:card\" content=\"summary_large_image\" \/>\n<meta name=\"twitter:label1\" content=\"Ber\u00e4knad l\u00e4stid\" \/>\n\t<meta name=\"twitter:data1\" content=\"1 minut\" \/>\n<!-- \/ Yoast SEO plugin. -->","yoast_head_json":{"title":"K\u00f6p Saypha Volume med lidokain online p\u00e5 Kinami Health","description":"Saypha Volume med lidokain \u2013 hyaluronsyra-dermalfiller f\u00f6r \u00e5terst\u00e4llande av ansiktsvolym och behandling av rynkor med tillsats av lidokain f\u00f6r \u00f6kad patientkomfort.","robots":{"index":"index","follow":"follow","max-snippet":"max-snippet:-1","max-image-preview":"max-image-preview:large","max-video-preview":"max-video-preview:-1"},"canonical":"https:\/\/kinamihealth.com\/sv\/wp-json\/wp\/v2\/product\/120843","og_locale":"sv_SE","og_type":"article","og_title":"K\u00f6p Saypha Volume med lidokain online p\u00e5 Kinami Health","og_description":"Saypha Volume med lidokain \u2013 hyaluronsyra-dermalfiller f\u00f6r \u00e5terst\u00e4llande av ansiktsvolym och behandling av rynkor med tillsats av lidokain f\u00f6r \u00f6kad patientkomfort.","og_url":"https:\/\/kinamihealth.com\/sv\/produkt\/saypha-volume-with-lidocaine\/","og_site_name":"Kinami Health","article_modified_time":"2025-11-06T15:24:36+00:00","og_image":[{"width":800,"height":800,"url":"https:\/\/kinamihealth.com\/wp-content\/uploads\/2025\/02\/CHROMA-SAYPHA-VOLUME-LIDOCAINE-01.jpg","type":"image\/jpeg"}],"twitter_card":"summary_large_image","twitter_misc":{"Ber\u00e4knad l\u00e4stid":"1 minut"},"schema":{"@context":"https:\/\/schema.org","@graph":[{"@type":"WebPage","@id":"https:\/\/kinamihealth.com\/sv\/produkt\/saypha-volume-with-lidocaine\/","url":"https:\/\/kinamihealth.com\/sv\/produkt\/saypha-volume-with-lidocaine\/","name":"K\u00f6p Saypha Volume med lidokain online p\u00e5 Kinami Health","isPartOf":{"@id":"https:\/\/kinamihealth.com\/#website"},"primaryImageOfPage":{"@id":"https:\/\/kinamihealth.com\/sv\/produkt\/saypha-volume-with-lidocaine\/#primaryimage"},"image":{"@id":"https:\/\/kinamihealth.com\/sv\/produkt\/saypha-volume-with-lidocaine\/#primaryimage"},"thumbnailUrl":"https:\/\/kinamihealth.com\/wp-content\/uploads\/2025\/02\/CHROMA-SAYPHA-VOLUME-LIDOCAINE-01.jpg","datePublished":"2025-02-15T16:57:42+00:00","dateModified":"2025-11-06T15:24:36+00:00","description":"Saypha Volume med lidokain \u2013 hyaluronsyra-dermalfiller f\u00f6r \u00e5terst\u00e4llande av ansiktsvolym och behandling av rynkor med tillsats av lidokain f\u00f6r \u00f6kad patientkomfort.","breadcrumb":{"@id":"https:\/\/kinamihealth.com\/sv\/produkt\/saypha-volume-with-lidocaine\/#breadcrumb"},"inLanguage":"sv-SE","potentialAction":[{"@type":"ReadAction","target":["https:\/\/kinamihealth.com\/sv\/produkt\/saypha-volume-with-lidocaine\/"]}]},{"@type":"ImageObject","inLanguage":"sv-SE","@id":"https:\/\/kinamihealth.com\/sv\/produkt\/saypha-volume-with-lidocaine\/#primaryimage","url":"https:\/\/kinamihealth.com\/wp-content\/uploads\/2025\/02\/CHROMA-SAYPHA-VOLUME-LIDOCAINE-01.jpg","contentUrl":"https:\/\/kinamihealth.com\/wp-content\/uploads\/2025\/02\/CHROMA-SAYPHA-VOLUME-LIDOCAINE-01.jpg","width":800,"height":800},{"@type":"BreadcrumbList","@id":"https:\/\/kinamihealth.com\/sv\/produkt\/saypha-volume-with-lidocaine\/#breadcrumb","itemListElement":[{"@type":"ListItem","position":1,"name":"Hem","item":"https:\/\/kinamihealth.com\/sr\/"},{"@type":"ListItem","position":2,"name":"Butik","item":"https:\/\/kinamihealth.com\/sv\/?page_id=127810"},{"@type":"ListItem","position":3,"name":"SAYPHA\u00ae VOLUME with Lidocaine"}]},{"@type":"WebSite","@id":"https:\/\/kinamihealth.com\/#website","url":"https:\/\/kinamihealth.com\/","name":"Kinami Health","description":"","publisher":{"@id":"https:\/\/kinamihealth.com\/#organization"},"potentialAction":[{"@type":"SearchAction","target":{"@type":"EntryPoint","urlTemplate":"https:\/\/kinamihealth.com\/?s={search_term_string}"},"query-input":{"@type":"PropertyValueSpecification","valueRequired":true,"valueName":"search_term_string"}}],"inLanguage":"sv-SE"},{"@type":"Organization","@id":"https:\/\/kinamihealth.com\/#organization","name":"Kinami Health","url":"https:\/\/kinamihealth.com\/","logo":{"@type":"ImageObject","inLanguage":"sv-SE","@id":"https:\/\/kinamihealth.com\/#\/schema\/logo\/image\/","url":"https:\/\/kinamihealth.com\/wp-content\/uploads\/2025\/01\/KH_logo_black_2-1.png","contentUrl":"https:\/\/kinamihealth.com\/wp-content\/uploads\/2025\/01\/KH_logo_black_2-1.png","width":339,"height":34,"caption":"Kinami Health"},"image":{"@id":"https:\/\/kinamihealth.com\/#\/schema\/logo\/image\/"}}]}},"_links":{"self":[{"href":"https:\/\/kinamihealth.com\/sv\/wp-json\/wp\/v2\/product\/120843","targetHints":{"allow":["GET"]}}],"collection":[{"href":"https:\/\/kinamihealth.com\/sv\/wp-json\/wp\/v2\/product"}],"about":[{"href":"https:\/\/kinamihealth.com\/sv\/wp-json\/wp\/v2\/types\/product"}],"replies":[{"embeddable":true,"href":"https:\/\/kinamihealth.com\/sv\/wp-json\/wp\/v2\/comments?post=120843"}],"version-history":[{"count":0,"href":"https:\/\/kinamihealth.com\/sv\/wp-json\/wp\/v2\/product\/120843\/revisions"}],"wp:featuredmedia":[{"embeddable":true,"href":"https:\/\/kinamihealth.com\/sv\/wp-json\/wp\/v2\/media\/120841"}],"wp:attachment":[{"href":"https:\/\/kinamihealth.com\/sv\/wp-json\/wp\/v2\/media?parent=120843"}],"wp:term":[{"taxonomy":"product_brand","embeddable":true,"href":"https:\/\/kinamihealth.com\/sv\/wp-json\/wp\/v2\/product_brand?post=120843"},{"taxonomy":"product_cat","embeddable":true,"href":"https:\/\/kinamihealth.com\/sv\/wp-json\/wp\/v2\/product_cat?post=120843"},{"taxonomy":"product_tag","embeddable":true,"href":"https:\/\/kinamihealth.com\/sv\/wp-json\/wp\/v2\/product_tag?post=120843"}],"curies":[{"name":"wp","href":"https:\/\/api.w.org\/{rel}","templated":true}]}}