{"id":120840,"date":"2025-02-15T16:57:41","date_gmt":"2025-02-15T16:57:41","guid":{"rendered":"https:\/\/kinamihealth.com\/product\/saypha-volume-plus-with-lidocaine\/"},"modified":"2025-11-06T15:23:00","modified_gmt":"2025-11-06T15:23:00","slug":"saypha-volume-plus-with-lidocaine","status":"publish","type":"product","link":"https:\/\/kinamihealth.com\/sv\/produkt\/saypha-volume-plus-with-lidocaine\/","title":{"rendered":"SAYPHA\u00ae VOLUME PLUS with Lidocaine"},"content":{"rendered":"<p><span style=\"font-weight: 400;\">Saypha Volume Plus med lidokain \u00e4r en <\/span><b>hyaluronsyrabaserad hudfyllnadsmedel<\/b><span style=\"font-weight: 400;\"> avsedd f\u00f6r <\/span><b>korrigering av djupa rynkor<\/b><span style=\"font-weight: 400;\">, <\/span><b>\u00e5terst\u00e4llande av ansiktsvolym<\/b><span style=\"font-weight: 400;\"> och <\/span><b>konturering<\/b><span style=\"font-weight: 400;\">. Dess avancerade <\/span><b>h\u00f6gdensitetsgelformel<\/b><span style=\"font-weight: 400;\"> garanterar <\/span><b>naturliga resultat<\/b><span style=\"font-weight: 400;\"> i omr\u00e5den som kr\u00e4ver betydande volym\u00f6kning, s\u00e5som <\/span><b>kinderna<\/b><span style=\"font-weight: 400;\">, <\/span><b>hakan<\/b><span style=\"font-weight: 400;\"> och <\/span><b>k\u00e4klinjen<\/b><span style=\"font-weight: 400;\">. F\u00f6rst\u00e4rkt med <\/span><b>lidokain<\/b><span style=\"font-weight: 400;\"> ger den <\/span><b>patientkomfort<\/b><span style=\"font-weight: 400;\"> genom att minimera sm\u00e4rtan under behandlingen. Denna filler \u00e4r s\u00e4rskilt l\u00e4mplig f\u00f6r patienter med <\/span><b>sv\u00e5ra ansiktsrynkor<\/b><span style=\"font-weight: 400;\"> och <\/span><b>volymf\u00f6rlust<\/b><span style=\"font-weight: 400;\">, och erbjuder dem en <\/span><b>icke-kirurgisk l\u00f6sning<\/b><span style=\"font-weight: 400;\"> f\u00f6r att \u00e5terst\u00e4lla ungdomliga konturer. Saypha-produkterna \u00e4r en premiumserie av hyaluronsyrabaserade hudfyllnadsmedel, utformade f\u00f6r att hantera olika estetiska problem s\u00e5som \u00e5terst\u00e4llande av ansiktsvolym, reducering av rynkor, hudfuktning och konturering, och erbjuder naturliga resultat med minimal \u00e5terh\u00e4mtningstid och h\u00f6g patientn\u00f6jdhet.<\/span><\/p>\n","protected":false},"excerpt":{"rendered":"<p>Saypha Volume Plus med lidokain \u00e4r en hyaluronsyrabaserad hudfyllnadsmedel avsedd f\u00f6r korrigering av djupa rynkor, \u00e5terst\u00e4llande av ansiktsvolym och konturering. Dess avancerade h\u00f6gdensitetsgelformel garanterar naturliga resultat i omr\u00e5den som kr\u00e4ver betydande volym\u00f6kning, s\u00e5som kinderna, hakan och k\u00e4klinjen. F\u00f6rst\u00e4rkt med lidokain ger den patientkomfort genom att minimera sm\u00e4rtan under behandlingen. Denna filler \u00e4r s\u00e4rskilt l\u00e4mplig f\u00f6r [&hellip;]<\/p>\n","protected":false},"featured_media":120842,"comment_status":"closed","ping_status":"closed","template":"","meta":{"_acf_changed":false,"inline_featured_image":false},"product_brand":[3176],"product_cat":[3265,3260],"product_tag":[3256],"class_list":{"0":"post-120840","1":"product","2":"type-product","3":"status-publish","4":"has-post-thumbnail","6":"product_brand-saypha","7":"product_cat-ha-dermal-fillers","8":"product_cat-dermal-fillers-sv","9":"product_tag-medical-devices-sv","11":"first","12":"instock","13":"taxable","14":"shipping-taxable","15":"purchasable","16":"product-type-simple","17":"add-to-wishlist-before_image"},"acf":[],"yoast_head":"<!-- This site is optimized with the Yoast SEO plugin v27.3 - https:\/\/yoast.com\/product\/yoast-seo-wordpress\/ -->\n<title>K\u00f6p Saypha Volume Plus med lidokain online p\u00e5 Kinami Health<\/title>\n<meta name=\"description\" content=\"Saypha Volume Plus med lidokain \u2013 hyaluronsyra-dermalfiller f\u00f6r \u00e5terst\u00e4llande av ansiktsvolym, korrigering av rynkor och konturering med tillsatt lidokain f\u00f6r patientens komfort.\" \/>\n<meta name=\"robots\" content=\"index, follow, max-snippet:-1, max-image-preview:large, max-video-preview:-1\" \/>\n<link rel=\"canonical\" href=\"https:\/\/kinamihealth.com\/sv\/wp-json\/wp\/v2\/product\/120840\" \/>\n<meta property=\"og:locale\" content=\"sv_SE\" \/>\n<meta property=\"og:type\" content=\"article\" \/>\n<meta property=\"og:title\" content=\"K\u00f6p Saypha Volume Plus med lidokain online p\u00e5 Kinami Health\" \/>\n<meta property=\"og:description\" content=\"Saypha Volume Plus med lidokain \u2013 hyaluronsyra-dermalfiller f\u00f6r \u00e5terst\u00e4llande av ansiktsvolym, korrigering av rynkor och konturering med tillsatt lidokain f\u00f6r patientens komfort.\" \/>\n<meta property=\"og:url\" content=\"https:\/\/kinamihealth.com\/sv\/produkt\/saypha-volume-plus-with-lidocaine\/\" \/>\n<meta property=\"og:site_name\" content=\"Kinami Health\" \/>\n<meta property=\"article:modified_time\" content=\"2025-11-06T15:23:00+00:00\" \/>\n<meta property=\"og:image\" content=\"https:\/\/kinamihealth.com\/wp-content\/uploads\/2025\/02\/CROMA-SAYPHA-VOLUMEPLUS-LIDOCAINE-01.jpg\" \/>\n\t<meta property=\"og:image:width\" content=\"800\" \/>\n\t<meta property=\"og:image:height\" content=\"800\" \/>\n\t<meta property=\"og:image:type\" content=\"image\/jpeg\" \/>\n<meta name=\"twitter:card\" content=\"summary_large_image\" \/>\n<meta name=\"twitter:label1\" content=\"Ber\u00e4knad l\u00e4stid\" \/>\n\t<meta name=\"twitter:data1\" content=\"1 minut\" \/>\n<!-- \/ Yoast SEO plugin. -->","yoast_head_json":{"title":"K\u00f6p Saypha Volume Plus med lidokain online p\u00e5 Kinami Health","description":"Saypha Volume Plus med lidokain \u2013 hyaluronsyra-dermalfiller f\u00f6r \u00e5terst\u00e4llande av ansiktsvolym, korrigering av rynkor och konturering med tillsatt lidokain f\u00f6r patientens komfort.","robots":{"index":"index","follow":"follow","max-snippet":"max-snippet:-1","max-image-preview":"max-image-preview:large","max-video-preview":"max-video-preview:-1"},"canonical":"https:\/\/kinamihealth.com\/sv\/wp-json\/wp\/v2\/product\/120840","og_locale":"sv_SE","og_type":"article","og_title":"K\u00f6p Saypha Volume Plus med lidokain online p\u00e5 Kinami Health","og_description":"Saypha Volume Plus med lidokain \u2013 hyaluronsyra-dermalfiller f\u00f6r \u00e5terst\u00e4llande av ansiktsvolym, korrigering av rynkor och konturering med tillsatt lidokain f\u00f6r patientens komfort.","og_url":"https:\/\/kinamihealth.com\/sv\/produkt\/saypha-volume-plus-with-lidocaine\/","og_site_name":"Kinami Health","article_modified_time":"2025-11-06T15:23:00+00:00","og_image":[{"width":800,"height":800,"url":"https:\/\/kinamihealth.com\/wp-content\/uploads\/2025\/02\/CROMA-SAYPHA-VOLUMEPLUS-LIDOCAINE-01.jpg","type":"image\/jpeg"}],"twitter_card":"summary_large_image","twitter_misc":{"Ber\u00e4knad l\u00e4stid":"1 minut"},"schema":{"@context":"https:\/\/schema.org","@graph":[{"@type":"WebPage","@id":"https:\/\/kinamihealth.com\/sv\/produkt\/saypha-volume-plus-with-lidocaine\/","url":"https:\/\/kinamihealth.com\/sv\/produkt\/saypha-volume-plus-with-lidocaine\/","name":"K\u00f6p Saypha Volume Plus med lidokain online p\u00e5 Kinami Health","isPartOf":{"@id":"https:\/\/kinamihealth.com\/#website"},"primaryImageOfPage":{"@id":"https:\/\/kinamihealth.com\/sv\/produkt\/saypha-volume-plus-with-lidocaine\/#primaryimage"},"image":{"@id":"https:\/\/kinamihealth.com\/sv\/produkt\/saypha-volume-plus-with-lidocaine\/#primaryimage"},"thumbnailUrl":"https:\/\/kinamihealth.com\/wp-content\/uploads\/2025\/02\/CROMA-SAYPHA-VOLUMEPLUS-LIDOCAINE-01.jpg","datePublished":"2025-02-15T16:57:41+00:00","dateModified":"2025-11-06T15:23:00+00:00","description":"Saypha Volume Plus med lidokain \u2013 hyaluronsyra-dermalfiller f\u00f6r \u00e5terst\u00e4llande av ansiktsvolym, korrigering av rynkor och konturering med tillsatt lidokain f\u00f6r patientens komfort.","breadcrumb":{"@id":"https:\/\/kinamihealth.com\/sv\/produkt\/saypha-volume-plus-with-lidocaine\/#breadcrumb"},"inLanguage":"sv-SE","potentialAction":[{"@type":"ReadAction","target":["https:\/\/kinamihealth.com\/sv\/produkt\/saypha-volume-plus-with-lidocaine\/"]}]},{"@type":"ImageObject","inLanguage":"sv-SE","@id":"https:\/\/kinamihealth.com\/sv\/produkt\/saypha-volume-plus-with-lidocaine\/#primaryimage","url":"https:\/\/kinamihealth.com\/wp-content\/uploads\/2025\/02\/CROMA-SAYPHA-VOLUMEPLUS-LIDOCAINE-01.jpg","contentUrl":"https:\/\/kinamihealth.com\/wp-content\/uploads\/2025\/02\/CROMA-SAYPHA-VOLUMEPLUS-LIDOCAINE-01.jpg","width":800,"height":800},{"@type":"BreadcrumbList","@id":"https:\/\/kinamihealth.com\/sv\/produkt\/saypha-volume-plus-with-lidocaine\/#breadcrumb","itemListElement":[{"@type":"ListItem","position":1,"name":"Hem","item":"https:\/\/kinamihealth.com\/sr\/"},{"@type":"ListItem","position":2,"name":"Butik","item":"https:\/\/kinamihealth.com\/sv\/?page_id=127810"},{"@type":"ListItem","position":3,"name":"SAYPHA\u00ae VOLUME PLUS with Lidocaine"}]},{"@type":"WebSite","@id":"https:\/\/kinamihealth.com\/#website","url":"https:\/\/kinamihealth.com\/","name":"Kinami Health","description":"","publisher":{"@id":"https:\/\/kinamihealth.com\/#organization"},"potentialAction":[{"@type":"SearchAction","target":{"@type":"EntryPoint","urlTemplate":"https:\/\/kinamihealth.com\/?s={search_term_string}"},"query-input":{"@type":"PropertyValueSpecification","valueRequired":true,"valueName":"search_term_string"}}],"inLanguage":"sv-SE"},{"@type":"Organization","@id":"https:\/\/kinamihealth.com\/#organization","name":"Kinami Health","url":"https:\/\/kinamihealth.com\/","logo":{"@type":"ImageObject","inLanguage":"sv-SE","@id":"https:\/\/kinamihealth.com\/#\/schema\/logo\/image\/","url":"https:\/\/kinamihealth.com\/wp-content\/uploads\/2025\/01\/KH_logo_black_2-1.png","contentUrl":"https:\/\/kinamihealth.com\/wp-content\/uploads\/2025\/01\/KH_logo_black_2-1.png","width":339,"height":34,"caption":"Kinami Health"},"image":{"@id":"https:\/\/kinamihealth.com\/#\/schema\/logo\/image\/"}}]}},"_links":{"self":[{"href":"https:\/\/kinamihealth.com\/sv\/wp-json\/wp\/v2\/product\/120840","targetHints":{"allow":["GET"]}}],"collection":[{"href":"https:\/\/kinamihealth.com\/sv\/wp-json\/wp\/v2\/product"}],"about":[{"href":"https:\/\/kinamihealth.com\/sv\/wp-json\/wp\/v2\/types\/product"}],"replies":[{"embeddable":true,"href":"https:\/\/kinamihealth.com\/sv\/wp-json\/wp\/v2\/comments?post=120840"}],"version-history":[{"count":0,"href":"https:\/\/kinamihealth.com\/sv\/wp-json\/wp\/v2\/product\/120840\/revisions"}],"wp:featuredmedia":[{"embeddable":true,"href":"https:\/\/kinamihealth.com\/sv\/wp-json\/wp\/v2\/media\/120842"}],"wp:attachment":[{"href":"https:\/\/kinamihealth.com\/sv\/wp-json\/wp\/v2\/media?parent=120840"}],"wp:term":[{"taxonomy":"product_brand","embeddable":true,"href":"https:\/\/kinamihealth.com\/sv\/wp-json\/wp\/v2\/product_brand?post=120840"},{"taxonomy":"product_cat","embeddable":true,"href":"https:\/\/kinamihealth.com\/sv\/wp-json\/wp\/v2\/product_cat?post=120840"},{"taxonomy":"product_tag","embeddable":true,"href":"https:\/\/kinamihealth.com\/sv\/wp-json\/wp\/v2\/product_tag?post=120840"}],"curies":[{"name":"wp","href":"https:\/\/api.w.org\/{rel}","templated":true}]}}