{"id":120833,"date":"2025-02-15T16:57:40","date_gmt":"2025-02-15T16:57:40","guid":{"rendered":"https:\/\/kinamihealth.com\/product\/saypha-rich\/"},"modified":"2025-11-06T15:18:17","modified_gmt":"2025-11-06T15:18:17","slug":"saypha-rich","status":"publish","type":"product","link":"https:\/\/kinamihealth.com\/sv\/produkt\/saypha-rich\/","title":{"rendered":"SAYPHA\u00ae RICH"},"content":{"rendered":"<p><span style=\"font-weight: 400;\">Saypha Rich \u00e4r en <\/span><b>avancerad hudf\u00f6rst\u00e4rkare<\/b><span style=\"font-weight: 400;\"> som anv\u00e4nds f\u00f6r att f\u00f6ryngra huden genom att \u00e5terst\u00e4lla <\/span><b>fuktbalansen<\/b><span style=\"font-weight: 400;\"> och f\u00f6rb\u00e4ttra <\/span><b>elasticiteten<\/b><span style=\"font-weight: 400;\">. Denna injicerbara behandling \u00e4r formulerad med <\/span><b>icke-tv\u00e4rbunden hyaluronsyra<\/b><span style=\"font-weight: 400;\"> och <\/span><b>glycerol<\/b><span style=\"font-weight: 400;\">, vilket ger djup fukt och strukturellt st\u00f6d till huden. Saypha Rich anv\u00e4nds vanligtvis f\u00f6r att f\u00f6rb\u00e4ttra hudens struktur, <\/span><b>minska fina linjer<\/b><span style=\"font-weight: 400;\"> och fr\u00e4mja ett <\/span><b>ungdomligt utseende<\/b><span style=\"font-weight: 400;\">. Det \u00e4r s\u00e4rskilt effektivt f\u00f6r att f\u00f6ryngra omr\u00e5den som \u00e4r ben\u00e4gna att visa tecken p\u00e5 \u00e5ldrande, s\u00e5som <\/span><b>ansiktet<\/b><span style=\"font-weight: 400;\">, <\/span><b>halsen<\/b><span style=\"font-weight: 400;\">, <\/span><b>dekolletaget<\/b><span style=\"font-weight: 400;\"> och <\/span><b>h\u00e4nderna<\/b><span style=\"font-weight: 400;\">. Saypha Rich \u00e4r ett perfekt val f\u00f6r dem som s\u00f6ker icke-invasiva hudf\u00f6rb\u00e4ttringar med naturliga, l\u00e5ngvariga resultat.<\/span><\/p>\n","protected":false},"excerpt":{"rendered":"<p>Saypha Rich \u00e4r en avancerad hudf\u00f6rst\u00e4rkare som anv\u00e4nds f\u00f6r att f\u00f6ryngra huden genom att \u00e5terst\u00e4lla fuktbalansen och f\u00f6rb\u00e4ttra elasticiteten. Denna injicerbara behandling \u00e4r formulerad med icke-tv\u00e4rbunden hyaluronsyra och glycerol, vilket ger djup fukt och strukturellt st\u00f6d till huden. Saypha Rich anv\u00e4nds vanligtvis f\u00f6r att f\u00f6rb\u00e4ttra hudens struktur, minska fina linjer och fr\u00e4mja ett ungdomligt utseende. [&hellip;]<\/p>\n","protected":false},"featured_media":120837,"comment_status":"closed","ping_status":"closed","template":"","meta":{"_acf_changed":false,"inline_featured_image":false},"product_brand":[3176],"product_cat":[3265,3260],"product_tag":[3256],"class_list":{"0":"post-120833","1":"product","2":"type-product","3":"status-publish","4":"has-post-thumbnail","6":"product_brand-saypha","7":"product_cat-ha-dermal-fillers","8":"product_cat-dermal-fillers-sv","9":"product_tag-medical-devices-sv","11":"first","12":"instock","13":"taxable","14":"shipping-taxable","15":"purchasable","16":"product-type-simple","17":"add-to-wishlist-before_image"},"acf":[],"yoast_head":"<!-- This site is optimized with the Yoast SEO plugin v27.5 - https:\/\/yoast.com\/product\/yoast-seo-wordpress\/ -->\n<title>K\u00f6p Saypha Rich online p\u00e5 Kinami Health<\/title>\n<meta name=\"description\" content=\"K\u00f6p Saypha Rich online \u2013 en hyaluronsyrabaserad hudbooster utformad f\u00f6r att f\u00f6ryngra huden med djup \u00e5terfuktning, f\u00f6rb\u00e4ttrad elasticitet och minskade fina linjer f\u00f6r ett ungdomligt utseende.\" \/>\n<meta name=\"robots\" content=\"index, follow, max-snippet:-1, max-image-preview:large, max-video-preview:-1\" \/>\n<link rel=\"canonical\" href=\"https:\/\/kinamihealth.com\/sv\/wp-json\/wp\/v2\/product\/120833\" \/>\n<meta property=\"og:locale\" content=\"sv_SE\" \/>\n<meta property=\"og:type\" content=\"article\" \/>\n<meta property=\"og:title\" content=\"K\u00f6p Saypha Rich online p\u00e5 Kinami Health\" \/>\n<meta property=\"og:description\" content=\"K\u00f6p Saypha Rich online \u2013 en hyaluronsyrabaserad hudbooster utformad f\u00f6r att f\u00f6ryngra huden med djup \u00e5terfuktning, f\u00f6rb\u00e4ttrad elasticitet och minskade fina linjer f\u00f6r ett ungdomligt utseende.\" \/>\n<meta property=\"og:url\" content=\"https:\/\/kinamihealth.com\/sv\/produkt\/saypha-rich\/\" \/>\n<meta property=\"og:site_name\" content=\"Kinami Health\" \/>\n<meta property=\"article:modified_time\" content=\"2025-11-06T15:18:17+00:00\" \/>\n<meta property=\"og:image\" content=\"https:\/\/kinamihealth.com\/wp-content\/uploads\/2025\/02\/CHROMA-SAYPHA-RICH-03.jpg\" \/>\n\t<meta property=\"og:image:width\" content=\"800\" \/>\n\t<meta property=\"og:image:height\" content=\"800\" \/>\n\t<meta property=\"og:image:type\" content=\"image\/jpeg\" \/>\n<meta name=\"twitter:card\" content=\"summary_large_image\" \/>\n<meta name=\"twitter:label1\" content=\"Ber\u00e4knad l\u00e4stid\" \/>\n\t<meta name=\"twitter:data1\" content=\"1 minut\" \/>\n<!-- \/ Yoast SEO plugin. -->","yoast_head_json":{"title":"K\u00f6p Saypha Rich online p\u00e5 Kinami Health","description":"K\u00f6p Saypha Rich online \u2013 en hyaluronsyrabaserad hudbooster utformad f\u00f6r att f\u00f6ryngra huden med djup \u00e5terfuktning, f\u00f6rb\u00e4ttrad elasticitet och minskade fina linjer f\u00f6r ett ungdomligt utseende.","robots":{"index":"index","follow":"follow","max-snippet":"max-snippet:-1","max-image-preview":"max-image-preview:large","max-video-preview":"max-video-preview:-1"},"canonical":"https:\/\/kinamihealth.com\/sv\/wp-json\/wp\/v2\/product\/120833","og_locale":"sv_SE","og_type":"article","og_title":"K\u00f6p Saypha Rich online p\u00e5 Kinami Health","og_description":"K\u00f6p Saypha Rich online \u2013 en hyaluronsyrabaserad hudbooster utformad f\u00f6r att f\u00f6ryngra huden med djup \u00e5terfuktning, f\u00f6rb\u00e4ttrad elasticitet och minskade fina linjer f\u00f6r ett ungdomligt utseende.","og_url":"https:\/\/kinamihealth.com\/sv\/produkt\/saypha-rich\/","og_site_name":"Kinami Health","article_modified_time":"2025-11-06T15:18:17+00:00","og_image":[{"width":800,"height":800,"url":"https:\/\/kinamihealth.com\/wp-content\/uploads\/2025\/02\/CHROMA-SAYPHA-RICH-03.jpg","type":"image\/jpeg"}],"twitter_card":"summary_large_image","twitter_misc":{"Ber\u00e4knad l\u00e4stid":"1 minut"},"schema":{"@context":"https:\/\/schema.org","@graph":[{"@type":"WebPage","@id":"https:\/\/kinamihealth.com\/sv\/produkt\/saypha-rich\/","url":"https:\/\/kinamihealth.com\/sv\/produkt\/saypha-rich\/","name":"K\u00f6p Saypha Rich online p\u00e5 Kinami Health","isPartOf":{"@id":"https:\/\/kinamihealth.com\/#website"},"primaryImageOfPage":{"@id":"https:\/\/kinamihealth.com\/sv\/produkt\/saypha-rich\/#primaryimage"},"image":{"@id":"https:\/\/kinamihealth.com\/sv\/produkt\/saypha-rich\/#primaryimage"},"thumbnailUrl":"https:\/\/kinamihealth.com\/wp-content\/uploads\/2025\/02\/CHROMA-SAYPHA-RICH-03.jpg","datePublished":"2025-02-15T16:57:40+00:00","dateModified":"2025-11-06T15:18:17+00:00","description":"K\u00f6p Saypha Rich online \u2013 en hyaluronsyrabaserad hudbooster utformad f\u00f6r att f\u00f6ryngra huden med djup \u00e5terfuktning, f\u00f6rb\u00e4ttrad elasticitet och minskade fina linjer f\u00f6r ett ungdomligt utseende.","breadcrumb":{"@id":"https:\/\/kinamihealth.com\/sv\/produkt\/saypha-rich\/#breadcrumb"},"inLanguage":"sv-SE","potentialAction":[{"@type":"ReadAction","target":["https:\/\/kinamihealth.com\/sv\/produkt\/saypha-rich\/"]}]},{"@type":"ImageObject","inLanguage":"sv-SE","@id":"https:\/\/kinamihealth.com\/sv\/produkt\/saypha-rich\/#primaryimage","url":"https:\/\/kinamihealth.com\/wp-content\/uploads\/2025\/02\/CHROMA-SAYPHA-RICH-03.jpg","contentUrl":"https:\/\/kinamihealth.com\/wp-content\/uploads\/2025\/02\/CHROMA-SAYPHA-RICH-03.jpg","width":800,"height":800},{"@type":"BreadcrumbList","@id":"https:\/\/kinamihealth.com\/sv\/produkt\/saypha-rich\/#breadcrumb","itemListElement":[{"@type":"ListItem","position":1,"name":"Hem","item":"https:\/\/kinamihealth.com\/sr\/"},{"@type":"ListItem","position":2,"name":"Butik","item":"https:\/\/kinamihealth.com\/sv\/?page_id=127810"},{"@type":"ListItem","position":3,"name":"SAYPHA\u00ae RICH"}]},{"@type":"WebSite","@id":"https:\/\/kinamihealth.com\/#website","url":"https:\/\/kinamihealth.com\/","name":"Kinami Health","description":"","publisher":{"@id":"https:\/\/kinamihealth.com\/#organization"},"potentialAction":[{"@type":"SearchAction","target":{"@type":"EntryPoint","urlTemplate":"https:\/\/kinamihealth.com\/?s={search_term_string}"},"query-input":{"@type":"PropertyValueSpecification","valueRequired":true,"valueName":"search_term_string"}}],"inLanguage":"sv-SE"},{"@type":"Organization","@id":"https:\/\/kinamihealth.com\/#organization","name":"Kinami Health","url":"https:\/\/kinamihealth.com\/","logo":{"@type":"ImageObject","inLanguage":"sv-SE","@id":"https:\/\/kinamihealth.com\/#\/schema\/logo\/image\/","url":"https:\/\/kinamihealth.com\/wp-content\/uploads\/2025\/01\/KH_logo_black_2-1.png","contentUrl":"https:\/\/kinamihealth.com\/wp-content\/uploads\/2025\/01\/KH_logo_black_2-1.png","width":339,"height":34,"caption":"Kinami Health"},"image":{"@id":"https:\/\/kinamihealth.com\/#\/schema\/logo\/image\/"}}]}},"_links":{"self":[{"href":"https:\/\/kinamihealth.com\/sv\/wp-json\/wp\/v2\/product\/120833","targetHints":{"allow":["GET"]}}],"collection":[{"href":"https:\/\/kinamihealth.com\/sv\/wp-json\/wp\/v2\/product"}],"about":[{"href":"https:\/\/kinamihealth.com\/sv\/wp-json\/wp\/v2\/types\/product"}],"replies":[{"embeddable":true,"href":"https:\/\/kinamihealth.com\/sv\/wp-json\/wp\/v2\/comments?post=120833"}],"version-history":[{"count":0,"href":"https:\/\/kinamihealth.com\/sv\/wp-json\/wp\/v2\/product\/120833\/revisions"}],"wp:featuredmedia":[{"embeddable":true,"href":"https:\/\/kinamihealth.com\/sv\/wp-json\/wp\/v2\/media\/120837"}],"wp:attachment":[{"href":"https:\/\/kinamihealth.com\/sv\/wp-json\/wp\/v2\/media?parent=120833"}],"wp:term":[{"taxonomy":"product_brand","embeddable":true,"href":"https:\/\/kinamihealth.com\/sv\/wp-json\/wp\/v2\/product_brand?post=120833"},{"taxonomy":"product_cat","embeddable":true,"href":"https:\/\/kinamihealth.com\/sv\/wp-json\/wp\/v2\/product_cat?post=120833"},{"taxonomy":"product_tag","embeddable":true,"href":"https:\/\/kinamihealth.com\/sv\/wp-json\/wp\/v2\/product_tag?post=120833"}],"curies":[{"name":"wp","href":"https:\/\/api.w.org\/{rel}","templated":true}]}}