{"id":120831,"date":"2025-02-15T16:57:39","date_gmt":"2025-02-15T16:57:39","guid":{"rendered":"https:\/\/kinamihealth.com\/product\/saypha-filler-with-lidocaine\/"},"modified":"2025-12-12T14:42:59","modified_gmt":"2025-12-12T14:42:59","slug":"saypha-filler-with-lidocaine","status":"publish","type":"product","link":"https:\/\/kinamihealth.com\/sv\/produkt\/saypha-filler-with-lidocaine\/","title":{"rendered":"SAYPHA\u00ae FILLER with Lidocaine"},"content":{"rendered":"<p><span style=\"font-weight: 400;\">Saypha Filler med lidokain \u00e4r en <\/span><b>hyaluronsyrabaserad hudfyllnadsmedel<\/b><span style=\"font-weight: 400;\"> framtagen f\u00f6r att j\u00e4mna ut <\/span><b>ansiktsrynkor<\/b><span style=\"font-weight: 400;\">, \u00e5terst\u00e4lla <\/span><b>volym<\/b><span style=\"font-weight: 400;\"> och f\u00f6rb\u00e4ttra <\/span><b>l\u00e4ppkonturerna<\/b><span style=\"font-weight: 400;\">. Produkten inneh\u00e5ller <\/span><b>lidokain<\/b><span style=\"font-weight: 400;\">, ett lokalbed\u00f6vningsmedel som hj\u00e4lper till att minska sm\u00e4rtan under injektionsprocessen, vilket garanterar en mer behaglig upplevelse f\u00f6r patienterna. Saypha Filler med lidokain \u00e4r k\u00e4nt f\u00f6r sin <\/span><b>smidiga konsistens<\/b><span style=\"font-weight: 400;\"> och integreras s\u00f6ml\u00f6st i huden, vilket ger <\/span><b>subtila men effektiva<\/b><span style=\"font-weight: 400;\"> f\u00f6rb\u00e4ttringar. Det \u00e4r en m\u00e5ngsidig filler som l\u00e4mpar sig f\u00f6r olika ansiktsbehandlingar, fr\u00e5n rynkreducering till icke-kirurgisk n\u00e4sf\u00f6rfining.<\/span><\/p>\n","protected":false},"excerpt":{"rendered":"<p>Saypha Filler med lidokain \u00e4r en hyaluronsyrabaserad hudfyllnadsmedel framtagen f\u00f6r att j\u00e4mna ut ansiktsrynkor, \u00e5terst\u00e4lla volym och f\u00f6rb\u00e4ttra l\u00e4ppkonturerna. Produkten inneh\u00e5ller lidokain, ett lokalbed\u00f6vningsmedel som hj\u00e4lper till att minska sm\u00e4rtan under injektionsprocessen, vilket garanterar en mer behaglig upplevelse f\u00f6r patienterna. Saypha Filler med lidokain \u00e4r k\u00e4nt f\u00f6r sin smidiga konsistens och integreras s\u00f6ml\u00f6st i huden, [&hellip;]<\/p>\n","protected":false},"featured_media":120832,"comment_status":"closed","ping_status":"closed","template":"","meta":{"_acf_changed":false,"inline_featured_image":false},"product_brand":[3176],"product_cat":[3265,3260],"product_tag":[3256],"class_list":{"0":"post-120831","1":"product","2":"type-product","3":"status-publish","4":"has-post-thumbnail","6":"product_brand-saypha","7":"product_cat-ha-dermal-fillers","8":"product_cat-dermal-fillers-sv","9":"product_tag-medical-devices-sv","11":"first","12":"instock","13":"taxable","14":"shipping-taxable","15":"purchasable","16":"product-type-simple","17":"add-to-wishlist-before_image"},"acf":[],"yoast_head":"<!-- This site is optimized with the Yoast SEO plugin v27.3 - https:\/\/yoast.com\/product\/yoast-seo-wordpress\/ -->\n<title>K\u00f6p Saypha Filler med lidokain online p\u00e5 Kinami Health<\/title>\n<meta name=\"description\" content=\"K\u00f6p Saypha Filler med lidokain online \u2013 en hyaluronsyrabaserad hudfiller utformad f\u00f6r att j\u00e4mna ut rynkor, \u00e5terst\u00e4lla ansiktsvolym och f\u00f6rb\u00e4ttra l\u00e4ppkonturerna med den extra f\u00f6rdelen av lidokain f\u00f6r patientens komfort.\" \/>\n<meta name=\"robots\" content=\"index, follow, max-snippet:-1, max-image-preview:large, max-video-preview:-1\" \/>\n<link rel=\"canonical\" href=\"https:\/\/kinamihealth.com\/sv\/wp-json\/wp\/v2\/product\/120831\" \/>\n<meta property=\"og:locale\" content=\"sv_SE\" \/>\n<meta property=\"og:type\" content=\"article\" \/>\n<meta property=\"og:title\" content=\"K\u00f6p Saypha Filler med lidokain online p\u00e5 Kinami Health\" \/>\n<meta property=\"og:description\" content=\"K\u00f6p Saypha Filler med lidokain online \u2013 en hyaluronsyrabaserad hudfiller utformad f\u00f6r att j\u00e4mna ut rynkor, \u00e5terst\u00e4lla ansiktsvolym och f\u00f6rb\u00e4ttra l\u00e4ppkonturerna med den extra f\u00f6rdelen av lidokain f\u00f6r patientens komfort.\" \/>\n<meta property=\"og:url\" content=\"https:\/\/kinamihealth.com\/sv\/produkt\/saypha-filler-with-lidocaine\/\" \/>\n<meta property=\"og:site_name\" content=\"Kinami Health\" \/>\n<meta property=\"article:modified_time\" content=\"2025-12-12T14:42:59+00:00\" \/>\n<meta property=\"og:image\" content=\"https:\/\/kinamihealth.com\/wp-content\/uploads\/2025\/02\/CHROMA-SAYPHA-FILLER-LIDOCAINE-01.jpg\" \/>\n\t<meta property=\"og:image:width\" content=\"800\" \/>\n\t<meta property=\"og:image:height\" content=\"800\" \/>\n\t<meta property=\"og:image:type\" content=\"image\/jpeg\" \/>\n<meta name=\"twitter:card\" content=\"summary_large_image\" \/>\n<meta name=\"twitter:label1\" content=\"Ber\u00e4knad l\u00e4stid\" \/>\n\t<meta name=\"twitter:data1\" content=\"1 minut\" \/>\n<!-- \/ Yoast SEO plugin. -->","yoast_head_json":{"title":"K\u00f6p Saypha Filler med lidokain online p\u00e5 Kinami Health","description":"K\u00f6p Saypha Filler med lidokain online \u2013 en hyaluronsyrabaserad hudfiller utformad f\u00f6r att j\u00e4mna ut rynkor, \u00e5terst\u00e4lla ansiktsvolym och f\u00f6rb\u00e4ttra l\u00e4ppkonturerna med den extra f\u00f6rdelen av lidokain f\u00f6r patientens komfort.","robots":{"index":"index","follow":"follow","max-snippet":"max-snippet:-1","max-image-preview":"max-image-preview:large","max-video-preview":"max-video-preview:-1"},"canonical":"https:\/\/kinamihealth.com\/sv\/wp-json\/wp\/v2\/product\/120831","og_locale":"sv_SE","og_type":"article","og_title":"K\u00f6p Saypha Filler med lidokain online p\u00e5 Kinami Health","og_description":"K\u00f6p Saypha Filler med lidokain online \u2013 en hyaluronsyrabaserad hudfiller utformad f\u00f6r att j\u00e4mna ut rynkor, \u00e5terst\u00e4lla ansiktsvolym och f\u00f6rb\u00e4ttra l\u00e4ppkonturerna med den extra f\u00f6rdelen av lidokain f\u00f6r patientens komfort.","og_url":"https:\/\/kinamihealth.com\/sv\/produkt\/saypha-filler-with-lidocaine\/","og_site_name":"Kinami Health","article_modified_time":"2025-12-12T14:42:59+00:00","og_image":[{"width":800,"height":800,"url":"https:\/\/kinamihealth.com\/wp-content\/uploads\/2025\/02\/CHROMA-SAYPHA-FILLER-LIDOCAINE-01.jpg","type":"image\/jpeg"}],"twitter_card":"summary_large_image","twitter_misc":{"Ber\u00e4knad l\u00e4stid":"1 minut"},"schema":{"@context":"https:\/\/schema.org","@graph":[{"@type":"WebPage","@id":"https:\/\/kinamihealth.com\/sv\/produkt\/saypha-filler-with-lidocaine\/","url":"https:\/\/kinamihealth.com\/sv\/produkt\/saypha-filler-with-lidocaine\/","name":"K\u00f6p Saypha Filler med lidokain online p\u00e5 Kinami Health","isPartOf":{"@id":"https:\/\/kinamihealth.com\/#website"},"primaryImageOfPage":{"@id":"https:\/\/kinamihealth.com\/sv\/produkt\/saypha-filler-with-lidocaine\/#primaryimage"},"image":{"@id":"https:\/\/kinamihealth.com\/sv\/produkt\/saypha-filler-with-lidocaine\/#primaryimage"},"thumbnailUrl":"https:\/\/kinamihealth.com\/wp-content\/uploads\/2025\/02\/CHROMA-SAYPHA-FILLER-LIDOCAINE-01.jpg","datePublished":"2025-02-15T16:57:39+00:00","dateModified":"2025-12-12T14:42:59+00:00","description":"K\u00f6p Saypha Filler med lidokain online \u2013 en hyaluronsyrabaserad hudfiller utformad f\u00f6r att j\u00e4mna ut rynkor, \u00e5terst\u00e4lla ansiktsvolym och f\u00f6rb\u00e4ttra l\u00e4ppkonturerna med den extra f\u00f6rdelen av lidokain f\u00f6r patientens komfort.","breadcrumb":{"@id":"https:\/\/kinamihealth.com\/sv\/produkt\/saypha-filler-with-lidocaine\/#breadcrumb"},"inLanguage":"sv-SE","potentialAction":[{"@type":"ReadAction","target":["https:\/\/kinamihealth.com\/sv\/produkt\/saypha-filler-with-lidocaine\/"]}]},{"@type":"ImageObject","inLanguage":"sv-SE","@id":"https:\/\/kinamihealth.com\/sv\/produkt\/saypha-filler-with-lidocaine\/#primaryimage","url":"https:\/\/kinamihealth.com\/wp-content\/uploads\/2025\/02\/CHROMA-SAYPHA-FILLER-LIDOCAINE-01.jpg","contentUrl":"https:\/\/kinamihealth.com\/wp-content\/uploads\/2025\/02\/CHROMA-SAYPHA-FILLER-LIDOCAINE-01.jpg","width":800,"height":800},{"@type":"BreadcrumbList","@id":"https:\/\/kinamihealth.com\/sv\/produkt\/saypha-filler-with-lidocaine\/#breadcrumb","itemListElement":[{"@type":"ListItem","position":1,"name":"Hem","item":"https:\/\/kinamihealth.com\/sr\/"},{"@type":"ListItem","position":2,"name":"Butik","item":"https:\/\/kinamihealth.com\/sv\/?page_id=127810"},{"@type":"ListItem","position":3,"name":"SAYPHA\u00ae FILLER with Lidocaine"}]},{"@type":"WebSite","@id":"https:\/\/kinamihealth.com\/#website","url":"https:\/\/kinamihealth.com\/","name":"Kinami Health","description":"","publisher":{"@id":"https:\/\/kinamihealth.com\/#organization"},"potentialAction":[{"@type":"SearchAction","target":{"@type":"EntryPoint","urlTemplate":"https:\/\/kinamihealth.com\/?s={search_term_string}"},"query-input":{"@type":"PropertyValueSpecification","valueRequired":true,"valueName":"search_term_string"}}],"inLanguage":"sv-SE"},{"@type":"Organization","@id":"https:\/\/kinamihealth.com\/#organization","name":"Kinami Health","url":"https:\/\/kinamihealth.com\/","logo":{"@type":"ImageObject","inLanguage":"sv-SE","@id":"https:\/\/kinamihealth.com\/#\/schema\/logo\/image\/","url":"https:\/\/kinamihealth.com\/wp-content\/uploads\/2025\/01\/KH_logo_black_2-1.png","contentUrl":"https:\/\/kinamihealth.com\/wp-content\/uploads\/2025\/01\/KH_logo_black_2-1.png","width":339,"height":34,"caption":"Kinami Health"},"image":{"@id":"https:\/\/kinamihealth.com\/#\/schema\/logo\/image\/"}}]}},"_links":{"self":[{"href":"https:\/\/kinamihealth.com\/sv\/wp-json\/wp\/v2\/product\/120831","targetHints":{"allow":["GET"]}}],"collection":[{"href":"https:\/\/kinamihealth.com\/sv\/wp-json\/wp\/v2\/product"}],"about":[{"href":"https:\/\/kinamihealth.com\/sv\/wp-json\/wp\/v2\/types\/product"}],"replies":[{"embeddable":true,"href":"https:\/\/kinamihealth.com\/sv\/wp-json\/wp\/v2\/comments?post=120831"}],"version-history":[{"count":0,"href":"https:\/\/kinamihealth.com\/sv\/wp-json\/wp\/v2\/product\/120831\/revisions"}],"wp:featuredmedia":[{"embeddable":true,"href":"https:\/\/kinamihealth.com\/sv\/wp-json\/wp\/v2\/media\/120832"}],"wp:attachment":[{"href":"https:\/\/kinamihealth.com\/sv\/wp-json\/wp\/v2\/media?parent=120831"}],"wp:term":[{"taxonomy":"product_brand","embeddable":true,"href":"https:\/\/kinamihealth.com\/sv\/wp-json\/wp\/v2\/product_brand?post=120831"},{"taxonomy":"product_cat","embeddable":true,"href":"https:\/\/kinamihealth.com\/sv\/wp-json\/wp\/v2\/product_cat?post=120831"},{"taxonomy":"product_tag","embeddable":true,"href":"https:\/\/kinamihealth.com\/sv\/wp-json\/wp\/v2\/product_tag?post=120831"}],"curies":[{"name":"wp","href":"https:\/\/api.w.org\/{rel}","templated":true}]}}