{"id":120829,"date":"2025-02-15T16:57:39","date_gmt":"2025-02-15T16:57:39","guid":{"rendered":"https:\/\/kinamihealth.com\/product\/saypha-filler\/"},"modified":"2025-11-06T15:12:18","modified_gmt":"2025-11-06T15:12:18","slug":"saypha-filler","status":"publish","type":"product","link":"https:\/\/kinamihealth.com\/sv\/produkt\/saypha-filler\/","title":{"rendered":"SAYPHA\u00ae FILLER"},"content":{"rendered":"<p><span style=\"font-weight: 400;\">Saypha Filler \u00e4r en <\/span><b>hyaluronsyrabaserad hudfyllnadsmedel<\/b><span style=\"font-weight: 400;\"> utformad f\u00f6r att <\/span><b>utj\u00e4mna ansiktsrynkor<\/b><span style=\"font-weight: 400;\">, \u00f6ka l\u00e4ppvolymen och f\u00f6rb\u00e4ttra ansiktskonturen i allm\u00e4nhet. Den \u00e4r k\u00e4nd f\u00f6r sin <\/span><b>smidiga konsistens<\/b><span style=\"font-weight: 400;\"> och integreras s\u00f6ml\u00f6st i huden f\u00f6r att ge <\/span><b>subtila men effektiva f\u00f6rb\u00e4ttringar<\/b><span style=\"font-weight: 400;\">. Saypha Filler \u00e4r idealisk f\u00f6r personer som vill f\u00f6ryngra sitt utseende utan drastiska f\u00f6r\u00e4ndringar. Den \u00e4r s\u00e4rskilt effektiv f\u00f6r m\u00e5ttliga rynkor, volymf\u00f6rlust och omr\u00e5den som kr\u00e4ver korrigering av ansiktssymmetri. <\/span><b><i>Saypha-produkter<\/i><\/b><span style=\"font-weight: 400;\"> garanterar <\/span><b>naturliga resultat<\/b><span style=\"font-weight: 400;\"> med minimal obehag och \u00e5terh\u00e4mtningstid.<\/span><\/p>\n","protected":false},"excerpt":{"rendered":"<p>Saypha Filler \u00e4r en hyaluronsyrabaserad hudfyllnadsmedel utformad f\u00f6r att utj\u00e4mna ansiktsrynkor, \u00f6ka l\u00e4ppvolymen och f\u00f6rb\u00e4ttra ansiktskonturen i allm\u00e4nhet. Den \u00e4r k\u00e4nd f\u00f6r sin smidiga konsistens och integreras s\u00f6ml\u00f6st i huden f\u00f6r att ge subtila men effektiva f\u00f6rb\u00e4ttringar. Saypha Filler \u00e4r idealisk f\u00f6r personer som vill f\u00f6ryngra sitt utseende utan drastiska f\u00f6r\u00e4ndringar. Den \u00e4r s\u00e4rskilt effektiv [&hellip;]<\/p>\n","protected":false},"featured_media":120830,"comment_status":"closed","ping_status":"closed","template":"","meta":{"_acf_changed":false,"inline_featured_image":false},"product_brand":[3176],"product_cat":[3265,3260],"product_tag":[3256],"class_list":{"0":"post-120829","1":"product","2":"type-product","3":"status-publish","4":"has-post-thumbnail","6":"product_brand-saypha","7":"product_cat-ha-dermal-fillers","8":"product_cat-dermal-fillers-sv","9":"product_tag-medical-devices-sv","11":"first","12":"instock","13":"taxable","14":"shipping-taxable","15":"purchasable","16":"product-type-simple","17":"add-to-wishlist-before_image"},"acf":[],"yoast_head":"<!-- This site is optimized with the Yoast SEO plugin v27.3 - https:\/\/yoast.com\/product\/yoast-seo-wordpress\/ -->\n<title>K\u00f6p Saypha Filler online p\u00e5 Kinami Health<\/title>\n<meta name=\"description\" content=\"K\u00f6p Saypha Filler online \u2013 en m\u00e5ngsidig hyaluronsyrabaserad hudfiller utformad f\u00f6r att j\u00e4mna ut rynkor, \u00f6ka l\u00e4ppvolymen och \u00e5terst\u00e4lla ansiktskonturerna med naturliga, l\u00e5ngvariga resultat.\" \/>\n<meta name=\"robots\" content=\"index, follow, max-snippet:-1, max-image-preview:large, max-video-preview:-1\" \/>\n<link rel=\"canonical\" href=\"https:\/\/kinamihealth.com\/sv\/wp-json\/wp\/v2\/product\/120829\" \/>\n<meta property=\"og:locale\" content=\"sv_SE\" \/>\n<meta property=\"og:type\" content=\"article\" \/>\n<meta property=\"og:title\" content=\"K\u00f6p Saypha Filler online p\u00e5 Kinami Health\" \/>\n<meta property=\"og:description\" content=\"K\u00f6p Saypha Filler online \u2013 en m\u00e5ngsidig hyaluronsyrabaserad hudfiller utformad f\u00f6r att j\u00e4mna ut rynkor, \u00f6ka l\u00e4ppvolymen och \u00e5terst\u00e4lla ansiktskonturerna med naturliga, l\u00e5ngvariga resultat.\" \/>\n<meta property=\"og:url\" content=\"https:\/\/kinamihealth.com\/sv\/produkt\/saypha-filler\/\" \/>\n<meta property=\"og:site_name\" content=\"Kinami Health\" \/>\n<meta property=\"article:modified_time\" content=\"2025-11-06T15:12:18+00:00\" \/>\n<meta property=\"og:image\" content=\"https:\/\/kinamihealth.com\/wp-content\/uploads\/2025\/02\/CROMA-SAYPHA-FILLER-01.jpg\" \/>\n\t<meta property=\"og:image:width\" content=\"800\" \/>\n\t<meta property=\"og:image:height\" content=\"800\" \/>\n\t<meta property=\"og:image:type\" content=\"image\/jpeg\" \/>\n<meta name=\"twitter:card\" content=\"summary_large_image\" \/>\n<meta name=\"twitter:label1\" content=\"Ber\u00e4knad l\u00e4stid\" \/>\n\t<meta name=\"twitter:data1\" content=\"1 minut\" \/>\n<!-- \/ Yoast SEO plugin. -->","yoast_head_json":{"title":"K\u00f6p Saypha Filler online p\u00e5 Kinami Health","description":"K\u00f6p Saypha Filler online \u2013 en m\u00e5ngsidig hyaluronsyrabaserad hudfiller utformad f\u00f6r att j\u00e4mna ut rynkor, \u00f6ka l\u00e4ppvolymen och \u00e5terst\u00e4lla ansiktskonturerna med naturliga, l\u00e5ngvariga resultat.","robots":{"index":"index","follow":"follow","max-snippet":"max-snippet:-1","max-image-preview":"max-image-preview:large","max-video-preview":"max-video-preview:-1"},"canonical":"https:\/\/kinamihealth.com\/sv\/wp-json\/wp\/v2\/product\/120829","og_locale":"sv_SE","og_type":"article","og_title":"K\u00f6p Saypha Filler online p\u00e5 Kinami Health","og_description":"K\u00f6p Saypha Filler online \u2013 en m\u00e5ngsidig hyaluronsyrabaserad hudfiller utformad f\u00f6r att j\u00e4mna ut rynkor, \u00f6ka l\u00e4ppvolymen och \u00e5terst\u00e4lla ansiktskonturerna med naturliga, l\u00e5ngvariga resultat.","og_url":"https:\/\/kinamihealth.com\/sv\/produkt\/saypha-filler\/","og_site_name":"Kinami Health","article_modified_time":"2025-11-06T15:12:18+00:00","og_image":[{"width":800,"height":800,"url":"https:\/\/kinamihealth.com\/wp-content\/uploads\/2025\/02\/CROMA-SAYPHA-FILLER-01.jpg","type":"image\/jpeg"}],"twitter_card":"summary_large_image","twitter_misc":{"Ber\u00e4knad l\u00e4stid":"1 minut"},"schema":{"@context":"https:\/\/schema.org","@graph":[{"@type":"WebPage","@id":"https:\/\/kinamihealth.com\/sv\/produkt\/saypha-filler\/","url":"https:\/\/kinamihealth.com\/sv\/produkt\/saypha-filler\/","name":"K\u00f6p Saypha Filler online p\u00e5 Kinami Health","isPartOf":{"@id":"https:\/\/kinamihealth.com\/#website"},"primaryImageOfPage":{"@id":"https:\/\/kinamihealth.com\/sv\/produkt\/saypha-filler\/#primaryimage"},"image":{"@id":"https:\/\/kinamihealth.com\/sv\/produkt\/saypha-filler\/#primaryimage"},"thumbnailUrl":"https:\/\/kinamihealth.com\/wp-content\/uploads\/2025\/02\/CROMA-SAYPHA-FILLER-01.jpg","datePublished":"2025-02-15T16:57:39+00:00","dateModified":"2025-11-06T15:12:18+00:00","description":"K\u00f6p Saypha Filler online \u2013 en m\u00e5ngsidig hyaluronsyrabaserad hudfiller utformad f\u00f6r att j\u00e4mna ut rynkor, \u00f6ka l\u00e4ppvolymen och \u00e5terst\u00e4lla ansiktskonturerna med naturliga, l\u00e5ngvariga resultat.","breadcrumb":{"@id":"https:\/\/kinamihealth.com\/sv\/produkt\/saypha-filler\/#breadcrumb"},"inLanguage":"sv-SE","potentialAction":[{"@type":"ReadAction","target":["https:\/\/kinamihealth.com\/sv\/produkt\/saypha-filler\/"]}]},{"@type":"ImageObject","inLanguage":"sv-SE","@id":"https:\/\/kinamihealth.com\/sv\/produkt\/saypha-filler\/#primaryimage","url":"https:\/\/kinamihealth.com\/wp-content\/uploads\/2025\/02\/CROMA-SAYPHA-FILLER-01.jpg","contentUrl":"https:\/\/kinamihealth.com\/wp-content\/uploads\/2025\/02\/CROMA-SAYPHA-FILLER-01.jpg","width":800,"height":800},{"@type":"BreadcrumbList","@id":"https:\/\/kinamihealth.com\/sv\/produkt\/saypha-filler\/#breadcrumb","itemListElement":[{"@type":"ListItem","position":1,"name":"Hem","item":"https:\/\/kinamihealth.com\/sr\/"},{"@type":"ListItem","position":2,"name":"Butik","item":"https:\/\/kinamihealth.com\/sv\/?page_id=127810"},{"@type":"ListItem","position":3,"name":"SAYPHA\u00ae FILLER"}]},{"@type":"WebSite","@id":"https:\/\/kinamihealth.com\/#website","url":"https:\/\/kinamihealth.com\/","name":"Kinami Health","description":"","publisher":{"@id":"https:\/\/kinamihealth.com\/#organization"},"potentialAction":[{"@type":"SearchAction","target":{"@type":"EntryPoint","urlTemplate":"https:\/\/kinamihealth.com\/?s={search_term_string}"},"query-input":{"@type":"PropertyValueSpecification","valueRequired":true,"valueName":"search_term_string"}}],"inLanguage":"sv-SE"},{"@type":"Organization","@id":"https:\/\/kinamihealth.com\/#organization","name":"Kinami Health","url":"https:\/\/kinamihealth.com\/","logo":{"@type":"ImageObject","inLanguage":"sv-SE","@id":"https:\/\/kinamihealth.com\/#\/schema\/logo\/image\/","url":"https:\/\/kinamihealth.com\/wp-content\/uploads\/2025\/01\/KH_logo_black_2-1.png","contentUrl":"https:\/\/kinamihealth.com\/wp-content\/uploads\/2025\/01\/KH_logo_black_2-1.png","width":339,"height":34,"caption":"Kinami Health"},"image":{"@id":"https:\/\/kinamihealth.com\/#\/schema\/logo\/image\/"}}]}},"_links":{"self":[{"href":"https:\/\/kinamihealth.com\/sv\/wp-json\/wp\/v2\/product\/120829","targetHints":{"allow":["GET"]}}],"collection":[{"href":"https:\/\/kinamihealth.com\/sv\/wp-json\/wp\/v2\/product"}],"about":[{"href":"https:\/\/kinamihealth.com\/sv\/wp-json\/wp\/v2\/types\/product"}],"replies":[{"embeddable":true,"href":"https:\/\/kinamihealth.com\/sv\/wp-json\/wp\/v2\/comments?post=120829"}],"version-history":[{"count":0,"href":"https:\/\/kinamihealth.com\/sv\/wp-json\/wp\/v2\/product\/120829\/revisions"}],"wp:featuredmedia":[{"embeddable":true,"href":"https:\/\/kinamihealth.com\/sv\/wp-json\/wp\/v2\/media\/120830"}],"wp:attachment":[{"href":"https:\/\/kinamihealth.com\/sv\/wp-json\/wp\/v2\/media?parent=120829"}],"wp:term":[{"taxonomy":"product_brand","embeddable":true,"href":"https:\/\/kinamihealth.com\/sv\/wp-json\/wp\/v2\/product_brand?post=120829"},{"taxonomy":"product_cat","embeddable":true,"href":"https:\/\/kinamihealth.com\/sv\/wp-json\/wp\/v2\/product_cat?post=120829"},{"taxonomy":"product_tag","embeddable":true,"href":"https:\/\/kinamihealth.com\/sv\/wp-json\/wp\/v2\/product_tag?post=120829"}],"curies":[{"name":"wp","href":"https:\/\/api.w.org\/{rel}","templated":true}]}}