{"id":120786,"date":"2025-02-15T16:57:34","date_gmt":"2025-02-15T16:57:34","guid":{"rendered":"https:\/\/kinamihealth.com\/product\/revolax-sub-q-with-lidocaine\/"},"modified":"2025-12-12T12:58:59","modified_gmt":"2025-12-12T12:58:59","slug":"revolax-sub-q-with-lidocaine","status":"publish","type":"product","link":"https:\/\/kinamihealth.com\/sv\/produkt\/revolax-sub-q-with-lidocaine\/","title":{"rendered":"REVOLAX\u2122 SUB-Q with Lidocaine"},"content":{"rendered":"<p><b>Revolax Sub-Q med lidokain<\/b><span style=\"font-weight: 400;\"> \u00e4r en hudfyllnadsprodukt avsedd f\u00f6r behandling av djupa rynkor och omfattande ansiktskonturering. Denna h\u00f6gkvalitativa injicerbara produkt kombinerar h\u00f6grenad tv\u00e4rbunden <\/span><b>hyaluronsyra (24 mg\/ml) med lidokain (0,3%) <\/b><span style=\"font-weight: 400;\">f\u00f6r att s\u00e4kerst\u00e4lla optimal komfort f\u00f6r patienten under behandlingen. Dess avancerade viskoelastiska egenskaper och tjocka monofasiska struktur g\u00f6r den idealisk f\u00f6r behandling av<\/span><b> djupa till sv\u00e5ra rynkor<\/b><span style=\"font-weight: 400;\">, vilket ger naturliga resultat vid ansiktsf\u00f6rstoring och skapar betydande f\u00f6rb\u00e4ttringar i omr\u00e5den som kr\u00e4ver volym, s\u00e5som <\/span><b>kinder, haka och k\u00e4klinje.<\/b><\/p>\n","protected":false},"excerpt":{"rendered":"<p>Revolax Sub-Q med lidokain \u00e4r en hudfyllnadsprodukt avsedd f\u00f6r behandling av djupa rynkor och omfattande ansiktskonturering. Denna h\u00f6gkvalitativa injicerbara produkt kombinerar h\u00f6grenad tv\u00e4rbunden hyaluronsyra (24 mg\/ml) med lidokain (0,3%) f\u00f6r att s\u00e4kerst\u00e4lla optimal komfort f\u00f6r patienten under behandlingen. Dess avancerade viskoelastiska egenskaper och tjocka monofasiska struktur g\u00f6r den idealisk f\u00f6r behandling av djupa till sv\u00e5ra [&hellip;]<\/p>\n","protected":false},"featured_media":120787,"comment_status":"closed","ping_status":"closed","template":"","meta":{"_acf_changed":false,"inline_featured_image":false},"product_brand":[3175],"product_cat":[3265,3260],"product_tag":[3256],"class_list":{"0":"post-120786","1":"product","2":"type-product","3":"status-publish","4":"has-post-thumbnail","6":"product_brand-revolax","7":"product_cat-ha-dermal-fillers","8":"product_cat-dermal-fillers-sv","9":"product_tag-medical-devices-sv","11":"first","12":"instock","13":"taxable","14":"shipping-taxable","15":"purchasable","16":"product-type-simple","17":"add-to-wishlist-before_image"},"acf":[],"yoast_head":"<!-- This site is optimized with the Yoast SEO plugin v27.4 - https:\/\/yoast.com\/product\/yoast-seo-wordpress\/ -->\n<title>K\u00f6p Revolax Sub-Q med lidokain online<\/title>\n<meta name=\"description\" content=\"K\u00f6p Revolax Sub-Q med lidokain online f\u00f6r effektiv behandling av djupa rynkor, kindf\u00f6rstoring och ansiktskonturering.\" \/>\n<meta name=\"robots\" content=\"index, follow, max-snippet:-1, max-image-preview:large, max-video-preview:-1\" \/>\n<link rel=\"canonical\" href=\"https:\/\/kinamihealth.com\/sv\/wp-json\/wp\/v2\/product\/120786\" \/>\n<meta property=\"og:locale\" content=\"sv_SE\" \/>\n<meta property=\"og:type\" content=\"article\" \/>\n<meta property=\"og:title\" content=\"K\u00f6p Revolax Sub-Q med lidokain online\" \/>\n<meta property=\"og:description\" content=\"K\u00f6p Revolax Sub-Q med lidokain online f\u00f6r effektiv behandling av djupa rynkor, kindf\u00f6rstoring och ansiktskonturering.\" \/>\n<meta property=\"og:url\" content=\"https:\/\/kinamihealth.com\/sv\/produkt\/revolax-sub-q-with-lidocaine\/\" \/>\n<meta property=\"og:site_name\" content=\"Kinami Health\" \/>\n<meta property=\"article:modified_time\" content=\"2025-12-12T12:58:59+00:00\" \/>\n<meta property=\"og:image\" content=\"https:\/\/kinamihealth.com\/wp-content\/uploads\/2025\/02\/REVOLAX-SUBQ-LIDOCAINE-01.jpg.jpg\" \/>\n\t<meta property=\"og:image:width\" content=\"800\" \/>\n\t<meta property=\"og:image:height\" content=\"800\" \/>\n\t<meta property=\"og:image:type\" content=\"image\/jpeg\" \/>\n<meta name=\"twitter:card\" content=\"summary_large_image\" \/>\n<meta name=\"twitter:label1\" content=\"Ber\u00e4knad l\u00e4stid\" \/>\n\t<meta name=\"twitter:data1\" content=\"1 minut\" \/>\n<!-- \/ Yoast SEO plugin. -->","yoast_head_json":{"title":"K\u00f6p Revolax Sub-Q med lidokain online","description":"K\u00f6p Revolax Sub-Q med lidokain online f\u00f6r effektiv behandling av djupa rynkor, kindf\u00f6rstoring och ansiktskonturering.","robots":{"index":"index","follow":"follow","max-snippet":"max-snippet:-1","max-image-preview":"max-image-preview:large","max-video-preview":"max-video-preview:-1"},"canonical":"https:\/\/kinamihealth.com\/sv\/wp-json\/wp\/v2\/product\/120786","og_locale":"sv_SE","og_type":"article","og_title":"K\u00f6p Revolax Sub-Q med lidokain online","og_description":"K\u00f6p Revolax Sub-Q med lidokain online f\u00f6r effektiv behandling av djupa rynkor, kindf\u00f6rstoring och ansiktskonturering.","og_url":"https:\/\/kinamihealth.com\/sv\/produkt\/revolax-sub-q-with-lidocaine\/","og_site_name":"Kinami Health","article_modified_time":"2025-12-12T12:58:59+00:00","og_image":[{"width":800,"height":800,"url":"https:\/\/kinamihealth.com\/wp-content\/uploads\/2025\/02\/REVOLAX-SUBQ-LIDOCAINE-01.jpg.jpg","type":"image\/jpeg"}],"twitter_card":"summary_large_image","twitter_misc":{"Ber\u00e4knad l\u00e4stid":"1 minut"},"schema":{"@context":"https:\/\/schema.org","@graph":[{"@type":"WebPage","@id":"https:\/\/kinamihealth.com\/sv\/produkt\/revolax-sub-q-with-lidocaine\/","url":"https:\/\/kinamihealth.com\/sv\/produkt\/revolax-sub-q-with-lidocaine\/","name":"K\u00f6p Revolax Sub-Q med lidokain online","isPartOf":{"@id":"https:\/\/kinamihealth.com\/#website"},"primaryImageOfPage":{"@id":"https:\/\/kinamihealth.com\/sv\/produkt\/revolax-sub-q-with-lidocaine\/#primaryimage"},"image":{"@id":"https:\/\/kinamihealth.com\/sv\/produkt\/revolax-sub-q-with-lidocaine\/#primaryimage"},"thumbnailUrl":"https:\/\/kinamihealth.com\/wp-content\/uploads\/2025\/02\/REVOLAX-SUBQ-LIDOCAINE-01.jpg.jpg","datePublished":"2025-02-15T16:57:34+00:00","dateModified":"2025-12-12T12:58:59+00:00","description":"K\u00f6p Revolax Sub-Q med lidokain online f\u00f6r effektiv behandling av djupa rynkor, kindf\u00f6rstoring och ansiktskonturering.","breadcrumb":{"@id":"https:\/\/kinamihealth.com\/sv\/produkt\/revolax-sub-q-with-lidocaine\/#breadcrumb"},"inLanguage":"sv-SE","potentialAction":[{"@type":"ReadAction","target":["https:\/\/kinamihealth.com\/sv\/produkt\/revolax-sub-q-with-lidocaine\/"]}]},{"@type":"ImageObject","inLanguage":"sv-SE","@id":"https:\/\/kinamihealth.com\/sv\/produkt\/revolax-sub-q-with-lidocaine\/#primaryimage","url":"https:\/\/kinamihealth.com\/wp-content\/uploads\/2025\/02\/REVOLAX-SUBQ-LIDOCAINE-01.jpg.jpg","contentUrl":"https:\/\/kinamihealth.com\/wp-content\/uploads\/2025\/02\/REVOLAX-SUBQ-LIDOCAINE-01.jpg.jpg","width":800,"height":800},{"@type":"BreadcrumbList","@id":"https:\/\/kinamihealth.com\/sv\/produkt\/revolax-sub-q-with-lidocaine\/#breadcrumb","itemListElement":[{"@type":"ListItem","position":1,"name":"Hem","item":"https:\/\/kinamihealth.com\/sr\/"},{"@type":"ListItem","position":2,"name":"Butik","item":"https:\/\/kinamihealth.com\/sv\/?page_id=127810"},{"@type":"ListItem","position":3,"name":"REVOLAX\u2122 SUB-Q with Lidocaine"}]},{"@type":"WebSite","@id":"https:\/\/kinamihealth.com\/#website","url":"https:\/\/kinamihealth.com\/","name":"Kinami Health","description":"","publisher":{"@id":"https:\/\/kinamihealth.com\/#organization"},"potentialAction":[{"@type":"SearchAction","target":{"@type":"EntryPoint","urlTemplate":"https:\/\/kinamihealth.com\/?s={search_term_string}"},"query-input":{"@type":"PropertyValueSpecification","valueRequired":true,"valueName":"search_term_string"}}],"inLanguage":"sv-SE"},{"@type":"Organization","@id":"https:\/\/kinamihealth.com\/#organization","name":"Kinami Health","url":"https:\/\/kinamihealth.com\/","logo":{"@type":"ImageObject","inLanguage":"sv-SE","@id":"https:\/\/kinamihealth.com\/#\/schema\/logo\/image\/","url":"https:\/\/kinamihealth.com\/wp-content\/uploads\/2025\/01\/KH_logo_black_2-1.png","contentUrl":"https:\/\/kinamihealth.com\/wp-content\/uploads\/2025\/01\/KH_logo_black_2-1.png","width":339,"height":34,"caption":"Kinami Health"},"image":{"@id":"https:\/\/kinamihealth.com\/#\/schema\/logo\/image\/"}}]}},"_links":{"self":[{"href":"https:\/\/kinamihealth.com\/sv\/wp-json\/wp\/v2\/product\/120786","targetHints":{"allow":["GET"]}}],"collection":[{"href":"https:\/\/kinamihealth.com\/sv\/wp-json\/wp\/v2\/product"}],"about":[{"href":"https:\/\/kinamihealth.com\/sv\/wp-json\/wp\/v2\/types\/product"}],"replies":[{"embeddable":true,"href":"https:\/\/kinamihealth.com\/sv\/wp-json\/wp\/v2\/comments?post=120786"}],"version-history":[{"count":0,"href":"https:\/\/kinamihealth.com\/sv\/wp-json\/wp\/v2\/product\/120786\/revisions"}],"wp:featuredmedia":[{"embeddable":true,"href":"https:\/\/kinamihealth.com\/sv\/wp-json\/wp\/v2\/media\/120787"}],"wp:attachment":[{"href":"https:\/\/kinamihealth.com\/sv\/wp-json\/wp\/v2\/media?parent=120786"}],"wp:term":[{"taxonomy":"product_brand","embeddable":true,"href":"https:\/\/kinamihealth.com\/sv\/wp-json\/wp\/v2\/product_brand?post=120786"},{"taxonomy":"product_cat","embeddable":true,"href":"https:\/\/kinamihealth.com\/sv\/wp-json\/wp\/v2\/product_cat?post=120786"},{"taxonomy":"product_tag","embeddable":true,"href":"https:\/\/kinamihealth.com\/sv\/wp-json\/wp\/v2\/product_tag?post=120786"}],"curies":[{"name":"wp","href":"https:\/\/api.w.org\/{rel}","templated":true}]}}