{"id":120755,"date":"2025-02-15T16:57:30","date_gmt":"2025-02-15T16:57:30","guid":{"rendered":"https:\/\/kinamihealth.com\/product\/revofil-plus\/"},"modified":"2025-11-05T13:17:24","modified_gmt":"2025-11-05T13:17:24","slug":"revofil-plus","status":"publish","type":"product","link":"https:\/\/kinamihealth.com\/sv\/produkt\/revofil-plus\/","title":{"rendered":"REVOFIL\u2122 PLUS"},"content":{"rendered":"<p><b>Revofil Plus<\/b><span style=\"font-weight: 400;\"> \u00e4r en <\/span><b>hudfyllnadsmedel<\/b><span style=\"font-weight: 400;\"> som kombinerar <\/span><b>tv\u00e4rbunden hyaluronsyra (23 mg\/ml) <\/b><span style=\"font-weight: 400;\">med avancerade <\/span><b>biomimetiska peptider<\/b><span style=\"font-weight: 400;\"> f\u00f6r omfattande <\/span><b>ansiktsf\u00f6ryngring<\/b><span style=\"font-weight: 400;\">. Denna banbrytande formula inneh\u00e5ller specialiserade peptider (<\/span><b>oligopeptid-72 och oligopeptid-50<\/b><span style=\"font-weight: 400;\">) som verkar synergistiskt f\u00f6r att f\u00f6rb\u00e4ttra <\/span><b>hudens elasticitet<\/b><span style=\"font-weight: 400;\"> och <\/span><b>uppr\u00e4tth\u00e5lla fyllmedlets h\u00e5llbarhet<\/b><span style=\"font-weight: 400;\">. Den unika sammans\u00e4ttningen ger inte bara omedelbar volym\u00e5terst\u00e4llning utan stimulerar ocks\u00e5 <\/span><b>naturlig kollagenproduktion<\/b><span style=\"font-weight: 400;\">, vilket resulterar i en mjukare, fastare och mer ungdomlig hud.<\/span><\/p>\n","protected":false},"excerpt":{"rendered":"<p>Revofil Plus \u00e4r en hudfyllnadsmedel som kombinerar tv\u00e4rbunden hyaluronsyra (23 mg\/ml) med avancerade biomimetiska peptider f\u00f6r omfattande ansiktsf\u00f6ryngring. Denna banbrytande formula inneh\u00e5ller specialiserade peptider (oligopeptid-72 och oligopeptid-50) som verkar synergistiskt f\u00f6r att f\u00f6rb\u00e4ttra hudens elasticitet och uppr\u00e4tth\u00e5lla fyllmedlets h\u00e5llbarhet. Den unika sammans\u00e4ttningen ger inte bara omedelbar volym\u00e5terst\u00e4llning utan stimulerar ocks\u00e5 naturlig kollagenproduktion, vilket resulterar i [&hellip;]<\/p>\n","protected":false},"featured_media":120756,"comment_status":"closed","ping_status":"closed","template":"","meta":{"_acf_changed":false,"inline_featured_image":false},"product_brand":[3174],"product_cat":[3265,3260],"product_tag":[3256],"class_list":{"0":"post-120755","1":"product","2":"type-product","3":"status-publish","4":"has-post-thumbnail","6":"product_brand-revofil","7":"product_cat-ha-dermal-fillers","8":"product_cat-dermal-fillers-sv","9":"product_tag-medical-devices-sv","11":"first","12":"instock","13":"taxable","14":"shipping-taxable","15":"purchasable","16":"product-type-simple","17":"add-to-wishlist-before_image"},"acf":[],"yoast_head":"<!-- This site is optimized with the Yoast SEO plugin v27.3 - https:\/\/yoast.com\/product\/yoast-seo-wordpress\/ -->\n<title>K\u00f6p Revofil Plus \u2013 Hudfyllnadsmedel f\u00f6r djuprynkorskorrigering och \u00e5terst\u00e4llande av volym<\/title>\n<meta name=\"description\" content=\"K\u00f6p Revofil Plus f\u00f6r behandling av djupa rynkor och volymf\u00f6rb\u00e4ttring i ansiktet. Denna hyaluronsyrafiller med peptider ger naturliga och l\u00e5ngvariga resultat.\" \/>\n<meta name=\"robots\" content=\"index, follow, max-snippet:-1, max-image-preview:large, max-video-preview:-1\" \/>\n<link rel=\"canonical\" href=\"https:\/\/kinamihealth.com\/sv\/wp-json\/wp\/v2\/product\/120755\" \/>\n<meta property=\"og:locale\" content=\"sv_SE\" \/>\n<meta property=\"og:type\" content=\"article\" \/>\n<meta property=\"og:title\" content=\"K\u00f6p Revofil Plus \u2013 Hudfyllnadsmedel f\u00f6r djuprynkorskorrigering och \u00e5terst\u00e4llande av volym\" \/>\n<meta property=\"og:description\" content=\"K\u00f6p Revofil Plus f\u00f6r behandling av djupa rynkor och volymf\u00f6rb\u00e4ttring i ansiktet. Denna hyaluronsyrafiller med peptider ger naturliga och l\u00e5ngvariga resultat.\" \/>\n<meta property=\"og:url\" content=\"https:\/\/kinamihealth.com\/sv\/produkt\/revofil-plus\/\" \/>\n<meta property=\"og:site_name\" content=\"Kinami Health\" \/>\n<meta property=\"article:modified_time\" content=\"2025-11-05T13:17:24+00:00\" \/>\n<meta property=\"og:image\" content=\"https:\/\/kinamihealth.com\/wp-content\/uploads\/2025\/02\/REVOFIL-PLUS-01.jpg\" \/>\n\t<meta property=\"og:image:width\" content=\"800\" \/>\n\t<meta property=\"og:image:height\" content=\"800\" \/>\n\t<meta property=\"og:image:type\" content=\"image\/jpeg\" \/>\n<meta name=\"twitter:card\" content=\"summary_large_image\" \/>\n<meta name=\"twitter:label1\" content=\"Ber\u00e4knad l\u00e4stid\" \/>\n\t<meta name=\"twitter:data1\" content=\"1 minut\" \/>\n<!-- \/ Yoast SEO plugin. -->","yoast_head_json":{"title":"K\u00f6p Revofil Plus \u2013 Hudfyllnadsmedel f\u00f6r djuprynkorskorrigering och \u00e5terst\u00e4llande av volym","description":"K\u00f6p Revofil Plus f\u00f6r behandling av djupa rynkor och volymf\u00f6rb\u00e4ttring i ansiktet. Denna hyaluronsyrafiller med peptider ger naturliga och l\u00e5ngvariga resultat.","robots":{"index":"index","follow":"follow","max-snippet":"max-snippet:-1","max-image-preview":"max-image-preview:large","max-video-preview":"max-video-preview:-1"},"canonical":"https:\/\/kinamihealth.com\/sv\/wp-json\/wp\/v2\/product\/120755","og_locale":"sv_SE","og_type":"article","og_title":"K\u00f6p Revofil Plus \u2013 Hudfyllnadsmedel f\u00f6r djuprynkorskorrigering och \u00e5terst\u00e4llande av volym","og_description":"K\u00f6p Revofil Plus f\u00f6r behandling av djupa rynkor och volymf\u00f6rb\u00e4ttring i ansiktet. Denna hyaluronsyrafiller med peptider ger naturliga och l\u00e5ngvariga resultat.","og_url":"https:\/\/kinamihealth.com\/sv\/produkt\/revofil-plus\/","og_site_name":"Kinami Health","article_modified_time":"2025-11-05T13:17:24+00:00","og_image":[{"width":800,"height":800,"url":"https:\/\/kinamihealth.com\/wp-content\/uploads\/2025\/02\/REVOFIL-PLUS-01.jpg","type":"image\/jpeg"}],"twitter_card":"summary_large_image","twitter_misc":{"Ber\u00e4knad l\u00e4stid":"1 minut"},"schema":{"@context":"https:\/\/schema.org","@graph":[{"@type":"WebPage","@id":"https:\/\/kinamihealth.com\/sv\/produkt\/revofil-plus\/","url":"https:\/\/kinamihealth.com\/sv\/produkt\/revofil-plus\/","name":"K\u00f6p Revofil Plus \u2013 Hudfyllnadsmedel f\u00f6r djuprynkorskorrigering och \u00e5terst\u00e4llande av volym","isPartOf":{"@id":"https:\/\/kinamihealth.com\/#website"},"primaryImageOfPage":{"@id":"https:\/\/kinamihealth.com\/sv\/produkt\/revofil-plus\/#primaryimage"},"image":{"@id":"https:\/\/kinamihealth.com\/sv\/produkt\/revofil-plus\/#primaryimage"},"thumbnailUrl":"https:\/\/kinamihealth.com\/wp-content\/uploads\/2025\/02\/REVOFIL-PLUS-01.jpg","datePublished":"2025-02-15T16:57:30+00:00","dateModified":"2025-11-05T13:17:24+00:00","description":"K\u00f6p Revofil Plus f\u00f6r behandling av djupa rynkor och volymf\u00f6rb\u00e4ttring i ansiktet. Denna hyaluronsyrafiller med peptider ger naturliga och l\u00e5ngvariga resultat.","breadcrumb":{"@id":"https:\/\/kinamihealth.com\/sv\/produkt\/revofil-plus\/#breadcrumb"},"inLanguage":"sv-SE","potentialAction":[{"@type":"ReadAction","target":["https:\/\/kinamihealth.com\/sv\/produkt\/revofil-plus\/"]}]},{"@type":"ImageObject","inLanguage":"sv-SE","@id":"https:\/\/kinamihealth.com\/sv\/produkt\/revofil-plus\/#primaryimage","url":"https:\/\/kinamihealth.com\/wp-content\/uploads\/2025\/02\/REVOFIL-PLUS-01.jpg","contentUrl":"https:\/\/kinamihealth.com\/wp-content\/uploads\/2025\/02\/REVOFIL-PLUS-01.jpg","width":800,"height":800},{"@type":"BreadcrumbList","@id":"https:\/\/kinamihealth.com\/sv\/produkt\/revofil-plus\/#breadcrumb","itemListElement":[{"@type":"ListItem","position":1,"name":"Hem","item":"https:\/\/kinamihealth.com\/sr\/"},{"@type":"ListItem","position":2,"name":"Butik","item":"https:\/\/kinamihealth.com\/sv\/?page_id=127810"},{"@type":"ListItem","position":3,"name":"REVOFIL\u2122 PLUS"}]},{"@type":"WebSite","@id":"https:\/\/kinamihealth.com\/#website","url":"https:\/\/kinamihealth.com\/","name":"Kinami Health","description":"","publisher":{"@id":"https:\/\/kinamihealth.com\/#organization"},"potentialAction":[{"@type":"SearchAction","target":{"@type":"EntryPoint","urlTemplate":"https:\/\/kinamihealth.com\/?s={search_term_string}"},"query-input":{"@type":"PropertyValueSpecification","valueRequired":true,"valueName":"search_term_string"}}],"inLanguage":"sv-SE"},{"@type":"Organization","@id":"https:\/\/kinamihealth.com\/#organization","name":"Kinami Health","url":"https:\/\/kinamihealth.com\/","logo":{"@type":"ImageObject","inLanguage":"sv-SE","@id":"https:\/\/kinamihealth.com\/#\/schema\/logo\/image\/","url":"https:\/\/kinamihealth.com\/wp-content\/uploads\/2025\/01\/KH_logo_black_2-1.png","contentUrl":"https:\/\/kinamihealth.com\/wp-content\/uploads\/2025\/01\/KH_logo_black_2-1.png","width":339,"height":34,"caption":"Kinami Health"},"image":{"@id":"https:\/\/kinamihealth.com\/#\/schema\/logo\/image\/"}}]}},"_links":{"self":[{"href":"https:\/\/kinamihealth.com\/sv\/wp-json\/wp\/v2\/product\/120755","targetHints":{"allow":["GET"]}}],"collection":[{"href":"https:\/\/kinamihealth.com\/sv\/wp-json\/wp\/v2\/product"}],"about":[{"href":"https:\/\/kinamihealth.com\/sv\/wp-json\/wp\/v2\/types\/product"}],"replies":[{"embeddable":true,"href":"https:\/\/kinamihealth.com\/sv\/wp-json\/wp\/v2\/comments?post=120755"}],"version-history":[{"count":0,"href":"https:\/\/kinamihealth.com\/sv\/wp-json\/wp\/v2\/product\/120755\/revisions"}],"wp:featuredmedia":[{"embeddable":true,"href":"https:\/\/kinamihealth.com\/sv\/wp-json\/wp\/v2\/media\/120756"}],"wp:attachment":[{"href":"https:\/\/kinamihealth.com\/sv\/wp-json\/wp\/v2\/media?parent=120755"}],"wp:term":[{"taxonomy":"product_brand","embeddable":true,"href":"https:\/\/kinamihealth.com\/sv\/wp-json\/wp\/v2\/product_brand?post=120755"},{"taxonomy":"product_cat","embeddable":true,"href":"https:\/\/kinamihealth.com\/sv\/wp-json\/wp\/v2\/product_cat?post=120755"},{"taxonomy":"product_tag","embeddable":true,"href":"https:\/\/kinamihealth.com\/sv\/wp-json\/wp\/v2\/product_tag?post=120755"}],"curies":[{"name":"wp","href":"https:\/\/api.w.org\/{rel}","templated":true}]}}