{"id":120726,"date":"2025-02-15T16:57:19","date_gmt":"2025-02-15T16:57:19","guid":{"rendered":"https:\/\/kinamihealth.com\/product\/revanesse-pure-with-lidocaine\/"},"modified":"2025-11-05T12:44:31","modified_gmt":"2025-11-05T12:44:31","slug":"revanesse-pure-with-lidocaine","status":"publish","type":"product","link":"https:\/\/kinamihealth.com\/sv\/produkt\/revanesse-pure-with-lidocaine\/","title":{"rendered":"REVANESSE\u00ae PURE\u2122 with Lidocaine"},"content":{"rendered":"<p><span style=\"font-weight: 400;\">Revanesse Pure med lidokain \u00e4r en h\u00f6gkvalitativ, <\/span><b>icke-tv\u00e4rbunden hyaluronsyra-dermalfiller<\/b><span style=\"font-weight: 400;\"> utvecklad f\u00f6r djup <\/span><b>hud\u00e5terfuktning och f\u00f6ryngring<\/b><span style=\"font-weight: 400;\">. Denna produkt \u00e4r <\/span><b>perfekt f\u00f6r ytliga fina linjer<\/b><span style=\"font-weight: 400;\"> och hudf\u00f6ryngring snarare \u00e4n volymgivande behandlingar.<\/span><\/p>\n","protected":false},"excerpt":{"rendered":"<p>Revanesse Pure med lidokain \u00e4r en h\u00f6gkvalitativ, icke-tv\u00e4rbunden hyaluronsyra-dermalfiller utvecklad f\u00f6r djup hud\u00e5terfuktning och f\u00f6ryngring. Denna produkt \u00e4r perfekt f\u00f6r ytliga fina linjer och hudf\u00f6ryngring snarare \u00e4n volymgivande behandlingar.<\/p>\n","protected":false},"featured_media":120727,"comment_status":"closed","ping_status":"closed","template":"","meta":{"_acf_changed":false,"inline_featured_image":false},"product_brand":[3173],"product_cat":[3260,3667],"product_tag":[3256],"class_list":{"0":"post-120726","1":"product","2":"type-product","3":"status-publish","4":"has-post-thumbnail","6":"product_brand-revanesse","7":"product_cat-dermal-fillers-sv","8":"product_cat-skinboosters-sv","9":"product_tag-medical-devices-sv","11":"first","12":"instock","13":"taxable","14":"shipping-taxable","15":"purchasable","16":"product-type-simple","17":"add-to-wishlist-before_image"},"acf":[],"yoast_head":"<!-- This site is optimized with the Yoast SEO plugin v27.3 - https:\/\/yoast.com\/product\/yoast-seo-wordpress\/ -->\n<title>K\u00f6p Revanesse Pure med lidokain online f\u00f6r \u00e5terfuktning och f\u00f6ryngring<\/title>\n<meta name=\"description\" content=\"K\u00f6p Revanesse Pure med lidokain online f\u00f6r m\u00e5linriktad hudfuktning och reducering av fina linjer med fyllmedel av medicinsk kvalitet. Nu hos Kinami Health.\" \/>\n<meta name=\"robots\" content=\"index, follow, max-snippet:-1, max-image-preview:large, max-video-preview:-1\" \/>\n<link rel=\"canonical\" href=\"https:\/\/kinamihealth.com\/sv\/wp-json\/wp\/v2\/product\/120726\" \/>\n<meta property=\"og:locale\" content=\"sv_SE\" \/>\n<meta property=\"og:type\" content=\"article\" \/>\n<meta property=\"og:title\" content=\"K\u00f6p Revanesse Pure med lidokain online f\u00f6r \u00e5terfuktning och f\u00f6ryngring\" \/>\n<meta property=\"og:description\" content=\"K\u00f6p Revanesse Pure med lidokain online f\u00f6r m\u00e5linriktad hudfuktning och reducering av fina linjer med fyllmedel av medicinsk kvalitet. Nu hos Kinami Health.\" \/>\n<meta property=\"og:url\" content=\"https:\/\/kinamihealth.com\/sv\/produkt\/revanesse-pure-with-lidocaine\/\" \/>\n<meta property=\"og:site_name\" content=\"Kinami Health\" \/>\n<meta property=\"article:modified_time\" content=\"2025-11-05T12:44:31+00:00\" \/>\n<meta property=\"og:image\" content=\"https:\/\/kinamihealth.com\/wp-content\/uploads\/2025\/02\/REVANESSE-PURE-LIDOCAINE-01.jpg\" \/>\n\t<meta property=\"og:image:width\" content=\"800\" \/>\n\t<meta property=\"og:image:height\" content=\"800\" \/>\n\t<meta property=\"og:image:type\" content=\"image\/jpeg\" \/>\n<meta name=\"twitter:card\" content=\"summary_large_image\" \/>\n<meta name=\"twitter:label1\" content=\"Ber\u00e4knad l\u00e4stid\" \/>\n\t<meta name=\"twitter:data1\" content=\"1 minut\" \/>\n<!-- \/ Yoast SEO plugin. -->","yoast_head_json":{"title":"K\u00f6p Revanesse Pure med lidokain online f\u00f6r \u00e5terfuktning och f\u00f6ryngring","description":"K\u00f6p Revanesse Pure med lidokain online f\u00f6r m\u00e5linriktad hudfuktning och reducering av fina linjer med fyllmedel av medicinsk kvalitet. Nu hos Kinami Health.","robots":{"index":"index","follow":"follow","max-snippet":"max-snippet:-1","max-image-preview":"max-image-preview:large","max-video-preview":"max-video-preview:-1"},"canonical":"https:\/\/kinamihealth.com\/sv\/wp-json\/wp\/v2\/product\/120726","og_locale":"sv_SE","og_type":"article","og_title":"K\u00f6p Revanesse Pure med lidokain online f\u00f6r \u00e5terfuktning och f\u00f6ryngring","og_description":"K\u00f6p Revanesse Pure med lidokain online f\u00f6r m\u00e5linriktad hudfuktning och reducering av fina linjer med fyllmedel av medicinsk kvalitet. Nu hos Kinami Health.","og_url":"https:\/\/kinamihealth.com\/sv\/produkt\/revanesse-pure-with-lidocaine\/","og_site_name":"Kinami Health","article_modified_time":"2025-11-05T12:44:31+00:00","og_image":[{"width":800,"height":800,"url":"https:\/\/kinamihealth.com\/wp-content\/uploads\/2025\/02\/REVANESSE-PURE-LIDOCAINE-01.jpg","type":"image\/jpeg"}],"twitter_card":"summary_large_image","twitter_misc":{"Ber\u00e4knad l\u00e4stid":"1 minut"},"schema":{"@context":"https:\/\/schema.org","@graph":[{"@type":"WebPage","@id":"https:\/\/kinamihealth.com\/sv\/produkt\/revanesse-pure-with-lidocaine\/","url":"https:\/\/kinamihealth.com\/sv\/produkt\/revanesse-pure-with-lidocaine\/","name":"K\u00f6p Revanesse Pure med lidokain online f\u00f6r \u00e5terfuktning och f\u00f6ryngring","isPartOf":{"@id":"https:\/\/kinamihealth.com\/#website"},"primaryImageOfPage":{"@id":"https:\/\/kinamihealth.com\/sv\/produkt\/revanesse-pure-with-lidocaine\/#primaryimage"},"image":{"@id":"https:\/\/kinamihealth.com\/sv\/produkt\/revanesse-pure-with-lidocaine\/#primaryimage"},"thumbnailUrl":"https:\/\/kinamihealth.com\/wp-content\/uploads\/2025\/02\/REVANESSE-PURE-LIDOCAINE-01.jpg","datePublished":"2025-02-15T16:57:19+00:00","dateModified":"2025-11-05T12:44:31+00:00","description":"K\u00f6p Revanesse Pure med lidokain online f\u00f6r m\u00e5linriktad hudfuktning och reducering av fina linjer med fyllmedel av medicinsk kvalitet. Nu hos Kinami Health.","breadcrumb":{"@id":"https:\/\/kinamihealth.com\/sv\/produkt\/revanesse-pure-with-lidocaine\/#breadcrumb"},"inLanguage":"sv-SE","potentialAction":[{"@type":"ReadAction","target":["https:\/\/kinamihealth.com\/sv\/produkt\/revanesse-pure-with-lidocaine\/"]}]},{"@type":"ImageObject","inLanguage":"sv-SE","@id":"https:\/\/kinamihealth.com\/sv\/produkt\/revanesse-pure-with-lidocaine\/#primaryimage","url":"https:\/\/kinamihealth.com\/wp-content\/uploads\/2025\/02\/REVANESSE-PURE-LIDOCAINE-01.jpg","contentUrl":"https:\/\/kinamihealth.com\/wp-content\/uploads\/2025\/02\/REVANESSE-PURE-LIDOCAINE-01.jpg","width":800,"height":800},{"@type":"BreadcrumbList","@id":"https:\/\/kinamihealth.com\/sv\/produkt\/revanesse-pure-with-lidocaine\/#breadcrumb","itemListElement":[{"@type":"ListItem","position":1,"name":"Hem","item":"https:\/\/kinamihealth.com\/sr\/"},{"@type":"ListItem","position":2,"name":"Butik","item":"https:\/\/kinamihealth.com\/sv\/?page_id=127810"},{"@type":"ListItem","position":3,"name":"REVANESSE\u00ae PURE\u2122 with Lidocaine"}]},{"@type":"WebSite","@id":"https:\/\/kinamihealth.com\/#website","url":"https:\/\/kinamihealth.com\/","name":"Kinami Health","description":"","publisher":{"@id":"https:\/\/kinamihealth.com\/#organization"},"potentialAction":[{"@type":"SearchAction","target":{"@type":"EntryPoint","urlTemplate":"https:\/\/kinamihealth.com\/?s={search_term_string}"},"query-input":{"@type":"PropertyValueSpecification","valueRequired":true,"valueName":"search_term_string"}}],"inLanguage":"sv-SE"},{"@type":"Organization","@id":"https:\/\/kinamihealth.com\/#organization","name":"Kinami Health","url":"https:\/\/kinamihealth.com\/","logo":{"@type":"ImageObject","inLanguage":"sv-SE","@id":"https:\/\/kinamihealth.com\/#\/schema\/logo\/image\/","url":"https:\/\/kinamihealth.com\/wp-content\/uploads\/2025\/01\/KH_logo_black_2-1.png","contentUrl":"https:\/\/kinamihealth.com\/wp-content\/uploads\/2025\/01\/KH_logo_black_2-1.png","width":339,"height":34,"caption":"Kinami Health"},"image":{"@id":"https:\/\/kinamihealth.com\/#\/schema\/logo\/image\/"}}]}},"_links":{"self":[{"href":"https:\/\/kinamihealth.com\/sv\/wp-json\/wp\/v2\/product\/120726","targetHints":{"allow":["GET"]}}],"collection":[{"href":"https:\/\/kinamihealth.com\/sv\/wp-json\/wp\/v2\/product"}],"about":[{"href":"https:\/\/kinamihealth.com\/sv\/wp-json\/wp\/v2\/types\/product"}],"replies":[{"embeddable":true,"href":"https:\/\/kinamihealth.com\/sv\/wp-json\/wp\/v2\/comments?post=120726"}],"version-history":[{"count":0,"href":"https:\/\/kinamihealth.com\/sv\/wp-json\/wp\/v2\/product\/120726\/revisions"}],"wp:featuredmedia":[{"embeddable":true,"href":"https:\/\/kinamihealth.com\/sv\/wp-json\/wp\/v2\/media\/120727"}],"wp:attachment":[{"href":"https:\/\/kinamihealth.com\/sv\/wp-json\/wp\/v2\/media?parent=120726"}],"wp:term":[{"taxonomy":"product_brand","embeddable":true,"href":"https:\/\/kinamihealth.com\/sv\/wp-json\/wp\/v2\/product_brand?post=120726"},{"taxonomy":"product_cat","embeddable":true,"href":"https:\/\/kinamihealth.com\/sv\/wp-json\/wp\/v2\/product_cat?post=120726"},{"taxonomy":"product_tag","embeddable":true,"href":"https:\/\/kinamihealth.com\/sv\/wp-json\/wp\/v2\/product_tag?post=120726"}],"curies":[{"name":"wp","href":"https:\/\/api.w.org\/{rel}","templated":true}]}}