{"id":120509,"date":"2025-02-15T16:57:10","date_gmt":"2025-02-15T16:57:10","guid":{"rendered":"https:\/\/kinamihealth.com\/product\/restylane-skinboosters-vital-with-lidocaine\/"},"modified":"2025-12-11T16:43:28","modified_gmt":"2025-12-11T16:43:28","slug":"restylane-skinboosters-vital-with-lidocaine","status":"publish","type":"product","link":"https:\/\/kinamihealth.com\/sv\/produkt\/restylane-skinboosters-vital-with-lidocaine\/","title":{"rendered":"RESTYLANE\u00ae SKINBOOSTERS\u2122 VITAL with Lidocaine"},"content":{"rendered":"<p><span style=\"font-weight: 400;\">Restylane Skinboosters Vital med lidokain \u00e4r en <\/span><b>premium injicerbar gel<\/b><span style=\"font-weight: 400;\"> utformad f\u00f6r att f\u00f6rb\u00e4ttra <\/span><b>hudens fuktighet<\/b><span style=\"font-weight: 400;\">, <\/span><b>mjukhet<\/b><span style=\"font-weight: 400;\"> och <\/span><b>elasticitet<\/b><span style=\"font-weight: 400;\">. Denna hudbooster \u00e4r formulerad med <\/span><b>icke-animalisk stabiliserad hyaluronsyra (NASHA)<\/b><span style=\"font-weight: 400;\"> och drar fukt djupt in i dermis, vilket f\u00f6rb\u00e4ttrar hudens struktur och vitalitet. Tillsatsen av <\/span><b>lidokain<\/b><span style=\"font-weight: 400;\"> garanterar en mer behaglig upplevelse genom att minska sm\u00e4rtan under behandlingen. Restylane Skinboosters Vital \u00e4r perfekt f\u00f6r behandling av omr\u00e5den som <\/span><b>ansikte<\/b><span style=\"font-weight: 400;\">, <\/span><b>hals<\/b><span style=\"font-weight: 400;\">, <\/span><b>dekolletage<\/b><span style=\"font-weight: 400;\"> och <\/span><b>h\u00e4nder<\/b><span style=\"font-weight: 400;\">, s\u00e4rskilt de som \u00e4r ben\u00e4gna att f\u00e5 fina linjer, uttorkning och f\u00f6rlust av elasticitet.<\/span><\/p>\n","protected":false},"excerpt":{"rendered":"<p>Restylane Skinboosters Vital med lidokain \u00e4r en premium injicerbar gel utformad f\u00f6r att f\u00f6rb\u00e4ttra hudens fuktighet, mjukhet och elasticitet. Denna hudbooster \u00e4r formulerad med icke-animalisk stabiliserad hyaluronsyra (NASHA) och drar fukt djupt in i dermis, vilket f\u00f6rb\u00e4ttrar hudens struktur och vitalitet. Tillsatsen av lidokain garanterar en mer behaglig upplevelse genom att minska sm\u00e4rtan under behandlingen. [&hellip;]<\/p>\n","protected":false},"featured_media":120510,"comment_status":"closed","ping_status":"closed","template":"","meta":{"_acf_changed":false,"inline_featured_image":false},"product_brand":[3172],"product_cat":[3265,3260],"product_tag":[3256],"class_list":{"0":"post-120509","1":"product","2":"type-product","3":"status-publish","4":"has-post-thumbnail","6":"product_brand-restylane","7":"product_cat-ha-dermal-fillers","8":"product_cat-dermal-fillers-sv","9":"product_tag-medical-devices-sv","11":"first","12":"instock","13":"taxable","14":"shipping-taxable","15":"purchasable","16":"product-type-simple","17":"add-to-wishlist-before_image"},"acf":[],"yoast_head":"<!-- This site is optimized with the Yoast SEO plugin v27.5 - https:\/\/yoast.com\/product\/yoast-seo-wordpress\/ -->\n<title>K\u00f6p Restylane Skinboosters Vital med lidokain online p\u00e5 Kinami Health<\/title>\n<meta name=\"description\" content=\"K\u00f6p Restylane Skinboosters Vital med lidokain online \u2013 en hyaluronsyrabaserad hudbooster f\u00f6r \u00f6kad \u00e5terfuktning, mjukare struktur och f\u00f6rb\u00e4ttrad hudelasticitet, perfekt f\u00f6r f\u00f6ryngring av ansikte, hals och h\u00e4nder.\" \/>\n<meta name=\"robots\" content=\"index, follow, max-snippet:-1, max-image-preview:large, max-video-preview:-1\" \/>\n<link rel=\"canonical\" href=\"https:\/\/kinamihealth.com\/sv\/wp-json\/wp\/v2\/product\/120509\" \/>\n<meta property=\"og:locale\" content=\"sv_SE\" \/>\n<meta property=\"og:type\" content=\"article\" \/>\n<meta property=\"og:title\" content=\"K\u00f6p Restylane Skinboosters Vital med lidokain online p\u00e5 Kinami Health\" \/>\n<meta property=\"og:description\" content=\"K\u00f6p Restylane Skinboosters Vital med lidokain online \u2013 en hyaluronsyrabaserad hudbooster f\u00f6r \u00f6kad \u00e5terfuktning, mjukare struktur och f\u00f6rb\u00e4ttrad hudelasticitet, perfekt f\u00f6r f\u00f6ryngring av ansikte, hals och h\u00e4nder.\" \/>\n<meta property=\"og:url\" content=\"https:\/\/kinamihealth.com\/sv\/produkt\/restylane-skinboosters-vital-with-lidocaine\/\" \/>\n<meta property=\"og:site_name\" content=\"Kinami Health\" \/>\n<meta property=\"article:modified_time\" content=\"2025-12-11T16:43:28+00:00\" \/>\n<meta property=\"og:image\" content=\"https:\/\/kinamihealth.com\/wp-content\/uploads\/2025\/02\/GALDERMA-RESTYLANE-SKINBOOSTER-VITAL-LIDOCAINE-01.jpg\" \/>\n\t<meta property=\"og:image:width\" content=\"800\" \/>\n\t<meta property=\"og:image:height\" content=\"800\" \/>\n\t<meta property=\"og:image:type\" content=\"image\/jpeg\" \/>\n<meta name=\"twitter:card\" content=\"summary_large_image\" \/>\n<meta name=\"twitter:label1\" content=\"Ber\u00e4knad l\u00e4stid\" \/>\n\t<meta name=\"twitter:data1\" content=\"1 minut\" \/>\n<!-- \/ Yoast SEO plugin. -->","yoast_head_json":{"title":"K\u00f6p Restylane Skinboosters Vital med lidokain online p\u00e5 Kinami Health","description":"K\u00f6p Restylane Skinboosters Vital med lidokain online \u2013 en hyaluronsyrabaserad hudbooster f\u00f6r \u00f6kad \u00e5terfuktning, mjukare struktur och f\u00f6rb\u00e4ttrad hudelasticitet, perfekt f\u00f6r f\u00f6ryngring av ansikte, hals och h\u00e4nder.","robots":{"index":"index","follow":"follow","max-snippet":"max-snippet:-1","max-image-preview":"max-image-preview:large","max-video-preview":"max-video-preview:-1"},"canonical":"https:\/\/kinamihealth.com\/sv\/wp-json\/wp\/v2\/product\/120509","og_locale":"sv_SE","og_type":"article","og_title":"K\u00f6p Restylane Skinboosters Vital med lidokain online p\u00e5 Kinami Health","og_description":"K\u00f6p Restylane Skinboosters Vital med lidokain online \u2013 en hyaluronsyrabaserad hudbooster f\u00f6r \u00f6kad \u00e5terfuktning, mjukare struktur och f\u00f6rb\u00e4ttrad hudelasticitet, perfekt f\u00f6r f\u00f6ryngring av ansikte, hals och h\u00e4nder.","og_url":"https:\/\/kinamihealth.com\/sv\/produkt\/restylane-skinboosters-vital-with-lidocaine\/","og_site_name":"Kinami Health","article_modified_time":"2025-12-11T16:43:28+00:00","og_image":[{"width":800,"height":800,"url":"https:\/\/kinamihealth.com\/wp-content\/uploads\/2025\/02\/GALDERMA-RESTYLANE-SKINBOOSTER-VITAL-LIDOCAINE-01.jpg","type":"image\/jpeg"}],"twitter_card":"summary_large_image","twitter_misc":{"Ber\u00e4knad l\u00e4stid":"1 minut"},"schema":{"@context":"https:\/\/schema.org","@graph":[{"@type":"WebPage","@id":"https:\/\/kinamihealth.com\/sv\/produkt\/restylane-skinboosters-vital-with-lidocaine\/","url":"https:\/\/kinamihealth.com\/sv\/produkt\/restylane-skinboosters-vital-with-lidocaine\/","name":"K\u00f6p Restylane Skinboosters Vital med lidokain online p\u00e5 Kinami Health","isPartOf":{"@id":"https:\/\/kinamihealth.com\/#website"},"primaryImageOfPage":{"@id":"https:\/\/kinamihealth.com\/sv\/produkt\/restylane-skinboosters-vital-with-lidocaine\/#primaryimage"},"image":{"@id":"https:\/\/kinamihealth.com\/sv\/produkt\/restylane-skinboosters-vital-with-lidocaine\/#primaryimage"},"thumbnailUrl":"https:\/\/kinamihealth.com\/wp-content\/uploads\/2025\/02\/GALDERMA-RESTYLANE-SKINBOOSTER-VITAL-LIDOCAINE-01.jpg","datePublished":"2025-02-15T16:57:10+00:00","dateModified":"2025-12-11T16:43:28+00:00","description":"K\u00f6p Restylane Skinboosters Vital med lidokain online \u2013 en hyaluronsyrabaserad hudbooster f\u00f6r \u00f6kad \u00e5terfuktning, mjukare struktur och f\u00f6rb\u00e4ttrad hudelasticitet, perfekt f\u00f6r f\u00f6ryngring av ansikte, hals och h\u00e4nder.","breadcrumb":{"@id":"https:\/\/kinamihealth.com\/sv\/produkt\/restylane-skinboosters-vital-with-lidocaine\/#breadcrumb"},"inLanguage":"sv-SE","potentialAction":[{"@type":"ReadAction","target":["https:\/\/kinamihealth.com\/sv\/produkt\/restylane-skinboosters-vital-with-lidocaine\/"]}]},{"@type":"ImageObject","inLanguage":"sv-SE","@id":"https:\/\/kinamihealth.com\/sv\/produkt\/restylane-skinboosters-vital-with-lidocaine\/#primaryimage","url":"https:\/\/kinamihealth.com\/wp-content\/uploads\/2025\/02\/GALDERMA-RESTYLANE-SKINBOOSTER-VITAL-LIDOCAINE-01.jpg","contentUrl":"https:\/\/kinamihealth.com\/wp-content\/uploads\/2025\/02\/GALDERMA-RESTYLANE-SKINBOOSTER-VITAL-LIDOCAINE-01.jpg","width":800,"height":800},{"@type":"BreadcrumbList","@id":"https:\/\/kinamihealth.com\/sv\/produkt\/restylane-skinboosters-vital-with-lidocaine\/#breadcrumb","itemListElement":[{"@type":"ListItem","position":1,"name":"Hem","item":"https:\/\/kinamihealth.com\/sr\/"},{"@type":"ListItem","position":2,"name":"Butik","item":"https:\/\/kinamihealth.com\/sv\/?page_id=127810"},{"@type":"ListItem","position":3,"name":"RESTYLANE\u00ae SKINBOOSTERS\u2122 VITAL with Lidocaine"}]},{"@type":"WebSite","@id":"https:\/\/kinamihealth.com\/#website","url":"https:\/\/kinamihealth.com\/","name":"Kinami Health","description":"","publisher":{"@id":"https:\/\/kinamihealth.com\/#organization"},"potentialAction":[{"@type":"SearchAction","target":{"@type":"EntryPoint","urlTemplate":"https:\/\/kinamihealth.com\/?s={search_term_string}"},"query-input":{"@type":"PropertyValueSpecification","valueRequired":true,"valueName":"search_term_string"}}],"inLanguage":"sv-SE"},{"@type":"Organization","@id":"https:\/\/kinamihealth.com\/#organization","name":"Kinami Health","url":"https:\/\/kinamihealth.com\/","logo":{"@type":"ImageObject","inLanguage":"sv-SE","@id":"https:\/\/kinamihealth.com\/#\/schema\/logo\/image\/","url":"https:\/\/kinamihealth.com\/wp-content\/uploads\/2025\/01\/KH_logo_black_2-1.png","contentUrl":"https:\/\/kinamihealth.com\/wp-content\/uploads\/2025\/01\/KH_logo_black_2-1.png","width":339,"height":34,"caption":"Kinami Health"},"image":{"@id":"https:\/\/kinamihealth.com\/#\/schema\/logo\/image\/"}}]}},"_links":{"self":[{"href":"https:\/\/kinamihealth.com\/sv\/wp-json\/wp\/v2\/product\/120509","targetHints":{"allow":["GET"]}}],"collection":[{"href":"https:\/\/kinamihealth.com\/sv\/wp-json\/wp\/v2\/product"}],"about":[{"href":"https:\/\/kinamihealth.com\/sv\/wp-json\/wp\/v2\/types\/product"}],"replies":[{"embeddable":true,"href":"https:\/\/kinamihealth.com\/sv\/wp-json\/wp\/v2\/comments?post=120509"}],"version-history":[{"count":0,"href":"https:\/\/kinamihealth.com\/sv\/wp-json\/wp\/v2\/product\/120509\/revisions"}],"wp:featuredmedia":[{"embeddable":true,"href":"https:\/\/kinamihealth.com\/sv\/wp-json\/wp\/v2\/media\/120510"}],"wp:attachment":[{"href":"https:\/\/kinamihealth.com\/sv\/wp-json\/wp\/v2\/media?parent=120509"}],"wp:term":[{"taxonomy":"product_brand","embeddable":true,"href":"https:\/\/kinamihealth.com\/sv\/wp-json\/wp\/v2\/product_brand?post=120509"},{"taxonomy":"product_cat","embeddable":true,"href":"https:\/\/kinamihealth.com\/sv\/wp-json\/wp\/v2\/product_cat?post=120509"},{"taxonomy":"product_tag","embeddable":true,"href":"https:\/\/kinamihealth.com\/sv\/wp-json\/wp\/v2\/product_tag?post=120509"}],"curies":[{"name":"wp","href":"https:\/\/api.w.org\/{rel}","templated":true}]}}