{"id":120503,"date":"2025-02-15T16:57:09","date_gmt":"2025-02-15T16:57:09","guid":{"rendered":"https:\/\/kinamihealth.com\/product\/restylane-refyne-with-lidocaine\/"},"modified":"2025-12-11T16:30:32","modified_gmt":"2025-12-11T16:30:32","slug":"restylane-refyne-with-lidocaine","status":"publish","type":"product","link":"https:\/\/kinamihealth.com\/sv\/produkt\/restylane-refyne-with-lidocaine\/","title":{"rendered":"RESTYLANE\u00ae REFYNE with Lidocaine"},"content":{"rendered":"<p><span style=\"font-weight: 400;\">Restylane Refyne med lidokain \u00e4r en toppmodern hudfyllnadsprodukt som best\u00e5r av <\/span><b>f\u00e4rgl\u00f6s, homogen, mjuk hyaluronsyragel<\/b><span style=\"font-weight: 400;\">. Den \u00e4r godk\u00e4nd av FDA och speciellt utvecklad f\u00f6r att behandla m\u00e5ttliga till sv\u00e5ra ansiktsveck och rynkor. Restylane Refyne, som drivs av <\/span><b>XpresHAn Technology\u2122<\/b><span style=\"font-weight: 400;\">, integreras s\u00f6ml\u00f6st i huden, anpassar sig efter ansiktsr\u00f6relser och ger ett naturligt, j\u00e4mnt utseende. Tillsatsen av <\/span><b>lidokain<\/b><span style=\"font-weight: 400;\"> s\u00e4kerst\u00e4ller en mer behaglig upplevelse genom att minimera sm\u00e4rtan under injektionsprocessen. Medicinsk personal anv\u00e4nder ofta Restylane Refyne med lidokain f\u00f6r ansiktsf\u00f6ryngrande behandlingar, eftersom det ger betydande f\u00f6rb\u00e4ttringar av ansiktslinjer och rynkor samtidigt som det bibeh\u00e5ller ett naturligt utseende.<\/span><\/p>\n","protected":false},"excerpt":{"rendered":"<p>Restylane Refyne med lidokain \u00e4r en toppmodern hudfyllnadsprodukt som best\u00e5r av f\u00e4rgl\u00f6s, homogen, mjuk hyaluronsyragel. Den \u00e4r godk\u00e4nd av FDA och speciellt utvecklad f\u00f6r att behandla m\u00e5ttliga till sv\u00e5ra ansiktsveck och rynkor. Restylane Refyne, som drivs av XpresHAn Technology\u2122, integreras s\u00f6ml\u00f6st i huden, anpassar sig efter ansiktsr\u00f6relser och ger ett naturligt, j\u00e4mnt utseende. Tillsatsen av [&hellip;]<\/p>\n","protected":false},"featured_media":123381,"comment_status":"closed","ping_status":"closed","template":"","meta":{"_acf_changed":false,"inline_featured_image":false},"product_brand":[3172],"product_cat":[3265,3260],"product_tag":[3256],"class_list":{"0":"post-120503","1":"product","2":"type-product","3":"status-publish","4":"has-post-thumbnail","6":"product_brand-restylane","7":"product_cat-ha-dermal-fillers","8":"product_cat-dermal-fillers-sv","9":"product_tag-medical-devices-sv","11":"first","12":"instock","13":"taxable","14":"shipping-taxable","15":"purchasable","16":"product-type-simple","17":"add-to-wishlist-before_image"},"acf":[],"yoast_head":"<!-- This site is optimized with the Yoast SEO plugin v27.1.1 - https:\/\/yoast.com\/product\/yoast-seo-wordpress\/ -->\n<title>K\u00f6p Restylane Refyne med lidokain online p\u00e5 Kinami Health<\/title>\n<meta name=\"description\" content=\"K\u00f6p Restylane Refyne med lidokain online \u2013 en hyaluronsyrabaserad hudfyllnadsprodukt avsedd f\u00f6r m\u00e5ttliga till sv\u00e5ra ansiktsrynkor och veck, som ger naturliga, j\u00e4mna resultat med \u00f6kad patientkomfort.\" \/>\n<meta name=\"robots\" content=\"index, follow, max-snippet:-1, max-image-preview:large, max-video-preview:-1\" \/>\n<link rel=\"canonical\" href=\"https:\/\/kinamihealth.com\/sv\/wp-json\/wp\/v2\/product\/120503\" \/>\n<meta property=\"og:locale\" content=\"sv_SE\" \/>\n<meta property=\"og:type\" content=\"article\" \/>\n<meta property=\"og:title\" content=\"K\u00f6p Restylane Refyne med lidokain online p\u00e5 Kinami Health\" \/>\n<meta property=\"og:description\" content=\"K\u00f6p Restylane Refyne med lidokain online \u2013 en hyaluronsyrabaserad hudfyllnadsprodukt avsedd f\u00f6r m\u00e5ttliga till sv\u00e5ra ansiktsrynkor och veck, som ger naturliga, j\u00e4mna resultat med \u00f6kad patientkomfort.\" \/>\n<meta property=\"og:url\" content=\"https:\/\/kinamihealth.com\/sv\/produkt\/restylane-refyne-with-lidocaine\/\" \/>\n<meta property=\"og:site_name\" content=\"Kinami Health\" \/>\n<meta property=\"article:modified_time\" content=\"2025-12-11T16:30:32+00:00\" \/>\n<meta property=\"og:image\" content=\"https:\/\/kinamihealth.com\/wp-content\/uploads\/2025\/02\/Restylane-Refyne-with-lido.webp\" \/>\n\t<meta property=\"og:image:width\" content=\"1024\" \/>\n\t<meta property=\"og:image:height\" content=\"1024\" \/>\n\t<meta property=\"og:image:type\" content=\"image\/webp\" \/>\n<meta name=\"twitter:card\" content=\"summary_large_image\" \/>\n<meta name=\"twitter:label1\" content=\"Ber\u00e4knad l\u00e4stid\" \/>\n\t<meta name=\"twitter:data1\" content=\"1 minut\" \/>\n<!-- \/ Yoast SEO plugin. -->","yoast_head_json":{"title":"K\u00f6p Restylane Refyne med lidokain online p\u00e5 Kinami Health","description":"K\u00f6p Restylane Refyne med lidokain online \u2013 en hyaluronsyrabaserad hudfyllnadsprodukt avsedd f\u00f6r m\u00e5ttliga till sv\u00e5ra ansiktsrynkor och veck, som ger naturliga, j\u00e4mna resultat med \u00f6kad patientkomfort.","robots":{"index":"index","follow":"follow","max-snippet":"max-snippet:-1","max-image-preview":"max-image-preview:large","max-video-preview":"max-video-preview:-1"},"canonical":"https:\/\/kinamihealth.com\/sv\/wp-json\/wp\/v2\/product\/120503","og_locale":"sv_SE","og_type":"article","og_title":"K\u00f6p Restylane Refyne med lidokain online p\u00e5 Kinami Health","og_description":"K\u00f6p Restylane Refyne med lidokain online \u2013 en hyaluronsyrabaserad hudfyllnadsprodukt avsedd f\u00f6r m\u00e5ttliga till sv\u00e5ra ansiktsrynkor och veck, som ger naturliga, j\u00e4mna resultat med \u00f6kad patientkomfort.","og_url":"https:\/\/kinamihealth.com\/sv\/produkt\/restylane-refyne-with-lidocaine\/","og_site_name":"Kinami Health","article_modified_time":"2025-12-11T16:30:32+00:00","og_image":[{"width":1024,"height":1024,"url":"https:\/\/kinamihealth.com\/wp-content\/uploads\/2025\/02\/Restylane-Refyne-with-lido.webp","type":"image\/webp"}],"twitter_card":"summary_large_image","twitter_misc":{"Ber\u00e4knad l\u00e4stid":"1 minut"},"schema":{"@context":"https:\/\/schema.org","@graph":[{"@type":"WebPage","@id":"https:\/\/kinamihealth.com\/sv\/produkt\/restylane-refyne-with-lidocaine\/","url":"https:\/\/kinamihealth.com\/sv\/produkt\/restylane-refyne-with-lidocaine\/","name":"K\u00f6p Restylane Refyne med lidokain online p\u00e5 Kinami Health","isPartOf":{"@id":"https:\/\/kinamihealth.com\/#website"},"primaryImageOfPage":{"@id":"https:\/\/kinamihealth.com\/sv\/produkt\/restylane-refyne-with-lidocaine\/#primaryimage"},"image":{"@id":"https:\/\/kinamihealth.com\/sv\/produkt\/restylane-refyne-with-lidocaine\/#primaryimage"},"thumbnailUrl":"https:\/\/kinamihealth.com\/wp-content\/uploads\/2025\/02\/Restylane-Refyne-with-lido.webp","datePublished":"2025-02-15T16:57:09+00:00","dateModified":"2025-12-11T16:30:32+00:00","description":"K\u00f6p Restylane Refyne med lidokain online \u2013 en hyaluronsyrabaserad hudfyllnadsprodukt avsedd f\u00f6r m\u00e5ttliga till sv\u00e5ra ansiktsrynkor och veck, som ger naturliga, j\u00e4mna resultat med \u00f6kad patientkomfort.","breadcrumb":{"@id":"https:\/\/kinamihealth.com\/sv\/produkt\/restylane-refyne-with-lidocaine\/#breadcrumb"},"inLanguage":"sv-SE","potentialAction":[{"@type":"ReadAction","target":["https:\/\/kinamihealth.com\/sv\/produkt\/restylane-refyne-with-lidocaine\/"]}]},{"@type":"ImageObject","inLanguage":"sv-SE","@id":"https:\/\/kinamihealth.com\/sv\/produkt\/restylane-refyne-with-lidocaine\/#primaryimage","url":"https:\/\/kinamihealth.com\/wp-content\/uploads\/2025\/02\/Restylane-Refyne-with-lido.webp","contentUrl":"https:\/\/kinamihealth.com\/wp-content\/uploads\/2025\/02\/Restylane-Refyne-with-lido.webp","width":1024,"height":1024},{"@type":"BreadcrumbList","@id":"https:\/\/kinamihealth.com\/sv\/produkt\/restylane-refyne-with-lidocaine\/#breadcrumb","itemListElement":[{"@type":"ListItem","position":1,"name":"Hem","item":"https:\/\/kinamihealth.com\/sr\/"},{"@type":"ListItem","position":2,"name":"Butik","item":"https:\/\/kinamihealth.com\/sv\/?page_id=127810"},{"@type":"ListItem","position":3,"name":"RESTYLANE\u00ae REFYNE with Lidocaine"}]},{"@type":"WebSite","@id":"https:\/\/kinamihealth.com\/#website","url":"https:\/\/kinamihealth.com\/","name":"Kinami Health","description":"","publisher":{"@id":"https:\/\/kinamihealth.com\/#organization"},"potentialAction":[{"@type":"SearchAction","target":{"@type":"EntryPoint","urlTemplate":"https:\/\/kinamihealth.com\/?s={search_term_string}"},"query-input":{"@type":"PropertyValueSpecification","valueRequired":true,"valueName":"search_term_string"}}],"inLanguage":"sv-SE"},{"@type":"Organization","@id":"https:\/\/kinamihealth.com\/#organization","name":"Kinami Health","url":"https:\/\/kinamihealth.com\/","logo":{"@type":"ImageObject","inLanguage":"sv-SE","@id":"https:\/\/kinamihealth.com\/#\/schema\/logo\/image\/","url":"https:\/\/kinamihealth.com\/wp-content\/uploads\/2025\/01\/KH_logo_black_2-1.png","contentUrl":"https:\/\/kinamihealth.com\/wp-content\/uploads\/2025\/01\/KH_logo_black_2-1.png","width":339,"height":34,"caption":"Kinami Health"},"image":{"@id":"https:\/\/kinamihealth.com\/#\/schema\/logo\/image\/"}}]}},"_links":{"self":[{"href":"https:\/\/kinamihealth.com\/sv\/wp-json\/wp\/v2\/product\/120503","targetHints":{"allow":["GET"]}}],"collection":[{"href":"https:\/\/kinamihealth.com\/sv\/wp-json\/wp\/v2\/product"}],"about":[{"href":"https:\/\/kinamihealth.com\/sv\/wp-json\/wp\/v2\/types\/product"}],"replies":[{"embeddable":true,"href":"https:\/\/kinamihealth.com\/sv\/wp-json\/wp\/v2\/comments?post=120503"}],"version-history":[{"count":0,"href":"https:\/\/kinamihealth.com\/sv\/wp-json\/wp\/v2\/product\/120503\/revisions"}],"wp:featuredmedia":[{"embeddable":true,"href":"https:\/\/kinamihealth.com\/sv\/wp-json\/wp\/v2\/media\/123381"}],"wp:attachment":[{"href":"https:\/\/kinamihealth.com\/sv\/wp-json\/wp\/v2\/media?parent=120503"}],"wp:term":[{"taxonomy":"product_brand","embeddable":true,"href":"https:\/\/kinamihealth.com\/sv\/wp-json\/wp\/v2\/product_brand?post=120503"},{"taxonomy":"product_cat","embeddable":true,"href":"https:\/\/kinamihealth.com\/sv\/wp-json\/wp\/v2\/product_cat?post=120503"},{"taxonomy":"product_tag","embeddable":true,"href":"https:\/\/kinamihealth.com\/sv\/wp-json\/wp\/v2\/product_tag?post=120503"}],"curies":[{"name":"wp","href":"https:\/\/api.w.org\/{rel}","templated":true}]}}