{"id":120483,"date":"2025-02-15T16:57:08","date_gmt":"2025-02-15T16:57:08","guid":{"rendered":"https:\/\/kinamihealth.com\/product\/restylane-lyft\/"},"modified":"2025-11-04T12:44:33","modified_gmt":"2025-11-04T12:44:33","slug":"restylane-lyft","status":"publish","type":"product","link":"https:\/\/kinamihealth.com\/sv\/produkt\/restylane-lyft\/","title":{"rendered":"RESTYLANE\u00ae LYFT"},"content":{"rendered":"<p><span style=\"font-weight: 400;\">Restylane Lyft \u00e4r en FDA-godk\u00e4nd, steril gelbaserad hudfyllnadsprodukt som best\u00e5r av <\/span><b>hyaluronsyra<\/b><span style=\"font-weight: 400;\"> och tillverkas med hj\u00e4lp av <\/span><b>NASHA\u2122-teknik<\/b><span style=\"font-weight: 400;\">. Denna hyaluronsyra \u00e4r kemiskt tv\u00e4rbunden med <\/span><b>BDDE (butandioldiglycidyleter)<\/b><span style=\"font-weight: 400;\"> och suspenderad i fosfatbuffrad saltl\u00f6sning. Restylane Lyft \u00e4r utformat f\u00f6r att \u00e5terst\u00e4lla ansiktsvolym och j\u00e4mna ut rynkor, vilket g\u00f6r det idealiskt f\u00f6r att f\u00f6rb\u00e4ttra kindkonturerna och f\u00f6ryngra h\u00e4nderna. Fyllmedlet ger naturliga resultat som f\u00f6rb\u00e4ttrar den \u00f6vergripande estetiken utan kirurgi och erbjuder en effektiv icke-invasiv l\u00f6sning. <\/span><b><i>Restylane-produkter<\/i><\/b><span style=\"font-weight: 400;\"> \u00e4r en serie hyaluronsyrabaserade hudfyllmedel utformade f\u00f6r att f\u00f6rb\u00e4ttra ansiktsestetiken genom att j\u00e4mna ut rynkor, ge volym och \u00e5terst\u00e4lla ungdomliga konturer.<\/span><\/p>\n","protected":false},"excerpt":{"rendered":"<p>Restylane Lyft \u00e4r en FDA-godk\u00e4nd, steril gelbaserad hudfyllnadsprodukt som best\u00e5r av hyaluronsyra och tillverkas med hj\u00e4lp av NASHA\u2122-teknik. Denna hyaluronsyra \u00e4r kemiskt tv\u00e4rbunden med BDDE (butandioldiglycidyleter) och suspenderad i fosfatbuffrad saltl\u00f6sning. Restylane Lyft \u00e4r utformat f\u00f6r att \u00e5terst\u00e4lla ansiktsvolym och j\u00e4mna ut rynkor, vilket g\u00f6r det idealiskt f\u00f6r att f\u00f6rb\u00e4ttra kindkonturerna och f\u00f6ryngra h\u00e4nderna. Fyllmedlet [&hellip;]<\/p>\n","protected":false},"featured_media":120484,"comment_status":"closed","ping_status":"closed","template":"","meta":{"_acf_changed":false,"inline_featured_image":false},"product_brand":[3172],"product_cat":[3265,3260],"product_tag":[3256],"class_list":{"0":"post-120483","1":"product","2":"type-product","3":"status-publish","4":"has-post-thumbnail","6":"product_brand-restylane","7":"product_cat-ha-dermal-fillers","8":"product_cat-dermal-fillers-sv","9":"product_tag-medical-devices-sv","11":"first","12":"instock","13":"taxable","14":"shipping-taxable","15":"purchasable","16":"product-type-simple","17":"add-to-wishlist-before_image"},"acf":[],"yoast_head":"<!-- This site is optimized with the Yoast SEO plugin v27.3 - https:\/\/yoast.com\/product\/yoast-seo-wordpress\/ -->\n<title>K\u00f6p Restylane Lyft online p\u00e5 Kinami Health<\/title>\n<meta name=\"description\" content=\"K\u00f6p Restylane Lyft online \u2013 en hyaluronsyrabaserad hudfyllnadsmedel f\u00f6r ansiktsf\u00f6ryngring, kindf\u00f6rstoring och handf\u00f6ryngring, som ger naturliga resultat med l\u00e5ngvarig effekt.\" \/>\n<meta name=\"robots\" content=\"index, follow, max-snippet:-1, max-image-preview:large, max-video-preview:-1\" \/>\n<link rel=\"canonical\" href=\"https:\/\/kinamihealth.com\/sv\/wp-json\/wp\/v2\/product\/120483\" \/>\n<meta property=\"og:locale\" content=\"sv_SE\" \/>\n<meta property=\"og:type\" content=\"article\" \/>\n<meta property=\"og:title\" content=\"K\u00f6p Restylane Lyft online p\u00e5 Kinami Health\" \/>\n<meta property=\"og:description\" content=\"K\u00f6p Restylane Lyft online \u2013 en hyaluronsyrabaserad hudfyllnadsmedel f\u00f6r ansiktsf\u00f6ryngring, kindf\u00f6rstoring och handf\u00f6ryngring, som ger naturliga resultat med l\u00e5ngvarig effekt.\" \/>\n<meta property=\"og:url\" content=\"https:\/\/kinamihealth.com\/sv\/produkt\/restylane-lyft\/\" \/>\n<meta property=\"og:site_name\" content=\"Kinami Health\" \/>\n<meta property=\"article:modified_time\" content=\"2025-11-04T12:44:33+00:00\" \/>\n<meta property=\"og:image\" content=\"https:\/\/kinamihealth.com\/wp-content\/uploads\/2025\/02\/GALDERMA-RESTYLANE-LYFT-1X1ML-01.jpg\" \/>\n\t<meta property=\"og:image:width\" content=\"800\" \/>\n\t<meta property=\"og:image:height\" content=\"800\" \/>\n\t<meta property=\"og:image:type\" content=\"image\/jpeg\" \/>\n<meta name=\"twitter:card\" content=\"summary_large_image\" \/>\n<meta name=\"twitter:label1\" content=\"Ber\u00e4knad l\u00e4stid\" \/>\n\t<meta name=\"twitter:data1\" content=\"1 minut\" \/>\n<!-- \/ Yoast SEO plugin. -->","yoast_head_json":{"title":"K\u00f6p Restylane Lyft online p\u00e5 Kinami Health","description":"K\u00f6p Restylane Lyft online \u2013 en hyaluronsyrabaserad hudfyllnadsmedel f\u00f6r ansiktsf\u00f6ryngring, kindf\u00f6rstoring och handf\u00f6ryngring, som ger naturliga resultat med l\u00e5ngvarig effekt.","robots":{"index":"index","follow":"follow","max-snippet":"max-snippet:-1","max-image-preview":"max-image-preview:large","max-video-preview":"max-video-preview:-1"},"canonical":"https:\/\/kinamihealth.com\/sv\/wp-json\/wp\/v2\/product\/120483","og_locale":"sv_SE","og_type":"article","og_title":"K\u00f6p Restylane Lyft online p\u00e5 Kinami Health","og_description":"K\u00f6p Restylane Lyft online \u2013 en hyaluronsyrabaserad hudfyllnadsmedel f\u00f6r ansiktsf\u00f6ryngring, kindf\u00f6rstoring och handf\u00f6ryngring, som ger naturliga resultat med l\u00e5ngvarig effekt.","og_url":"https:\/\/kinamihealth.com\/sv\/produkt\/restylane-lyft\/","og_site_name":"Kinami Health","article_modified_time":"2025-11-04T12:44:33+00:00","og_image":[{"width":800,"height":800,"url":"https:\/\/kinamihealth.com\/wp-content\/uploads\/2025\/02\/GALDERMA-RESTYLANE-LYFT-1X1ML-01.jpg","type":"image\/jpeg"}],"twitter_card":"summary_large_image","twitter_misc":{"Ber\u00e4knad l\u00e4stid":"1 minut"},"schema":{"@context":"https:\/\/schema.org","@graph":[{"@type":"WebPage","@id":"https:\/\/kinamihealth.com\/sv\/produkt\/restylane-lyft\/","url":"https:\/\/kinamihealth.com\/sv\/produkt\/restylane-lyft\/","name":"K\u00f6p Restylane Lyft online p\u00e5 Kinami Health","isPartOf":{"@id":"https:\/\/kinamihealth.com\/#website"},"primaryImageOfPage":{"@id":"https:\/\/kinamihealth.com\/sv\/produkt\/restylane-lyft\/#primaryimage"},"image":{"@id":"https:\/\/kinamihealth.com\/sv\/produkt\/restylane-lyft\/#primaryimage"},"thumbnailUrl":"https:\/\/kinamihealth.com\/wp-content\/uploads\/2025\/02\/GALDERMA-RESTYLANE-LYFT-1X1ML-01.jpg","datePublished":"2025-02-15T16:57:08+00:00","dateModified":"2025-11-04T12:44:33+00:00","description":"K\u00f6p Restylane Lyft online \u2013 en hyaluronsyrabaserad hudfyllnadsmedel f\u00f6r ansiktsf\u00f6ryngring, kindf\u00f6rstoring och handf\u00f6ryngring, som ger naturliga resultat med l\u00e5ngvarig effekt.","breadcrumb":{"@id":"https:\/\/kinamihealth.com\/sv\/produkt\/restylane-lyft\/#breadcrumb"},"inLanguage":"sv-SE","potentialAction":[{"@type":"ReadAction","target":["https:\/\/kinamihealth.com\/sv\/produkt\/restylane-lyft\/"]}]},{"@type":"ImageObject","inLanguage":"sv-SE","@id":"https:\/\/kinamihealth.com\/sv\/produkt\/restylane-lyft\/#primaryimage","url":"https:\/\/kinamihealth.com\/wp-content\/uploads\/2025\/02\/GALDERMA-RESTYLANE-LYFT-1X1ML-01.jpg","contentUrl":"https:\/\/kinamihealth.com\/wp-content\/uploads\/2025\/02\/GALDERMA-RESTYLANE-LYFT-1X1ML-01.jpg","width":800,"height":800},{"@type":"BreadcrumbList","@id":"https:\/\/kinamihealth.com\/sv\/produkt\/restylane-lyft\/#breadcrumb","itemListElement":[{"@type":"ListItem","position":1,"name":"Hem","item":"https:\/\/kinamihealth.com\/sr\/"},{"@type":"ListItem","position":2,"name":"Butik","item":"https:\/\/kinamihealth.com\/sv\/?page_id=127810"},{"@type":"ListItem","position":3,"name":"RESTYLANE\u00ae LYFT"}]},{"@type":"WebSite","@id":"https:\/\/kinamihealth.com\/#website","url":"https:\/\/kinamihealth.com\/","name":"Kinami Health","description":"","publisher":{"@id":"https:\/\/kinamihealth.com\/#organization"},"potentialAction":[{"@type":"SearchAction","target":{"@type":"EntryPoint","urlTemplate":"https:\/\/kinamihealth.com\/?s={search_term_string}"},"query-input":{"@type":"PropertyValueSpecification","valueRequired":true,"valueName":"search_term_string"}}],"inLanguage":"sv-SE"},{"@type":"Organization","@id":"https:\/\/kinamihealth.com\/#organization","name":"Kinami Health","url":"https:\/\/kinamihealth.com\/","logo":{"@type":"ImageObject","inLanguage":"sv-SE","@id":"https:\/\/kinamihealth.com\/#\/schema\/logo\/image\/","url":"https:\/\/kinamihealth.com\/wp-content\/uploads\/2025\/01\/KH_logo_black_2-1.png","contentUrl":"https:\/\/kinamihealth.com\/wp-content\/uploads\/2025\/01\/KH_logo_black_2-1.png","width":339,"height":34,"caption":"Kinami Health"},"image":{"@id":"https:\/\/kinamihealth.com\/#\/schema\/logo\/image\/"}}]}},"_links":{"self":[{"href":"https:\/\/kinamihealth.com\/sv\/wp-json\/wp\/v2\/product\/120483","targetHints":{"allow":["GET"]}}],"collection":[{"href":"https:\/\/kinamihealth.com\/sv\/wp-json\/wp\/v2\/product"}],"about":[{"href":"https:\/\/kinamihealth.com\/sv\/wp-json\/wp\/v2\/types\/product"}],"replies":[{"embeddable":true,"href":"https:\/\/kinamihealth.com\/sv\/wp-json\/wp\/v2\/comments?post=120483"}],"version-history":[{"count":0,"href":"https:\/\/kinamihealth.com\/sv\/wp-json\/wp\/v2\/product\/120483\/revisions"}],"wp:featuredmedia":[{"embeddable":true,"href":"https:\/\/kinamihealth.com\/sv\/wp-json\/wp\/v2\/media\/120484"}],"wp:attachment":[{"href":"https:\/\/kinamihealth.com\/sv\/wp-json\/wp\/v2\/media?parent=120483"}],"wp:term":[{"taxonomy":"product_brand","embeddable":true,"href":"https:\/\/kinamihealth.com\/sv\/wp-json\/wp\/v2\/product_brand?post=120483"},{"taxonomy":"product_cat","embeddable":true,"href":"https:\/\/kinamihealth.com\/sv\/wp-json\/wp\/v2\/product_cat?post=120483"},{"taxonomy":"product_tag","embeddable":true,"href":"https:\/\/kinamihealth.com\/sv\/wp-json\/wp\/v2\/product_tag?post=120483"}],"curies":[{"name":"wp","href":"https:\/\/api.w.org\/{rel}","templated":true}]}}