{"id":120476,"date":"2025-02-15T16:57:03","date_gmt":"2025-02-15T16:57:03","guid":{"rendered":"https:\/\/kinamihealth.com\/product\/restylane-defyne-with-lidocaine\/"},"modified":"2025-11-04T12:37:19","modified_gmt":"2025-11-04T12:37:19","slug":"restylane-defyne-with-lidocaine","status":"publish","type":"product","link":"https:\/\/kinamihealth.com\/sv\/produkt\/restylane-defyne-with-lidocaine\/","title":{"rendered":"RESTYLANE\u00ae DEFYNE with Lidocaine"},"content":{"rendered":"<p><span style=\"font-weight: 400;\">Restylane Defyne med lidokain \u00e4r en h\u00f6gkvalitativ injicerbar gelbaserad hudfyllare utformad f\u00f6r att j\u00e4mna ut djupa skrattrynkor (nasolabialaveck och marionettlinjer) samtidigt som naturliga ansiktsuttryck bibeh\u00e5lls. Denna produkt inneh\u00e5ller hyaluronsyra som ger volym och \u00e5terfuktning. Tillsatsen av lidokain s\u00e4kerst\u00e4ller en mer behaglig upplevelse f\u00f6r patienterna under injektionsprocessen. <\/span><b><i>Restylane-produkterna \u00e4r en serie hyaluronsyrabaserade hudfyllnadsmedel<\/i><\/b><span style=\"font-weight: 400;\"> utformade f\u00f6r att f\u00f6rb\u00e4ttra ansiktsestetiken genom att j\u00e4mna ut rynkor, ge volym och \u00e5terst\u00e4lla ungdomliga konturer.<\/span><\/p>\n","protected":false},"excerpt":{"rendered":"<p>Restylane Defyne med lidokain \u00e4r en h\u00f6gkvalitativ injicerbar gelbaserad hudfyllare utformad f\u00f6r att j\u00e4mna ut djupa skrattrynkor (nasolabialaveck och marionettlinjer) samtidigt som naturliga ansiktsuttryck bibeh\u00e5lls. Denna produkt inneh\u00e5ller hyaluronsyra som ger volym och \u00e5terfuktning. Tillsatsen av lidokain s\u00e4kerst\u00e4ller en mer behaglig upplevelse f\u00f6r patienterna under injektionsprocessen. Restylane-produkterna \u00e4r en serie hyaluronsyrabaserade hudfyllnadsmedel utformade f\u00f6r att [&hellip;]<\/p>\n","protected":false},"featured_media":123395,"comment_status":"closed","ping_status":"closed","template":"","meta":{"_acf_changed":false,"inline_featured_image":false},"product_brand":[3172],"product_cat":[3265,3260],"product_tag":[3256],"class_list":{"0":"post-120476","1":"product","2":"type-product","3":"status-publish","4":"has-post-thumbnail","6":"product_brand-restylane","7":"product_cat-ha-dermal-fillers","8":"product_cat-dermal-fillers-sv","9":"product_tag-medical-devices-sv","11":"first","12":"instock","13":"taxable","14":"shipping-taxable","15":"purchasable","16":"product-type-simple","17":"add-to-wishlist-before_image"},"acf":[],"yoast_head":"<!-- This site is optimized with the Yoast SEO plugin v27.5 - https:\/\/yoast.com\/product\/yoast-seo-wordpress\/ -->\n<title>K\u00f6p Restylane Defyne med lidokain online p\u00e5 Kinami Health<\/title>\n<meta name=\"description\" content=\"K\u00f6p Restylane Defyne med lidokain online \u2013 en hyaluronsyrabaserad filler utformad f\u00f6r att j\u00e4mna ut djupa skrattrynkor och f\u00f6rb\u00e4ttra ansiktskonturerna med bekv\u00e4ma, l\u00e5ngvariga resultat.\" \/>\n<meta name=\"robots\" content=\"index, follow, max-snippet:-1, max-image-preview:large, max-video-preview:-1\" \/>\n<link rel=\"canonical\" href=\"https:\/\/kinamihealth.com\/sv\/wp-json\/wp\/v2\/product\/120476\" \/>\n<meta property=\"og:locale\" content=\"sv_SE\" \/>\n<meta property=\"og:type\" content=\"article\" \/>\n<meta property=\"og:title\" content=\"K\u00f6p Restylane Defyne med lidokain online p\u00e5 Kinami Health\" \/>\n<meta property=\"og:description\" content=\"K\u00f6p Restylane Defyne med lidokain online \u2013 en hyaluronsyrabaserad filler utformad f\u00f6r att j\u00e4mna ut djupa skrattrynkor och f\u00f6rb\u00e4ttra ansiktskonturerna med bekv\u00e4ma, l\u00e5ngvariga resultat.\" \/>\n<meta property=\"og:url\" content=\"https:\/\/kinamihealth.com\/sv\/produkt\/restylane-defyne-with-lidocaine\/\" \/>\n<meta property=\"og:site_name\" content=\"Kinami Health\" \/>\n<meta property=\"article:modified_time\" content=\"2025-11-04T12:37:19+00:00\" \/>\n<meta property=\"og:image\" content=\"https:\/\/kinamihealth.com\/wp-content\/uploads\/2025\/02\/GALDERMA-RESTYLANE-DEFYNE-1ML-01.jpg\" \/>\n\t<meta property=\"og:image:width\" content=\"800\" \/>\n\t<meta property=\"og:image:height\" content=\"800\" \/>\n\t<meta property=\"og:image:type\" content=\"image\/jpeg\" \/>\n<meta name=\"twitter:card\" content=\"summary_large_image\" \/>\n<meta name=\"twitter:label1\" content=\"Ber\u00e4knad l\u00e4stid\" \/>\n\t<meta name=\"twitter:data1\" content=\"1 minut\" \/>\n<!-- \/ Yoast SEO plugin. -->","yoast_head_json":{"title":"K\u00f6p Restylane Defyne med lidokain online p\u00e5 Kinami Health","description":"K\u00f6p Restylane Defyne med lidokain online \u2013 en hyaluronsyrabaserad filler utformad f\u00f6r att j\u00e4mna ut djupa skrattrynkor och f\u00f6rb\u00e4ttra ansiktskonturerna med bekv\u00e4ma, l\u00e5ngvariga resultat.","robots":{"index":"index","follow":"follow","max-snippet":"max-snippet:-1","max-image-preview":"max-image-preview:large","max-video-preview":"max-video-preview:-1"},"canonical":"https:\/\/kinamihealth.com\/sv\/wp-json\/wp\/v2\/product\/120476","og_locale":"sv_SE","og_type":"article","og_title":"K\u00f6p Restylane Defyne med lidokain online p\u00e5 Kinami Health","og_description":"K\u00f6p Restylane Defyne med lidokain online \u2013 en hyaluronsyrabaserad filler utformad f\u00f6r att j\u00e4mna ut djupa skrattrynkor och f\u00f6rb\u00e4ttra ansiktskonturerna med bekv\u00e4ma, l\u00e5ngvariga resultat.","og_url":"https:\/\/kinamihealth.com\/sv\/produkt\/restylane-defyne-with-lidocaine\/","og_site_name":"Kinami Health","article_modified_time":"2025-11-04T12:37:19+00:00","og_image":[{"width":800,"height":800,"url":"https:\/\/kinamihealth.com\/wp-content\/uploads\/2025\/02\/GALDERMA-RESTYLANE-DEFYNE-1ML-01.jpg","type":"image\/jpeg"}],"twitter_card":"summary_large_image","twitter_misc":{"Ber\u00e4knad l\u00e4stid":"1 minut"},"schema":{"@context":"https:\/\/schema.org","@graph":[{"@type":"WebPage","@id":"https:\/\/kinamihealth.com\/sv\/produkt\/restylane-defyne-with-lidocaine\/","url":"https:\/\/kinamihealth.com\/sv\/produkt\/restylane-defyne-with-lidocaine\/","name":"K\u00f6p Restylane Defyne med lidokain online p\u00e5 Kinami Health","isPartOf":{"@id":"https:\/\/kinamihealth.com\/#website"},"primaryImageOfPage":{"@id":"https:\/\/kinamihealth.com\/sv\/produkt\/restylane-defyne-with-lidocaine\/#primaryimage"},"image":{"@id":"https:\/\/kinamihealth.com\/sv\/produkt\/restylane-defyne-with-lidocaine\/#primaryimage"},"thumbnailUrl":"https:\/\/kinamihealth.com\/wp-content\/uploads\/2025\/02\/Restylane-Defyne-with-lido.webp","datePublished":"2025-02-15T16:57:03+00:00","dateModified":"2025-11-04T12:37:19+00:00","description":"K\u00f6p Restylane Defyne med lidokain online \u2013 en hyaluronsyrabaserad filler utformad f\u00f6r att j\u00e4mna ut djupa skrattrynkor och f\u00f6rb\u00e4ttra ansiktskonturerna med bekv\u00e4ma, l\u00e5ngvariga resultat.","breadcrumb":{"@id":"https:\/\/kinamihealth.com\/sv\/produkt\/restylane-defyne-with-lidocaine\/#breadcrumb"},"inLanguage":"sv-SE","potentialAction":[{"@type":"ReadAction","target":["https:\/\/kinamihealth.com\/sv\/produkt\/restylane-defyne-with-lidocaine\/"]}]},{"@type":"ImageObject","inLanguage":"sv-SE","@id":"https:\/\/kinamihealth.com\/sv\/produkt\/restylane-defyne-with-lidocaine\/#primaryimage","url":"https:\/\/kinamihealth.com\/wp-content\/uploads\/2025\/02\/Restylane-Defyne-with-lido.webp","contentUrl":"https:\/\/kinamihealth.com\/wp-content\/uploads\/2025\/02\/Restylane-Defyne-with-lido.webp","width":1024,"height":1024},{"@type":"BreadcrumbList","@id":"https:\/\/kinamihealth.com\/sv\/produkt\/restylane-defyne-with-lidocaine\/#breadcrumb","itemListElement":[{"@type":"ListItem","position":1,"name":"Hem","item":"https:\/\/kinamihealth.com\/sr\/"},{"@type":"ListItem","position":2,"name":"Butik","item":"https:\/\/kinamihealth.com\/sv\/?page_id=127810"},{"@type":"ListItem","position":3,"name":"RESTYLANE\u00ae DEFYNE with Lidocaine"}]},{"@type":"WebSite","@id":"https:\/\/kinamihealth.com\/#website","url":"https:\/\/kinamihealth.com\/","name":"Kinami Health","description":"","publisher":{"@id":"https:\/\/kinamihealth.com\/#organization"},"potentialAction":[{"@type":"SearchAction","target":{"@type":"EntryPoint","urlTemplate":"https:\/\/kinamihealth.com\/?s={search_term_string}"},"query-input":{"@type":"PropertyValueSpecification","valueRequired":true,"valueName":"search_term_string"}}],"inLanguage":"sv-SE"},{"@type":"Organization","@id":"https:\/\/kinamihealth.com\/#organization","name":"Kinami Health","url":"https:\/\/kinamihealth.com\/","logo":{"@type":"ImageObject","inLanguage":"sv-SE","@id":"https:\/\/kinamihealth.com\/#\/schema\/logo\/image\/","url":"https:\/\/kinamihealth.com\/wp-content\/uploads\/2025\/01\/KH_logo_black_2-1.png","contentUrl":"https:\/\/kinamihealth.com\/wp-content\/uploads\/2025\/01\/KH_logo_black_2-1.png","width":339,"height":34,"caption":"Kinami Health"},"image":{"@id":"https:\/\/kinamihealth.com\/#\/schema\/logo\/image\/"}}]}},"_links":{"self":[{"href":"https:\/\/kinamihealth.com\/sv\/wp-json\/wp\/v2\/product\/120476","targetHints":{"allow":["GET"]}}],"collection":[{"href":"https:\/\/kinamihealth.com\/sv\/wp-json\/wp\/v2\/product"}],"about":[{"href":"https:\/\/kinamihealth.com\/sv\/wp-json\/wp\/v2\/types\/product"}],"replies":[{"embeddable":true,"href":"https:\/\/kinamihealth.com\/sv\/wp-json\/wp\/v2\/comments?post=120476"}],"version-history":[{"count":0,"href":"https:\/\/kinamihealth.com\/sv\/wp-json\/wp\/v2\/product\/120476\/revisions"}],"wp:featuredmedia":[{"embeddable":true,"href":"https:\/\/kinamihealth.com\/sv\/wp-json\/wp\/v2\/media\/123395"}],"wp:attachment":[{"href":"https:\/\/kinamihealth.com\/sv\/wp-json\/wp\/v2\/media?parent=120476"}],"wp:term":[{"taxonomy":"product_brand","embeddable":true,"href":"https:\/\/kinamihealth.com\/sv\/wp-json\/wp\/v2\/product_brand?post=120476"},{"taxonomy":"product_cat","embeddable":true,"href":"https:\/\/kinamihealth.com\/sv\/wp-json\/wp\/v2\/product_cat?post=120476"},{"taxonomy":"product_tag","embeddable":true,"href":"https:\/\/kinamihealth.com\/sv\/wp-json\/wp\/v2\/product_tag?post=120476"}],"curies":[{"name":"wp","href":"https:\/\/api.w.org\/{rel}","templated":true}]}}