{"id":120463,"date":"2025-02-15T16:56:59","date_gmt":"2025-02-15T16:56:59","guid":{"rendered":"https:\/\/kinamihealth.com\/product\/refine-soft\/"},"modified":"2025-12-11T14:47:41","modified_gmt":"2025-12-11T14:47:41","slug":"refine-soft","status":"publish","type":"product","link":"https:\/\/kinamihealth.com\/sv\/produkt\/refine-soft\/","title":{"rendered":"REFINE + SOFT"},"content":{"rendered":"<p><b>Best\u00e4ll Refine+ Soft <\/b><span style=\"font-weight: 400;\">och uppt\u00e4ck f\u00f6rdelarna med denna <\/span><b>hyaluronsyra hudfyllare<\/b><span style=\"font-weight: 400;\"> framtagen f\u00f6r att <\/span><b>\u00f6ka kollagenproduktionen<\/b><span style=\"font-weight: 400;\"> och<\/span><b> j\u00e4mna ut tonen av huden<\/b><span style=\"font-weight: 400;\">. Produkten \u00e4r utformad f\u00f6r att <\/span><b>f\u00f6ryngra alla hudtyper<\/b><span style=\"font-weight: 400;\"> och kan anv\u00e4ndas f\u00f6r att <\/span><b>behandla ansikte, hals och h\u00e4nder<\/b><span style=\"font-weight: 400;\">. Som v\u00e5rdpersonal kan du <\/span><b><i>k\u00f6pa hudfyllnadsmedel<\/i><\/b><span style=\"font-weight: 400;\"> hos <\/span><b>Kinami Health<\/b><span style=\"font-weight: 400;\">, och om du <\/span><b>k\u00f6per Refine+ Soft<\/b><span style=\"font-weight: 400;\"> kommer dina patienter att f\u00e5 njuta av en <\/span><b>effektiv icke-kirurgisk behandling<\/b><span style=\"font-weight: 400;\"> med <\/span><b>varaktiga resultat.<\/b><\/p>\n","protected":false},"excerpt":{"rendered":"<p>Best\u00e4ll Refine+ Soft och uppt\u00e4ck f\u00f6rdelarna med denna hyaluronsyra hudfyllare framtagen f\u00f6r att \u00f6ka kollagenproduktionen och j\u00e4mna ut tonen av huden. Produkten \u00e4r utformad f\u00f6r att f\u00f6ryngra alla hudtyper och kan anv\u00e4ndas f\u00f6r att behandla ansikte, hals och h\u00e4nder. Som v\u00e5rdpersonal kan du k\u00f6pa hudfyllnadsmedel hos Kinami Health, och om du k\u00f6per Refine+ Soft kommer [&hellip;]<\/p>\n","protected":false},"featured_media":120467,"comment_status":"closed","ping_status":"closed","template":"","meta":{"_acf_changed":false,"inline_featured_image":false},"product_brand":[3171],"product_cat":[3265,3260],"product_tag":[3256],"class_list":{"0":"post-120463","1":"product","2":"type-product","3":"status-publish","4":"has-post-thumbnail","6":"product_brand-refine-fillers","7":"product_cat-ha-dermal-fillers","8":"product_cat-dermal-fillers-sv","9":"product_tag-medical-devices-sv","11":"first","12":"instock","13":"taxable","14":"shipping-taxable","15":"purchasable","16":"product-type-simple","17":"add-to-wishlist-before_image"},"acf":[],"yoast_head":"<!-- This site is optimized with the Yoast SEO plugin v27.5 - https:\/\/yoast.com\/product\/yoast-seo-wordpress\/ -->\n<title>K\u00f6p Refine+ Soft Dermal Filler \u2013 Kinami Health<\/title>\n<meta name=\"description\" content=\"K\u00f6p Refine+ Soft f\u00f6r att \u00e5terfukta och f\u00f6ryngra huden. Denna hudfyllare f\u00f6rb\u00e4ttrar elasticiteten och minskar rynkor. Best\u00e4ll nu p\u00e5 Kinami Health!\" \/>\n<meta name=\"robots\" content=\"index, follow, max-snippet:-1, max-image-preview:large, max-video-preview:-1\" \/>\n<link rel=\"canonical\" href=\"https:\/\/kinamihealth.com\/sv\/wp-json\/wp\/v2\/product\/120463\" \/>\n<meta property=\"og:locale\" content=\"sv_SE\" \/>\n<meta property=\"og:type\" content=\"article\" \/>\n<meta property=\"og:title\" content=\"K\u00f6p Refine+ Soft Dermal Filler \u2013 Kinami Health\" \/>\n<meta property=\"og:description\" content=\"K\u00f6p Refine+ Soft f\u00f6r att \u00e5terfukta och f\u00f6ryngra huden. Denna hudfyllare f\u00f6rb\u00e4ttrar elasticiteten och minskar rynkor. Best\u00e4ll nu p\u00e5 Kinami Health!\" \/>\n<meta property=\"og:url\" content=\"https:\/\/kinamihealth.com\/sv\/produkt\/refine-soft\/\" \/>\n<meta property=\"og:site_name\" content=\"Kinami Health\" \/>\n<meta property=\"article:modified_time\" content=\"2025-12-11T14:47:41+00:00\" \/>\n<meta property=\"og:image\" content=\"https:\/\/kinamihealth.com\/wp-content\/uploads\/2025\/02\/REFINE-PLUS-SOFT-03.jpg\" \/>\n\t<meta property=\"og:image:width\" content=\"800\" \/>\n\t<meta property=\"og:image:height\" content=\"800\" \/>\n\t<meta property=\"og:image:type\" content=\"image\/jpeg\" \/>\n<meta name=\"twitter:card\" content=\"summary_large_image\" \/>\n<meta name=\"twitter:label1\" content=\"Ber\u00e4knad l\u00e4stid\" \/>\n\t<meta name=\"twitter:data1\" content=\"1 minut\" \/>\n<!-- \/ Yoast SEO plugin. -->","yoast_head_json":{"title":"K\u00f6p Refine+ Soft Dermal Filler \u2013 Kinami Health","description":"K\u00f6p Refine+ Soft f\u00f6r att \u00e5terfukta och f\u00f6ryngra huden. Denna hudfyllare f\u00f6rb\u00e4ttrar elasticiteten och minskar rynkor. Best\u00e4ll nu p\u00e5 Kinami Health!","robots":{"index":"index","follow":"follow","max-snippet":"max-snippet:-1","max-image-preview":"max-image-preview:large","max-video-preview":"max-video-preview:-1"},"canonical":"https:\/\/kinamihealth.com\/sv\/wp-json\/wp\/v2\/product\/120463","og_locale":"sv_SE","og_type":"article","og_title":"K\u00f6p Refine+ Soft Dermal Filler \u2013 Kinami Health","og_description":"K\u00f6p Refine+ Soft f\u00f6r att \u00e5terfukta och f\u00f6ryngra huden. Denna hudfyllare f\u00f6rb\u00e4ttrar elasticiteten och minskar rynkor. Best\u00e4ll nu p\u00e5 Kinami Health!","og_url":"https:\/\/kinamihealth.com\/sv\/produkt\/refine-soft\/","og_site_name":"Kinami Health","article_modified_time":"2025-12-11T14:47:41+00:00","og_image":[{"width":800,"height":800,"url":"https:\/\/kinamihealth.com\/wp-content\/uploads\/2025\/02\/REFINE-PLUS-SOFT-03.jpg","type":"image\/jpeg"}],"twitter_card":"summary_large_image","twitter_misc":{"Ber\u00e4knad l\u00e4stid":"1 minut"},"schema":{"@context":"https:\/\/schema.org","@graph":[{"@type":"WebPage","@id":"https:\/\/kinamihealth.com\/sv\/produkt\/refine-soft\/","url":"https:\/\/kinamihealth.com\/sv\/produkt\/refine-soft\/","name":"K\u00f6p Refine+ Soft Dermal Filler \u2013 Kinami Health","isPartOf":{"@id":"https:\/\/kinamihealth.com\/#website"},"primaryImageOfPage":{"@id":"https:\/\/kinamihealth.com\/sv\/produkt\/refine-soft\/#primaryimage"},"image":{"@id":"https:\/\/kinamihealth.com\/sv\/produkt\/refine-soft\/#primaryimage"},"thumbnailUrl":"https:\/\/kinamihealth.com\/wp-content\/uploads\/2025\/02\/REFINE-PLUS-SOFT-03.jpg","datePublished":"2025-02-15T16:56:59+00:00","dateModified":"2025-12-11T14:47:41+00:00","description":"K\u00f6p Refine+ Soft f\u00f6r att \u00e5terfukta och f\u00f6ryngra huden. Denna hudfyllare f\u00f6rb\u00e4ttrar elasticiteten och minskar rynkor. Best\u00e4ll nu p\u00e5 Kinami Health!","breadcrumb":{"@id":"https:\/\/kinamihealth.com\/sv\/produkt\/refine-soft\/#breadcrumb"},"inLanguage":"sv-SE","potentialAction":[{"@type":"ReadAction","target":["https:\/\/kinamihealth.com\/sv\/produkt\/refine-soft\/"]}]},{"@type":"ImageObject","inLanguage":"sv-SE","@id":"https:\/\/kinamihealth.com\/sv\/produkt\/refine-soft\/#primaryimage","url":"https:\/\/kinamihealth.com\/wp-content\/uploads\/2025\/02\/REFINE-PLUS-SOFT-03.jpg","contentUrl":"https:\/\/kinamihealth.com\/wp-content\/uploads\/2025\/02\/REFINE-PLUS-SOFT-03.jpg","width":800,"height":800},{"@type":"BreadcrumbList","@id":"https:\/\/kinamihealth.com\/sv\/produkt\/refine-soft\/#breadcrumb","itemListElement":[{"@type":"ListItem","position":1,"name":"Hem","item":"https:\/\/kinamihealth.com\/sr\/"},{"@type":"ListItem","position":2,"name":"Butik","item":"https:\/\/kinamihealth.com\/sv\/?page_id=127810"},{"@type":"ListItem","position":3,"name":"REFINE + SOFT"}]},{"@type":"WebSite","@id":"https:\/\/kinamihealth.com\/#website","url":"https:\/\/kinamihealth.com\/","name":"Kinami Health","description":"","publisher":{"@id":"https:\/\/kinamihealth.com\/#organization"},"potentialAction":[{"@type":"SearchAction","target":{"@type":"EntryPoint","urlTemplate":"https:\/\/kinamihealth.com\/?s={search_term_string}"},"query-input":{"@type":"PropertyValueSpecification","valueRequired":true,"valueName":"search_term_string"}}],"inLanguage":"sv-SE"},{"@type":"Organization","@id":"https:\/\/kinamihealth.com\/#organization","name":"Kinami Health","url":"https:\/\/kinamihealth.com\/","logo":{"@type":"ImageObject","inLanguage":"sv-SE","@id":"https:\/\/kinamihealth.com\/#\/schema\/logo\/image\/","url":"https:\/\/kinamihealth.com\/wp-content\/uploads\/2025\/01\/KH_logo_black_2-1.png","contentUrl":"https:\/\/kinamihealth.com\/wp-content\/uploads\/2025\/01\/KH_logo_black_2-1.png","width":339,"height":34,"caption":"Kinami Health"},"image":{"@id":"https:\/\/kinamihealth.com\/#\/schema\/logo\/image\/"}}]}},"_links":{"self":[{"href":"https:\/\/kinamihealth.com\/sv\/wp-json\/wp\/v2\/product\/120463","targetHints":{"allow":["GET"]}}],"collection":[{"href":"https:\/\/kinamihealth.com\/sv\/wp-json\/wp\/v2\/product"}],"about":[{"href":"https:\/\/kinamihealth.com\/sv\/wp-json\/wp\/v2\/types\/product"}],"replies":[{"embeddable":true,"href":"https:\/\/kinamihealth.com\/sv\/wp-json\/wp\/v2\/comments?post=120463"}],"version-history":[{"count":0,"href":"https:\/\/kinamihealth.com\/sv\/wp-json\/wp\/v2\/product\/120463\/revisions"}],"wp:featuredmedia":[{"embeddable":true,"href":"https:\/\/kinamihealth.com\/sv\/wp-json\/wp\/v2\/media\/120467"}],"wp:attachment":[{"href":"https:\/\/kinamihealth.com\/sv\/wp-json\/wp\/v2\/media?parent=120463"}],"wp:term":[{"taxonomy":"product_brand","embeddable":true,"href":"https:\/\/kinamihealth.com\/sv\/wp-json\/wp\/v2\/product_brand?post=120463"},{"taxonomy":"product_cat","embeddable":true,"href":"https:\/\/kinamihealth.com\/sv\/wp-json\/wp\/v2\/product_cat?post=120463"},{"taxonomy":"product_tag","embeddable":true,"href":"https:\/\/kinamihealth.com\/sv\/wp-json\/wp\/v2\/product_tag?post=120463"}],"curies":[{"name":"wp","href":"https:\/\/api.w.org\/{rel}","templated":true}]}}