{"id":120403,"date":"2025-02-15T16:56:51","date_gmt":"2025-02-15T16:56:51","guid":{"rendered":"https:\/\/kinamihealth.com\/product\/radiesse-1-5ml-with-lidocaine\/"},"modified":"2025-12-09T22:35:34","modified_gmt":"2025-12-09T22:35:34","slug":"radiesse-1-5ml-with-lidocaine","status":"publish","type":"product","link":"https:\/\/kinamihealth.com\/sv\/produkt\/radiesse-1-5ml-with-lidocaine\/","title":{"rendered":"RADIESSE\u00ae (+) 1.5ml with Lidocaine"},"content":{"rendered":"<p><b>Radiesse Plus 1,5 ml med lidokain<\/b><span style=\"font-weight: 400;\"> \u00e4r en h\u00f6gkvalitativ <\/span><b>dermal filler<\/b><span style=\"font-weight: 400;\"> utformad f\u00f6r att effektivt <\/span><b>\u00e5terst\u00e4lla ansiktsvolym och minska m\u00e5ttliga till sv\u00e5ra rynkor<\/b><span style=\"font-weight: 400;\">. Denna avancerade estetiska l\u00f6sning kombinerar <\/span><b>mikrosf\u00e4rer av kalcium hydroxylapatit (CaHA)<\/b><span style=\"font-weight: 400;\"> i en specialiserad gelb\u00e4rare, vilket ger omedelbara <\/span><b>volymgivande <\/b><span style=\"font-weight: 400;\">resultat samtidigt som den <\/span><b>fr\u00e4mjar naturlig kollagenproduktion<\/b><span style=\"font-weight: 400;\">. F\u00f6rst\u00e4rkt med lidokain f\u00f6r \u00f6kad patientkomfort under behandlingen, erbjuder denna <\/span><b>FDA-godk\u00e4nda produkt<\/b><span style=\"font-weight: 400;\"> medicinsk personal ett p\u00e5litligt alternativ f\u00f6r ansiktsf\u00f6ryngring och konturering.\u00a0<\/span><\/p>\n","protected":false},"excerpt":{"rendered":"<p>Radiesse Plus 1,5 ml med lidokain \u00e4r en h\u00f6gkvalitativ dermal filler utformad f\u00f6r att effektivt \u00e5terst\u00e4lla ansiktsvolym och minska m\u00e5ttliga till sv\u00e5ra rynkor. Denna avancerade estetiska l\u00f6sning kombinerar mikrosf\u00e4rer av kalcium hydroxylapatit (CaHA) i en specialiserad gelb\u00e4rare, vilket ger omedelbara volymgivande resultat samtidigt som den fr\u00e4mjar naturlig kollagenproduktion. F\u00f6rst\u00e4rkt med lidokain f\u00f6r \u00f6kad patientkomfort under [&hellip;]<\/p>\n","protected":false},"featured_media":120407,"comment_status":"closed","ping_status":"closed","template":"","meta":{"_acf_changed":false,"inline_featured_image":false},"product_brand":[3169],"product_cat":[3509,3260],"product_tag":[3256],"class_list":{"0":"post-120403","1":"product","2":"type-product","3":"status-publish","4":"has-post-thumbnail","6":"product_brand-radiesse","7":"product_cat-biostimulators-sv","8":"product_cat-dermal-fillers-sv","9":"product_tag-medical-devices-sv","11":"first","12":"instock","13":"taxable","14":"shipping-taxable","15":"purchasable","16":"product-type-simple","17":"add-to-wishlist-before_image"},"acf":[],"yoast_head":"<!-- This site is optimized with the Yoast SEO plugin v27.3 - https:\/\/yoast.com\/product\/yoast-seo-wordpress\/ -->\n<title>K\u00f6p Radiesse Plus 1,5 ml med lidokain online<\/title>\n<meta name=\"description\" content=\"K\u00f6p Radiesse Plus 1,5 ml med lidokain online f\u00f6r att effektivt \u00f6ka ansiktsvolymen och j\u00e4mna ut m\u00e5ttliga till sv\u00e5ra rynkor.\" \/>\n<meta name=\"robots\" content=\"index, follow, max-snippet:-1, max-image-preview:large, max-video-preview:-1\" \/>\n<link rel=\"canonical\" href=\"https:\/\/kinamihealth.com\/sv\/wp-json\/wp\/v2\/product\/120403\" \/>\n<meta property=\"og:locale\" content=\"sv_SE\" \/>\n<meta property=\"og:type\" content=\"article\" \/>\n<meta property=\"og:title\" content=\"K\u00f6p Radiesse Plus 1,5 ml med lidokain online\" \/>\n<meta property=\"og:description\" content=\"K\u00f6p Radiesse Plus 1,5 ml med lidokain online f\u00f6r att effektivt \u00f6ka ansiktsvolymen och j\u00e4mna ut m\u00e5ttliga till sv\u00e5ra rynkor.\" \/>\n<meta property=\"og:url\" content=\"https:\/\/kinamihealth.com\/sv\/produkt\/radiesse-1-5ml-with-lidocaine\/\" \/>\n<meta property=\"og:site_name\" content=\"Kinami Health\" \/>\n<meta property=\"article:modified_time\" content=\"2025-12-09T22:35:34+00:00\" \/>\n<meta property=\"og:image\" content=\"https:\/\/kinamihealth.com\/wp-content\/uploads\/2025\/02\/MERZ-RADIESSE-LIDO-1.5-01.jpg\" \/>\n\t<meta property=\"og:image:width\" content=\"800\" \/>\n\t<meta property=\"og:image:height\" content=\"800\" \/>\n\t<meta property=\"og:image:type\" content=\"image\/jpeg\" \/>\n<meta name=\"twitter:card\" content=\"summary_large_image\" \/>\n<meta name=\"twitter:label1\" content=\"Ber\u00e4knad l\u00e4stid\" \/>\n\t<meta name=\"twitter:data1\" content=\"1 minut\" \/>\n<!-- \/ Yoast SEO plugin. -->","yoast_head_json":{"title":"K\u00f6p Radiesse Plus 1,5 ml med lidokain online","description":"K\u00f6p Radiesse Plus 1,5 ml med lidokain online f\u00f6r att effektivt \u00f6ka ansiktsvolymen och j\u00e4mna ut m\u00e5ttliga till sv\u00e5ra rynkor.","robots":{"index":"index","follow":"follow","max-snippet":"max-snippet:-1","max-image-preview":"max-image-preview:large","max-video-preview":"max-video-preview:-1"},"canonical":"https:\/\/kinamihealth.com\/sv\/wp-json\/wp\/v2\/product\/120403","og_locale":"sv_SE","og_type":"article","og_title":"K\u00f6p Radiesse Plus 1,5 ml med lidokain online","og_description":"K\u00f6p Radiesse Plus 1,5 ml med lidokain online f\u00f6r att effektivt \u00f6ka ansiktsvolymen och j\u00e4mna ut m\u00e5ttliga till sv\u00e5ra rynkor.","og_url":"https:\/\/kinamihealth.com\/sv\/produkt\/radiesse-1-5ml-with-lidocaine\/","og_site_name":"Kinami Health","article_modified_time":"2025-12-09T22:35:34+00:00","og_image":[{"width":800,"height":800,"url":"https:\/\/kinamihealth.com\/wp-content\/uploads\/2025\/02\/MERZ-RADIESSE-LIDO-1.5-01.jpg","type":"image\/jpeg"}],"twitter_card":"summary_large_image","twitter_misc":{"Ber\u00e4knad l\u00e4stid":"1 minut"},"schema":{"@context":"https:\/\/schema.org","@graph":[{"@type":"WebPage","@id":"https:\/\/kinamihealth.com\/sv\/produkt\/radiesse-1-5ml-with-lidocaine\/","url":"https:\/\/kinamihealth.com\/sv\/produkt\/radiesse-1-5ml-with-lidocaine\/","name":"K\u00f6p Radiesse Plus 1,5 ml med lidokain online","isPartOf":{"@id":"https:\/\/kinamihealth.com\/#website"},"primaryImageOfPage":{"@id":"https:\/\/kinamihealth.com\/sv\/produkt\/radiesse-1-5ml-with-lidocaine\/#primaryimage"},"image":{"@id":"https:\/\/kinamihealth.com\/sv\/produkt\/radiesse-1-5ml-with-lidocaine\/#primaryimage"},"thumbnailUrl":"https:\/\/kinamihealth.com\/wp-content\/uploads\/2025\/02\/MERZ-RADIESSE-LIDO-1.5-01.jpg","datePublished":"2025-02-15T16:56:51+00:00","dateModified":"2025-12-09T22:35:34+00:00","description":"K\u00f6p Radiesse Plus 1,5 ml med lidokain online f\u00f6r att effektivt \u00f6ka ansiktsvolymen och j\u00e4mna ut m\u00e5ttliga till sv\u00e5ra rynkor.","breadcrumb":{"@id":"https:\/\/kinamihealth.com\/sv\/produkt\/radiesse-1-5ml-with-lidocaine\/#breadcrumb"},"inLanguage":"sv-SE","potentialAction":[{"@type":"ReadAction","target":["https:\/\/kinamihealth.com\/sv\/produkt\/radiesse-1-5ml-with-lidocaine\/"]}]},{"@type":"ImageObject","inLanguage":"sv-SE","@id":"https:\/\/kinamihealth.com\/sv\/produkt\/radiesse-1-5ml-with-lidocaine\/#primaryimage","url":"https:\/\/kinamihealth.com\/wp-content\/uploads\/2025\/02\/MERZ-RADIESSE-LIDO-1.5-01.jpg","contentUrl":"https:\/\/kinamihealth.com\/wp-content\/uploads\/2025\/02\/MERZ-RADIESSE-LIDO-1.5-01.jpg","width":800,"height":800},{"@type":"BreadcrumbList","@id":"https:\/\/kinamihealth.com\/sv\/produkt\/radiesse-1-5ml-with-lidocaine\/#breadcrumb","itemListElement":[{"@type":"ListItem","position":1,"name":"Hem","item":"https:\/\/kinamihealth.com\/sr\/"},{"@type":"ListItem","position":2,"name":"Butik","item":"https:\/\/kinamihealth.com\/sv\/?page_id=127810"},{"@type":"ListItem","position":3,"name":"RADIESSE\u00ae (+) 1.5ml with Lidocaine"}]},{"@type":"WebSite","@id":"https:\/\/kinamihealth.com\/#website","url":"https:\/\/kinamihealth.com\/","name":"Kinami Health","description":"","publisher":{"@id":"https:\/\/kinamihealth.com\/#organization"},"potentialAction":[{"@type":"SearchAction","target":{"@type":"EntryPoint","urlTemplate":"https:\/\/kinamihealth.com\/?s={search_term_string}"},"query-input":{"@type":"PropertyValueSpecification","valueRequired":true,"valueName":"search_term_string"}}],"inLanguage":"sv-SE"},{"@type":"Organization","@id":"https:\/\/kinamihealth.com\/#organization","name":"Kinami Health","url":"https:\/\/kinamihealth.com\/","logo":{"@type":"ImageObject","inLanguage":"sv-SE","@id":"https:\/\/kinamihealth.com\/#\/schema\/logo\/image\/","url":"https:\/\/kinamihealth.com\/wp-content\/uploads\/2025\/01\/KH_logo_black_2-1.png","contentUrl":"https:\/\/kinamihealth.com\/wp-content\/uploads\/2025\/01\/KH_logo_black_2-1.png","width":339,"height":34,"caption":"Kinami Health"},"image":{"@id":"https:\/\/kinamihealth.com\/#\/schema\/logo\/image\/"}}]}},"_links":{"self":[{"href":"https:\/\/kinamihealth.com\/sv\/wp-json\/wp\/v2\/product\/120403","targetHints":{"allow":["GET"]}}],"collection":[{"href":"https:\/\/kinamihealth.com\/sv\/wp-json\/wp\/v2\/product"}],"about":[{"href":"https:\/\/kinamihealth.com\/sv\/wp-json\/wp\/v2\/types\/product"}],"replies":[{"embeddable":true,"href":"https:\/\/kinamihealth.com\/sv\/wp-json\/wp\/v2\/comments?post=120403"}],"version-history":[{"count":0,"href":"https:\/\/kinamihealth.com\/sv\/wp-json\/wp\/v2\/product\/120403\/revisions"}],"wp:featuredmedia":[{"embeddable":true,"href":"https:\/\/kinamihealth.com\/sv\/wp-json\/wp\/v2\/media\/120407"}],"wp:attachment":[{"href":"https:\/\/kinamihealth.com\/sv\/wp-json\/wp\/v2\/media?parent=120403"}],"wp:term":[{"taxonomy":"product_brand","embeddable":true,"href":"https:\/\/kinamihealth.com\/sv\/wp-json\/wp\/v2\/product_brand?post=120403"},{"taxonomy":"product_cat","embeddable":true,"href":"https:\/\/kinamihealth.com\/sv\/wp-json\/wp\/v2\/product_cat?post=120403"},{"taxonomy":"product_tag","embeddable":true,"href":"https:\/\/kinamihealth.com\/sv\/wp-json\/wp\/v2\/product_tag?post=120403"}],"curies":[{"name":"wp","href":"https:\/\/api.w.org\/{rel}","templated":true}]}}