{"id":120271,"date":"2025-02-15T16:56:44","date_gmt":"2025-02-15T16:56:44","guid":{"rendered":"https:\/\/kinamihealth.com\/product\/plasmolifting-prp-gel\/"},"modified":"2025-12-09T18:14:56","modified_gmt":"2025-12-09T18:14:56","slug":"plasmolifting-prp-gel","status":"publish","type":"product","link":"https:\/\/kinamihealth.com\/sv\/produkt\/plasmolifting-prp-gel\/","title":{"rendered":"PLASMOLIFTING\u2122 PRP GEL"},"content":{"rendered":"<p><b>Plasmolifting PRP Gel <\/b><span style=\"font-weight: 400;\">ligger i framkant inom regenerativ estetisk medicin och anv\u00e4nder innovativ teknik f\u00f6r att bearbeta kundens blod till en kraftfull f\u00f6ryngrande behandling. Detta avancerade system kombinerar patenterad <\/span><b>tiksotropisk separeringsgel med natriumcitratbaserat antikoaguleringsmedel<\/b><span style=\"font-weight: 400;\"> f\u00f6r att <\/span><b>isolera trombocytrikt plasma<\/b><span style=\"font-weight: 400;\">, vilket skapar en personlig l\u00f6sning som aktiverar <\/span><b>kroppens naturliga l\u00e4knings- och regenerativa processer.<\/b><\/p>\n","protected":false},"excerpt":{"rendered":"<p>Plasmolifting PRP Gel ligger i framkant inom regenerativ estetisk medicin och anv\u00e4nder innovativ teknik f\u00f6r att bearbeta kundens blod till en kraftfull f\u00f6ryngrande behandling. Detta avancerade system kombinerar patenterad tiksotropisk separeringsgel med natriumcitratbaserat antikoaguleringsmedel f\u00f6r att isolera trombocytrikt plasma, vilket skapar en personlig l\u00f6sning som aktiverar kroppens naturliga l\u00e4knings- och regenerativa processer.<\/p>\n","protected":false},"featured_media":120275,"comment_status":"closed","ping_status":"closed","template":"","meta":{"_acf_changed":false,"inline_featured_image":false},"product_brand":[3165],"product_cat":[3940],"product_tag":[3256],"class_list":{"0":"post-120271","1":"product","2":"type-product","3":"status-publish","4":"has-post-thumbnail","6":"product_brand-plasmolifting","7":"product_cat-prp-kits-sv","8":"product_tag-medical-devices-sv","10":"first","11":"instock","12":"taxable","13":"shipping-taxable","14":"purchasable","15":"product-type-simple","16":"add-to-wishlist-before_image"},"acf":[],"yoast_head":"<!-- This site is optimized with the Yoast SEO plugin v27.5 - https:\/\/yoast.com\/product\/yoast-seo-wordpress\/ -->\n<title>K\u00f6p Plasmolifting PRP Gel online \u2013 Premium Plasma Therapy<\/title>\n<meta name=\"description\" content=\"K\u00f6p Plasmolifting PRP Gel f\u00f6r att utnyttja den regenerativa kraften hos trombocytrikt plasma f\u00f6r avancerade hudf\u00f6ryngringsbehandlingar.\" \/>\n<meta name=\"robots\" content=\"index, follow, max-snippet:-1, max-image-preview:large, max-video-preview:-1\" \/>\n<link rel=\"canonical\" href=\"https:\/\/kinamihealth.com\/sv\/wp-json\/wp\/v2\/product\/120271\" \/>\n<meta property=\"og:locale\" content=\"sv_SE\" \/>\n<meta property=\"og:type\" content=\"article\" \/>\n<meta property=\"og:title\" content=\"K\u00f6p Plasmolifting PRP Gel online \u2013 Premium Plasma Therapy\" \/>\n<meta property=\"og:description\" content=\"K\u00f6p Plasmolifting PRP Gel f\u00f6r att utnyttja den regenerativa kraften hos trombocytrikt plasma f\u00f6r avancerade hudf\u00f6ryngringsbehandlingar.\" \/>\n<meta property=\"og:url\" content=\"https:\/\/kinamihealth.com\/sv\/produkt\/plasmolifting-prp-gel\/\" \/>\n<meta property=\"og:site_name\" content=\"Kinami Health\" \/>\n<meta property=\"article:modified_time\" content=\"2025-12-09T18:14:56+00:00\" \/>\n<meta property=\"og:image\" content=\"https:\/\/kinamihealth.com\/wp-content\/uploads\/2025\/02\/PRP-PLASMOLIFTINGGEL-01.jpg\" \/>\n\t<meta property=\"og:image:width\" content=\"800\" \/>\n\t<meta property=\"og:image:height\" content=\"800\" \/>\n\t<meta property=\"og:image:type\" content=\"image\/jpeg\" \/>\n<meta name=\"twitter:card\" content=\"summary_large_image\" \/>\n<meta name=\"twitter:label1\" content=\"Ber\u00e4knad l\u00e4stid\" \/>\n\t<meta name=\"twitter:data1\" content=\"1 minut\" \/>\n<!-- \/ Yoast SEO plugin. -->","yoast_head_json":{"title":"K\u00f6p Plasmolifting PRP Gel online \u2013 Premium Plasma Therapy","description":"K\u00f6p Plasmolifting PRP Gel f\u00f6r att utnyttja den regenerativa kraften hos trombocytrikt plasma f\u00f6r avancerade hudf\u00f6ryngringsbehandlingar.","robots":{"index":"index","follow":"follow","max-snippet":"max-snippet:-1","max-image-preview":"max-image-preview:large","max-video-preview":"max-video-preview:-1"},"canonical":"https:\/\/kinamihealth.com\/sv\/wp-json\/wp\/v2\/product\/120271","og_locale":"sv_SE","og_type":"article","og_title":"K\u00f6p Plasmolifting PRP Gel online \u2013 Premium Plasma Therapy","og_description":"K\u00f6p Plasmolifting PRP Gel f\u00f6r att utnyttja den regenerativa kraften hos trombocytrikt plasma f\u00f6r avancerade hudf\u00f6ryngringsbehandlingar.","og_url":"https:\/\/kinamihealth.com\/sv\/produkt\/plasmolifting-prp-gel\/","og_site_name":"Kinami Health","article_modified_time":"2025-12-09T18:14:56+00:00","og_image":[{"width":800,"height":800,"url":"https:\/\/kinamihealth.com\/wp-content\/uploads\/2025\/02\/PRP-PLASMOLIFTINGGEL-01.jpg","type":"image\/jpeg"}],"twitter_card":"summary_large_image","twitter_misc":{"Ber\u00e4knad l\u00e4stid":"1 minut"},"schema":{"@context":"https:\/\/schema.org","@graph":[{"@type":"WebPage","@id":"https:\/\/kinamihealth.com\/sv\/produkt\/plasmolifting-prp-gel\/","url":"https:\/\/kinamihealth.com\/sv\/produkt\/plasmolifting-prp-gel\/","name":"K\u00f6p Plasmolifting PRP Gel online \u2013 Premium Plasma Therapy","isPartOf":{"@id":"https:\/\/kinamihealth.com\/#website"},"primaryImageOfPage":{"@id":"https:\/\/kinamihealth.com\/sv\/produkt\/plasmolifting-prp-gel\/#primaryimage"},"image":{"@id":"https:\/\/kinamihealth.com\/sv\/produkt\/plasmolifting-prp-gel\/#primaryimage"},"thumbnailUrl":"https:\/\/kinamihealth.com\/wp-content\/uploads\/2025\/02\/PRP-PLASMOLIFTINGGEL-01.jpg","datePublished":"2025-02-15T16:56:44+00:00","dateModified":"2025-12-09T18:14:56+00:00","description":"K\u00f6p Plasmolifting PRP Gel f\u00f6r att utnyttja den regenerativa kraften hos trombocytrikt plasma f\u00f6r avancerade hudf\u00f6ryngringsbehandlingar.","breadcrumb":{"@id":"https:\/\/kinamihealth.com\/sv\/produkt\/plasmolifting-prp-gel\/#breadcrumb"},"inLanguage":"sv-SE","potentialAction":[{"@type":"ReadAction","target":["https:\/\/kinamihealth.com\/sv\/produkt\/plasmolifting-prp-gel\/"]}]},{"@type":"ImageObject","inLanguage":"sv-SE","@id":"https:\/\/kinamihealth.com\/sv\/produkt\/plasmolifting-prp-gel\/#primaryimage","url":"https:\/\/kinamihealth.com\/wp-content\/uploads\/2025\/02\/PRP-PLASMOLIFTINGGEL-01.jpg","contentUrl":"https:\/\/kinamihealth.com\/wp-content\/uploads\/2025\/02\/PRP-PLASMOLIFTINGGEL-01.jpg","width":800,"height":800},{"@type":"BreadcrumbList","@id":"https:\/\/kinamihealth.com\/sv\/produkt\/plasmolifting-prp-gel\/#breadcrumb","itemListElement":[{"@type":"ListItem","position":1,"name":"Hem","item":"https:\/\/kinamihealth.com\/sr\/"},{"@type":"ListItem","position":2,"name":"Butik","item":"https:\/\/kinamihealth.com\/sv\/?page_id=127810"},{"@type":"ListItem","position":3,"name":"PLASMOLIFTING\u2122 PRP GEL"}]},{"@type":"WebSite","@id":"https:\/\/kinamihealth.com\/#website","url":"https:\/\/kinamihealth.com\/","name":"Kinami Health","description":"","publisher":{"@id":"https:\/\/kinamihealth.com\/#organization"},"potentialAction":[{"@type":"SearchAction","target":{"@type":"EntryPoint","urlTemplate":"https:\/\/kinamihealth.com\/?s={search_term_string}"},"query-input":{"@type":"PropertyValueSpecification","valueRequired":true,"valueName":"search_term_string"}}],"inLanguage":"sv-SE"},{"@type":"Organization","@id":"https:\/\/kinamihealth.com\/#organization","name":"Kinami Health","url":"https:\/\/kinamihealth.com\/","logo":{"@type":"ImageObject","inLanguage":"sv-SE","@id":"https:\/\/kinamihealth.com\/#\/schema\/logo\/image\/","url":"https:\/\/kinamihealth.com\/wp-content\/uploads\/2025\/01\/KH_logo_black_2-1.png","contentUrl":"https:\/\/kinamihealth.com\/wp-content\/uploads\/2025\/01\/KH_logo_black_2-1.png","width":339,"height":34,"caption":"Kinami Health"},"image":{"@id":"https:\/\/kinamihealth.com\/#\/schema\/logo\/image\/"}}]}},"_links":{"self":[{"href":"https:\/\/kinamihealth.com\/sv\/wp-json\/wp\/v2\/product\/120271","targetHints":{"allow":["GET"]}}],"collection":[{"href":"https:\/\/kinamihealth.com\/sv\/wp-json\/wp\/v2\/product"}],"about":[{"href":"https:\/\/kinamihealth.com\/sv\/wp-json\/wp\/v2\/types\/product"}],"replies":[{"embeddable":true,"href":"https:\/\/kinamihealth.com\/sv\/wp-json\/wp\/v2\/comments?post=120271"}],"version-history":[{"count":0,"href":"https:\/\/kinamihealth.com\/sv\/wp-json\/wp\/v2\/product\/120271\/revisions"}],"wp:featuredmedia":[{"embeddable":true,"href":"https:\/\/kinamihealth.com\/sv\/wp-json\/wp\/v2\/media\/120275"}],"wp:attachment":[{"href":"https:\/\/kinamihealth.com\/sv\/wp-json\/wp\/v2\/media?parent=120271"}],"wp:term":[{"taxonomy":"product_brand","embeddable":true,"href":"https:\/\/kinamihealth.com\/sv\/wp-json\/wp\/v2\/product_brand?post=120271"},{"taxonomy":"product_cat","embeddable":true,"href":"https:\/\/kinamihealth.com\/sv\/wp-json\/wp\/v2\/product_cat?post=120271"},{"taxonomy":"product_tag","embeddable":true,"href":"https:\/\/kinamihealth.com\/sv\/wp-json\/wp\/v2\/product_tag?post=120271"}],"curies":[{"name":"wp","href":"https:\/\/api.w.org\/{rel}","templated":true}]}}