{"id":120267,"date":"2025-02-15T16:56:49","date_gmt":"2025-02-15T16:56:49","guid":{"rendered":"https:\/\/kinamihealth.com\/product\/profhilo-hl\/"},"modified":"2025-11-04T13:36:05","modified_gmt":"2025-11-04T13:36:05","slug":"profhilo-hl","status":"publish","type":"product","link":"https:\/\/kinamihealth.com\/sv\/produkt\/profhilo-hl\/","title":{"rendered":"PROFHILO\u00ae H+L"},"content":{"rendered":"<p><b>Profhilo H+L<\/b><span style=\"font-weight: 400;\"> \u00e4r en avancerad <\/span><b>injicerbar l\u00f6sning<\/b><span style=\"font-weight: 400;\"> som kombinerar <\/span><b>hyaluronsyra med dubbla molekylvikter <\/b><span style=\"font-weight: 400;\">f\u00f6r en omfattande hudf\u00f6ryngring. Denna professionella behandling ger \u00f6verl\u00e4gsen <\/span><b>hydrering och hudf\u00f6rnyelse<\/b><span style=\"font-weight: 400;\"> genom innovativ<\/span><b> Bio Aesthetic Points-teknik<\/b><span style=\"font-weight: 400;\">, speciellt utvecklad f\u00f6r legitimerad v\u00e5rdpersonal.<\/span><\/p>\n","protected":false},"excerpt":{"rendered":"<p>Profhilo H+L \u00e4r en avancerad injicerbar l\u00f6sning som kombinerar hyaluronsyra med dubbla molekylvikter f\u00f6r en omfattande hudf\u00f6ryngring. Denna professionella behandling ger \u00f6verl\u00e4gsen hydrering och hudf\u00f6rnyelse genom innovativ Bio Aesthetic Points-teknik, speciellt utvecklad f\u00f6r legitimerad v\u00e5rdpersonal.<\/p>\n","protected":false},"featured_media":120268,"comment_status":"closed","ping_status":"closed","template":"","meta":{"_acf_changed":false,"inline_featured_image":false},"product_brand":[3167],"product_cat":[3260,3667],"product_tag":[3256],"class_list":{"0":"post-120267","1":"product","2":"type-product","3":"status-publish","4":"has-post-thumbnail","6":"product_brand-profhilo","7":"product_cat-dermal-fillers-sv","8":"product_cat-skinboosters-sv","9":"product_tag-medical-devices-sv","11":"first","12":"instock","13":"taxable","14":"shipping-taxable","15":"purchasable","16":"product-type-simple","17":"add-to-wishlist-before_image"},"acf":[],"yoast_head":"<!-- This site is optimized with the Yoast SEO plugin v27.1.1 - https:\/\/yoast.com\/product\/yoast-seo-wordpress\/ -->\n<title>Profhilo H+L online \u2013 Premium hudf\u00f6ryngring<\/title>\n<meta name=\"description\" content=\"K\u00f6p Profhilo H+L online f\u00f6r avancerad hudf\u00f6ryngring och ge dina patienter ledande hyaluronsyrabehandling\" \/>\n<meta name=\"robots\" content=\"index, follow, max-snippet:-1, max-image-preview:large, max-video-preview:-1\" \/>\n<link rel=\"canonical\" href=\"https:\/\/kinamihealth.com\/sv\/wp-json\/wp\/v2\/product\/120267\" \/>\n<meta property=\"og:locale\" content=\"sv_SE\" \/>\n<meta property=\"og:type\" content=\"article\" \/>\n<meta property=\"og:title\" content=\"Profhilo H+L online \u2013 Premium hudf\u00f6ryngring\" \/>\n<meta property=\"og:description\" content=\"K\u00f6p Profhilo H+L online f\u00f6r avancerad hudf\u00f6ryngring och ge dina patienter ledande hyaluronsyrabehandling\" \/>\n<meta property=\"og:url\" content=\"https:\/\/kinamihealth.com\/sv\/produkt\/profhilo-hl\/\" \/>\n<meta property=\"og:site_name\" content=\"Kinami Health\" \/>\n<meta property=\"article:modified_time\" content=\"2025-11-04T13:36:05+00:00\" \/>\n<meta property=\"og:image\" content=\"https:\/\/kinamihealth.com\/wp-content\/uploads\/2025\/02\/PROFHILO-HL-01.jpg\" \/>\n\t<meta property=\"og:image:width\" content=\"800\" \/>\n\t<meta property=\"og:image:height\" content=\"800\" \/>\n\t<meta property=\"og:image:type\" content=\"image\/jpeg\" \/>\n<meta name=\"twitter:card\" content=\"summary_large_image\" \/>\n<meta name=\"twitter:label1\" content=\"Ber\u00e4knad l\u00e4stid\" \/>\n\t<meta name=\"twitter:data1\" content=\"1 minut\" \/>\n<!-- \/ Yoast SEO plugin. -->","yoast_head_json":{"title":"Profhilo H+L online \u2013 Premium hudf\u00f6ryngring","description":"K\u00f6p Profhilo H+L online f\u00f6r avancerad hudf\u00f6ryngring och ge dina patienter ledande hyaluronsyrabehandling","robots":{"index":"index","follow":"follow","max-snippet":"max-snippet:-1","max-image-preview":"max-image-preview:large","max-video-preview":"max-video-preview:-1"},"canonical":"https:\/\/kinamihealth.com\/sv\/wp-json\/wp\/v2\/product\/120267","og_locale":"sv_SE","og_type":"article","og_title":"Profhilo H+L online \u2013 Premium hudf\u00f6ryngring","og_description":"K\u00f6p Profhilo H+L online f\u00f6r avancerad hudf\u00f6ryngring och ge dina patienter ledande hyaluronsyrabehandling","og_url":"https:\/\/kinamihealth.com\/sv\/produkt\/profhilo-hl\/","og_site_name":"Kinami Health","article_modified_time":"2025-11-04T13:36:05+00:00","og_image":[{"width":800,"height":800,"url":"https:\/\/kinamihealth.com\/wp-content\/uploads\/2025\/02\/PROFHILO-HL-01.jpg","type":"image\/jpeg"}],"twitter_card":"summary_large_image","twitter_misc":{"Ber\u00e4knad l\u00e4stid":"1 minut"},"schema":{"@context":"https:\/\/schema.org","@graph":[{"@type":"WebPage","@id":"https:\/\/kinamihealth.com\/sv\/produkt\/profhilo-hl\/","url":"https:\/\/kinamihealth.com\/sv\/produkt\/profhilo-hl\/","name":"Profhilo H+L online \u2013 Premium hudf\u00f6ryngring","isPartOf":{"@id":"https:\/\/kinamihealth.com\/#website"},"primaryImageOfPage":{"@id":"https:\/\/kinamihealth.com\/sv\/produkt\/profhilo-hl\/#primaryimage"},"image":{"@id":"https:\/\/kinamihealth.com\/sv\/produkt\/profhilo-hl\/#primaryimage"},"thumbnailUrl":"https:\/\/kinamihealth.com\/wp-content\/uploads\/2025\/02\/PROFHILO-HL-01.jpg","datePublished":"2025-02-15T16:56:49+00:00","dateModified":"2025-11-04T13:36:05+00:00","description":"K\u00f6p Profhilo H+L online f\u00f6r avancerad hudf\u00f6ryngring och ge dina patienter ledande hyaluronsyrabehandling","breadcrumb":{"@id":"https:\/\/kinamihealth.com\/sv\/produkt\/profhilo-hl\/#breadcrumb"},"inLanguage":"sv-SE","potentialAction":[{"@type":"ReadAction","target":["https:\/\/kinamihealth.com\/sv\/produkt\/profhilo-hl\/"]}]},{"@type":"ImageObject","inLanguage":"sv-SE","@id":"https:\/\/kinamihealth.com\/sv\/produkt\/profhilo-hl\/#primaryimage","url":"https:\/\/kinamihealth.com\/wp-content\/uploads\/2025\/02\/PROFHILO-HL-01.jpg","contentUrl":"https:\/\/kinamihealth.com\/wp-content\/uploads\/2025\/02\/PROFHILO-HL-01.jpg","width":800,"height":800},{"@type":"BreadcrumbList","@id":"https:\/\/kinamihealth.com\/sv\/produkt\/profhilo-hl\/#breadcrumb","itemListElement":[{"@type":"ListItem","position":1,"name":"Hem","item":"https:\/\/kinamihealth.com\/sr\/"},{"@type":"ListItem","position":2,"name":"Butik","item":"https:\/\/kinamihealth.com\/sv\/?page_id=127810"},{"@type":"ListItem","position":3,"name":"PROFHILO\u00ae H+L"}]},{"@type":"WebSite","@id":"https:\/\/kinamihealth.com\/#website","url":"https:\/\/kinamihealth.com\/","name":"Kinami Health","description":"","publisher":{"@id":"https:\/\/kinamihealth.com\/#organization"},"potentialAction":[{"@type":"SearchAction","target":{"@type":"EntryPoint","urlTemplate":"https:\/\/kinamihealth.com\/?s={search_term_string}"},"query-input":{"@type":"PropertyValueSpecification","valueRequired":true,"valueName":"search_term_string"}}],"inLanguage":"sv-SE"},{"@type":"Organization","@id":"https:\/\/kinamihealth.com\/#organization","name":"Kinami Health","url":"https:\/\/kinamihealth.com\/","logo":{"@type":"ImageObject","inLanguage":"sv-SE","@id":"https:\/\/kinamihealth.com\/#\/schema\/logo\/image\/","url":"https:\/\/kinamihealth.com\/wp-content\/uploads\/2025\/01\/KH_logo_black_2-1.png","contentUrl":"https:\/\/kinamihealth.com\/wp-content\/uploads\/2025\/01\/KH_logo_black_2-1.png","width":339,"height":34,"caption":"Kinami Health"},"image":{"@id":"https:\/\/kinamihealth.com\/#\/schema\/logo\/image\/"}}]}},"_links":{"self":[{"href":"https:\/\/kinamihealth.com\/sv\/wp-json\/wp\/v2\/product\/120267","targetHints":{"allow":["GET"]}}],"collection":[{"href":"https:\/\/kinamihealth.com\/sv\/wp-json\/wp\/v2\/product"}],"about":[{"href":"https:\/\/kinamihealth.com\/sv\/wp-json\/wp\/v2\/types\/product"}],"replies":[{"embeddable":true,"href":"https:\/\/kinamihealth.com\/sv\/wp-json\/wp\/v2\/comments?post=120267"}],"version-history":[{"count":0,"href":"https:\/\/kinamihealth.com\/sv\/wp-json\/wp\/v2\/product\/120267\/revisions"}],"wp:featuredmedia":[{"embeddable":true,"href":"https:\/\/kinamihealth.com\/sv\/wp-json\/wp\/v2\/media\/120268"}],"wp:attachment":[{"href":"https:\/\/kinamihealth.com\/sv\/wp-json\/wp\/v2\/media?parent=120267"}],"wp:term":[{"taxonomy":"product_brand","embeddable":true,"href":"https:\/\/kinamihealth.com\/sv\/wp-json\/wp\/v2\/product_brand?post=120267"},{"taxonomy":"product_cat","embeddable":true,"href":"https:\/\/kinamihealth.com\/sv\/wp-json\/wp\/v2\/product_cat?post=120267"},{"taxonomy":"product_tag","embeddable":true,"href":"https:\/\/kinamihealth.com\/sv\/wp-json\/wp\/v2\/product_tag?post=120267"}],"curies":[{"name":"wp","href":"https:\/\/api.w.org\/{rel}","templated":true}]}}