{"id":120262,"date":"2025-02-15T16:56:48","date_gmt":"2025-02-15T16:56:48","guid":{"rendered":"https:\/\/kinamihealth.com\/product\/profhilo-body-kit\/"},"modified":"2025-11-04T13:38:25","modified_gmt":"2025-11-04T13:38:25","slug":"profhilo-body-kit","status":"publish","type":"product","link":"https:\/\/kinamihealth.com\/sv\/produkt\/profhilo-body-kit\/","title":{"rendered":"PROFHILO\u00ae BODY KIT"},"content":{"rendered":"<p><span style=\"font-weight: 400;\">Upplev avancerad <\/span><b>hudf\u00f6ryngring<\/b><span style=\"font-weight: 400;\"> med <\/span><b>Profhilo Body Kit<\/b><span style=\"font-weight: 400;\">. Detta kompletta behandlingspaket inneh\u00e5ller <\/span><b>professionella hyaluronsyrainjektioner, hudv\u00e5rdande pl\u00e5ster och kr\u00e4m<\/b><span style=\"font-weight: 400;\">. Detta innovativa system \u00e4r perfekt f\u00f6r att f\u00f6rb\u00e4ttra <\/span><b>hudens fasthet, fuktighet och struktur<\/b><span style=\"font-weight: 400;\"> p\u00e5 alla kroppsdelar och ger fantastiska resultat tack vare sin unika kombination av produkter. Medicinsk personal kan <\/span><b>k\u00f6pa Profhilo Body Kit<\/b><span style=\"font-weight: 400;\"> fr\u00e5n <\/span><b>Kinami Health<\/b><span style=\"font-weight: 400;\">, d\u00e4r de hittar de b\u00e4sta erbjudandena p\u00e5 f\u00f6rstklassiga f\u00f6ryngringsprodukter.<\/span><\/p>\n","protected":false},"excerpt":{"rendered":"<p>Upplev avancerad hudf\u00f6ryngring med Profhilo Body Kit. Detta kompletta behandlingspaket inneh\u00e5ller professionella hyaluronsyrainjektioner, hudv\u00e5rdande pl\u00e5ster och kr\u00e4m. Detta innovativa system \u00e4r perfekt f\u00f6r att f\u00f6rb\u00e4ttra hudens fasthet, fuktighet och struktur p\u00e5 alla kroppsdelar och ger fantastiska resultat tack vare sin unika kombination av produkter. Medicinsk personal kan k\u00f6pa Profhilo Body Kit fr\u00e5n Kinami Health, d\u00e4r [&hellip;]<\/p>\n","protected":false},"featured_media":120266,"comment_status":"closed","ping_status":"closed","template":"","meta":{"_acf_changed":false,"inline_featured_image":false},"product_brand":[3167],"product_cat":[3637],"product_tag":[3256],"class_list":{"0":"post-120262","1":"product","2":"type-product","3":"status-publish","4":"has-post-thumbnail","6":"product_brand-profhilo","7":"product_cat-body-sculpting-sv","8":"product_tag-medical-devices-sv","10":"first","11":"instock","12":"taxable","13":"shipping-taxable","14":"purchasable","15":"product-type-simple","16":"add-to-wishlist-before_image"},"acf":[],"yoast_head":"<!-- This site is optimized with the Yoast SEO plugin v27.3 - https:\/\/yoast.com\/product\/yoast-seo-wordpress\/ -->\n<title>K\u00f6p Profhilo Body Kit | Premiumprodukt f\u00f6r kroppskonturering<\/title>\n<meta name=\"description\" content=\"K\u00f6p Profhilo Body Kit online och f\u00f6rvandla \u00e5ldrande hud med det ultimata behandlingssystemet.\" \/>\n<meta name=\"robots\" content=\"index, follow, max-snippet:-1, max-image-preview:large, max-video-preview:-1\" \/>\n<link rel=\"canonical\" href=\"https:\/\/kinamihealth.com\/sv\/wp-json\/wp\/v2\/product\/120262\" \/>\n<meta property=\"og:locale\" content=\"sv_SE\" \/>\n<meta property=\"og:type\" content=\"article\" \/>\n<meta property=\"og:title\" content=\"K\u00f6p Profhilo Body Kit | Premiumprodukt f\u00f6r kroppskonturering\" \/>\n<meta property=\"og:description\" content=\"K\u00f6p Profhilo Body Kit online och f\u00f6rvandla \u00e5ldrande hud med det ultimata behandlingssystemet.\" \/>\n<meta property=\"og:url\" content=\"https:\/\/kinamihealth.com\/sv\/produkt\/profhilo-body-kit\/\" \/>\n<meta property=\"og:site_name\" content=\"Kinami Health\" \/>\n<meta property=\"article:modified_time\" content=\"2025-11-04T13:38:25+00:00\" \/>\n<meta property=\"og:image\" content=\"https:\/\/kinamihealth.com\/wp-content\/uploads\/2025\/02\/IBSA-PROFHILO-BODYKIT-01.jpg\" \/>\n\t<meta property=\"og:image:width\" content=\"800\" \/>\n\t<meta property=\"og:image:height\" content=\"800\" \/>\n\t<meta property=\"og:image:type\" content=\"image\/jpeg\" \/>\n<meta name=\"twitter:card\" content=\"summary_large_image\" \/>\n<meta name=\"twitter:label1\" content=\"Ber\u00e4knad l\u00e4stid\" \/>\n\t<meta name=\"twitter:data1\" content=\"1 minut\" \/>\n<!-- \/ Yoast SEO plugin. -->","yoast_head_json":{"title":"K\u00f6p Profhilo Body Kit | Premiumprodukt f\u00f6r kroppskonturering","description":"K\u00f6p Profhilo Body Kit online och f\u00f6rvandla \u00e5ldrande hud med det ultimata behandlingssystemet.","robots":{"index":"index","follow":"follow","max-snippet":"max-snippet:-1","max-image-preview":"max-image-preview:large","max-video-preview":"max-video-preview:-1"},"canonical":"https:\/\/kinamihealth.com\/sv\/wp-json\/wp\/v2\/product\/120262","og_locale":"sv_SE","og_type":"article","og_title":"K\u00f6p Profhilo Body Kit | Premiumprodukt f\u00f6r kroppskonturering","og_description":"K\u00f6p Profhilo Body Kit online och f\u00f6rvandla \u00e5ldrande hud med det ultimata behandlingssystemet.","og_url":"https:\/\/kinamihealth.com\/sv\/produkt\/profhilo-body-kit\/","og_site_name":"Kinami Health","article_modified_time":"2025-11-04T13:38:25+00:00","og_image":[{"width":800,"height":800,"url":"https:\/\/kinamihealth.com\/wp-content\/uploads\/2025\/02\/IBSA-PROFHILO-BODYKIT-01.jpg","type":"image\/jpeg"}],"twitter_card":"summary_large_image","twitter_misc":{"Ber\u00e4knad l\u00e4stid":"1 minut"},"schema":{"@context":"https:\/\/schema.org","@graph":[{"@type":"WebPage","@id":"https:\/\/kinamihealth.com\/sv\/produkt\/profhilo-body-kit\/","url":"https:\/\/kinamihealth.com\/sv\/produkt\/profhilo-body-kit\/","name":"K\u00f6p Profhilo Body Kit | Premiumprodukt f\u00f6r kroppskonturering","isPartOf":{"@id":"https:\/\/kinamihealth.com\/#website"},"primaryImageOfPage":{"@id":"https:\/\/kinamihealth.com\/sv\/produkt\/profhilo-body-kit\/#primaryimage"},"image":{"@id":"https:\/\/kinamihealth.com\/sv\/produkt\/profhilo-body-kit\/#primaryimage"},"thumbnailUrl":"https:\/\/kinamihealth.com\/wp-content\/uploads\/2025\/02\/IBSA-PROFHILO-BODYKIT-01.jpg","datePublished":"2025-02-15T16:56:48+00:00","dateModified":"2025-11-04T13:38:25+00:00","description":"K\u00f6p Profhilo Body Kit online och f\u00f6rvandla \u00e5ldrande hud med det ultimata behandlingssystemet.","breadcrumb":{"@id":"https:\/\/kinamihealth.com\/sv\/produkt\/profhilo-body-kit\/#breadcrumb"},"inLanguage":"sv-SE","potentialAction":[{"@type":"ReadAction","target":["https:\/\/kinamihealth.com\/sv\/produkt\/profhilo-body-kit\/"]}]},{"@type":"ImageObject","inLanguage":"sv-SE","@id":"https:\/\/kinamihealth.com\/sv\/produkt\/profhilo-body-kit\/#primaryimage","url":"https:\/\/kinamihealth.com\/wp-content\/uploads\/2025\/02\/IBSA-PROFHILO-BODYKIT-01.jpg","contentUrl":"https:\/\/kinamihealth.com\/wp-content\/uploads\/2025\/02\/IBSA-PROFHILO-BODYKIT-01.jpg","width":800,"height":800},{"@type":"BreadcrumbList","@id":"https:\/\/kinamihealth.com\/sv\/produkt\/profhilo-body-kit\/#breadcrumb","itemListElement":[{"@type":"ListItem","position":1,"name":"Hem","item":"https:\/\/kinamihealth.com\/sr\/"},{"@type":"ListItem","position":2,"name":"Butik","item":"https:\/\/kinamihealth.com\/sv\/?page_id=127810"},{"@type":"ListItem","position":3,"name":"PROFHILO\u00ae BODY KIT"}]},{"@type":"WebSite","@id":"https:\/\/kinamihealth.com\/#website","url":"https:\/\/kinamihealth.com\/","name":"Kinami Health","description":"","publisher":{"@id":"https:\/\/kinamihealth.com\/#organization"},"potentialAction":[{"@type":"SearchAction","target":{"@type":"EntryPoint","urlTemplate":"https:\/\/kinamihealth.com\/?s={search_term_string}"},"query-input":{"@type":"PropertyValueSpecification","valueRequired":true,"valueName":"search_term_string"}}],"inLanguage":"sv-SE"},{"@type":"Organization","@id":"https:\/\/kinamihealth.com\/#organization","name":"Kinami Health","url":"https:\/\/kinamihealth.com\/","logo":{"@type":"ImageObject","inLanguage":"sv-SE","@id":"https:\/\/kinamihealth.com\/#\/schema\/logo\/image\/","url":"https:\/\/kinamihealth.com\/wp-content\/uploads\/2025\/01\/KH_logo_black_2-1.png","contentUrl":"https:\/\/kinamihealth.com\/wp-content\/uploads\/2025\/01\/KH_logo_black_2-1.png","width":339,"height":34,"caption":"Kinami Health"},"image":{"@id":"https:\/\/kinamihealth.com\/#\/schema\/logo\/image\/"}}]}},"_links":{"self":[{"href":"https:\/\/kinamihealth.com\/sv\/wp-json\/wp\/v2\/product\/120262","targetHints":{"allow":["GET"]}}],"collection":[{"href":"https:\/\/kinamihealth.com\/sv\/wp-json\/wp\/v2\/product"}],"about":[{"href":"https:\/\/kinamihealth.com\/sv\/wp-json\/wp\/v2\/types\/product"}],"replies":[{"embeddable":true,"href":"https:\/\/kinamihealth.com\/sv\/wp-json\/wp\/v2\/comments?post=120262"}],"version-history":[{"count":0,"href":"https:\/\/kinamihealth.com\/sv\/wp-json\/wp\/v2\/product\/120262\/revisions"}],"wp:featuredmedia":[{"embeddable":true,"href":"https:\/\/kinamihealth.com\/sv\/wp-json\/wp\/v2\/media\/120266"}],"wp:attachment":[{"href":"https:\/\/kinamihealth.com\/sv\/wp-json\/wp\/v2\/media?parent=120262"}],"wp:term":[{"taxonomy":"product_brand","embeddable":true,"href":"https:\/\/kinamihealth.com\/sv\/wp-json\/wp\/v2\/product_brand?post=120262"},{"taxonomy":"product_cat","embeddable":true,"href":"https:\/\/kinamihealth.com\/sv\/wp-json\/wp\/v2\/product_cat?post=120262"},{"taxonomy":"product_tag","embeddable":true,"href":"https:\/\/kinamihealth.com\/sv\/wp-json\/wp\/v2\/product_tag?post=120262"}],"curies":[{"name":"wp","href":"https:\/\/api.w.org\/{rel}","templated":true}]}}