{"id":120259,"date":"2025-02-15T16:56:39","date_gmt":"2025-02-15T16:56:39","guid":{"rendered":"https:\/\/kinamihealth.com\/product\/perfectha-deep\/"},"modified":"2025-10-31T16:17:40","modified_gmt":"2025-10-31T16:17:40","slug":"perfectha-deep","status":"publish","type":"product","link":"https:\/\/kinamihealth.com\/sv\/produkt\/perfectha-deep\/","title":{"rendered":"PERFECTHA\u00ae DEEP"},"content":{"rendered":"<p><b>Perfectha Deep <\/b><span style=\"font-weight: 400;\">\u00e4r en <\/span><b>hyaluronsyrabaserad hudfyllnadsmedel<\/b><span style=\"font-weight: 400;\"> som <\/span><b>riktar sig mot djupa rynkor <\/b><span style=\"font-weight: 400;\">s\u00e5som <\/span><b>nasolabialaveck<\/b><span style=\"font-weight: 400;\"> och <\/span><b>marionettlinjer<\/b><span style=\"font-weight: 400;\">. Det anv\u00e4nds ocks\u00e5 f\u00f6r <\/span><b>l\u00e4pp- och kindbensf\u00f6rstoring<\/b><span style=\"font-weight: 400;\"> och <\/span><b>n\u00e4somformning<\/b><span style=\"font-weight: 400;\">. Tack vare hyaluronsyrans stabilitet kan Perfectha Deep <\/span><b>korrigera rynkor<\/b><span style=\"font-weight: 400;\"> n\u00e4stan omedelbart och <\/span><b>omforma ansiktskonturerna<\/b><span style=\"font-weight: 400;\"> med <\/span><b>minimal \u00e5terh\u00e4mtningstid<\/b><span style=\"font-weight: 400;\">.<\/span><\/p>\n","protected":false},"excerpt":{"rendered":"<p>Perfectha Deep \u00e4r en hyaluronsyrabaserad hudfyllnadsmedel som riktar sig mot djupa rynkor s\u00e5som nasolabialaveck och marionettlinjer. Det anv\u00e4nds ocks\u00e5 f\u00f6r l\u00e4pp- och kindbensf\u00f6rstoring och n\u00e4somformning. Tack vare hyaluronsyrans stabilitet kan Perfectha Deep korrigera rynkor n\u00e4stan omedelbart och omforma ansiktskonturerna med minimal \u00e5terh\u00e4mtningstid.<\/p>\n","protected":false},"featured_media":120260,"comment_status":"closed","ping_status":"closed","template":"","meta":{"_acf_changed":false,"inline_featured_image":false},"product_brand":[3164],"product_cat":[3265,3260],"product_tag":[3256],"class_list":{"0":"post-120259","1":"product","2":"type-product","3":"status-publish","4":"has-post-thumbnail","6":"product_brand-perfectha","7":"product_cat-ha-dermal-fillers","8":"product_cat-dermal-fillers-sv","9":"product_tag-medical-devices-sv","11":"first","12":"instock","13":"taxable","14":"shipping-taxable","15":"purchasable","16":"product-type-simple","17":"add-to-wishlist-before_image"},"acf":[],"yoast_head":"<!-- This site is optimized with the Yoast SEO plugin v27.3 - https:\/\/yoast.com\/product\/yoast-seo-wordpress\/ -->\n<title>K\u00f6p Perfectha Deep \u2013 hudfyllnadsmedel med hyaluronsyra<\/title>\n<meta name=\"description\" content=\"K\u00f6p Perfectha Deep f\u00f6r att minska rynkor, konturera ansiktet och f\u00f6rstora l\u00e4pparna. K\u00f6p nu p\u00e5 Kinami Health f\u00f6r l\u00e5ngvariga, naturliga resultat.\" \/>\n<meta name=\"robots\" content=\"index, follow, max-snippet:-1, max-image-preview:large, max-video-preview:-1\" \/>\n<link rel=\"canonical\" href=\"https:\/\/kinamihealth.com\/sv\/wp-json\/wp\/v2\/product\/120259\" \/>\n<meta property=\"og:locale\" content=\"sv_SE\" \/>\n<meta property=\"og:type\" content=\"article\" \/>\n<meta property=\"og:title\" content=\"K\u00f6p Perfectha Deep \u2013 hudfyllnadsmedel med hyaluronsyra\" \/>\n<meta property=\"og:description\" content=\"K\u00f6p Perfectha Deep f\u00f6r att minska rynkor, konturera ansiktet och f\u00f6rstora l\u00e4pparna. K\u00f6p nu p\u00e5 Kinami Health f\u00f6r l\u00e5ngvariga, naturliga resultat.\" \/>\n<meta property=\"og:url\" content=\"https:\/\/kinamihealth.com\/sv\/produkt\/perfectha-deep\/\" \/>\n<meta property=\"og:site_name\" content=\"Kinami Health\" \/>\n<meta property=\"article:modified_time\" content=\"2025-10-31T16:17:40+00:00\" \/>\n<meta property=\"og:image\" content=\"https:\/\/kinamihealth.com\/wp-content\/uploads\/2025\/02\/PERFECTHA-DEEP-NONLIDO-02.jpg\" \/>\n\t<meta property=\"og:image:width\" content=\"800\" \/>\n\t<meta property=\"og:image:height\" content=\"800\" \/>\n\t<meta property=\"og:image:type\" content=\"image\/jpeg\" \/>\n<meta name=\"twitter:card\" content=\"summary_large_image\" \/>\n<meta name=\"twitter:label1\" content=\"Ber\u00e4knad l\u00e4stid\" \/>\n\t<meta name=\"twitter:data1\" content=\"1 minut\" \/>\n<!-- \/ Yoast SEO plugin. -->","yoast_head_json":{"title":"K\u00f6p Perfectha Deep \u2013 hudfyllnadsmedel med hyaluronsyra","description":"K\u00f6p Perfectha Deep f\u00f6r att minska rynkor, konturera ansiktet och f\u00f6rstora l\u00e4pparna. K\u00f6p nu p\u00e5 Kinami Health f\u00f6r l\u00e5ngvariga, naturliga resultat.","robots":{"index":"index","follow":"follow","max-snippet":"max-snippet:-1","max-image-preview":"max-image-preview:large","max-video-preview":"max-video-preview:-1"},"canonical":"https:\/\/kinamihealth.com\/sv\/wp-json\/wp\/v2\/product\/120259","og_locale":"sv_SE","og_type":"article","og_title":"K\u00f6p Perfectha Deep \u2013 hudfyllnadsmedel med hyaluronsyra","og_description":"K\u00f6p Perfectha Deep f\u00f6r att minska rynkor, konturera ansiktet och f\u00f6rstora l\u00e4pparna. K\u00f6p nu p\u00e5 Kinami Health f\u00f6r l\u00e5ngvariga, naturliga resultat.","og_url":"https:\/\/kinamihealth.com\/sv\/produkt\/perfectha-deep\/","og_site_name":"Kinami Health","article_modified_time":"2025-10-31T16:17:40+00:00","og_image":[{"width":800,"height":800,"url":"https:\/\/kinamihealth.com\/wp-content\/uploads\/2025\/02\/PERFECTHA-DEEP-NONLIDO-02.jpg","type":"image\/jpeg"}],"twitter_card":"summary_large_image","twitter_misc":{"Ber\u00e4knad l\u00e4stid":"1 minut"},"schema":{"@context":"https:\/\/schema.org","@graph":[{"@type":"WebPage","@id":"https:\/\/kinamihealth.com\/sv\/produkt\/perfectha-deep\/","url":"https:\/\/kinamihealth.com\/sv\/produkt\/perfectha-deep\/","name":"K\u00f6p Perfectha Deep \u2013 hudfyllnadsmedel med hyaluronsyra","isPartOf":{"@id":"https:\/\/kinamihealth.com\/#website"},"primaryImageOfPage":{"@id":"https:\/\/kinamihealth.com\/sv\/produkt\/perfectha-deep\/#primaryimage"},"image":{"@id":"https:\/\/kinamihealth.com\/sv\/produkt\/perfectha-deep\/#primaryimage"},"thumbnailUrl":"https:\/\/kinamihealth.com\/wp-content\/uploads\/2025\/02\/PERFECTHA-DEEP-NONLIDO-02.jpg","datePublished":"2025-02-15T16:56:39+00:00","dateModified":"2025-10-31T16:17:40+00:00","description":"K\u00f6p Perfectha Deep f\u00f6r att minska rynkor, konturera ansiktet och f\u00f6rstora l\u00e4pparna. K\u00f6p nu p\u00e5 Kinami Health f\u00f6r l\u00e5ngvariga, naturliga resultat.","breadcrumb":{"@id":"https:\/\/kinamihealth.com\/sv\/produkt\/perfectha-deep\/#breadcrumb"},"inLanguage":"sv-SE","potentialAction":[{"@type":"ReadAction","target":["https:\/\/kinamihealth.com\/sv\/produkt\/perfectha-deep\/"]}]},{"@type":"ImageObject","inLanguage":"sv-SE","@id":"https:\/\/kinamihealth.com\/sv\/produkt\/perfectha-deep\/#primaryimage","url":"https:\/\/kinamihealth.com\/wp-content\/uploads\/2025\/02\/PERFECTHA-DEEP-NONLIDO-02.jpg","contentUrl":"https:\/\/kinamihealth.com\/wp-content\/uploads\/2025\/02\/PERFECTHA-DEEP-NONLIDO-02.jpg","width":800,"height":800},{"@type":"BreadcrumbList","@id":"https:\/\/kinamihealth.com\/sv\/produkt\/perfectha-deep\/#breadcrumb","itemListElement":[{"@type":"ListItem","position":1,"name":"Hem","item":"https:\/\/kinamihealth.com\/sr\/"},{"@type":"ListItem","position":2,"name":"Butik","item":"https:\/\/kinamihealth.com\/sv\/?page_id=127810"},{"@type":"ListItem","position":3,"name":"PERFECTHA\u00ae DEEP"}]},{"@type":"WebSite","@id":"https:\/\/kinamihealth.com\/#website","url":"https:\/\/kinamihealth.com\/","name":"Kinami Health","description":"","publisher":{"@id":"https:\/\/kinamihealth.com\/#organization"},"potentialAction":[{"@type":"SearchAction","target":{"@type":"EntryPoint","urlTemplate":"https:\/\/kinamihealth.com\/?s={search_term_string}"},"query-input":{"@type":"PropertyValueSpecification","valueRequired":true,"valueName":"search_term_string"}}],"inLanguage":"sv-SE"},{"@type":"Organization","@id":"https:\/\/kinamihealth.com\/#organization","name":"Kinami Health","url":"https:\/\/kinamihealth.com\/","logo":{"@type":"ImageObject","inLanguage":"sv-SE","@id":"https:\/\/kinamihealth.com\/#\/schema\/logo\/image\/","url":"https:\/\/kinamihealth.com\/wp-content\/uploads\/2025\/01\/KH_logo_black_2-1.png","contentUrl":"https:\/\/kinamihealth.com\/wp-content\/uploads\/2025\/01\/KH_logo_black_2-1.png","width":339,"height":34,"caption":"Kinami Health"},"image":{"@id":"https:\/\/kinamihealth.com\/#\/schema\/logo\/image\/"}}]}},"_links":{"self":[{"href":"https:\/\/kinamihealth.com\/sv\/wp-json\/wp\/v2\/product\/120259","targetHints":{"allow":["GET"]}}],"collection":[{"href":"https:\/\/kinamihealth.com\/sv\/wp-json\/wp\/v2\/product"}],"about":[{"href":"https:\/\/kinamihealth.com\/sv\/wp-json\/wp\/v2\/types\/product"}],"replies":[{"embeddable":true,"href":"https:\/\/kinamihealth.com\/sv\/wp-json\/wp\/v2\/comments?post=120259"}],"version-history":[{"count":0,"href":"https:\/\/kinamihealth.com\/sv\/wp-json\/wp\/v2\/product\/120259\/revisions"}],"wp:featuredmedia":[{"embeddable":true,"href":"https:\/\/kinamihealth.com\/sv\/wp-json\/wp\/v2\/media\/120260"}],"wp:attachment":[{"href":"https:\/\/kinamihealth.com\/sv\/wp-json\/wp\/v2\/media?parent=120259"}],"wp:term":[{"taxonomy":"product_brand","embeddable":true,"href":"https:\/\/kinamihealth.com\/sv\/wp-json\/wp\/v2\/product_brand?post=120259"},{"taxonomy":"product_cat","embeddable":true,"href":"https:\/\/kinamihealth.com\/sv\/wp-json\/wp\/v2\/product_cat?post=120259"},{"taxonomy":"product_tag","embeddable":true,"href":"https:\/\/kinamihealth.com\/sv\/wp-json\/wp\/v2\/product_tag?post=120259"}],"curies":[{"name":"wp","href":"https:\/\/api.w.org\/{rel}","templated":true}]}}